{"id":1012,"date":"2013-09-18T17:37:49","date_gmt":"2013-09-18T21:37:49","guid":{"rendered":"http:\/\/www.crto.on.ca\/?page_id=1012"},"modified":"2025-06-10T11:36:35","modified_gmt":"2025-06-10T15:36:35","slug":"professional-development","status":"publish","type":"page","link":"https:\/\/www.crto.on.ca\/fr\/members\/exercice-de-la-profession\/professional-development\/","title":{"rendered":"Lignes directrices de pratique"},"content":{"rendered":"<p><strong>Lignes directrices de pratique professionnelle<\/strong><\/p>\r\n<hr \/>\r\n<p style=\"text-align: justify;\">Bien que les <strong>Lignes directrices de pratique professionnelle<\/strong> ne soient pas des lois, elles sont utilis\u00e9es par l&rsquo;OTRO pour d\u00e9finir les normes professionnelles appropri\u00e9es de la pratique de la th\u00e9rapie respiratoire en Ontario.<\/p>\r\n<div class=\"contentbox cbox-ppg\">\r\n<h1 class=\"slide\">Th\u00e9rapeutes respiratoires \u00e0 titre d\u2019assistants en anesth\u00e9sie<\/h1>\r\n<div>\r\n<p>Depuis l\u2019\u00e9laboration de l\u2019\u00e9nonc\u00e9 de position Travail des th\u00e9rapeutes respiratoires \u00e0 titre d&rsquo;assistants en anesth\u00e9sie, en 2005, le r\u00f4le des th\u00e9rapeutes respiratoires et des assistants en anesth\u00e9sie a \u00e9volu\u00e9, ce qui a n\u00e9cessit\u00e9 la cr\u00e9ation d\u2019un document plus \u00e9labor\u00e9, afin de permettre \u00e0 l\u2019OTRO d&rsquo;offrir une position plus claire \u00e0 ses membres concernant diff\u00e9rents sujets.<\/p>\r\n<p><a href=\"https:\/\/anesthesia.crto.on.ca\/?lang=fr\" target=\"_blank\" rel=\"noopener noreferrer\">Th\u00e9rapeutes respiratoires \u00e0 titre d\u2019assistants en anesth\u00e9sie<\/a><\/p>\r\n<\/div>\r\n<\/div>\r\n<div class=\"contentbox cbox-ppg\">\r\n<h1 class=\"slide\">Programmes d\u2019agr\u00e9ment des proc\u00e9dures avanc\u00e9es prescrites sous le derme<\/h1>\r\n<div>\r\n<p>On y retrouve des renseignements sur les programmes d&rsquo;agr\u00e9ment actuellement requis en vertu de la partie VII du r\u00e8glement de l&rsquo;Ontario 596\/94\u2013 Proc\u00e9dures prescrites. Les composantes de la trousse d&rsquo;apprentissage et les processus d&rsquo;agr\u00e9ment y sont expliqu\u00e9s, et on fournit des listes de v\u00e9rification.<\/p>\r\n<p><a href=\"https:\/\/certification.crto.on.ca\/fr\/\" target=\"_blank\" rel=\"noopener noreferrer\">Visitez le site des programmes de certification pour APPBD PPG \u00e0 l&rsquo;adresse certification.crto.on.ca<\/a><br \/>\r\n<a href=\"https:\/\/www.crto.on.ca\/pdf\/fr\/PPG\/APPBD_Checklist_FR.pdf\" target=\"_blank\" rel=\"noopener noreferrer\">Liste de v\u00e9rification des programmes d&rsquo;agr\u00e9ment des proc\u00e9dures avanc\u00e9es prescrites sous le derme<\/a><\/p>\r\n<\/div>\r\n<\/div>\r\n<div class=\"contentbox cbox-ppg\">\r\n<h1 class=\"slide\">Pratique de la th\u00e9rapie respiratoire communautaire<\/h1>\r\n<div>\r\n<p>L&rsquo;objectif de cette Ligne directrice de pratique professionnelle est de soutenir les th\u00e9rapeutes respiratoires inscrits (RRT) qui travaillent dans un milieu communautaire, lequel pourrait inclure des emplacements traditionnels comme les r\u00e9sidences de patients et les cabinets de m\u00e9decins, ainsi que des endroits non traditionnels, comme les \u00e9coles et les r\u00e9sidences-services.<\/p>\r\n<p><a href=\"https:\/\/www.crto.on.ca\/pdf\/fr\/PPG\/Community_PPG_fr.pdf\" target=\"_blank\" rel=\"noopener noreferrer\">T\u00e9l\u00e9charger PDF : Pratique de la th\u00e9rapie respiratoire communautaire<\/a><\/p>\r\n<\/div>\r\n<\/div>\r\n<div class=\"contentbox cbox-ppg\">\r\n<h1 class=\"slide\">Lignes directrices de pratique sur les conflits d&rsquo;int\u00e9r\u00eats<\/h1>\r\n<div>\r\n<p>On y explique ce qui constitue un conflit d&rsquo;int\u00e9r\u00eats, et on aide les membres \u00e0 g\u00e9rer les situations de conflits d&rsquo;int\u00e9r\u00eats.<\/p>\r\n<p><a href=\"https:\/\/conflict.crto.on.ca\/fr\/\" target=\"_blank\" rel=\"noopener noreferrer\">T\u00e9l\u00e9charger PDF : Conflit d&rsquo;int\u00e9r\u00eats<\/a><\/p>\r\n<\/div>\r\n<\/div>\r\n<div class=\"contentbox cbox-ppg\">\r\n<h1 class=\"slide\">D\u00e9l\u00e9gation de l\u2019ex\u00e9cution des actes contr\u00f4l\u00e9s<\/h1>\r\n<div>\r\n<p>On y r\u00e9sume la norme de pratique touchant la d\u00e9l\u00e9gation de l&rsquo;ex\u00e9cution des actes contr\u00f4l\u00e9s, et on y retrouve des sch\u00e9mas qui aident \u00e0 d\u00e9cider si un membre peut accepter la d\u00e9l\u00e9gation de l&rsquo;ex\u00e9cution d&rsquo;un acte ou d\u00e9l\u00e9guer un acte contr\u00f4l\u00e9 \u00e0 une autre personne.<\/p>\r\n<p><a href=\"https:\/\/delegation.crto.on.ca\/fr\/\" target=\"_blank\" rel=\"noopener\">T\u00e9l\u00e9charger PDF : D\u00e9l\u00e9gation de l\u2019ex\u00e9cution des actes contr\u00f4l\u00e9s<\/a><span style=\"font-size: x-small;\"> <br \/>\r\n<\/span><\/p>\r\n<\/div>\r\n<\/div>\r\n<div class=\"contentbox cbox-ppg\">\r\n<h1 class=\"slide\">D\u00e9livrance de m\u00e9dicaments<\/h1>\r\n<div>\r\n<p>On y donne des renseignements sp\u00e9cifiques sur l&rsquo;interpr\u00e9tation de l&rsquo;acte contr\u00f4l\u00e9 qu&rsquo;est la d\u00e9livrance de m\u00e9dicaments afin d&rsquo;aider les membres \u00e0 d\u00e9terminer ce qui fait partie de la d\u00e9livrance et ce qui ne fait pas partie de la d\u00e9livrance, et quand accepter la d\u00e9l\u00e9gation pour d\u00e9livrer des m\u00e9dicaments est appropri\u00e9.<\/p>\r\n<p><a href=\"https:\/\/www.crto.on.ca\/pdf\/fr\/PPG\/Dispensing_fr.pdf\" target=\"_blank\" rel=\"noopener noreferrer\">T\u00e9l\u00e9charger PDF : D\u00e9livrance de m\u00e9dicaments<\/a><\/p>\r\n<\/div>\r\n<\/div>\r\n<div class=\"contentbox cbox-ppg\">\r\n<h1 class=\"slide\">Documentation<\/h1>\r\n<div>\r\n<p>On y explique les normes et les principes de la documentation m\u00e9dicale appropri\u00e9e et on traite de questions particuli\u00e8res comme les abr\u00e9viations, la documentation pour le consentement et les dossiers \u00e9lectroniques.<\/p>\r\n<p><a href=\"https:\/\/www.crto.on.ca\/pdf\/fr\/guidelines\/Documentation_PPG_fr.pdf\" target=\"_blank\" rel=\"noopener\">T\u00e9l\u00e9charger PDF : Documentation ligne directrice de pratique professionnelle<\/a><\/p>\r\n<\/div>\r\n<\/div>\r\n<div class=\"contentbox cbox-ppg\">\r\n<h1 class=\"slide\">Interpr\u00e9tation des actes autoris\u00e9s<\/h1>\r\n<div>\r\n<p>Cette ligne directrice fournit des renseignements sur les actes contr\u00f4l\u00e9s autoris\u00e9s qui peuvent \u00eatre accomplis par les th\u00e9rapeutes respiratoires en vertu de la <em>Loi sur les th\u00e9rapeutes respiratoires<\/em>. Elle comprend des exemples pour chaque acte et des explications quant aux obligations de chaque th\u00e9rapeute respiratoire d&rsquo;obtenir les comp\u00e9tences pertinentes et de les maintenir \u00e0 niveau.<\/p>\r\n<p><a href=\"https:\/\/www.crto.on.ca\/pdf\/fr\/guidelines\/IAA_PPG_FR.pdf\" target=\"_blank\" rel=\"noopener\">T\u00e9l\u00e9charger PDF : Interpr\u00e9tation des actes autoris\u00e9s <\/a><\/p>\r\n<\/div>\r\n<\/div>\r\n<div class=\"contentbox cbox-ppg\">\r\n<h1 class=\"slide\">Ordonnances de soins m\u00e9dicaux<\/h1>\r\n<div>\r\n<p>On y retrouve des renseignements sur ce qu&rsquo;on entend par ordonnance m\u00e9dicale valide, et on explique les diff\u00e9rentes formes de demandes, comme les protocoles et les directives m\u00e9dicales ax\u00e9s sur les th\u00e9rapeutes respiratoires.<\/p>\r\n<p><a href=\"https:\/\/orders.crto.on.ca\/fr\/\" target=\"_blank\" rel=\"noopener noreferrer\">T\u00e9l\u00e9charger PDF : Ordonnances de soins m\u00e9dicaux<\/a><\/p>\r\n<\/div>\r\n<\/div>\r\n<div class=\"contentbox cbox-ppg\">\r\n<h1 class=\"slide\">Pr\u00e9vention des mauvais traitements et sur la sensibilisation \u00e0 leur sujet<\/h1>\r\n<div>\r\n<p>On y d\u00e9finit ce qu&rsquo;est un mauvais traitement, et on explique les lois pertinentes, les points \u00e0 inclure dans les rapports et les amendes. On traite \u00e9galement des lignes directrices sur la conduite professionnelle \u00e0 adopter.<\/p>\r\n<p><a href=\"https:\/\/abuse.crto.on.ca\/fr\/\" target=\"_blank\" rel=\"noopener noreferrer\">Pr\u00e9vention des mauvais traitements et sur la sensibilisation \u00e0 leur sujet<\/a><span style=\"font-size: xx-small;\">\u00a0 <br \/>\r\n<\/span><\/p>\r\n<\/div>\r\n<\/div>\r\n<div class=\"contentbox cbox-ppg\">\r\n<h1 class=\"slide\">Inscription et utilisation du titre<\/h1>\r\n<div>\r\n<p>On y explique ce qu&rsquo;est la pratique de la th\u00e9rapie respiratoire et ce qui serait consid\u00e9r\u00e9 comme une restriction pour devenir membre de la profession. On donne les diff\u00e9rentes cat\u00e9gories d&rsquo;inscription et une d\u00e9finition des termes, modalit\u00e9s et restrictions.<\/p>\r\n<p><a href=\"https:\/\/registration.crto.on.ca\/fr\/\">Inscription et utilisation du titre<\/a><\/p>\r\n<\/div>\r\n<\/div>\r\n<div class=\"contentbox cbox-ppg\">\r\n<h1 class=\"slide\">Responsabilit\u00e9s des membres en tant qu&rsquo;\u00e9ducateurs<\/h1>\r\n<div>\r\n<p>On y fait la distinction entre la formation et l&rsquo;enseignement dans le but de d\u00e9l\u00e9guer l&rsquo;ex\u00e9cution d&rsquo;un acte, et on donne des renseignements sur le travail avec des soignants r\u00e9mun\u00e9r\u00e9s et des \u00e9tudiants en th\u00e9rapie respiratoire.<\/p>\r\n<p><a href=\"https:\/\/www.crto.on.ca\/pdf\/fr\/PPG\/Educators_fr.pdf\" target=\"_blank\" rel=\"noopener noreferrer\">T\u00e9l\u00e9charger PDF : Responsabilit\u00e9s des membres en tant qu&rsquo;\u00e9ducateurs<\/a><\/p>\r\n<p><a href=\"https:\/\/education.crto.on.ca\/fr\/\" target=\"_blank\" rel=\"noopener\">Visitez le site Web de la Responsabilit\u00e9s des membres en tant qu&rsquo;\u00e9ducateurs \u00e0 education.crto.on.ca\/fr\/ <\/a><span style=\"font-size: x-small;\"> (temporairement uniquement disponible en anglais) <\/span><\/p>\r\n<\/div>\r\n<\/div>\r\n<div class=\"contentbox cbox-ppg\">\r\n<h1 class=\"slide\">Les th\u00e9rapeutes respiratoires qui dispensent des soins virtuels<\/h1>\r\n<div>\r\n<p><a href=\"https:\/\/www.crto.on.ca\/pdf\/fr\/PPG\/Virtual_Care_PPG_FR.pdf\" target=\"_blank\" rel=\"noopener\">T\u00e9l\u00e9charger PDF : Les th\u00e9rapeutes respiratoires qui dispensent des soins virtuels<\/a><\/p>\r\n<\/div>\r\n<\/div>\r\n<div class=\"contentbox cbox-ppg\">\r\n<h1 class=\"slide\">Responsabilit\u00e9s en vertu de la l\u00e9gislation en mati\u00e8re de consentement<\/h1>\r\n<div>\r\n<p>Cette ligne directrice donne des renseignements sur ce qu&rsquo;est un consentement \u00e9clair\u00e9 et sur la d\u00e9termination de la capacit\u00e9 d&rsquo;accorder son consentement. On y traite aussi des questions entourant les d\u00e9cideurs substituts et le comit\u00e9 sur le consentement et la capacit\u00e9 d&rsquo;accorder son consentement.<\/p>\r\n<p><a href=\"https:\/\/www.crto.on.ca\/pdf\/fr\/PPG\/UnderConsent_fr.pdf\" target=\"_blank\" rel=\"noopener noreferrer\">T\u00e9l\u00e9charger PDF : Responsabilit\u00e9s en vertu de la l\u00e9gislation en mati\u00e8re de consentement<\/a><\/p>\r\n<\/div>\r\n<\/div>\r\n<p>&nbsp;<\/p>\r\n<p><strong>Lignes directrices sur les pratiques cliniques exemplaires<\/strong><\/p>\r\n<hr \/>\r\n<p style=\"text-align: justify;\">La <em>Loi sur les th\u00e9rapeutes respiratoires autorise<\/em> les th\u00e9rapeutes respiratoires \u00e0 effectuer cinq actes contr\u00f4l\u00e9s, dont <em>les proc\u00e9dures prescrites sous le derme<\/em>. Afin d&rsquo;aider les membres \u00e0 fournir des soins s\u00e9curitaires et comp\u00e9tents lors de ces proc\u00e9dures, l&rsquo;OTRO a \u00e9labor\u00e9 un certain nombre de Lignes directrices sur les pratiques cliniques exemplaires. Celles-ci contiennent des ressources cliniques fond\u00e9es sur des donn\u00e9es probantes pour aider les th\u00e9rapeutes respiratoires en leur fournissant des renseignements sur des \u00e9l\u00e9ments comme les techniques, les indications, les contre-indications, les facteurs de risques et les complications associ\u00e9es \u00e0 chaque proc\u00e9dure et \u00e0 leur ex\u00e9cution. Ces lignes directrices aident aussi \u00e0 orienter les pratiques en mati\u00e8re de lutte contre les infections associ\u00e9es \u00e0 ces proc\u00e9dures dans le but de minimiser les complications dues \u00e0 l&rsquo;infection.<\/p>\r\n<div class=\"contentbox cbox-ppg\">\r\n<h1 class=\"slide\">Pr\u00e9vention et lutte contre les infections<\/h1>\r\n<div>\r\n<p>Ce document a \u00e9t\u00e9 pr\u00e9par\u00e9 pour aider les th\u00e9rapeutes respiratoires \u00e0 savoir quoi faire en cas d&rsquo;infections. L&rsquo;\u00e9pid\u00e9mie de SRAS en 2003, la pand\u00e9mie du H<sub>1<\/sub>N<sub>1<\/sub> en 2009 et la possibilit\u00e9 d&rsquo;une autre pand\u00e9mie d&rsquo;influenza montrent qu&rsquo;il est essentiel que les th\u00e9rapeutes respiratoires restent bien inform\u00e9s et soient form\u00e9s sur les pratiques exemplaires pour lutter contre les infections.<\/p>\r\n<p><a href=\"https:\/\/infection.crto.on.ca\/fr\/\" target=\"_blank\" rel=\"noopener\">Visitez le site Web de la Pr\u00e9vention et lutte contre les infections \u00e0 infection.crto.on.ca\/fr\/ <\/a><\/p>\r\n<\/div>\r\n<\/div>\r\n<div class=\"contentbox cbox-ppg\">\r\n<h1 class=\"slide\">Oxyg\u00e9noth\u00e9rapie<\/h1>\r\n<div>\r\n<p>Ce document fournit des ressources et des outils aux th\u00e9rapeutes respiratoires qui administrent de l&rsquo;oxyg\u00e8ne sans ordonnance et montre comment r\u00e9duire les risques pouvant \u00eatre associ\u00e9s \u00e0 l&rsquo;oxyg\u00e9noth\u00e9rapie administr\u00e9e sans ordonnance dans la pratique clinique.<\/p>\r\n<p><a href=\"https:\/\/oxygen.crto.on.ca\/fr\/\" target=\"_blank\" rel=\"noopener\">Visitez le site Web de l&rsquo;Oxyg\u00e9noth\u00e9rapie \u00e0 oxygen.crto.on.ca\/fr\/ <\/a><\/p>\r\n<\/div>\r\n<\/div>","protected":false},"excerpt":{"rendered":"<p>Lignes directrices de pratique professionnelle Bien que les Lignes directrices de pratique professionnelle ne soient pas des lois, elles sont utilis\u00e9es par l&rsquo;OTRO pour d\u00e9finir les normes professionnelles appropri\u00e9es de la pratique de la th\u00e9rapie respiratoire en Ontario. Th\u00e9rapeutes respiratoires \u00e0 titre d\u2019assistants en anesth\u00e9sie Depuis l\u2019\u00e9laboration de l\u2019\u00e9nonc\u00e9 de position Travail des th\u00e9rapeutes respiratoires [&hellip;]<\/p>\n","protected":false},"author":3,"featured_media":0,"parent":2345,"menu_order":2,"comment_status":"closed","ping_status":"closed","template":"page-members.php","meta":{"footnotes":""},"class_list":["post-1012","page","type-page","status-publish","hentry"],"yoast_head":"<!-- This site is optimized with the Yoast SEO plugin v27.4 - https:\/\/yoast.com\/product\/yoast-seo-wordpress\/ -->\n<title>Lignes directrices de pratique - CRTO<\/title>\n<meta name=\"robots\" content=\"index, follow, max-snippet:-1, max-image-preview:large, max-video-preview:-1\" \/>\n<link rel=\"canonical\" href=\"https:\/\/www.crto.on.ca\/fr\/members\/exercice-de-la-profession\/professional-development\/\" \/>\n<meta name=\"twitter:label1\" content=\"Dur\u00e9e de lecture estim\u00e9e\" \/>\n\t<meta name=\"twitter:data1\" content=\"5 minutes\" \/>\n<script type=\"application\/ld+json\" class=\"yoast-schema-graph\">{\"@context\":\"https:\\\/\\\/schema.org\",\"@graph\":[{\"@type\":\"WebPage\",\"@id\":\"https:\\\/\\\/www.crto.on.ca\\\/fr\\\/members\\\/exercice-de-la-profession\\\/professional-development\\\/\",\"url\":\"https:\\\/\\\/www.crto.on.ca\\\/fr\\\/members\\\/exercice-de-la-profession\\\/professional-development\\\/\",\"name\":\"Lignes directrices de pratique - CRTO\",\"isPartOf\":{\"@id\":\"https:\\\/\\\/www.crto.on.ca\\\/#website\"},\"datePublished\":\"2013-09-18T21:37:49+00:00\",\"dateModified\":\"2025-06-10T15:36:35+00:00\",\"breadcrumb\":{\"@id\":\"https:\\\/\\\/www.crto.on.ca\\\/fr\\\/members\\\/exercice-de-la-profession\\\/professional-development\\\/#breadcrumb\"},\"inLanguage\":\"fr-FR\",\"potentialAction\":[{\"@type\":\"ReadAction\",\"target\":[\"https:\\\/\\\/www.crto.on.ca\\\/fr\\\/members\\\/exercice-de-la-profession\\\/professional-development\\\/\"]}]},{\"@type\":\"BreadcrumbList\",\"@id\":\"https:\\\/\\\/www.crto.on.ca\\\/fr\\\/members\\\/exercice-de-la-profession\\\/professional-development\\\/#breadcrumb\",\"itemListElement\":[{\"@type\":\"ListItem\",\"position\":1,\"name\":\"Home\",\"item\":\"https:\\\/\\\/www.crto.on.ca\\\/fr\\\/\"},{\"@type\":\"ListItem\",\"position\":2,\"name\":\"Membres\",\"item\":\"https:\\\/\\\/www.crto.on.ca\\\/fr\\\/members\\\/\"},{\"@type\":\"ListItem\",\"position\":3,\"name\":\"Pratique professionnelle\",\"item\":\"https:\\\/\\\/www.crto.on.ca\\\/fr\\\/members\\\/exercice-de-la-profession\\\/\"},{\"@type\":\"ListItem\",\"position\":4,\"name\":\"Lignes directrices de pratique\"}]},{\"@type\":\"WebSite\",\"@id\":\"https:\\\/\\\/www.crto.on.ca\\\/#website\",\"url\":\"https:\\\/\\\/www.crto.on.ca\\\/\",\"name\":\"CRTO\",\"description\":\"\",\"potentialAction\":[{\"@type\":\"SearchAction\",\"target\":{\"@type\":\"EntryPoint\",\"urlTemplate\":\"https:\\\/\\\/www.crto.on.ca\\\/?s={search_term_string}\"},\"query-input\":{\"@type\":\"PropertyValueSpecification\",\"valueRequired\":true,\"valueName\":\"search_term_string\"}}],\"inLanguage\":\"fr-FR\"}]}<\/script>\n<!-- \/ Yoast SEO plugin. -->","yoast_head_json":{"title":"Lignes directrices de pratique - CRTO","robots":{"index":"index","follow":"follow","max-snippet":"max-snippet:-1","max-image-preview":"max-image-preview:large","max-video-preview":"max-video-preview:-1"},"canonical":"https:\/\/www.crto.on.ca\/fr\/members\/exercice-de-la-profession\/professional-development\/","twitter_misc":{"Dur\u00e9e de lecture estim\u00e9e":"5 minutes"},"schema":{"@context":"https:\/\/schema.org","@graph":[{"@type":"WebPage","@id":"https:\/\/www.crto.on.ca\/fr\/members\/exercice-de-la-profession\/professional-development\/","url":"https:\/\/www.crto.on.ca\/fr\/members\/exercice-de-la-profession\/professional-development\/","name":"Lignes directrices de pratique - CRTO","isPartOf":{"@id":"https:\/\/www.crto.on.ca\/#website"},"datePublished":"2013-09-18T21:37:49+00:00","dateModified":"2025-06-10T15:36:35+00:00","breadcrumb":{"@id":"https:\/\/www.crto.on.ca\/fr\/members\/exercice-de-la-profession\/professional-development\/#breadcrumb"},"inLanguage":"fr-FR","potentialAction":[{"@type":"ReadAction","target":["https:\/\/www.crto.on.ca\/fr\/members\/exercice-de-la-profession\/professional-development\/"]}]},{"@type":"BreadcrumbList","@id":"https:\/\/www.crto.on.ca\/fr\/members\/exercice-de-la-profession\/professional-development\/#breadcrumb","itemListElement":[{"@type":"ListItem","position":1,"name":"Home","item":"https:\/\/www.crto.on.ca\/fr\/"},{"@type":"ListItem","position":2,"name":"Membres","item":"https:\/\/www.crto.on.ca\/fr\/members\/"},{"@type":"ListItem","position":3,"name":"Pratique professionnelle","item":"https:\/\/www.crto.on.ca\/fr\/members\/exercice-de-la-profession\/"},{"@type":"ListItem","position":4,"name":"Lignes directrices de pratique"}]},{"@type":"WebSite","@id":"https:\/\/www.crto.on.ca\/#website","url":"https:\/\/www.crto.on.ca\/","name":"CRTO","description":"","potentialAction":[{"@type":"SearchAction","target":{"@type":"EntryPoint","urlTemplate":"https:\/\/www.crto.on.ca\/?s={search_term_string}"},"query-input":{"@type":"PropertyValueSpecification","valueRequired":true,"valueName":"search_term_string"}}],"inLanguage":"fr-FR"}]}},"_links":{"self":[{"href":"https:\/\/www.crto.on.ca\/fr\/wp-json\/wp\/v2\/pages\/1012","targetHints":{"allow":["GET"]}}],"collection":[{"href":"https:\/\/www.crto.on.ca\/fr\/wp-json\/wp\/v2\/pages"}],"about":[{"href":"https:\/\/www.crto.on.ca\/fr\/wp-json\/wp\/v2\/types\/page"}],"author":[{"embeddable":true,"href":"https:\/\/www.crto.on.ca\/fr\/wp-json\/wp\/v2\/users\/3"}],"replies":[{"embeddable":true,"href":"https:\/\/www.crto.on.ca\/fr\/wp-json\/wp\/v2\/comments?post=1012"}],"version-history":[{"count":55,"href":"https:\/\/www.crto.on.ca\/fr\/wp-json\/wp\/v2\/pages\/1012\/revisions"}],"predecessor-version":[{"id":11560,"href":"https:\/\/www.crto.on.ca\/fr\/wp-json\/wp\/v2\/pages\/1012\/revisions\/11560"}],"up":[{"embeddable":true,"href":"https:\/\/www.crto.on.ca\/fr\/wp-json\/wp\/v2\/pages\/2345"}],"wp:attachment":[{"href":"https:\/\/www.crto.on.ca\/fr\/wp-json\/wp\/v2\/media?parent=1012"}],"curies":[{"name":"wp","href":"https:\/\/api.w.org\/{rel}","templated":true}]}}