{"id":1016,"date":"2013-09-17T18:05:35","date_gmt":"2013-09-17T18:05:35","guid":{"rendered":"http:\/\/www.crto.on.ca\/?page_id=1016"},"modified":"2026-01-05T11:31:24","modified_gmt":"2026-01-05T16:31:24","slug":"enonce-de-position","status":"publish","type":"page","link":"https:\/\/www.crto.on.ca\/fr\/members\/exercice-de-la-profession\/enonce-de-position\/","title":{"rendered":"\u00c9nonc\u00e9 de position"},"content":{"rendered":"<p>&nbsp;<\/p>\r\n<ol>\r\n\t<li><a href=\"https:\/\/www.crto.on.ca\/pdf\/fr\/Positions\/MedSpas_fr.pdf\">Th\u00e9rapeutes respiratoires dans les spas m\u00e9dicaux<\/a><\/li>\r\n\t<li><a title=\"\u00c9nonc\u00e9 de position sur l\u2019abus sexuel contre les patients\/clients\" href=\"https:\/\/www.crto.on.ca\/pdf\/fr\/Positions\/Abuse_PS_fr.pdf\" target=\"_blank\" rel=\"noopener\">Tol\u00e9rance z\u00e9ro relativement aux mauvais traitements d&rsquo;ordre sexuel et autres formes de mauvais traitements<\/a><\/li>\r\n<\/ol>\r\n<p>&nbsp;<\/p>","protected":false},"excerpt":{"rendered":"<p>&nbsp; Th\u00e9rapeutes respiratoires dans les spas m\u00e9dicaux Tol\u00e9rance z\u00e9ro relativement aux mauvais traitements d&rsquo;ordre sexuel et autres formes de mauvais traitements &nbsp;<\/p>\n","protected":false},"author":3,"featured_media":0,"parent":2345,"menu_order":3,"comment_status":"closed","ping_status":"closed","template":"page-members.php","meta":{"footnotes":""},"class_list":["post-1016","page","type-page","status-publish","hentry"],"yoast_head":"<!-- This site is optimized with the Yoast SEO plugin v27.3 - https:\/\/yoast.com\/product\/yoast-seo-wordpress\/ -->\n<title>\u00c9nonc\u00e9 de position - CRTO<\/title>\n<meta name=\"robots\" content=\"index, follow, max-snippet:-1, max-image-preview:large, max-video-preview:-1\" \/>\n<link rel=\"canonical\" href=\"https:\/\/www.crto.on.ca\/fr\/members\/exercice-de-la-profession\/enonce-de-position\/\" \/>\n<meta name=\"twitter:label1\" content=\"Dur\u00e9e de lecture estim\u00e9e\" \/>\n\t<meta name=\"twitter:data1\" content=\"1 minute\" \/>\n<script type=\"application\/ld+json\" class=\"yoast-schema-graph\">{\"@context\":\"https:\\\/\\\/schema.org\",\"@graph\":[{\"@type\":\"WebPage\",\"@id\":\"https:\\\/\\\/www.crto.on.ca\\\/fr\\\/members\\\/exercice-de-la-profession\\\/enonce-de-position\\\/\",\"url\":\"https:\\\/\\\/www.crto.on.ca\\\/fr\\\/members\\\/exercice-de-la-profession\\\/enonce-de-position\\\/\",\"name\":\"\u00c9nonc\u00e9 de position - CRTO\",\"isPartOf\":{\"@id\":\"https:\\\/\\\/www.crto.on.ca\\\/#website\"},\"datePublished\":\"2013-09-17T18:05:35+00:00\",\"dateModified\":\"2026-01-05T16:31:24+00:00\",\"breadcrumb\":{\"@id\":\"https:\\\/\\\/www.crto.on.ca\\\/fr\\\/members\\\/exercice-de-la-profession\\\/enonce-de-position\\\/#breadcrumb\"},\"inLanguage\":\"fr-FR\",\"potentialAction\":[{\"@type\":\"ReadAction\",\"target\":[\"https:\\\/\\\/www.crto.on.ca\\\/fr\\\/members\\\/exercice-de-la-profession\\\/enonce-de-position\\\/\"]}]},{\"@type\":\"BreadcrumbList\",\"@id\":\"https:\\\/\\\/www.crto.on.ca\\\/fr\\\/members\\\/exercice-de-la-profession\\\/enonce-de-position\\\/#breadcrumb\",\"itemListElement\":[{\"@type\":\"ListItem\",\"position\":1,\"name\":\"Home\",\"item\":\"https:\\\/\\\/www.crto.on.ca\\\/fr\\\/\"},{\"@type\":\"ListItem\",\"position\":2,\"name\":\"Membres\",\"item\":\"https:\\\/\\\/www.crto.on.ca\\\/fr\\\/members\\\/\"},{\"@type\":\"ListItem\",\"position\":3,\"name\":\"Pratique professionnelle\",\"item\":\"https:\\\/\\\/www.crto.on.ca\\\/fr\\\/members\\\/exercice-de-la-profession\\\/\"},{\"@type\":\"ListItem\",\"position\":4,\"name\":\"\u00c9nonc\u00e9 de position\"}]},{\"@type\":\"WebSite\",\"@id\":\"https:\\\/\\\/www.crto.on.ca\\\/#website\",\"url\":\"https:\\\/\\\/www.crto.on.ca\\\/\",\"name\":\"CRTO\",\"description\":\"\",\"potentialAction\":[{\"@type\":\"SearchAction\",\"target\":{\"@type\":\"EntryPoint\",\"urlTemplate\":\"https:\\\/\\\/www.crto.on.ca\\\/?s={search_term_string}\"},\"query-input\":{\"@type\":\"PropertyValueSpecification\",\"valueRequired\":true,\"valueName\":\"search_term_string\"}}],\"inLanguage\":\"fr-FR\"}]}<\/script>\n<!-- \/ Yoast SEO plugin. -->","yoast_head_json":{"title":"\u00c9nonc\u00e9 de position - CRTO","robots":{"index":"index","follow":"follow","max-snippet":"max-snippet:-1","max-image-preview":"max-image-preview:large","max-video-preview":"max-video-preview:-1"},"canonical":"https:\/\/www.crto.on.ca\/fr\/members\/exercice-de-la-profession\/enonce-de-position\/","twitter_misc":{"Dur\u00e9e de lecture estim\u00e9e":"1 minute"},"schema":{"@context":"https:\/\/schema.org","@graph":[{"@type":"WebPage","@id":"https:\/\/www.crto.on.ca\/fr\/members\/exercice-de-la-profession\/enonce-de-position\/","url":"https:\/\/www.crto.on.ca\/fr\/members\/exercice-de-la-profession\/enonce-de-position\/","name":"\u00c9nonc\u00e9 de position - CRTO","isPartOf":{"@id":"https:\/\/www.crto.on.ca\/#website"},"datePublished":"2013-09-17T18:05:35+00:00","dateModified":"2026-01-05T16:31:24+00:00","breadcrumb":{"@id":"https:\/\/www.crto.on.ca\/fr\/members\/exercice-de-la-profession\/enonce-de-position\/#breadcrumb"},"inLanguage":"fr-FR","potentialAction":[{"@type":"ReadAction","target":["https:\/\/www.crto.on.ca\/fr\/members\/exercice-de-la-profession\/enonce-de-position\/"]}]},{"@type":"BreadcrumbList","@id":"https:\/\/www.crto.on.ca\/fr\/members\/exercice-de-la-profession\/enonce-de-position\/#breadcrumb","itemListElement":[{"@type":"ListItem","position":1,"name":"Home","item":"https:\/\/www.crto.on.ca\/fr\/"},{"@type":"ListItem","position":2,"name":"Membres","item":"https:\/\/www.crto.on.ca\/fr\/members\/"},{"@type":"ListItem","position":3,"name":"Pratique professionnelle","item":"https:\/\/www.crto.on.ca\/fr\/members\/exercice-de-la-profession\/"},{"@type":"ListItem","position":4,"name":"\u00c9nonc\u00e9 de position"}]},{"@type":"WebSite","@id":"https:\/\/www.crto.on.ca\/#website","url":"https:\/\/www.crto.on.ca\/","name":"CRTO","description":"","potentialAction":[{"@type":"SearchAction","target":{"@type":"EntryPoint","urlTemplate":"https:\/\/www.crto.on.ca\/?s={search_term_string}"},"query-input":{"@type":"PropertyValueSpecification","valueRequired":true,"valueName":"search_term_string"}}],"inLanguage":"fr-FR"}]}},"_links":{"self":[{"href":"https:\/\/www.crto.on.ca\/fr\/wp-json\/wp\/v2\/pages\/1016","targetHints":{"allow":["GET"]}}],"collection":[{"href":"https:\/\/www.crto.on.ca\/fr\/wp-json\/wp\/v2\/pages"}],"about":[{"href":"https:\/\/www.crto.on.ca\/fr\/wp-json\/wp\/v2\/types\/page"}],"author":[{"embeddable":true,"href":"https:\/\/www.crto.on.ca\/fr\/wp-json\/wp\/v2\/users\/3"}],"replies":[{"embeddable":true,"href":"https:\/\/www.crto.on.ca\/fr\/wp-json\/wp\/v2\/comments?post=1016"}],"version-history":[{"count":26,"href":"https:\/\/www.crto.on.ca\/fr\/wp-json\/wp\/v2\/pages\/1016\/revisions"}],"predecessor-version":[{"id":12963,"href":"https:\/\/www.crto.on.ca\/fr\/wp-json\/wp\/v2\/pages\/1016\/revisions\/12963"}],"up":[{"embeddable":true,"href":"https:\/\/www.crto.on.ca\/fr\/wp-json\/wp\/v2\/pages\/2345"}],"wp:attachment":[{"href":"https:\/\/www.crto.on.ca\/fr\/wp-json\/wp\/v2\/media?parent=1016"}],"curies":[{"name":"wp","href":"https:\/\/api.w.org\/{rel}","templated":true}]}}