{"id":10432,"date":"2024-06-06T09:27:21","date_gmt":"2024-06-06T13:27:21","guid":{"rendered":"https:\/\/www.crto.on.ca\/vulnerable-sector-check\/"},"modified":"2025-10-31T09:41:00","modified_gmt":"2025-10-31T13:41:00","slug":"vulnerable-sector-check","status":"publish","type":"page","link":"https:\/\/www.crto.on.ca\/fr\/vulnerable-sector-check\/","title":{"rendered":"V\u00e9rification des ant\u00e9c\u00e9dents en vue d\u2019un travail aupr\u00e8s de personnes vuln\u00e9rables"},"content":{"rendered":"<p>Les candidats doivent fournir un rapport r\u00e9cent de v\u00e9rification des ant\u00e9c\u00e9dents en vue d\u2019un travail aupr\u00e8s de personnes vuln\u00e9rables (VATPV) d\u00e9livr\u00e9 par leur service de police canadien local.<\/p>\r\n<ul>\r\n\t<li>Le rapport doit dater d\u2019au plus six (6)\u00a0mois avant la demande d\u2019inscription aupr\u00e8s de l\u2019OTRO.<\/li>\r\n\t<li>La VATPV doit \u00eatre effectu\u00e9e pour chaque nom que le candidat utilise ou a utilis\u00e9 (p.\u00a0ex., nom de jeune fille).<\/li>\r\n\t<li>Les noms et la date de naissance figurant sur le rapport de VATPV doivent correspondre \u00e0 ceux indiqu\u00e9s dans la demande d\u2019inscription.<\/li>\r\n\t<li>La VATPV doit porter clairement le sceau du service de police canadien l\u2019ayant effectu\u00e9e ou la signature d\u2019un membre de ce service.<\/li>\r\n\t<li>Le candidat doit s\u2019acquitter de tous les frais associ\u00e9s \u00e0 la VATPV.<\/li>\r\n\t<li>Si la VATPV transmise n\u2019est pas conforme aux exigences de la politique sur les VATPV, l\u2019OTRO peut exiger que le candidat en soumette une nouvelle.<\/li>\r\n<\/ul>\r\n<h3 style=\"margin-bottom: 8px;\"><strong>Pr\u00e9senter un rapport de VATPV \u00e0 l\u2019OTRO<\/strong><\/h3>\r\n<p style=\"margin-bottom: 6px;\">Les candidats peuvent transmettre une copie de la VATPV de la mani\u00e8re suivante :<\/p>\r\n<ul style=\"margin-bottom: 6px; padding-left: 20px;\">\r\n\t<li>Sur le <a href=\"https:\/\/members.crto.on.ca\/CRTO\/iMIS\/ContactManagement\/Sign_In_fr.aspx?WebsiteKey=3eb0a788-f076-4148-abd1-7ae3e4de5908&amp;LoginRedirect=true&amp;returnurl=%2Fcrto%2FCRTO%2FCRTO%2FMember_Pages%2FMember_Page_fr.aspx\">portail des candidats<\/a>;<\/li>\r\n\t<li>Par la poste, \u00e0 l\u2019adresse suivante :<\/li>\r\n<\/ul>\r\n<p style=\"padding-left: 80px; margin-top: 2px; margin-bottom: 6px;\">Service des inscriptions<br \/>\r\nl\u2019Ordre des th\u00e9rapeutes respiratoires de l\u2019Ontario<br \/>\r\n90, rue Adelaide Ouest, bureau 300<br \/>\r\nToronto (Ontario) M5H 3V9<br \/>\r\nCanada<\/p>\r\n<p style=\"margin-bottom: 8px;\">Nous recommandons aux candidats de conserver une copie du rapport dans leurs dossiers.<\/p>\r\n<h3 style=\"margin-bottom: 8px;\"><strong>Candidats r\u00e9sidant \u00e0 Toronto<\/strong><\/h3>\r\n<p style=\"margin-bottom: 6px;\">Il est possible de demander au Service de police de Toronto une VATPV en ligne, en personne ou par courrier. Les candidats qui pr\u00e9sentent une demande en ligne ou en personne doivent fournir un code d\u2019organisme unique attribu\u00e9 par le Service de police de Toronto \u00e0 l\u2019OTRO. Pour l\u2019obtenir, \u00e9crivez \u00e0 l\u2019OTRO \u00e0 l\u2019adresse <a href=\"mailto:registrationservices@crto.on.ca\">registrationservices@crto.on.ca<\/a>.<\/p>\r\n<p style=\"margin-bottom: 6px;\">Les candidats qui pr\u00e9sentent une demande par courrier doivent \u00e9crire \u00e0 l\u2019OTRO \u00e0 l\u2019adresse <a href=\"mailto:registrationservices@crto.on.ca\">registrationservices@crto.on.ca<\/a> pour obtenir un exemplaire du formulaire de demande du Service de police de Toronto. Pour en savoir plus, rendez-vous sur le <a href=\"https:\/\/www.tps.ca\/services\/police-record-checks\/\">site Web du Service de police de Toronto<\/a> (en anglais seulement).<\/p>\r\n<h3 style=\"margin-bottom: 8px;\"><strong>Exemptions<\/strong><\/h3>\r\n<ul style=\"margin-bottom: 6px; padding-left: 20px;\">\r\n\t<li>Les <strong>personnes r\u00e9cemment dipl\u00f4m\u00e9es d\u2019un programme ontarien approuv\u00e9 en th\u00e9rapie respiratoire<\/strong> peuvent fournir une copie du rapport de VATPV obtenu dans le cadre de leur stage clinique si :\r\n\r\n<ol style=\"margin-top: 4px; margin-bottom: 0; padding-left: 20px;\">\r\n\t<li>la VATPV date d\u2019au plus 12 mois avant la demande d\u2019inscription;<\/li>\r\n\t<li>les r\u00e9sultats de la VATPV sont parfaitement clairs;<\/li>\r\n\t<li>elles signent un document de reconnaissance et d\u2019engagement aupr\u00e8s de l\u2019OTRO.<\/li>\r\n<\/ol>\r\n<\/li>\r\n<\/ul>\r\n<h3 style=\"margin-bottom: 8px;\"><strong>Candidats ne pouvant pas demander une VATPV<\/strong><\/h3>\r\n<p style=\"margin-bottom: 6px;\">Les candidats qui ne peuvent pas demander une VATPV doivent obtenir un document de v\u00e9rification de casier judiciaire jug\u00e9 acceptable par le registraire, par exemple :<\/p>\r\n<ul style=\"margin-bottom: 6px; padding-left: 20px;\">\r\n\t<li>un certificat de police internationale, pour les personnes qui ne vivent pas actuellement au Canada. Pour conna\u00eetre les types de documents de v\u00e9rification de casier judiciaire \u00e9trangers accept\u00e9s, consultez le <a href=\"https:\/\/www.canada.ca\/fr\/immigration-refugies-citoyennete\/services\/demande\/medical-police\/certificats-police\/comment.html\">site Web du gouvernement du Canada<\/a>;<\/li>\r\n\t<li>une v\u00e9rification de casier judiciaire de niveau 2, pour les personnes dont le service de police local ne fait pas de VATPV \u00e0 des fins d\u2019inscription.<\/li>\r\n<\/ul>\r\n<p style=\"margin-bottom: 0;\">Pour en savoir plus, consultez la <a href=\"https:\/\/crto.on.ca\/pdf\/fr\/Policies\/Policy.RG-430_fr.pdf\">politique sur la v\u00e9rification des ant\u00e9c\u00e9dents en vue d\u2019un travail aupr\u00e8s de personnes vuln\u00e9rables<\/a>.<\/p>\r\n<p>&nbsp;<\/p>\r\n<h2 style=\"margin-bottom: 6px;\">Foire aux questions<\/h2>\r\n<div class=\"contentbox\">\r\n<h4 class=\"slide\" style=\"margin-bottom: 2px;\"><strong>Qu\u2019est-ce qu\u2019une v\u00e9rification des ant\u00e9c\u00e9dents en vue d\u2019un travail aupr\u00e8s de personnes vuln\u00e9rables (VATPV)?<\/strong><\/h4>\r\n<div style=\"margin-bottom: 4px;\">La v\u00e9rification des ant\u00e9c\u00e9dents en vue d\u2019un travail aupr\u00e8s de personnes vuln\u00e9rables (VATPV) est un type de v\u00e9rification des ant\u00e9c\u00e9dents judiciaires r\u00e9alis\u00e9e au Canada pour d\u00e9terminer si une personne a un casier judiciaire, notamment si elle a commis des infractions pouvant pr\u00e9senter un risque pour des personnes vuln\u00e9rables, comme des enfants ou des personnes \u00e2g\u00e9es.<\/div>\r\n<\/div>\r\n<div class=\"contentbox\">\r\n<h4 class=\"slide\" style=\"margin-bottom: 2px;\"><strong>Quels renseignements sont recueillis lors d\u2019une VATPV?<\/strong><\/h4>\r\n<div style=\"margin-bottom: 4px;\">Lors d\u2019une VATPV, on recueille les m\u00eames renseignements que lors d\u2019une v\u00e9rification de casier judiciaire ou d\u2019affaires judiciaires, auxquels s\u2019ajoute toute preuve de condamnation, d\u2019accusation, de mandat et de certains jugements et condamnations pour infraction sexuelle jug\u00e9e pertinente pour la protection des personnes vuln\u00e9rables.<\/div>\r\n<\/div>\r\n<div class=\"contentbox\">\r\n<h4 class=\"slide\" style=\"margin-bottom: 2px;\"><strong>Pourquoi l\u2019Ordre des th\u00e9rapeutes respiratoires de l\u2019Ontario (OTRO) exige-t-il une VATPV?<\/strong><\/h4>\r\n<div style=\"margin-bottom: 4px;\">L\u2019OTRO a \u00e0 c\u0153ur la s\u00e9curit\u00e9 et le bien-\u00eatre des patients, y compris des populations vuln\u00e9rables qui sont expos\u00e9es \u00e0 un risque de pr\u00e9judice. En exigeant une VATPV, l\u2019OTRO respecte son mandat de veiller \u00e0 ce que les th\u00e9rapeutes respiratoires de la province exercent leur profession de fa\u00e7on d\u00e9cente, int\u00e8gre et honn\u00eate, et conform\u00e9ment \u00e0 la loi.<\/div>\r\n<\/div>\r\n<div class=\"contentbox\">\r\n<h4 class=\"slide\" style=\"margin-bottom: 2px;\"><strong>Qui doit fournir une VATPV?<\/strong><\/h4>\r\n<div style=\"margin-bottom: 4px;\">Quiconque souhaite s\u2019inscrire aupr\u00e8s de l\u2019OTRO doit fournir une VATPV. Sont aussi soumises \u00e0 cette exigence les personnes qui pr\u00e9sentent une demande de r\u00e9tablissement \u00e0 la suite d\u2019une suspension (sauf une suspension administrative), d\u2019une d\u00e9mission ou d\u2019une r\u00e9vocation.<\/div>\r\n<\/div>\r\n<div class=\"contentbox\">\r\n<h4 class=\"slide\" style=\"margin-bottom: 2px;\"><strong>Si je suis d\u00e9j\u00e0 inscrit, dois-je me soumettre \u00e0 une v\u00e9rification des ant\u00e9c\u00e9dents en vue d\u2019un travail aupr\u00e8s de personnes vuln\u00e9rables pour renouveler mon inscription?<\/strong><\/h4>\r\n<div style=\"margin-bottom: 4px;\">Non. Les membres de l\u2019OTRO ne sont pas tenus de le faire pour renouveler annuellement leur inscription. Cependant, cette v\u00e9rification est obligatoire pour un r\u00e9tablissement \u00e0 la suite d\u2019une suspension (sauf une suspension administrative), d\u2019une d\u00e9mission ou d\u2019une r\u00e9vocation.<\/div>\r\n<\/div>\r\n<div class=\"contentbox\">\r\n<h4 class=\"slide\" style=\"margin-bottom: 2px;\"><strong>Comment puis-je obtenir une VATPV?<\/strong><\/h4>\r\n<div style=\"margin-bottom: 4px;\">Les candidats peuvent demander une VATPV \u00e0 leur service de police canadien local ou \u00e0 la Gendarmerie royale du Canada (GRC). Le processus peut varier d\u2019un endroit \u00e0 l\u2019autre, c\u2019est pourquoi il est essentiel de s\u2019adresser aux autorit\u00e9s comp\u00e9tentes.<br \/>\r\n<br \/>\r\n<strong>Candidats r\u00e9sidant \u00e0 Toronto:<\/strong><br \/>\r\nPour demander une VATPV, vous devez contacter le Service de police de Toronto. Cette demande peut \u00eatre faite en ligne, en personne ou par courrier. Les candidats qui pr\u00e9sentent une demande en ligne ou en personne doivent fournir un code d\u2019organisme unique attribu\u00e9 par le Service de police de Toronto \u00e0 l\u2019OTRO. Pour l\u2019obtenir, \u00e9crivez \u00e0 l\u2019OTRO, \u00e0 l\u2019adresse <a href=\"mailto:registrationservices@crto.on.ca\">registrationservices@crto.on.ca<\/a>. Pour en savoir plus sur l\u2019obtention d\u2019une VATPV aupr\u00e8s du Service de police de Toronto, visitez le <a href=\"https:\/\/www.tps.ca\/services\/police-record-checks\/\">site\u00a0Web de l\u2019organisme<\/a> (en anglais seulement).<\/div>\r\n<\/div>\r\n<div class=\"contentbox\">\r\n<h4 class=\"slide\" style=\"margin-bottom: 2px;\"><strong>Combien de temps faut-il pour obtenir une VATPV?<\/strong><\/h4>\r\n<div style=\"margin-bottom: 4px;\">Le d\u00e9lai d\u2019obtention d\u2019une VATPV peut varier selon diff\u00e9rents facteurs, comme la charge de travail du service de police et la complexit\u00e9 des ant\u00e9c\u00e9dents du candidat. S\u2019ils veulent obtenir leur VATPV \u00e0 temps, les candidats sont encourag\u00e9s \u00e0 faire leur demande suffisamment t\u00f4t. \u00c0 noter toutefois que le rapport de VATPV ne doit pas dater de plus de six mois avant la demande d\u2019inscription \u00e0 l\u2019OTRO.<\/div>\r\n<\/div>\r\n<div class=\"contentbox\">\r\n<h4 class=\"slide\" style=\"margin-bottom: 2px;\"><strong>Y a-t-il des frais \u00e0 payer pour une VATPV?<\/strong><\/h4>\r\n<div style=\"margin-bottom: 4px;\">Oui, le service de police ou la GRC facture g\u00e9n\u00e9ralement des frais pour une VATPV. Ceux-ci peuvent varier d\u2019un endroit \u00e0 l\u2019autre et doivent \u00eatre acquitt\u00e9s par le candidat.<\/div>\r\n<\/div>\r\n<div class=\"contentbox\">\r\n<h4 class=\"slide\" style=\"margin-bottom: 2px;\"><strong>Puis-je faire appel si mon inscription est refus\u00e9e en raison des r\u00e9sultats de ma VATPV?<\/strong><\/h4>\r\n<div style=\"margin-bottom: 4px;\">Oui, il est possible de faire appel des d\u00e9cisions prises par l\u2019OTRO en mati\u00e8re d\u2019inscription. Par exemple, si une personne n\u2019est pas satisfaite de la d\u00e9cision rendue par le Comit\u00e9 d\u2019inscription de l\u2019OTRO, elle peut faire appel de la d\u00e9cision aupr\u00e8s de la Commission d\u2019appel et de r\u00e9vision des professions de la sant\u00e9, un organisme d\u2019arbitrage ind\u00e9pendant \u00e9tabli en vertu de la <em>Loi sur les professions de la sant\u00e9 r\u00e9glement\u00e9es<\/em>.<\/div>\r\n<\/div>\r\n<div class=\"contentbox\">\r\n<h4 class=\"slide\" style=\"margin-bottom: 2px;\"><strong>Comment pr\u00e9senter le rapport de VATPV \u00e0 l\u2019OTRO?<\/strong><\/h4>\r\n<div style=\"margin-bottom: 4px;\">Les\u00a0candidats peuvent soumettre une copie de la VATPV comme suit :\r\n\r\n<ul style=\"margin-bottom: 4px; padding-left: 20px;\">\r\n\t<li>t\u00e9l\u00e9versement sur le portail (si la VATPV est prot\u00e9g\u00e9e par un mot de passe, il faut transmettre cet authentifiant \u00e0 l\u2019adresse <a href=\"mailto:registrationservices@crto.on.ca\">registrationservices@crto.on.ca<\/a>\u00a0;<\/li>\r\n\t<li>par la poste, \u00e0 l\u2019adresse suivante\u00a0 :<\/li>\r\n<\/ul>\r\n<p style=\"padding-left: 40px; margin-bottom: 4px;\">Service des inscriptions de<br \/>\r\n<strong>l\u2019Ordre des th\u00e9rapeutes respiratoires de l\u2019Ontario<\/strong><br \/>\r\n90, rue Adelaide Ouest, bureau 300<br \/>\r\nToronto (Ontario) M5H\u00a03V9<br \/>\r\nCanada<\/p>\r\n<p style=\"margin-bottom: 4px;\">Nous recommandons aux candidats de conserver une copie du rapport dans leurs dossiers.<\/p>\r\n<\/div>\r\n<\/div>\r\n<div class=\"contentbox\">\r\n<h4 class=\"slide\" style=\"margin-bottom: 2px;\"><strong>Je suis actuellement membre de l\u2019OTRO, et souhaite demander un changement de statut. Dois-je soumettre une VATPV?<\/strong><\/h4>\r\n<div style=\"margin-bottom: 4px;\">Non. Les membres actuels de l\u2019OTRO qui demandent un changement de statut (p. ex., les membres dipl\u00f4m\u00e9s pr\u00e9sentant une demande de certificat de membre g\u00e9n\u00e9ral ou les membres inactifs pr\u00e9sentant une demande de cat\u00e9gorie de membre g\u00e9n\u00e9ral) n\u2019ont pas \u00e0 fournir une VATPV.<\/div>\r\n<\/div>\r\n<div class=\"contentbox\">\r\n<h4 class=\"slide\" style=\"margin-bottom: 2px;\"><strong>Je r\u00e9side \u00e0 l\u2019\u00e9tranger. Dois-je fournir une VATPV?<\/strong><\/h4>\r\n<div style=\"margin-bottom: 4px;\">Les personnes qui ne r\u00e9sident actuellement pas au Canada ou n\u2019y ont jamais v\u00e9cu et qui ne peuvent demander une VATPV doivent obtenir un document de v\u00e9rification de casier judiciaire jug\u00e9 acceptable par le registraire (p.\u00a0ex., un certificat de police internationale). Pour en savoir plus, \u00e9crivez au Service des inscriptions \u00e0 l\u2019adresse\u00a0<a href=\"mailto:registrationservices@crto.on.ca\">registrationservices@crto.on.ca<\/a>.<\/div>\r\n<\/div>\r\n<div class=\"contentbox\">\r\n<h4 class=\"slide\" style=\"margin-bottom: 2px;\"><strong>J\u2019ai r\u00e9cemment obtenu une VATPV. Quelle est sa dur\u00e9e de validit\u00e9?<\/strong><\/h4>\r\n<div style=\"margin-bottom: 4px;\">Le rapport de VATPV doit dater d\u2019au plus six mois avant la demande d\u2019inscription aupr\u00e8s de l\u2019OTRO.<\/div>\r\n<div class=\"contentbox\">\r\n<h4 class=\"slide\" style=\"margin-bottom: 2px; text-align: left;\"><strong>J\u2019ai d\u00e9j\u00e0 re\u00e7u une VATPV dans un autre contexte (travail, \u00e9cole, b\u00e9n\u00e9volat, etc.). Puis-je la fournir \u00e0 l\u2019OTRO?<\/strong><\/h4>\r\n<div style=\"margin-bottom: 4px; text-align: left;\">L\u2019OTRO peut accepter une VATPV d\u00e9livr\u00e9e pour une autre organisation, tant que le document respecte les exigences de sa politique connexe.<\/div>\r\n<\/div>\r\n<div class=\"contentbox\">\r\n<h4 class=\"slide\" style=\"margin-bottom: 2px; text-align: left;\"><strong>Et si j\u2019ai un casier judiciaire?<\/strong><\/h4>\r\n<div style=\"margin-bottom: 4px; text-align: left;\">Un casier judiciaire ne disqualifie pas automatiquement une candidature \u00e0 l\u2019OTRO. Si la VATPV r\u00e9v\u00e8le l\u2019existence d\u2019un casier judiciaire (positif), le candidat devra fournir des renseignements ou des documents suppl\u00e9mentaires. Le registraire examinera les conclusions de la VATPV et l\u2019information ou les documents suppl\u00e9mentaires fournis pour \u00e9tablir s\u2019il existe un doute sur la capacit\u00e9 du candidat \u00e0 exercer la profession. Le cas \u00e9ch\u00e9ant, la demande peut \u00eatre soumise au Comit\u00e9 d\u2019inscription de l\u2019OTRO afin qu\u2019il rende une d\u00e9cision.<\/div>\r\n<\/div>\r\n<div class=\"contentbox\">\r\n<h4 class=\"slide\" style=\"margin-bottom: 2px; text-align: left;\"><strong>Mon service de police local m\u2019a dit qu\u2019il ne d\u00e9livre pas de VATPV \u00e0 des fins d\u2019inscription. Est-ce que l\u2019OTRO accepte un autre document?<\/strong><\/h4>\r\n<div style=\"margin-bottom: 4px; text-align: left;\">L\u2019OTRO peut accepter une v\u00e9rification de casier judiciaire de niveau 2 dans les cas suivants :\r\n\r\n<ul style=\"margin: 0 0 4px 20px; padding: 0; list-style-type: disc; text-align: left;\">\r\n\t<li>le candidat prouve que sa demande de VATPV a \u00e9t\u00e9 refus\u00e9e par son service de police canadien;<\/li>\r\n\t<li>le candidat signe un document de reconnaissance et d\u2019engagement aupr\u00e8s de l\u2019OTRO.<\/li>\r\n<\/ul>\r\n<\/div>\r\n<\/div>\r\n<div class=\"contentbox\">\r\n<h4 class=\"slide\" style=\"margin-bottom: 2px; text-align: left;\"><strong>Y a-t-il des personnes exempt\u00e9es de l\u2019obligation de VATPV?<\/strong><\/h4>\r\n<div style=\"margin-bottom: 4px; text-align: left;\">Voici les personnes exempt\u00e9es de l\u2019obligation de VATPV :\r\n\r\n<ol style=\"margin: 0 0 4px 20px; padding: 0; text-align: left;\">\r\n\t<li style=\"list-style-type: none;\">\r\n<ol style=\"margin: 0 0 4px 20px; padding: 0; text-align: left;\">\r\n\t<li>Les candidats qui ne peuvent pas demander une VATPV doivent obtenir un document de v\u00e9rification de casier judiciaire jug\u00e9 acceptable par le registraire, par exemple :\r\n\r\n<ul style=\"margin: 0 0 4px 20px; padding: 0; list-style-type: disc; text-align: left;\">\r\n\t<li>un certificat de police internationale, pour les personnes ne vivant pas ou n\u2019ayant jamais v\u00e9cu au Canada. Pour conna\u00eetre les types de documents de v\u00e9rification de casier judiciaire pouvant \u00eatre d\u00e9livr\u00e9s \u00e0 l\u2019\u00e9tranger, consultez le <a href=\"https:\/\/www.canada.ca\/fr\/immigration-refugies-citoyennete\/services\/demande\/medical-police\/certificats-police\/comment.html\">site Web du gouvernement du Canada<\/a>;<\/li>\r\n\t<li>une v\u00e9rification de casier judiciaire de niveau 2, pour les personnes dont le service de police local ne fait pas de VATPV \u00e0 des fins de l\u2019inscription.<\/li>\r\n<\/ul>\r\n<\/li>\r\n\t<li>Les personnes r\u00e9cemment dipl\u00f4m\u00e9es d\u2019un programme ontarien approuv\u00e9 en th\u00e9rapie respiratoire si elles signent un document de reconnaissance et d\u2019engagement aupr\u00e8s de l\u2019OTRO confirmant :\r\n\r\n<ul style=\"margin: 0 0 4px 20px; padding: 0; list-style-type: disc; text-align: left;\">\r\n\t<li>que la VATPV a \u00e9t\u00e9 r\u00e9alis\u00e9e dans les 12 derniers mois pour le stage clinique et que les r\u00e9sultats sont parfaitement clairs;<\/li>\r\n\t<li>qu\u2019aucune accusation criminelle ne p\u00e8se contre elles ou qu\u2019elles n\u2019ont \u00e9t\u00e9 d\u00e9clar\u00e9es coupables d\u2019aucun crime;<\/li>\r\n\t<li>leur volont\u00e9 d\u2019obtenir et de pr\u00e9senter rapidement un rapport de VATPV si le registraire le demande.<\/li>\r\n<\/ul>\r\n<\/li>\r\n<\/ol>\r\n<\/li>\r\n<\/ol>\r\n\r\nLes personnes dipl\u00f4m\u00e9es doivent \u00e9galement fournir une copie du rapport de VATPV obtenu pour leur stage clinique, accompagn\u00e9e du document de reconnaissance et d\u2019engagement de l\u2019OTRO sign\u00e9.<br \/>\r\nPour en savoir plus sur les exemptions, \u00e9crivez au Service des inscriptions \u00e0 l\u2019adresse <a href=\"mailto:registrationservices@crto.on.ca\">registrationservices@crto.on.ca<\/a>.<\/div>\r\n<\/div>\r\n<div class=\"contentbox\">\r\n<h4 class=\"slide\" style=\"margin-bottom: 2px; text-align: left;\"><strong>O\u00f9 puis-je trouver de plus amples renseignements sur l\u2019obligation de VATPV de l\u2019OTRO?<\/strong><\/h4>\r\n<div style=\"margin-bottom: 4px; text-align: left;\">Rendez-vous ici pour obtenir des renseignements d\u00e9taill\u00e9s sur l\u2019obligation de VATPV de l\u2019OTRO, notamment les exigences, proc\u00e9dures et lignes directrices.<\/div>\r\n<\/div>\r\n<\/div>","protected":false},"excerpt":{"rendered":"<p>Les candidats doivent fournir un rapport r\u00e9cent de v\u00e9rification des ant\u00e9c\u00e9dents en vue d\u2019un travail aupr\u00e8s de personnes vuln\u00e9rables (VATPV) d\u00e9livr\u00e9 par leur service de police canadien local. Le rapport doit dater d\u2019au plus six (6)\u00a0mois avant la demande d\u2019inscription aupr\u00e8s de l\u2019OTRO. La VATPV doit \u00eatre effectu\u00e9e pour chaque nom que le candidat utilise [&hellip;]<\/p>\n","protected":false},"author":3,"featured_media":0,"parent":0,"menu_order":0,"comment_status":"closed","ping_status":"closed","template":"page-applicants.php","meta":{"footnotes":""},"class_list":["post-10432","page","type-page","status-publish","hentry"],"yoast_head":"<!-- This site is optimized with the Yoast SEO plugin v27.3 - https:\/\/yoast.com\/product\/yoast-seo-wordpress\/ -->\n<title>V\u00e9rification des ant\u00e9c\u00e9dents en vue d\u2019un travail aupr\u00e8s de personnes vuln\u00e9rables - CRTO<\/title>\n<meta name=\"robots\" content=\"index, follow, max-snippet:-1, max-image-preview:large, max-video-preview:-1\" \/>\n<link rel=\"canonical\" href=\"https:\/\/www.crto.on.ca\/fr\/vulnerable-sector-check\/\" \/>\n<meta name=\"twitter:label1\" content=\"Dur\u00e9e de lecture estim\u00e9e\" \/>\n\t<meta name=\"twitter:data1\" content=\"10 minutes\" \/>\n<script type=\"application\/ld+json\" class=\"yoast-schema-graph\">{\"@context\":\"https:\\\/\\\/schema.org\",\"@graph\":[{\"@type\":\"WebPage\",\"@id\":\"https:\\\/\\\/www.crto.on.ca\\\/fr\\\/vulnerable-sector-check\\\/\",\"url\":\"https:\\\/\\\/www.crto.on.ca\\\/fr\\\/vulnerable-sector-check\\\/\",\"name\":\"V\u00e9rification des ant\u00e9c\u00e9dents en vue d\u2019un travail aupr\u00e8s de personnes vuln\u00e9rables - CRTO\",\"isPartOf\":{\"@id\":\"https:\\\/\\\/www.crto.on.ca\\\/#website\"},\"datePublished\":\"2024-06-06T13:27:21+00:00\",\"dateModified\":\"2025-10-31T13:41:00+00:00\",\"breadcrumb\":{\"@id\":\"https:\\\/\\\/www.crto.on.ca\\\/fr\\\/vulnerable-sector-check\\\/#breadcrumb\"},\"inLanguage\":\"fr-FR\",\"potentialAction\":[{\"@type\":\"ReadAction\",\"target\":[\"https:\\\/\\\/www.crto.on.ca\\\/fr\\\/vulnerable-sector-check\\\/\"]}]},{\"@type\":\"BreadcrumbList\",\"@id\":\"https:\\\/\\\/www.crto.on.ca\\\/fr\\\/vulnerable-sector-check\\\/#breadcrumb\",\"itemListElement\":[{\"@type\":\"ListItem\",\"position\":1,\"name\":\"Home\",\"item\":\"https:\\\/\\\/www.crto.on.ca\\\/fr\\\/\"},{\"@type\":\"ListItem\",\"position\":2,\"name\":\"V\u00e9rification des ant\u00e9c\u00e9dents en vue d\u2019un travail aupr\u00e8s de personnes vuln\u00e9rables\"}]},{\"@type\":\"WebSite\",\"@id\":\"https:\\\/\\\/www.crto.on.ca\\\/#website\",\"url\":\"https:\\\/\\\/www.crto.on.ca\\\/\",\"name\":\"CRTO\",\"description\":\"\",\"potentialAction\":[{\"@type\":\"SearchAction\",\"target\":{\"@type\":\"EntryPoint\",\"urlTemplate\":\"https:\\\/\\\/www.crto.on.ca\\\/?s={search_term_string}\"},\"query-input\":{\"@type\":\"PropertyValueSpecification\",\"valueRequired\":true,\"valueName\":\"search_term_string\"}}],\"inLanguage\":\"fr-FR\"}]}<\/script>\n<!-- \/ Yoast SEO plugin. -->","yoast_head_json":{"title":"V\u00e9rification des ant\u00e9c\u00e9dents en vue d\u2019un travail aupr\u00e8s de personnes vuln\u00e9rables - CRTO","robots":{"index":"index","follow":"follow","max-snippet":"max-snippet:-1","max-image-preview":"max-image-preview:large","max-video-preview":"max-video-preview:-1"},"canonical":"https:\/\/www.crto.on.ca\/fr\/vulnerable-sector-check\/","twitter_misc":{"Dur\u00e9e de lecture estim\u00e9e":"10 minutes"},"schema":{"@context":"https:\/\/schema.org","@graph":[{"@type":"WebPage","@id":"https:\/\/www.crto.on.ca\/fr\/vulnerable-sector-check\/","url":"https:\/\/www.crto.on.ca\/fr\/vulnerable-sector-check\/","name":"V\u00e9rification des ant\u00e9c\u00e9dents en vue d\u2019un travail aupr\u00e8s de personnes vuln\u00e9rables - CRTO","isPartOf":{"@id":"https:\/\/www.crto.on.ca\/#website"},"datePublished":"2024-06-06T13:27:21+00:00","dateModified":"2025-10-31T13:41:00+00:00","breadcrumb":{"@id":"https:\/\/www.crto.on.ca\/fr\/vulnerable-sector-check\/#breadcrumb"},"inLanguage":"fr-FR","potentialAction":[{"@type":"ReadAction","target":["https:\/\/www.crto.on.ca\/fr\/vulnerable-sector-check\/"]}]},{"@type":"BreadcrumbList","@id":"https:\/\/www.crto.on.ca\/fr\/vulnerable-sector-check\/#breadcrumb","itemListElement":[{"@type":"ListItem","position":1,"name":"Home","item":"https:\/\/www.crto.on.ca\/fr\/"},{"@type":"ListItem","position":2,"name":"V\u00e9rification des ant\u00e9c\u00e9dents en vue d\u2019un travail aupr\u00e8s de personnes vuln\u00e9rables"}]},{"@type":"WebSite","@id":"https:\/\/www.crto.on.ca\/#website","url":"https:\/\/www.crto.on.ca\/","name":"CRTO","description":"","potentialAction":[{"@type":"SearchAction","target":{"@type":"EntryPoint","urlTemplate":"https:\/\/www.crto.on.ca\/?s={search_term_string}"},"query-input":{"@type":"PropertyValueSpecification","valueRequired":true,"valueName":"search_term_string"}}],"inLanguage":"fr-FR"}]}},"_links":{"self":[{"href":"https:\/\/www.crto.on.ca\/fr\/wp-json\/wp\/v2\/pages\/10432","targetHints":{"allow":["GET"]}}],"collection":[{"href":"https:\/\/www.crto.on.ca\/fr\/wp-json\/wp\/v2\/pages"}],"about":[{"href":"https:\/\/www.crto.on.ca\/fr\/wp-json\/wp\/v2\/types\/page"}],"author":[{"embeddable":true,"href":"https:\/\/www.crto.on.ca\/fr\/wp-json\/wp\/v2\/users\/3"}],"replies":[{"embeddable":true,"href":"https:\/\/www.crto.on.ca\/fr\/wp-json\/wp\/v2\/comments?post=10432"}],"version-history":[{"count":160,"href":"https:\/\/www.crto.on.ca\/fr\/wp-json\/wp\/v2\/pages\/10432\/revisions"}],"predecessor-version":[{"id":12686,"href":"https:\/\/www.crto.on.ca\/fr\/wp-json\/wp\/v2\/pages\/10432\/revisions\/12686"}],"wp:attachment":[{"href":"https:\/\/www.crto.on.ca\/fr\/wp-json\/wp\/v2\/media?parent=10432"}],"curies":[{"name":"wp","href":"https:\/\/api.w.org\/{rel}","templated":true}]}}