{"id":10682,"date":"2024-08-09T14:47:37","date_gmt":"2024-08-09T18:47:37","guid":{"rendered":"https:\/\/www.crto.on.ca\/?page_id=10682"},"modified":"2024-08-12T14:05:40","modified_gmt":"2024-08-12T18:05:40","slug":"declaration-daptitude-professionnelle","status":"publish","type":"page","link":"https:\/\/www.crto.on.ca\/fr\/members\/about-your-certificate-of-registration\/declaration-daptitude-professionnelle\/","title":{"rendered":"<br\/>D\u00e9claration d\u2019aptitude professionnelle"},"content":{"rendered":"<p>Les membres (et anciens membres) doivent parfois pr\u00e9senter une d\u00e9claration d\u2019aptitude professionnelle de l\u2019OTRO \u00e0 un autre <strong>organisme de r\u00e9glementation ou de d\u00e9livrance de permis<\/strong>. Ce sera le cas par exemple pour un membre qui veut pr\u00e9senter une demande d\u2019inscription \u00e0 l\u2019ext\u00e9rieur de la province. Il est alors possible pour les autres entit\u00e9s (p. ex., l\u2019employeur) de confirmer si la personne est membre de l\u2019OTRO en faisant une recherche dans le <a href=\"https:\/\/members.crto.on.ca\/crto\/CRTO\/PublicDirectory\/Public_Directory_Member\/Public_Register\/PublicRegisterMember.aspx\">registre public<\/a>. Le registre renferme des renseignements sur le statut de membre de la personne, ses ant\u00e9c\u00e9dents disciplinaires (le cas \u00e9ch\u00e9ant) et son historique d\u2019emploi.<\/p>\r\n<p>La d\u00e9claration d\u2019aptitude professionnelle de l\u2019OTRO comprend les renseignements relatifs \u00e0 l\u2019inscription du membre qui figurent dans le registre public ainsi que l\u2019information suivante <sup><a id=\"ref1\" href=\"#fn1\">1<\/a><\/sup>:<\/p>\r\n<ol>\r\n\t<li style=\"list-style-type: none;\">\r\n<ol>\r\n\t<li>Si le membre a omis de remplir toutes ses obligations aupr\u00e8s de l\u2019OTRO (p. ex., droits non pay\u00e9s, exigences non remplies relativement au programme d\u2019assurance de la qualit\u00e9 ou au maintien et \u00e0 l\u2019\u00e9tat actuel des comp\u00e9tences).<\/li>\r\n\t<li>Si son certificat d\u2019inscription a d\u00e9j\u00e0 \u00e9t\u00e9 assorti de modalit\u00e9s, conditions ou restrictions (MCR) [sauf pour les MCR habituelles qui s\u2019appliquent aux certificats de membre dipl\u00f4m\u00e9, de membre inactif et de la cat\u00e9gorie d\u2019urgence].<\/li>\r\n\t<li>Si le membre fait ou a d\u00e9j\u00e0 fait l\u2019objet d\u2019une plainte formelle, d\u2019un rapport, d\u2019une enqu\u00eate, d\u2019une mesure disciplinaire, ou d\u2019une enqu\u00eate sur l\u2019aptitude \u00e0 exercer ou la capacit\u00e9.<\/li>\r\n\t<li>Tout autre renseignement concernant un \u00e9v\u00e9nement, des circonstances, une situation ou un dossier ayant un lien potentiel avec la comp\u00e9tence, la conduite, le professionnalisme ou la capacit\u00e9 physique ou mentale du membre et pouvant entraver sa capacit\u00e9 \u00e0 travailler de mani\u00e8re s\u00fbre et \u00e9thique en tant que th\u00e9rapeute respiratoire.<\/li>\r\n<\/ol>\r\n<\/li>\r\n<\/ol>\r\n<p>&nbsp;<\/p>\r\n<p><strong>Marche \u00e0 suivre pour demander une d\u00e9claration d\u2019aptitude professionnelle <\/strong><strong>: <\/strong><\/p>\r\n<ul>\r\n\t<li><strong>Pour vous inscrire comme th\u00e9rapeute respiratoire dans une autre province<\/strong><br \/>\r\n<br \/>\r\nPour pouvoir exercer comme th\u00e9rapeute respiratoire dans une autre province canadienne, vous devez faire une demande d\u2019inscription aupr\u00e8s de l\u2019organisme de r\u00e9glementation de cette province. Dans ce cas, il pourrait vous \u00eatre demand\u00e9 d\u2019accompagner votre demande du <a href=\"http:\/\/crto.on.ca\/pdf\/fr\/Reg\/NARTRB%20Statement%20of%20Professional%20Standing_FR.pdf\">formulaire de <strong>d\u00e9claration d\u2019aptitude professionnelle<\/strong><\/a> mis au point par l\u2019Alliance nationale des organismes de r\u00e9glementation de la th\u00e9rapie respiratoire (ANORTR). Pour ce faire\u00a0:<\/li>\r\n<\/ul>\r\n<ol>\r\n\t<li style=\"list-style-type: none;\">\r\n<ol>\r\n\t<li>Remplissez la <strong>section\u00a0A<\/strong> du <a href=\"http:\/\/crto.on.ca\/pdf\/fr\/Reg\/NARTRB%20Statement%20of%20Professional%20Standing_FR.pdf\"><strong>formulaire de d\u00e9claration d\u2019aptitude professionnelle de l\u2019ANORTR<\/strong><\/a> (coordonn\u00e9es et consentement \u00e0 la divulgation de renseignements).<\/li>\r\n\t<li>Envoyez le formulaire au Service des inscriptions de l\u2019OTRO, \u00e0 l\u2019adresse <a href=\"mailto:registrationservices@crto.on.ca\">registrationservices@crto.on.ca<\/a>.<br \/>\r\n<br \/>\r\nL\u2019OTRO remplira la section\u00a0B et enverra le formulaire \u00e0 l\u2019organisme auquel vous faites votre demande d\u2019inscription.<br \/>\r\n<br \/>\r\n<\/li>\r\n<\/ol>\r\n<\/li>\r\n<\/ol>\r\n<ul>\r\n\t<li><strong>Pour vous inscrire comme th\u00e9rapeute respiratoire dans un autre pays ou afin d\u2019exercer une autre profession<\/strong><\/li>\r\n<\/ul>\r\n<ol>\r\n\t<li style=\"list-style-type: none;\">\r\n<ol>\r\n\t<li>Remplissez la section A du <a href=\"http:\/\/crto.on.ca\/pdf\/fr\/Reg\/CRTO%20Statement%20of%20Professional%20Standing_FR.pdf\">formulaire de demande de d\u00e9claration d\u2019aptitude professionnelle de l\u2019OTRO<\/a> (coordonn\u00e9es et consentement \u00e0 la divulgation de renseignements).<\/li>\r\n\t<li>Envoyez le formulaire au Service des inscriptions de l\u2019OTRO, \u00e0 l\u2019adresse <a href=\"mailto:registrationservices@crto.on.ca\">registrationservices@crto.on.ca<\/a>.<br \/>\r\n<br \/>\r\nL\u2019OTRO remplira la section\u00a0B et enverra le formulaire \u00e0 l\u2019organisme auquel vous faites votre demande d\u2019inscription.<\/li>\r\n<\/ol>\r\n<\/li>\r\n<\/ol>\r\n<p style=\"text-align: left;\"><br \/>\r\n<strong>D\u00e9lai de traitement<\/strong><br \/>\r\n<br \/>\r\nLa plupart des demandes de d\u00e9claration d\u2019aptitude professionnelle sont trait\u00e9es dans les 10\u00a0jours ouvrables. Le d\u00e9lai peut toutefois s\u2019allonger si la personne a des ant\u00e9c\u00e9dents disciplinaires par exemple.<br \/>\r\n<br \/>\r\nL\u2019OTRO enverra la d\u00e9claration d\u2019aptitude professionnelle directement \u00e0 l\u2019organisme l\u2019ayant demand\u00e9e.<\/p>\r\n<p style=\"text-align: left;\"><br \/>\r\n<strong>Questions<\/strong> <br \/>\r\n<br \/>\r\nPour toute question sur la d\u00e9claration d\u2019aptitude professionnelle, veuillez \u00e9crire au Service des inscriptions \u00e0 l\u2019adresse <a href=\"mailto:registrationservices@crto.on.ca\">registrationservices@crto.on.ca<\/a>.<\/p>\r\n<hr class=\"solid\" \/>\r\n<p><sup id=\"fn1\"><sup>1<\/sup> Aux termes du paragraphe\u00a036\u00a0(1) de l\u2019annexe\u00a02, Code des professions de la sant\u00e9 de la <em>Loi de 1991 sur les professions de la sant\u00e9 r\u00e9glement\u00e9es<\/em> (LPSR).<a title=\"Jump back to footnote 1 in the text.\" href=\"#ref1\">\u21a9<\/a><\/sup><\/p>","protected":false},"excerpt":{"rendered":"<p>Les membres (et anciens membres) doivent parfois pr\u00e9senter une d\u00e9claration d\u2019aptitude professionnelle de l\u2019OTRO \u00e0 un autre organisme de r\u00e9glementation ou de d\u00e9livrance de permis. Ce sera le cas par exemple pour un membre qui veut pr\u00e9senter une demande d\u2019inscription \u00e0 l\u2019ext\u00e9rieur de la province. Il est alors possible pour les autres entit\u00e9s (p. ex., [&hellip;]<\/p>\n","protected":false},"author":3,"featured_media":0,"parent":2370,"menu_order":0,"comment_status":"closed","ping_status":"closed","template":"","meta":{"footnotes":""},"class_list":["post-10682","page","type-page","status-publish","hentry"],"yoast_head":"<!-- This site is optimized with the Yoast SEO plugin v27.3 - https:\/\/yoast.com\/product\/yoast-seo-wordpress\/ -->\n<title>D\u00e9claration d\u2019aptitude professionnelle - CRTO<\/title>\n<meta name=\"robots\" content=\"index, follow, max-snippet:-1, max-image-preview:large, max-video-preview:-1\" \/>\n<link rel=\"canonical\" href=\"https:\/\/www.crto.on.ca\/fr\/members\/about-your-certificate-of-registration\/declaration-daptitude-professionnelle\/\" \/>\n<meta name=\"twitter:label1\" content=\"Dur\u00e9e de lecture estim\u00e9e\" \/>\n\t<meta name=\"twitter:data1\" content=\"3 minutes\" \/>\n<script type=\"application\/ld+json\" class=\"yoast-schema-graph\">{\"@context\":\"https:\\\/\\\/schema.org\",\"@graph\":[{\"@type\":\"WebPage\",\"@id\":\"https:\\\/\\\/www.crto.on.ca\\\/fr\\\/members\\\/about-your-certificate-of-registration\\\/declaration-daptitude-professionnelle\\\/\",\"url\":\"https:\\\/\\\/www.crto.on.ca\\\/fr\\\/members\\\/about-your-certificate-of-registration\\\/declaration-daptitude-professionnelle\\\/\",\"name\":\"D\u00e9claration d\u2019aptitude professionnelle - CRTO\",\"isPartOf\":{\"@id\":\"https:\\\/\\\/www.crto.on.ca\\\/#website\"},\"datePublished\":\"2024-08-09T18:47:37+00:00\",\"dateModified\":\"2024-08-12T18:05:40+00:00\",\"breadcrumb\":{\"@id\":\"https:\\\/\\\/www.crto.on.ca\\\/fr\\\/members\\\/about-your-certificate-of-registration\\\/declaration-daptitude-professionnelle\\\/#breadcrumb\"},\"inLanguage\":\"fr-FR\",\"potentialAction\":[{\"@type\":\"ReadAction\",\"target\":[\"https:\\\/\\\/www.crto.on.ca\\\/fr\\\/members\\\/about-your-certificate-of-registration\\\/declaration-daptitude-professionnelle\\\/\"]}]},{\"@type\":\"BreadcrumbList\",\"@id\":\"https:\\\/\\\/www.crto.on.ca\\\/fr\\\/members\\\/about-your-certificate-of-registration\\\/declaration-daptitude-professionnelle\\\/#breadcrumb\",\"itemListElement\":[{\"@type\":\"ListItem\",\"position\":1,\"name\":\"Home\",\"item\":\"https:\\\/\\\/www.crto.on.ca\\\/fr\\\/\"},{\"@type\":\"ListItem\",\"position\":2,\"name\":\"Membres\",\"item\":\"https:\\\/\\\/www.crto.on.ca\\\/fr\\\/members\\\/\"},{\"@type\":\"ListItem\",\"position\":3,\"name\":\"Au sujet de votre certificat d\u2019inscription\",\"item\":\"https:\\\/\\\/www.crto.on.ca\\\/fr\\\/members\\\/about-your-certificate-of-registration\\\/\"},{\"@type\":\"ListItem\",\"position\":4,\"name\":\"D\u00e9claration d\u2019aptitude professionnelle\"}]},{\"@type\":\"WebSite\",\"@id\":\"https:\\\/\\\/www.crto.on.ca\\\/#website\",\"url\":\"https:\\\/\\\/www.crto.on.ca\\\/\",\"name\":\"CRTO\",\"description\":\"\",\"potentialAction\":[{\"@type\":\"SearchAction\",\"target\":{\"@type\":\"EntryPoint\",\"urlTemplate\":\"https:\\\/\\\/www.crto.on.ca\\\/?s={search_term_string}\"},\"query-input\":{\"@type\":\"PropertyValueSpecification\",\"valueRequired\":true,\"valueName\":\"search_term_string\"}}],\"inLanguage\":\"fr-FR\"}]}<\/script>\n<!-- \/ Yoast SEO plugin. -->","yoast_head_json":{"title":"D\u00e9claration d\u2019aptitude professionnelle - CRTO","robots":{"index":"index","follow":"follow","max-snippet":"max-snippet:-1","max-image-preview":"max-image-preview:large","max-video-preview":"max-video-preview:-1"},"canonical":"https:\/\/www.crto.on.ca\/fr\/members\/about-your-certificate-of-registration\/declaration-daptitude-professionnelle\/","twitter_misc":{"Dur\u00e9e de lecture estim\u00e9e":"3 minutes"},"schema":{"@context":"https:\/\/schema.org","@graph":[{"@type":"WebPage","@id":"https:\/\/www.crto.on.ca\/fr\/members\/about-your-certificate-of-registration\/declaration-daptitude-professionnelle\/","url":"https:\/\/www.crto.on.ca\/fr\/members\/about-your-certificate-of-registration\/declaration-daptitude-professionnelle\/","name":"D\u00e9claration d\u2019aptitude professionnelle - CRTO","isPartOf":{"@id":"https:\/\/www.crto.on.ca\/#website"},"datePublished":"2024-08-09T18:47:37+00:00","dateModified":"2024-08-12T18:05:40+00:00","breadcrumb":{"@id":"https:\/\/www.crto.on.ca\/fr\/members\/about-your-certificate-of-registration\/declaration-daptitude-professionnelle\/#breadcrumb"},"inLanguage":"fr-FR","potentialAction":[{"@type":"ReadAction","target":["https:\/\/www.crto.on.ca\/fr\/members\/about-your-certificate-of-registration\/declaration-daptitude-professionnelle\/"]}]},{"@type":"BreadcrumbList","@id":"https:\/\/www.crto.on.ca\/fr\/members\/about-your-certificate-of-registration\/declaration-daptitude-professionnelle\/#breadcrumb","itemListElement":[{"@type":"ListItem","position":1,"name":"Home","item":"https:\/\/www.crto.on.ca\/fr\/"},{"@type":"ListItem","position":2,"name":"Membres","item":"https:\/\/www.crto.on.ca\/fr\/members\/"},{"@type":"ListItem","position":3,"name":"Au sujet de votre certificat d\u2019inscription","item":"https:\/\/www.crto.on.ca\/fr\/members\/about-your-certificate-of-registration\/"},{"@type":"ListItem","position":4,"name":"D\u00e9claration d\u2019aptitude professionnelle"}]},{"@type":"WebSite","@id":"https:\/\/www.crto.on.ca\/#website","url":"https:\/\/www.crto.on.ca\/","name":"CRTO","description":"","potentialAction":[{"@type":"SearchAction","target":{"@type":"EntryPoint","urlTemplate":"https:\/\/www.crto.on.ca\/?s={search_term_string}"},"query-input":{"@type":"PropertyValueSpecification","valueRequired":true,"valueName":"search_term_string"}}],"inLanguage":"fr-FR"}]}},"_links":{"self":[{"href":"https:\/\/www.crto.on.ca\/fr\/wp-json\/wp\/v2\/pages\/10682","targetHints":{"allow":["GET"]}}],"collection":[{"href":"https:\/\/www.crto.on.ca\/fr\/wp-json\/wp\/v2\/pages"}],"about":[{"href":"https:\/\/www.crto.on.ca\/fr\/wp-json\/wp\/v2\/types\/page"}],"author":[{"embeddable":true,"href":"https:\/\/www.crto.on.ca\/fr\/wp-json\/wp\/v2\/users\/3"}],"replies":[{"embeddable":true,"href":"https:\/\/www.crto.on.ca\/fr\/wp-json\/wp\/v2\/comments?post=10682"}],"version-history":[{"count":8,"href":"https:\/\/www.crto.on.ca\/fr\/wp-json\/wp\/v2\/pages\/10682\/revisions"}],"predecessor-version":[{"id":10701,"href":"https:\/\/www.crto.on.ca\/fr\/wp-json\/wp\/v2\/pages\/10682\/revisions\/10701"}],"up":[{"embeddable":true,"href":"https:\/\/www.crto.on.ca\/fr\/wp-json\/wp\/v2\/pages\/2370"}],"wp:attachment":[{"href":"https:\/\/www.crto.on.ca\/fr\/wp-json\/wp\/v2\/media?parent=10682"}],"curies":[{"name":"wp","href":"https:\/\/api.w.org\/{rel}","templated":true}]}}