{"id":2119,"date":"2013-10-17T15:09:05","date_gmt":"2013-10-17T15:09:05","guid":{"rendered":"http:\/\/www.crto.on.ca\/?page_id=2119"},"modified":"2015-08-07T14:08:13","modified_gmt":"2015-08-07T18:08:13","slug":"mandate-de-otro","status":"publish","type":"page","link":"https:\/\/www.crto.on.ca\/fr\/public-2\/notre-sujet\/mandate-de-otro\/","title":{"rendered":"Mandat de l&rsquo;OTRO"},"content":{"rendered":"<p>L\u2019Ordre des th\u00e9rapeutes respiratoires de l\u2019Ontario, par le biais de l\u2019application de la <em>Loi sur les professions de la sant\u00e9 r\u00e9glement\u00e9es<\/em> et de la <em>Loi sur les th\u00e9rapeutes respiratoires<\/em>, s\u2019efforce de s\u2019assurer que les services que ses membres fournissent \u00e0 la population sont offerts de fa\u00e7on s\u00fbre et \u00e9thique.<\/p>","protected":false},"excerpt":{"rendered":"<p>L\u2019Ordre des th\u00e9rapeutes respiratoires de l\u2019Ontario, par le biais de l\u2019application de la Loi sur les professions de la sant\u00e9 r\u00e9glement\u00e9es et de la Loi sur les th\u00e9rapeutes respiratoires, s\u2019efforce de s\u2019assurer que les services que ses membres fournissent \u00e0 la population sont offerts de fa\u00e7on s\u00fbre et \u00e9thique.<\/p>\n","protected":false},"author":3,"featured_media":0,"parent":2141,"menu_order":0,"comment_status":"closed","ping_status":"closed","template":"page-public.php","meta":{"footnotes":""},"class_list":["post-2119","page","type-page","status-publish","hentry"],"yoast_head":"<!-- This site is optimized with the Yoast SEO plugin v27.4 - https:\/\/yoast.com\/product\/yoast-seo-wordpress\/ -->\n<title>Mandat de l&#039;OTRO - CRTO<\/title>\n<meta name=\"robots\" content=\"index, follow, max-snippet:-1, max-image-preview:large, max-video-preview:-1\" \/>\n<link rel=\"canonical\" href=\"https:\/\/www.crto.on.ca\/fr\/public-2\/notre-sujet\/mandate-de-otro\/\" \/>\n<script type=\"application\/ld+json\" class=\"yoast-schema-graph\">{\"@context\":\"https:\\\/\\\/schema.org\",\"@graph\":[{\"@type\":\"WebPage\",\"@id\":\"https:\\\/\\\/www.crto.on.ca\\\/fr\\\/public-2\\\/notre-sujet\\\/mandate-de-otro\\\/\",\"url\":\"https:\\\/\\\/www.crto.on.ca\\\/fr\\\/public-2\\\/notre-sujet\\\/mandate-de-otro\\\/\",\"name\":\"Mandat de l'OTRO - CRTO\",\"isPartOf\":{\"@id\":\"https:\\\/\\\/www.crto.on.ca\\\/#website\"},\"datePublished\":\"2013-10-17T15:09:05+00:00\",\"dateModified\":\"2015-08-07T18:08:13+00:00\",\"breadcrumb\":{\"@id\":\"https:\\\/\\\/www.crto.on.ca\\\/fr\\\/public-2\\\/notre-sujet\\\/mandate-de-otro\\\/#breadcrumb\"},\"inLanguage\":\"fr-FR\",\"potentialAction\":[{\"@type\":\"ReadAction\",\"target\":[\"https:\\\/\\\/www.crto.on.ca\\\/fr\\\/public-2\\\/notre-sujet\\\/mandate-de-otro\\\/\"]}]},{\"@type\":\"BreadcrumbList\",\"@id\":\"https:\\\/\\\/www.crto.on.ca\\\/fr\\\/public-2\\\/notre-sujet\\\/mandate-de-otro\\\/#breadcrumb\",\"itemListElement\":[{\"@type\":\"ListItem\",\"position\":1,\"name\":\"Home\",\"item\":\"https:\\\/\\\/www.crto.on.ca\\\/fr\\\/\"},{\"@type\":\"ListItem\",\"position\":2,\"name\":\"Public\",\"item\":\"https:\\\/\\\/www.crto.on.ca\\\/fr\\\/public-2\\\/\"},{\"@type\":\"ListItem\",\"position\":3,\"name\":\"\u00c0 notre sujet\",\"item\":\"https:\\\/\\\/www.crto.on.ca\\\/fr\\\/public-2\\\/notre-sujet\\\/\"},{\"@type\":\"ListItem\",\"position\":4,\"name\":\"Mandat de l&#8217;OTRO\"}]},{\"@type\":\"WebSite\",\"@id\":\"https:\\\/\\\/www.crto.on.ca\\\/#website\",\"url\":\"https:\\\/\\\/www.crto.on.ca\\\/\",\"name\":\"CRTO\",\"description\":\"\",\"potentialAction\":[{\"@type\":\"SearchAction\",\"target\":{\"@type\":\"EntryPoint\",\"urlTemplate\":\"https:\\\/\\\/www.crto.on.ca\\\/?s={search_term_string}\"},\"query-input\":{\"@type\":\"PropertyValueSpecification\",\"valueRequired\":true,\"valueName\":\"search_term_string\"}}],\"inLanguage\":\"fr-FR\"}]}<\/script>\n<!-- \/ Yoast SEO plugin. -->","yoast_head_json":{"title":"Mandat de l'OTRO - CRTO","robots":{"index":"index","follow":"follow","max-snippet":"max-snippet:-1","max-image-preview":"max-image-preview:large","max-video-preview":"max-video-preview:-1"},"canonical":"https:\/\/www.crto.on.ca\/fr\/public-2\/notre-sujet\/mandate-de-otro\/","schema":{"@context":"https:\/\/schema.org","@graph":[{"@type":"WebPage","@id":"https:\/\/www.crto.on.ca\/fr\/public-2\/notre-sujet\/mandate-de-otro\/","url":"https:\/\/www.crto.on.ca\/fr\/public-2\/notre-sujet\/mandate-de-otro\/","name":"Mandat de l'OTRO - CRTO","isPartOf":{"@id":"https:\/\/www.crto.on.ca\/#website"},"datePublished":"2013-10-17T15:09:05+00:00","dateModified":"2015-08-07T18:08:13+00:00","breadcrumb":{"@id":"https:\/\/www.crto.on.ca\/fr\/public-2\/notre-sujet\/mandate-de-otro\/#breadcrumb"},"inLanguage":"fr-FR","potentialAction":[{"@type":"ReadAction","target":["https:\/\/www.crto.on.ca\/fr\/public-2\/notre-sujet\/mandate-de-otro\/"]}]},{"@type":"BreadcrumbList","@id":"https:\/\/www.crto.on.ca\/fr\/public-2\/notre-sujet\/mandate-de-otro\/#breadcrumb","itemListElement":[{"@type":"ListItem","position":1,"name":"Home","item":"https:\/\/www.crto.on.ca\/fr\/"},{"@type":"ListItem","position":2,"name":"Public","item":"https:\/\/www.crto.on.ca\/fr\/public-2\/"},{"@type":"ListItem","position":3,"name":"\u00c0 notre sujet","item":"https:\/\/www.crto.on.ca\/fr\/public-2\/notre-sujet\/"},{"@type":"ListItem","position":4,"name":"Mandat de l&#8217;OTRO"}]},{"@type":"WebSite","@id":"https:\/\/www.crto.on.ca\/#website","url":"https:\/\/www.crto.on.ca\/","name":"CRTO","description":"","potentialAction":[{"@type":"SearchAction","target":{"@type":"EntryPoint","urlTemplate":"https:\/\/www.crto.on.ca\/?s={search_term_string}"},"query-input":{"@type":"PropertyValueSpecification","valueRequired":true,"valueName":"search_term_string"}}],"inLanguage":"fr-FR"}]}},"_links":{"self":[{"href":"https:\/\/www.crto.on.ca\/fr\/wp-json\/wp\/v2\/pages\/2119","targetHints":{"allow":["GET"]}}],"collection":[{"href":"https:\/\/www.crto.on.ca\/fr\/wp-json\/wp\/v2\/pages"}],"about":[{"href":"https:\/\/www.crto.on.ca\/fr\/wp-json\/wp\/v2\/types\/page"}],"author":[{"embeddable":true,"href":"https:\/\/www.crto.on.ca\/fr\/wp-json\/wp\/v2\/users\/3"}],"replies":[{"embeddable":true,"href":"https:\/\/www.crto.on.ca\/fr\/wp-json\/wp\/v2\/comments?post=2119"}],"version-history":[{"count":2,"href":"https:\/\/www.crto.on.ca\/fr\/wp-json\/wp\/v2\/pages\/2119\/revisions"}],"predecessor-version":[{"id":2128,"href":"https:\/\/www.crto.on.ca\/fr\/wp-json\/wp\/v2\/pages\/2119\/revisions\/2128"}],"up":[{"embeddable":true,"href":"https:\/\/www.crto.on.ca\/fr\/wp-json\/wp\/v2\/pages\/2141"}],"wp:attachment":[{"href":"https:\/\/www.crto.on.ca\/fr\/wp-json\/wp\/v2\/media?parent=2119"}],"curies":[{"name":"wp","href":"https:\/\/api.w.org\/{rel}","templated":true}]}}