{"id":2141,"date":"2013-10-18T17:16:39","date_gmt":"2013-10-18T17:16:39","guid":{"rendered":"http:\/\/www.crto.on.ca\/?page_id=2141"},"modified":"2015-08-07T14:03:46","modified_gmt":"2015-08-07T18:03:46","slug":"notre-sujet","status":"publish","type":"page","link":"https:\/\/www.crto.on.ca\/fr\/public-2\/notre-sujet\/","title":{"rendered":"\u00c0 notre sujet"},"content":{"rendered":"<p>L\u2019Ordre des th\u00e9rapeutes respiratoires de l\u2019Ontario (OTRO) est sanctionn\u00e9 par la <i>Loi sur les professions de la sant\u00e9 r\u00e9glement\u00e9es<\/i>. Le r\u00f4le de l\u2019OTRO est de r\u00e9glementer la pratique de la th\u00e9rapie respiratoire et de r\u00e9gir ses membres pour prot\u00e9ger les int\u00e9r\u00eats du public.<\/p><p>L\u2019Ordre r\u00e9glemente la profession en \u00e9tablissant des exigences de base pour les nouveaux th\u00e9rapeutes. De plus, l\u2019Ordre \u00e9labore des normes d\u2019exercice, des programmes encourageant la comp\u00e9tence permanente des membres et des m\u00e9canismes de promotion de la collaboration et des relations interprofessionnelles entre l\u2019Ordre et les autres intervenants. L\u2019OTRO dresse \u00e9galement des processus pour traiter toute inqui\u00e9tude concernant ses membres.<\/p><p>L\u2019Ordre s\u2019assure que seules les personnes qui satisfont des crit\u00e8res pr\u00e9cis deviennent membres de la profession et que celles qui font d\u00e9j\u00e0 partie de la profession maintiennent leur comp\u00e9tence. Il aide \u00e0 assurer que toute personne utilisant le titre de \u00ab th\u00e9rapeute respiratoire autoris\u00e9(e) \u00bb se conforme \u00e0 certaines normes et exerce sa profession de fa\u00e7on comp\u00e9tente, responsable et s\u00e9curitaire.<\/p><p>Le \u00a0Conseil de l\u2019OTRO (le Conseil d\u2019administration) est tenu en dernier ressort de s\u2019assurer que les RT sont r\u00e9gis conform\u00e9ment \u00e0 la loi. Puisque la plupart des membres du conseil sont des th\u00e9rapeutes respiratoires, la profession est consid\u00e9r\u00e9e comme \u00ab autor\u00e9glement\u00e9e \u00bb. Le Conseil a \u00e9galement un certain nombre de membres repr\u00e9sentant le public qui sont nomm\u00e9s par le gouvernement. Il y a sept comit\u00e9s statutaires qui sont autoris\u00e9s \u00e0 ex\u00e9cuter certaines t\u00e2ches pr\u00e9cises et s\u2019assurent que les d\u00e9cisions qui sont prises respectent le cadre l\u00e9gislatif et les politiques en vigueur. Le Conseil et les comit\u00e9s sont appuy\u00e9s par un personnel qui r\u00e9alise \u00e9galement les t\u00e2ches quotidiennes de l\u2019Ordre.<\/p>","protected":false},"excerpt":{"rendered":"<p>L\u2019Ordre des th\u00e9rapeutes respiratoires de l\u2019Ontario (OTRO) est sanctionn\u00e9 par la Loi sur les professions de la sant\u00e9 r\u00e9glement\u00e9es. Le r\u00f4le de l\u2019OTRO est de r\u00e9glementer la pratique de la th\u00e9rapie respiratoire et de r\u00e9gir ses membres pour prot\u00e9ger les int\u00e9r\u00eats du public.L\u2019Ordre r\u00e9glemente la profession en \u00e9tablissant des exigences de base pour les nouveaux [&hellip;]<\/p>\n","protected":false},"author":3,"featured_media":0,"parent":673,"menu_order":0,"comment_status":"closed","ping_status":"closed","template":"page-public.php","meta":{"footnotes":""},"class_list":["post-2141","page","type-page","status-publish","hentry"],"yoast_head":"<!-- This site is optimized with the Yoast SEO plugin v27.3 - https:\/\/yoast.com\/product\/yoast-seo-wordpress\/ -->\n<title>\u00c0 notre sujet - CRTO<\/title>\n<meta name=\"robots\" content=\"index, follow, max-snippet:-1, max-image-preview:large, max-video-preview:-1\" \/>\n<link rel=\"canonical\" href=\"https:\/\/www.crto.on.ca\/fr\/public-2\/notre-sujet\/\" \/>\n<meta name=\"twitter:label1\" content=\"Dur\u00e9e de lecture estim\u00e9e\" \/>\n\t<meta name=\"twitter:data1\" content=\"2 minutes\" \/>\n<script type=\"application\/ld+json\" class=\"yoast-schema-graph\">{\"@context\":\"https:\\\/\\\/schema.org\",\"@graph\":[{\"@type\":\"WebPage\",\"@id\":\"https:\\\/\\\/www.crto.on.ca\\\/fr\\\/public-2\\\/notre-sujet\\\/\",\"url\":\"https:\\\/\\\/www.crto.on.ca\\\/fr\\\/public-2\\\/notre-sujet\\\/\",\"name\":\"\u00c0 notre sujet - CRTO\",\"isPartOf\":{\"@id\":\"https:\\\/\\\/www.crto.on.ca\\\/#website\"},\"datePublished\":\"2013-10-18T17:16:39+00:00\",\"dateModified\":\"2015-08-07T18:03:46+00:00\",\"breadcrumb\":{\"@id\":\"https:\\\/\\\/www.crto.on.ca\\\/fr\\\/public-2\\\/notre-sujet\\\/#breadcrumb\"},\"inLanguage\":\"fr-FR\",\"potentialAction\":[{\"@type\":\"ReadAction\",\"target\":[\"https:\\\/\\\/www.crto.on.ca\\\/fr\\\/public-2\\\/notre-sujet\\\/\"]}]},{\"@type\":\"BreadcrumbList\",\"@id\":\"https:\\\/\\\/www.crto.on.ca\\\/fr\\\/public-2\\\/notre-sujet\\\/#breadcrumb\",\"itemListElement\":[{\"@type\":\"ListItem\",\"position\":1,\"name\":\"Home\",\"item\":\"https:\\\/\\\/www.crto.on.ca\\\/fr\\\/\"},{\"@type\":\"ListItem\",\"position\":2,\"name\":\"Public\",\"item\":\"https:\\\/\\\/www.crto.on.ca\\\/fr\\\/public-2\\\/\"},{\"@type\":\"ListItem\",\"position\":3,\"name\":\"\u00c0 notre sujet\"}]},{\"@type\":\"WebSite\",\"@id\":\"https:\\\/\\\/www.crto.on.ca\\\/#website\",\"url\":\"https:\\\/\\\/www.crto.on.ca\\\/\",\"name\":\"CRTO\",\"description\":\"\",\"potentialAction\":[{\"@type\":\"SearchAction\",\"target\":{\"@type\":\"EntryPoint\",\"urlTemplate\":\"https:\\\/\\\/www.crto.on.ca\\\/?s={search_term_string}\"},\"query-input\":{\"@type\":\"PropertyValueSpecification\",\"valueRequired\":true,\"valueName\":\"search_term_string\"}}],\"inLanguage\":\"fr-FR\"}]}<\/script>\n<!-- \/ Yoast SEO plugin. -->","yoast_head_json":{"title":"\u00c0 notre sujet - CRTO","robots":{"index":"index","follow":"follow","max-snippet":"max-snippet:-1","max-image-preview":"max-image-preview:large","max-video-preview":"max-video-preview:-1"},"canonical":"https:\/\/www.crto.on.ca\/fr\/public-2\/notre-sujet\/","twitter_misc":{"Dur\u00e9e de lecture estim\u00e9e":"2 minutes"},"schema":{"@context":"https:\/\/schema.org","@graph":[{"@type":"WebPage","@id":"https:\/\/www.crto.on.ca\/fr\/public-2\/notre-sujet\/","url":"https:\/\/www.crto.on.ca\/fr\/public-2\/notre-sujet\/","name":"\u00c0 notre sujet - CRTO","isPartOf":{"@id":"https:\/\/www.crto.on.ca\/#website"},"datePublished":"2013-10-18T17:16:39+00:00","dateModified":"2015-08-07T18:03:46+00:00","breadcrumb":{"@id":"https:\/\/www.crto.on.ca\/fr\/public-2\/notre-sujet\/#breadcrumb"},"inLanguage":"fr-FR","potentialAction":[{"@type":"ReadAction","target":["https:\/\/www.crto.on.ca\/fr\/public-2\/notre-sujet\/"]}]},{"@type":"BreadcrumbList","@id":"https:\/\/www.crto.on.ca\/fr\/public-2\/notre-sujet\/#breadcrumb","itemListElement":[{"@type":"ListItem","position":1,"name":"Home","item":"https:\/\/www.crto.on.ca\/fr\/"},{"@type":"ListItem","position":2,"name":"Public","item":"https:\/\/www.crto.on.ca\/fr\/public-2\/"},{"@type":"ListItem","position":3,"name":"\u00c0 notre sujet"}]},{"@type":"WebSite","@id":"https:\/\/www.crto.on.ca\/#website","url":"https:\/\/www.crto.on.ca\/","name":"CRTO","description":"","potentialAction":[{"@type":"SearchAction","target":{"@type":"EntryPoint","urlTemplate":"https:\/\/www.crto.on.ca\/?s={search_term_string}"},"query-input":{"@type":"PropertyValueSpecification","valueRequired":true,"valueName":"search_term_string"}}],"inLanguage":"fr-FR"}]}},"_links":{"self":[{"href":"https:\/\/www.crto.on.ca\/fr\/wp-json\/wp\/v2\/pages\/2141","targetHints":{"allow":["GET"]}}],"collection":[{"href":"https:\/\/www.crto.on.ca\/fr\/wp-json\/wp\/v2\/pages"}],"about":[{"href":"https:\/\/www.crto.on.ca\/fr\/wp-json\/wp\/v2\/types\/page"}],"author":[{"embeddable":true,"href":"https:\/\/www.crto.on.ca\/fr\/wp-json\/wp\/v2\/users\/3"}],"replies":[{"embeddable":true,"href":"https:\/\/www.crto.on.ca\/fr\/wp-json\/wp\/v2\/comments?post=2141"}],"version-history":[{"count":2,"href":"https:\/\/www.crto.on.ca\/fr\/wp-json\/wp\/v2\/pages\/2141\/revisions"}],"predecessor-version":[{"id":4115,"href":"https:\/\/www.crto.on.ca\/fr\/wp-json\/wp\/v2\/pages\/2141\/revisions\/4115"}],"up":[{"embeddable":true,"href":"https:\/\/www.crto.on.ca\/fr\/wp-json\/wp\/v2\/pages\/673"}],"wp:attachment":[{"href":"https:\/\/www.crto.on.ca\/fr\/wp-json\/wp\/v2\/media?parent=2141"}],"curies":[{"name":"wp","href":"https:\/\/api.w.org\/{rel}","templated":true}]}}