{"id":2319,"date":"2013-10-22T01:39:30","date_gmt":"2013-10-22T05:39:30","guid":{"rendered":"http:\/\/www.crto.on.ca\/?page_id=2319"},"modified":"2015-08-07T14:18:01","modified_gmt":"2015-08-07T18:18:01","slug":"envoyer-une-preoccupation","status":"publish","type":"page","link":"https:\/\/www.crto.on.ca\/fr\/public-2\/preoccupations-au-sujet-dun-therapeute-respiratoire\/envoyer-une-preoccupation\/","title":{"rendered":"Envoyer une pr\u00e9occupation"},"content":{"rendered":"<p>Cette page n&rsquo;est pas encore traduite. Nous travaillons actuellement \u00e0 la traduction du site Web remani\u00e9 au complet, mais il faudra un certan temps afin de nous assurer que tout est fait convenablement.<\/p>\r\n<p>Nous appr\u00e9cions votre patience et votre collaboration \u00e0 cet \u00e9gard.<\/p>\r\n","protected":false},"excerpt":{"rendered":"<p>Cette page n&rsquo;est pas encore traduite. Nous travaillons actuellement \u00e0 la traduction du site Web remani\u00e9 au complet, mais il faudra un certan temps afin de nous assurer que tout est fait convenablement. Nous appr\u00e9cions votre patience et votre collaboration \u00e0 cet \u00e9gard.<\/p>\n","protected":false},"author":8,"featured_media":0,"parent":2312,"menu_order":0,"comment_status":"closed","ping_status":"closed","template":"page-public.php","meta":{"footnotes":""},"class_list":["post-2319","page","type-page","status-publish","hentry"],"yoast_head":"<!-- This site is optimized with the Yoast SEO plugin v27.3 - https:\/\/yoast.com\/product\/yoast-seo-wordpress\/ -->\n<title>Envoyer une pr\u00e9occupation - CRTO<\/title>\n<meta name=\"robots\" content=\"index, follow, max-snippet:-1, max-image-preview:large, max-video-preview:-1\" \/>\n<link rel=\"canonical\" href=\"https:\/\/www.crto.on.ca\/fr\/public-2\/preoccupations-au-sujet-dun-therapeute-respiratoire\/envoyer-une-preoccupation\/\" \/>\n<script type=\"application\/ld+json\" class=\"yoast-schema-graph\">{\"@context\":\"https:\\\/\\\/schema.org\",\"@graph\":[{\"@type\":\"WebPage\",\"@id\":\"https:\\\/\\\/www.crto.on.ca\\\/fr\\\/public-2\\\/preoccupations-au-sujet-dun-therapeute-respiratoire\\\/envoyer-une-preoccupation\\\/\",\"url\":\"https:\\\/\\\/www.crto.on.ca\\\/fr\\\/public-2\\\/preoccupations-au-sujet-dun-therapeute-respiratoire\\\/envoyer-une-preoccupation\\\/\",\"name\":\"Envoyer une pr\u00e9occupation - CRTO\",\"isPartOf\":{\"@id\":\"https:\\\/\\\/www.crto.on.ca\\\/#website\"},\"datePublished\":\"2013-10-22T05:39:30+00:00\",\"dateModified\":\"2015-08-07T18:18:01+00:00\",\"breadcrumb\":{\"@id\":\"https:\\\/\\\/www.crto.on.ca\\\/fr\\\/public-2\\\/preoccupations-au-sujet-dun-therapeute-respiratoire\\\/envoyer-une-preoccupation\\\/#breadcrumb\"},\"inLanguage\":\"fr-FR\",\"potentialAction\":[{\"@type\":\"ReadAction\",\"target\":[\"https:\\\/\\\/www.crto.on.ca\\\/fr\\\/public-2\\\/preoccupations-au-sujet-dun-therapeute-respiratoire\\\/envoyer-une-preoccupation\\\/\"]}]},{\"@type\":\"BreadcrumbList\",\"@id\":\"https:\\\/\\\/www.crto.on.ca\\\/fr\\\/public-2\\\/preoccupations-au-sujet-dun-therapeute-respiratoire\\\/envoyer-une-preoccupation\\\/#breadcrumb\",\"itemListElement\":[{\"@type\":\"ListItem\",\"position\":1,\"name\":\"Home\",\"item\":\"https:\\\/\\\/www.crto.on.ca\\\/fr\\\/\"},{\"@type\":\"ListItem\",\"position\":2,\"name\":\"Public\",\"item\":\"https:\\\/\\\/www.crto.on.ca\\\/fr\\\/public-2\\\/\"},{\"@type\":\"ListItem\",\"position\":3,\"name\":\"Pr\u00e9occupations au sujet d\u2019un th\u00e9rapeute respiratoire\",\"item\":\"https:\\\/\\\/www.crto.on.ca\\\/fr\\\/public-2\\\/preoccupations-au-sujet-dun-therapeute-respiratoire\\\/\"},{\"@type\":\"ListItem\",\"position\":4,\"name\":\"Envoyer une pr\u00e9occupation\"}]},{\"@type\":\"WebSite\",\"@id\":\"https:\\\/\\\/www.crto.on.ca\\\/#website\",\"url\":\"https:\\\/\\\/www.crto.on.ca\\\/\",\"name\":\"CRTO\",\"description\":\"\",\"potentialAction\":[{\"@type\":\"SearchAction\",\"target\":{\"@type\":\"EntryPoint\",\"urlTemplate\":\"https:\\\/\\\/www.crto.on.ca\\\/?s={search_term_string}\"},\"query-input\":{\"@type\":\"PropertyValueSpecification\",\"valueRequired\":true,\"valueName\":\"search_term_string\"}}],\"inLanguage\":\"fr-FR\"}]}<\/script>\n<!-- \/ Yoast SEO plugin. -->","yoast_head_json":{"title":"Envoyer une pr\u00e9occupation - CRTO","robots":{"index":"index","follow":"follow","max-snippet":"max-snippet:-1","max-image-preview":"max-image-preview:large","max-video-preview":"max-video-preview:-1"},"canonical":"https:\/\/www.crto.on.ca\/fr\/public-2\/preoccupations-au-sujet-dun-therapeute-respiratoire\/envoyer-une-preoccupation\/","schema":{"@context":"https:\/\/schema.org","@graph":[{"@type":"WebPage","@id":"https:\/\/www.crto.on.ca\/fr\/public-2\/preoccupations-au-sujet-dun-therapeute-respiratoire\/envoyer-une-preoccupation\/","url":"https:\/\/www.crto.on.ca\/fr\/public-2\/preoccupations-au-sujet-dun-therapeute-respiratoire\/envoyer-une-preoccupation\/","name":"Envoyer une pr\u00e9occupation - CRTO","isPartOf":{"@id":"https:\/\/www.crto.on.ca\/#website"},"datePublished":"2013-10-22T05:39:30+00:00","dateModified":"2015-08-07T18:18:01+00:00","breadcrumb":{"@id":"https:\/\/www.crto.on.ca\/fr\/public-2\/preoccupations-au-sujet-dun-therapeute-respiratoire\/envoyer-une-preoccupation\/#breadcrumb"},"inLanguage":"fr-FR","potentialAction":[{"@type":"ReadAction","target":["https:\/\/www.crto.on.ca\/fr\/public-2\/preoccupations-au-sujet-dun-therapeute-respiratoire\/envoyer-une-preoccupation\/"]}]},{"@type":"BreadcrumbList","@id":"https:\/\/www.crto.on.ca\/fr\/public-2\/preoccupations-au-sujet-dun-therapeute-respiratoire\/envoyer-une-preoccupation\/#breadcrumb","itemListElement":[{"@type":"ListItem","position":1,"name":"Home","item":"https:\/\/www.crto.on.ca\/fr\/"},{"@type":"ListItem","position":2,"name":"Public","item":"https:\/\/www.crto.on.ca\/fr\/public-2\/"},{"@type":"ListItem","position":3,"name":"Pr\u00e9occupations au sujet d\u2019un th\u00e9rapeute respiratoire","item":"https:\/\/www.crto.on.ca\/fr\/public-2\/preoccupations-au-sujet-dun-therapeute-respiratoire\/"},{"@type":"ListItem","position":4,"name":"Envoyer une pr\u00e9occupation"}]},{"@type":"WebSite","@id":"https:\/\/www.crto.on.ca\/#website","url":"https:\/\/www.crto.on.ca\/","name":"CRTO","description":"","potentialAction":[{"@type":"SearchAction","target":{"@type":"EntryPoint","urlTemplate":"https:\/\/www.crto.on.ca\/?s={search_term_string}"},"query-input":{"@type":"PropertyValueSpecification","valueRequired":true,"valueName":"search_term_string"}}],"inLanguage":"fr-FR"}]}},"_links":{"self":[{"href":"https:\/\/www.crto.on.ca\/fr\/wp-json\/wp\/v2\/pages\/2319","targetHints":{"allow":["GET"]}}],"collection":[{"href":"https:\/\/www.crto.on.ca\/fr\/wp-json\/wp\/v2\/pages"}],"about":[{"href":"https:\/\/www.crto.on.ca\/fr\/wp-json\/wp\/v2\/types\/page"}],"author":[{"embeddable":true,"href":"https:\/\/www.crto.on.ca\/fr\/wp-json\/wp\/v2\/users\/8"}],"replies":[{"embeddable":true,"href":"https:\/\/www.crto.on.ca\/fr\/wp-json\/wp\/v2\/comments?post=2319"}],"version-history":[{"count":2,"href":"https:\/\/www.crto.on.ca\/fr\/wp-json\/wp\/v2\/pages\/2319\/revisions"}],"predecessor-version":[{"id":4121,"href":"https:\/\/www.crto.on.ca\/fr\/wp-json\/wp\/v2\/pages\/2319\/revisions\/4121"}],"up":[{"embeddable":true,"href":"https:\/\/www.crto.on.ca\/fr\/wp-json\/wp\/v2\/pages\/2312"}],"wp:attachment":[{"href":"https:\/\/www.crto.on.ca\/fr\/wp-json\/wp\/v2\/media?parent=2319"}],"curies":[{"name":"wp","href":"https:\/\/api.w.org\/{rel}","templated":true}]}}