{"id":2345,"date":"2013-10-22T01:49:04","date_gmt":"2013-10-22T05:49:04","guid":{"rendered":"http:\/\/www.crto.on.ca\/?page_id=2345"},"modified":"2015-10-01T12:02:47","modified_gmt":"2015-10-01T16:02:47","slug":"exercice-de-la-profession","status":"publish","type":"page","link":"https:\/\/www.crto.on.ca\/fr\/members\/exercice-de-la-profession\/","title":{"rendered":"Pratique professionnelle"},"content":{"rendered":"<p style=\"text-align: justify;\">L&rsquo;OTRO cherche \u00e0 remplir son r\u00f4le, soit de servir et de prot\u00e9ger l&rsquo;int\u00e9r\u00eat du public [LPSR, s.3(2)] en offrant \u00e0 ses membres un soutien \u00e0 la pratique professionnelle dans le but de faciliter la prestation de soins s\u00e9curitaires, comp\u00e9tents et \u00e9thiques aux patients. Voici des exemples d&rsquo;aide \u00e0 la pratique professionnelle :<\/p>\r\n<ul>\r\n<li>Libre acc\u00e8s pour communiquer avec le personnel de l&rsquo;OTRO;<\/li>\r\n<li>Messages sur les m\u00e9dias sociaux (Twitter\u00ae, blogue sur la pratique professionnelle);<\/li>\r\n<li>Pr\u00e9sentations en ligne et webinaires;<\/li>\r\n<li>Lignes directrices de pratique professionnelle;<\/li>\r\n<li>Lignes directrices sur les meilleures pratiques;<\/li>\r\n<li>Documents sur les normes de la pratique et engagement envers un exercice moral;<\/li>\r\n<li>\u00c9nonc\u00e9s de position et communiqu\u00e9s;<\/li>\r\n<li>Ressources pour les membres;<\/li>\r\n<li>Questions sur la pratique.<\/li>\r\n<\/ul>\r\n<h2>Professional Practice Sections<\/h2>\r\n<div class=\"contentbox cbox-ppg\">\r\n<h1 class=\"slide\"><a href=\"https:\/\/www.crto.on.ca\/fr\/membres\/exercice-de-la-profession\/communiques\/\">Communiqu\u00e9s<\/a><\/h1>\r\n<\/div>\r\n<div class=\"contentbox cbox-ppg\">\r\n<h1 class=\"slide\"><a href=\"https:\/\/www.crto.on.ca\/fr\/membres\/exercice-de-la-profession\/professional-development\/\">Lignes directrices de pratique<\/a><\/h1>\r\n<\/div>\r\n<div class=\"contentbox cbox-ppg\">\r\n<h1 class=\"slide\"><a href=\"https:\/\/www.crto.on.ca\/fr\/membres\/exercice-de-la-profession\/enonce-de-position\/\">\u00c9nonc\u00e9 de position<\/a><\/h1>\r\n<\/div>\r\n<div class=\"contentbox cbox-ppg\">\r\n<h1 class=\"slide\"><a href=\"https:\/\/www.crto.on.ca\/fr\/membres\/exercice-de-la-profession\/oxygen-therapy\/\">Oxyg\u00e9noth\u00e9rapie<\/a><\/h1>\r\n<\/div>\r\n<div class=\"contentbox cbox-ppg\">\r\n<h1 class=\"slide\"><a href=\"https:\/\/www.crto.on.ca\/fr\/members\/professional-practice\/prescribed-procedures-regulation-changes\/\">Changements apport\u00e9s au R\u00e8glement sur les proc\u00e9dures prescrites<\/a><\/h1>\r\n<\/div>","protected":false},"excerpt":{"rendered":"<p>L&rsquo;OTRO cherche \u00e0 remplir son r\u00f4le, soit de servir et de prot\u00e9ger l&rsquo;int\u00e9r\u00eat du public [LPSR, s.3(2)] en offrant \u00e0 ses membres un soutien \u00e0 la pratique professionnelle dans le but de faciliter la prestation de soins s\u00e9curitaires, comp\u00e9tents et \u00e9thiques aux patients. Voici des exemples d&rsquo;aide \u00e0 la pratique professionnelle : Libre acc\u00e8s pour [&hellip;]<\/p>\n","protected":false},"author":8,"featured_media":0,"parent":22,"menu_order":0,"comment_status":"closed","ping_status":"closed","template":"page-members.php","meta":{"footnotes":""},"class_list":["post-2345","page","type-page","status-publish","hentry"],"yoast_head":"<!-- This site is optimized with the Yoast SEO plugin v27.3 - https:\/\/yoast.com\/product\/yoast-seo-wordpress\/ -->\n<title>Pratique professionnelle - CRTO<\/title>\n<meta name=\"robots\" content=\"index, follow, max-snippet:-1, max-image-preview:large, max-video-preview:-1\" \/>\n<link rel=\"canonical\" href=\"https:\/\/www.crto.on.ca\/fr\/members\/exercice-de-la-profession\/\" \/>\n<meta name=\"twitter:label1\" content=\"Dur\u00e9e de lecture estim\u00e9e\" \/>\n\t<meta name=\"twitter:data1\" content=\"1 minute\" \/>\n<script type=\"application\/ld+json\" class=\"yoast-schema-graph\">{\"@context\":\"https:\\\/\\\/schema.org\",\"@graph\":[{\"@type\":\"WebPage\",\"@id\":\"https:\\\/\\\/www.crto.on.ca\\\/fr\\\/members\\\/exercice-de-la-profession\\\/\",\"url\":\"https:\\\/\\\/www.crto.on.ca\\\/fr\\\/members\\\/exercice-de-la-profession\\\/\",\"name\":\"Pratique professionnelle - CRTO\",\"isPartOf\":{\"@id\":\"https:\\\/\\\/www.crto.on.ca\\\/#website\"},\"datePublished\":\"2013-10-22T05:49:04+00:00\",\"dateModified\":\"2015-10-01T16:02:47+00:00\",\"breadcrumb\":{\"@id\":\"https:\\\/\\\/www.crto.on.ca\\\/fr\\\/members\\\/exercice-de-la-profession\\\/#breadcrumb\"},\"inLanguage\":\"fr-FR\",\"potentialAction\":[{\"@type\":\"ReadAction\",\"target\":[\"https:\\\/\\\/www.crto.on.ca\\\/fr\\\/members\\\/exercice-de-la-profession\\\/\"]}]},{\"@type\":\"BreadcrumbList\",\"@id\":\"https:\\\/\\\/www.crto.on.ca\\\/fr\\\/members\\\/exercice-de-la-profession\\\/#breadcrumb\",\"itemListElement\":[{\"@type\":\"ListItem\",\"position\":1,\"name\":\"Home\",\"item\":\"https:\\\/\\\/www.crto.on.ca\\\/fr\\\/\"},{\"@type\":\"ListItem\",\"position\":2,\"name\":\"Membres\",\"item\":\"https:\\\/\\\/www.crto.on.ca\\\/fr\\\/members\\\/\"},{\"@type\":\"ListItem\",\"position\":3,\"name\":\"Pratique professionnelle\"}]},{\"@type\":\"WebSite\",\"@id\":\"https:\\\/\\\/www.crto.on.ca\\\/#website\",\"url\":\"https:\\\/\\\/www.crto.on.ca\\\/\",\"name\":\"CRTO\",\"description\":\"\",\"potentialAction\":[{\"@type\":\"SearchAction\",\"target\":{\"@type\":\"EntryPoint\",\"urlTemplate\":\"https:\\\/\\\/www.crto.on.ca\\\/?s={search_term_string}\"},\"query-input\":{\"@type\":\"PropertyValueSpecification\",\"valueRequired\":true,\"valueName\":\"search_term_string\"}}],\"inLanguage\":\"fr-FR\"}]}<\/script>\n<!-- \/ Yoast SEO plugin. -->","yoast_head_json":{"title":"Pratique professionnelle - CRTO","robots":{"index":"index","follow":"follow","max-snippet":"max-snippet:-1","max-image-preview":"max-image-preview:large","max-video-preview":"max-video-preview:-1"},"canonical":"https:\/\/www.crto.on.ca\/fr\/members\/exercice-de-la-profession\/","twitter_misc":{"Dur\u00e9e de lecture estim\u00e9e":"1 minute"},"schema":{"@context":"https:\/\/schema.org","@graph":[{"@type":"WebPage","@id":"https:\/\/www.crto.on.ca\/fr\/members\/exercice-de-la-profession\/","url":"https:\/\/www.crto.on.ca\/fr\/members\/exercice-de-la-profession\/","name":"Pratique professionnelle - CRTO","isPartOf":{"@id":"https:\/\/www.crto.on.ca\/#website"},"datePublished":"2013-10-22T05:49:04+00:00","dateModified":"2015-10-01T16:02:47+00:00","breadcrumb":{"@id":"https:\/\/www.crto.on.ca\/fr\/members\/exercice-de-la-profession\/#breadcrumb"},"inLanguage":"fr-FR","potentialAction":[{"@type":"ReadAction","target":["https:\/\/www.crto.on.ca\/fr\/members\/exercice-de-la-profession\/"]}]},{"@type":"BreadcrumbList","@id":"https:\/\/www.crto.on.ca\/fr\/members\/exercice-de-la-profession\/#breadcrumb","itemListElement":[{"@type":"ListItem","position":1,"name":"Home","item":"https:\/\/www.crto.on.ca\/fr\/"},{"@type":"ListItem","position":2,"name":"Membres","item":"https:\/\/www.crto.on.ca\/fr\/members\/"},{"@type":"ListItem","position":3,"name":"Pratique professionnelle"}]},{"@type":"WebSite","@id":"https:\/\/www.crto.on.ca\/#website","url":"https:\/\/www.crto.on.ca\/","name":"CRTO","description":"","potentialAction":[{"@type":"SearchAction","target":{"@type":"EntryPoint","urlTemplate":"https:\/\/www.crto.on.ca\/?s={search_term_string}"},"query-input":{"@type":"PropertyValueSpecification","valueRequired":true,"valueName":"search_term_string"}}],"inLanguage":"fr-FR"}]}},"_links":{"self":[{"href":"https:\/\/www.crto.on.ca\/fr\/wp-json\/wp\/v2\/pages\/2345","targetHints":{"allow":["GET"]}}],"collection":[{"href":"https:\/\/www.crto.on.ca\/fr\/wp-json\/wp\/v2\/pages"}],"about":[{"href":"https:\/\/www.crto.on.ca\/fr\/wp-json\/wp\/v2\/types\/page"}],"author":[{"embeddable":true,"href":"https:\/\/www.crto.on.ca\/fr\/wp-json\/wp\/v2\/users\/8"}],"replies":[{"embeddable":true,"href":"https:\/\/www.crto.on.ca\/fr\/wp-json\/wp\/v2\/comments?post=2345"}],"version-history":[{"count":5,"href":"https:\/\/www.crto.on.ca\/fr\/wp-json\/wp\/v2\/pages\/2345\/revisions"}],"predecessor-version":[{"id":3412,"href":"https:\/\/www.crto.on.ca\/fr\/wp-json\/wp\/v2\/pages\/2345\/revisions\/3412"}],"up":[{"embeddable":true,"href":"https:\/\/www.crto.on.ca\/fr\/wp-json\/wp\/v2\/pages\/22"}],"wp:attachment":[{"href":"https:\/\/www.crto.on.ca\/fr\/wp-json\/wp\/v2\/media?parent=2345"}],"curies":[{"name":"wp","href":"https:\/\/api.w.org\/{rel}","templated":true}]}}