{"id":2352,"date":"2013-10-22T01:52:43","date_gmt":"2013-10-22T05:52:43","guid":{"rendered":"http:\/\/www.crto.on.ca\/?page_id=2352"},"modified":"2021-09-27T20:03:52","modified_gmt":"2021-09-28T00:03:52","slug":"perfectionnement-professionnel","status":"publish","type":"page","link":"https:\/\/www.crto.on.ca\/fr\/members\/perfectionnement-professionnel\/","title":{"rendered":"Perfectionnement professionnel"},"content":{"rendered":"<p style=\"text-align: justify;\" align=\"center\">Un des principaux objectifs de l\u2019OTRO consiste \u00e0 appuyer le perfectionnement professionnel continu de ses membres. L\u2019expression \u00ab perfectionnement professionnel \u00bb sert \u00e0 d\u00e9signer de nombreuses formes d\u2019apprentissage, allant de l\u2019\u00e9ducation formelle comme les dipl\u00f4mes, les conf\u00e9rences, les agr\u00e9ments et les programmes de formation offerts par les employeurs aux formes moins structur\u00e9es comme les rondes, les webinaires et les consultations aupr\u00e8s de coll\u00e8gues. La croissance continue par le perfectionnement professionnel am\u00e9liore la capacit\u00e9 du th\u00e9rapeute respiratoire \u00e0 fournir des soins s\u00e9curitaires et conformes \u00e0 l\u2019\u00e9thique, aux patients ou clients.<\/p>\r\n<p style=\"text-align: justify;\">Par l\u2019entremise du Programme d\u2019assurance de la qualit\u00e9 et de diff\u00e9rents modules d\u2019apprentissage \u00e9lectronique, l\u2019OTRO s\u2019efforce d\u2019offrir \u00e0 ses membres l\u2019acc\u00e8s aux ressources qui les aideront quant \u00e0 leurs activit\u00e9s de perfectionnement professionnel.<\/p>\r\n<p style=\"text-align: justify;\">\u00a0<\/p>\r\n<h2>Sections sur le perfectionnement professionnel<\/h2>\r\n<div class=\"contentbox cbox-ppg\">\r\n<h1 class=\"slide\"><a href=\"https:\/\/www.crto.on.ca\/fr\/members\/perfectionnement-professionnel\/quality-assurance\/\">Pratique d\u2019assurance de la qualit\u00e9<\/a><\/h1>\r\n<\/div>\r\n<div class=\"contentbox cbox-ppg\">\r\n<h1 class=\"slide\"><a href=\"https:\/\/www.crto.on.ca\/members\/professional-development\/e-learning\/\"> Modules d\u2019apprentissage \u00e9lectronique<\/a> <span style=\"font-size: xx-small;\"> (disponible seulement en anglais) <\/span><\/h1>\r\n<\/div>\r\n<div class=\"contentbox cbox-ppg\">\r\n<h1 class=\"slide\"><a href=\"https:\/\/www.crto.on.ca\/fr\/members\/perfectionnement-professionnel\/croissance\/\">GROW<sup>MO<\/sup><\/a><\/h1>\r\n<\/div>","protected":false},"excerpt":{"rendered":"<p>Un des principaux objectifs de l\u2019OTRO consiste \u00e0 appuyer le perfectionnement professionnel continu de ses membres. L\u2019expression \u00ab perfectionnement professionnel \u00bb sert \u00e0 d\u00e9signer de nombreuses formes d\u2019apprentissage, allant de l\u2019\u00e9ducation formelle comme les dipl\u00f4mes, les conf\u00e9rences, les agr\u00e9ments et les programmes de formation offerts par les employeurs aux formes moins structur\u00e9es comme les rondes, [&hellip;]<\/p>\n","protected":false},"author":8,"featured_media":0,"parent":22,"menu_order":0,"comment_status":"closed","ping_status":"closed","template":"page-members.php","meta":{"footnotes":""},"class_list":["post-2352","page","type-page","status-publish","hentry"],"yoast_head":"<!-- This site is optimized with the Yoast SEO plugin v27.4 - https:\/\/yoast.com\/product\/yoast-seo-wordpress\/ -->\n<title>Perfectionnement professionnel - CRTO<\/title>\n<meta name=\"robots\" content=\"index, follow, max-snippet:-1, max-image-preview:large, max-video-preview:-1\" \/>\n<link rel=\"canonical\" href=\"https:\/\/www.crto.on.ca\/fr\/members\/perfectionnement-professionnel\/\" \/>\n<meta name=\"twitter:label1\" content=\"Dur\u00e9e de lecture estim\u00e9e\" \/>\n\t<meta name=\"twitter:data1\" content=\"1 minute\" \/>\n<script type=\"application\/ld+json\" class=\"yoast-schema-graph\">{\"@context\":\"https:\\\/\\\/schema.org\",\"@graph\":[{\"@type\":\"WebPage\",\"@id\":\"https:\\\/\\\/www.crto.on.ca\\\/fr\\\/members\\\/perfectionnement-professionnel\\\/\",\"url\":\"https:\\\/\\\/www.crto.on.ca\\\/fr\\\/members\\\/perfectionnement-professionnel\\\/\",\"name\":\"Perfectionnement professionnel - CRTO\",\"isPartOf\":{\"@id\":\"https:\\\/\\\/www.crto.on.ca\\\/#website\"},\"datePublished\":\"2013-10-22T05:52:43+00:00\",\"dateModified\":\"2021-09-28T00:03:52+00:00\",\"breadcrumb\":{\"@id\":\"https:\\\/\\\/www.crto.on.ca\\\/fr\\\/members\\\/perfectionnement-professionnel\\\/#breadcrumb\"},\"inLanguage\":\"fr-FR\",\"potentialAction\":[{\"@type\":\"ReadAction\",\"target\":[\"https:\\\/\\\/www.crto.on.ca\\\/fr\\\/members\\\/perfectionnement-professionnel\\\/\"]}]},{\"@type\":\"BreadcrumbList\",\"@id\":\"https:\\\/\\\/www.crto.on.ca\\\/fr\\\/members\\\/perfectionnement-professionnel\\\/#breadcrumb\",\"itemListElement\":[{\"@type\":\"ListItem\",\"position\":1,\"name\":\"Home\",\"item\":\"https:\\\/\\\/www.crto.on.ca\\\/fr\\\/\"},{\"@type\":\"ListItem\",\"position\":2,\"name\":\"Membres\",\"item\":\"https:\\\/\\\/www.crto.on.ca\\\/fr\\\/members\\\/\"},{\"@type\":\"ListItem\",\"position\":3,\"name\":\"Perfectionnement professionnel\"}]},{\"@type\":\"WebSite\",\"@id\":\"https:\\\/\\\/www.crto.on.ca\\\/#website\",\"url\":\"https:\\\/\\\/www.crto.on.ca\\\/\",\"name\":\"CRTO\",\"description\":\"\",\"potentialAction\":[{\"@type\":\"SearchAction\",\"target\":{\"@type\":\"EntryPoint\",\"urlTemplate\":\"https:\\\/\\\/www.crto.on.ca\\\/?s={search_term_string}\"},\"query-input\":{\"@type\":\"PropertyValueSpecification\",\"valueRequired\":true,\"valueName\":\"search_term_string\"}}],\"inLanguage\":\"fr-FR\"}]}<\/script>\n<!-- \/ Yoast SEO plugin. -->","yoast_head_json":{"title":"Perfectionnement professionnel - CRTO","robots":{"index":"index","follow":"follow","max-snippet":"max-snippet:-1","max-image-preview":"max-image-preview:large","max-video-preview":"max-video-preview:-1"},"canonical":"https:\/\/www.crto.on.ca\/fr\/members\/perfectionnement-professionnel\/","twitter_misc":{"Dur\u00e9e de lecture estim\u00e9e":"1 minute"},"schema":{"@context":"https:\/\/schema.org","@graph":[{"@type":"WebPage","@id":"https:\/\/www.crto.on.ca\/fr\/members\/perfectionnement-professionnel\/","url":"https:\/\/www.crto.on.ca\/fr\/members\/perfectionnement-professionnel\/","name":"Perfectionnement professionnel - CRTO","isPartOf":{"@id":"https:\/\/www.crto.on.ca\/#website"},"datePublished":"2013-10-22T05:52:43+00:00","dateModified":"2021-09-28T00:03:52+00:00","breadcrumb":{"@id":"https:\/\/www.crto.on.ca\/fr\/members\/perfectionnement-professionnel\/#breadcrumb"},"inLanguage":"fr-FR","potentialAction":[{"@type":"ReadAction","target":["https:\/\/www.crto.on.ca\/fr\/members\/perfectionnement-professionnel\/"]}]},{"@type":"BreadcrumbList","@id":"https:\/\/www.crto.on.ca\/fr\/members\/perfectionnement-professionnel\/#breadcrumb","itemListElement":[{"@type":"ListItem","position":1,"name":"Home","item":"https:\/\/www.crto.on.ca\/fr\/"},{"@type":"ListItem","position":2,"name":"Membres","item":"https:\/\/www.crto.on.ca\/fr\/members\/"},{"@type":"ListItem","position":3,"name":"Perfectionnement professionnel"}]},{"@type":"WebSite","@id":"https:\/\/www.crto.on.ca\/#website","url":"https:\/\/www.crto.on.ca\/","name":"CRTO","description":"","potentialAction":[{"@type":"SearchAction","target":{"@type":"EntryPoint","urlTemplate":"https:\/\/www.crto.on.ca\/?s={search_term_string}"},"query-input":{"@type":"PropertyValueSpecification","valueRequired":true,"valueName":"search_term_string"}}],"inLanguage":"fr-FR"}]}},"_links":{"self":[{"href":"https:\/\/www.crto.on.ca\/fr\/wp-json\/wp\/v2\/pages\/2352","targetHints":{"allow":["GET"]}}],"collection":[{"href":"https:\/\/www.crto.on.ca\/fr\/wp-json\/wp\/v2\/pages"}],"about":[{"href":"https:\/\/www.crto.on.ca\/fr\/wp-json\/wp\/v2\/types\/page"}],"author":[{"embeddable":true,"href":"https:\/\/www.crto.on.ca\/fr\/wp-json\/wp\/v2\/users\/8"}],"replies":[{"embeddable":true,"href":"https:\/\/www.crto.on.ca\/fr\/wp-json\/wp\/v2\/comments?post=2352"}],"version-history":[{"count":8,"href":"https:\/\/www.crto.on.ca\/fr\/wp-json\/wp\/v2\/pages\/2352\/revisions"}],"predecessor-version":[{"id":8141,"href":"https:\/\/www.crto.on.ca\/fr\/wp-json\/wp\/v2\/pages\/2352\/revisions\/8141"}],"up":[{"embeddable":true,"href":"https:\/\/www.crto.on.ca\/fr\/wp-json\/wp\/v2\/pages\/22"}],"wp:attachment":[{"href":"https:\/\/www.crto.on.ca\/fr\/wp-json\/wp\/v2\/media?parent=2352"}],"curies":[{"name":"wp","href":"https:\/\/api.w.org\/{rel}","templated":true}]}}