{"id":2354,"date":"2013-06-18T17:45:32","date_gmt":"2013-06-18T17:45:32","guid":{"rendered":"http:\/\/www.crto.on.ca\/?page_id=2354"},"modified":"2024-04-24T16:05:23","modified_gmt":"2024-04-24T20:05:23","slug":"quality-assurance","status":"publish","type":"page","link":"https:\/\/www.crto.on.ca\/fr\/members\/perfectionnement-professionnel\/quality-assurance\/","title":{"rendered":"Programme de perfectionnement professionnel (PPP) de l\u2019OTRO"},"content":{"rendered":"<p>Une croissance continue par le biais du perfectionnement professionnel permet au th\u00e9rapeute respiratoire d\u2019\u00eatre mieux en mesure de fournir des soins s\u00e9curitaires, et conformes \u00e0 l&rsquo;\u00e9thiques, aux patients et aux clients. Le Programme de perfectionnement professionnel (PPP) de l\u2019OTRO, mandat\u00e9 par la <em>Loi sur les professions de la sant\u00e9 r\u00e9glement\u00e9es<\/em> et <em>supervis\u00e9 <\/em>par le Comit\u00e9 d\u2019assurance de la qualit\u00e9 de l\u2019OTRO, a \u00e9t\u00e9 con\u00e7u pour soutenir l\u2019am\u00e9lioration continue de la qualit\u00e9 de tous les membres. Le perfectionnement professionnel comporte plusieurs formes de possibilit\u00e9s d\u2019apprentissage, allant de l\u2019enseignement formel avec dipl\u00f4mes, des conf\u00e9rences, des programmes de formation offerts par les employeurs et des programmes d\u2019agr\u00e9ment aux mesures moins structur\u00e9s, comme l\u2019apprentissage quotidien, les rondes, les webinaires et les consultations aupr\u00e8s d\u2019un coll\u00e8gue.<\/p>\r\n<hr \/>\r\n<p style=\"text-align: left;\"><strong>Composantes du programme de perfectionnement professionnel de l\u2019OTRO<\/strong><\/p>\r\n<div class=\"contentbox cbox-ppg\">\r\n<h1 class=\"slide\">\u00c9valuation jurisprudentielle des th\u00e9rapeutes respiratoires en lancement<\/h1>\r\n<div>\r\n<p>L\u2019\u00e9valuation de d\u00e9part\u00a0 en jurisprudence des relative \u00e0 la th\u00e9rapie respiratoire est effectu\u00e9e par les nouveaux membres de l\u2019OTRO ou r\u00e9cemment r\u00e9int\u00e9gr\u00e9s et a pour but de s\u2019assurer que tous les th\u00e9rapeutes respiratoires de l\u2019Ontario poss\u00e8dent le degr\u00e9 de connaissances appropri\u00e9 concernant les normes, les lignes directrices, la l\u00e9gislation et la r\u00e9glementation r\u00e9gissant la pratique.<\/p>\r\n<\/div>\r\n<\/div>\r\n<div class=\"contentbox cbox-ppg\">\r\n<h1 class=\"slide\">Module d\u2019apprentissage \u00e9lectronique RelevanT<\/h1>\r\n<div>\r\n<p>Le module d\u2019apprentissage \u00e9lectronique RelevanT est con\u00e7u pour s\u2019assurer que les membres se tiennent au courant des normes, lignes directrices et de la l\u00e9gislation r\u00e9gissant leur profession. Ce module en ligne demande environ 20 minutes et traite des changements apport\u00e9s au cours de la derni\u00e8re ann\u00e9e aux normes d\u2019exercice (r\u00e9glementation, lignes directrices de pratique nouvelles ou r\u00e9vis\u00e9es, etc.).<\/p>\r\n<p>Le module d\u2019apprentissage <em>\u00e9<\/em>lectronique fournit aux membres tout le contenu pertinent, suivi par une br\u00e8ve s\u00e9rie de questions (environ 5) li\u00e9es aux renseignements que contient le module. Le but du module d\u2019apprentissage \u00e9lectronique RelevanT est d\u2019optimiser les apprentissages. On peut donc tenter autant de fois que n\u00e9cessaire de r\u00e9pondre aux questions avant d\u2019obtenir la bonne r\u00e9ponse.<\/p>\r\n<p><a href=\"http:\/\/crto.on.ca\/pdf\/fr\/Communiques\/QA_Record_Retention_fr.pdf\">Maintien de dossiers aux fins de documentation d\u2019assurance de la qualit\u00e9 <\/a><\/p>\r\n<\/div>\r\n<\/div>\r\n<div class=\"contentbox cbox-ppg\">\r\n<h1 class=\"slide\">Portfolio en ligne \u00e0 l\u2019intention des th\u00e9rapeutes respiratoires (PORTfolio<sup>MO<\/sup>)<\/h1>\r\n<div>\r\n<p>Le PORTfolio est un outil de perfectionnement professionnel permettant aux membres de l\u2019OTRO d\u2019effectuer le suivi de leurs activit\u00e9s de perfectionnement professionnel continu. Les membres signent une d\u00e9claration chaque ann\u00e9e, d\u00e9clarant qu\u2019ils participent au Programme de perfectionnement professionnel de l\u2019OTRO par l\u2019entremise d\u2019activit\u00e9s d\u2019am\u00e9lioration continue et par la saisie de ces activit\u00e9s dans leur PORTfolio.<\/p>\r\n<p><strong>Ann\u00e9e d&rsquo;\u00e9valuation du PORTfolio<\/strong><\/p>\r\n<p>\u00c0 compter de 2018, tous les membres se verront assign\u00e9 une <strong>ann\u00e9e d\u2019\u00e9valuation<\/strong>, qui sera \u00e9tablie en fonction d\u2019une s\u00e9lection al\u00e9atoire des membres\u00a0 depuis 2004. Cette ann\u00e9e d\u2019\u00e9valuation d\u00e9cidera du moment o\u00f9 chaque membre doit remettre son PORTfolio. Une fois que le membre a remis son PORTfolio et que l\u2019OTRO a effectu\u00e9 son \u00e9valuation, le membre se verra assign\u00e9 sa prochaine ann\u00e9e d\u2019\u00e9valuation.<\/p>\r\n<p>Vous pouvez acc\u00e9der au nouveau PORTfolio \u00e0 la m\u00eame place qu\u2019\u00e0 l\u2019ancien, dans la section <a href=\"https:\/\/members.crto.on.ca\/CRTO\/iMIS\/ContactManagement\/Sign_In_fr.aspx\" target=\"_blank\" rel=\"noopener\">des membres<\/a> du site Web de l\u2019OTRO, sous <strong>Perfectionnement professionnel<\/strong>. Une fois la session ouverte, vous verrez que le PORTfolio a \u00e9t\u00e9 remani\u00e9, mais qu\u2019il comporte encore les trois m\u00eames sections (Auto-\u00e9valuation, Journal des apprentissages et Objectif d\u2019apprentissage). Si vous souhaitez consulter vos PORTfolios pass\u00e9s, il vous suffit d\u2019aller dans l\u2019onglet Archives, \u00e0 droite. <strong>Veuillez prendre note que l\u2019ancienne plateforme du PORTfolio sera uniquement disponible jusqu\u2019en d\u00e9cembre 2018, assurez-vous donc de t\u00e9l\u00e9charger (pour imprimer ou convertir en PDF) tout renseignement que vous souhaitez conserver pour vos dossiers.<\/strong><\/p>\r\n<p>Pour r\u00e9ussir l\u2019envoi de votre PORTfolio, vous devez suivre ces trois \u00e9tapes, soit :<\/p>\r\n<ol>\r\n\t<li><strong>\u00c9tape 1<\/strong> &#8211; Effectuez votre auto-\u00e9valuation. Cela permettra d\u2019\u00e9laborer un ou des objectifs d\u2019apprentissage potentiel \u00e0 atteindre au cours des cinq (5) prochaines ann\u00e9es.<\/li>\r\n\t<li><strong>\u00c9tape 2<\/strong> &#8211; Passez en revue votre ou vos objectifs d\u2019apprentissage cr\u00e9\u00e9 au moyen de l\u2019auto-\u00e9valuation et s\u00e9lectionnez un (1) objectif qu\u2019\u00e9valuera un pair \u00e9valuateur de th\u00e9rapie respiratoire. Si vous ne voulez utiliser aucun des objectifs d\u2019apprentissage obtenus au moyen de l\u2019auto-\u00e9valuation, vous pouvez en \u00e9tablir un vous-m\u00eame.<\/li>\r\n\t<li><strong>\u00c9tape 3<\/strong> &#8211; Effectuez les activit\u00e9s de perfectionnement professionnel continu et assurez-vous qu\u2019au moins une (1) des activit\u00e9s du journal des apprentissages corresponde \u00e0 l\u2019objectif d\u2019apprentissage que vous avez s\u00e9lectionn\u00e9.<\/li>\r\n<\/ol>\r\n<p>Tous les renseignements dont vous avez besoin relativement \u00e0 votre PORTfolio se trouvent dans la plateforme. Vous pouvez aussi trouver des renseignements en suivant <a href=\"https:\/\/www.crto.on.ca\/fr\/members\/perfectionnement-professionnel\/quality-assurance\/portfoliomo\/\">ce lien<\/a>.<\/p>\r\n<p>Si vous avez des questions au sujet du PORTfolio ou toute autre composante du Programme de perfectionnement professionnel, veuillez communiquer avec Carole Hamp, RRT \u2013 Directrice de la qualit\u00e9 de l\u2019exercice \u00e0 <a href=\"mailto:hamp@crto.on.ca\">hamp@crto.on.ca<\/a> ou au 416-591-7800, poste 33 \/ 1-800-261-0528 x 33.<\/p>\r\n<\/div>\r\n<\/div>\r\n<div class=\"contentbox cbox-ppg\">\r\n<h1 class=\"slide\">Programme d\u2019\u00e9ducation permanente et de correctifs (SCERP)<\/h1>\r\n<div>\r\n<p>Un SCERP pourrait \u00eatre exig\u00e9 si l\u2019on constate, dans le cadre de l\u2019\u00c9valuation de d\u00e9part en jurisprudence relative \u00e0 la th\u00e9rapie respiratoire ou du PORTfolio, qu\u2019un membre a besoin de formation ou de conseils suppl\u00e9mentaires afin de respecter les exigences du PPP de l\u2019OTRO.<\/p>\r\n<\/div>\r\n<\/div>\r\n<div class=\"contentbox cbox-ppg\">\r\n<h1 class=\"slide\">\u00c9valuation de la pratique<\/h1>\r\n<div>\r\n<p>Une fois le SCERP termin\u00e9, le Comit\u00e9 d\u2019assurance de la qualit\u00e9 de l\u2019OTRO peut exiger une autre \u00e9valuation, ce qui peut prendre plusieurs formes. Il peut s\u2019agir notamment d\u2019une \u00e9valuation de la pratique. Ce type d\u2019\u00e9valuation est effectu\u00e9 au lieu de travail du membre (ou \u00e0 un autre lieu jug\u00e9 appropri\u00e9) et est men\u00e9 par un th\u00e9rapeute respiratoire form\u00e9 \u00e0 titre d\u2019\u00e9valuateur.<\/p>\r\n<\/div>\r\n<\/div>\r\n<p>Pour obtenir de plus amples renseignements au sujet du Programme de perfectionnement professionnel de l\u2019OTRO, veuillez suivre ce lien menant au <a href=\"https:\/\/www.crto.on.ca\/pdf\/fr\/QA\/PDP_Members_Guide_FR.pdf\" target=\"_blank\" rel=\"noopener\">Guide du membre sur le PPP<\/a>.<\/p>","protected":false},"excerpt":{"rendered":"<p>Une croissance continue par le biais du perfectionnement professionnel permet au th\u00e9rapeute respiratoire d\u2019\u00eatre mieux en mesure de fournir des soins s\u00e9curitaires, et conformes \u00e0 l&rsquo;\u00e9thiques, aux patients et aux clients. Le Programme de perfectionnement professionnel (PPP) de l\u2019OTRO, mandat\u00e9 par la Loi sur les professions de la sant\u00e9 r\u00e9glement\u00e9es et supervis\u00e9 par le Comit\u00e9 [&hellip;]<\/p>\n","protected":false},"author":8,"featured_media":0,"parent":2352,"menu_order":0,"comment_status":"closed","ping_status":"closed","template":"page-members.php","meta":{"footnotes":""},"class_list":["post-2354","page","type-page","status-publish","hentry"],"yoast_head":"<!-- This site is optimized with the Yoast SEO plugin v27.3 - https:\/\/yoast.com\/product\/yoast-seo-wordpress\/ -->\n<title>Programme de perfectionnement professionnel (PPP) de l\u2019OTRO - CRTO<\/title>\n<meta name=\"robots\" content=\"index, follow, max-snippet:-1, max-image-preview:large, max-video-preview:-1\" \/>\n<link rel=\"canonical\" href=\"https:\/\/www.crto.on.ca\/fr\/members\/perfectionnement-professionnel\/quality-assurance\/\" \/>\n<meta name=\"twitter:label1\" content=\"Dur\u00e9e de lecture estim\u00e9e\" \/>\n\t<meta name=\"twitter:data1\" content=\"5 minutes\" \/>\n<script type=\"application\/ld+json\" class=\"yoast-schema-graph\">{\"@context\":\"https:\\\/\\\/schema.org\",\"@graph\":[{\"@type\":\"WebPage\",\"@id\":\"https:\\\/\\\/www.crto.on.ca\\\/fr\\\/members\\\/perfectionnement-professionnel\\\/quality-assurance\\\/\",\"url\":\"https:\\\/\\\/www.crto.on.ca\\\/fr\\\/members\\\/perfectionnement-professionnel\\\/quality-assurance\\\/\",\"name\":\"Programme de perfectionnement professionnel (PPP) de l\u2019OTRO - CRTO\",\"isPartOf\":{\"@id\":\"https:\\\/\\\/www.crto.on.ca\\\/#website\"},\"datePublished\":\"2013-06-18T17:45:32+00:00\",\"dateModified\":\"2024-04-24T20:05:23+00:00\",\"breadcrumb\":{\"@id\":\"https:\\\/\\\/www.crto.on.ca\\\/fr\\\/members\\\/perfectionnement-professionnel\\\/quality-assurance\\\/#breadcrumb\"},\"inLanguage\":\"fr-FR\",\"potentialAction\":[{\"@type\":\"ReadAction\",\"target\":[\"https:\\\/\\\/www.crto.on.ca\\\/fr\\\/members\\\/perfectionnement-professionnel\\\/quality-assurance\\\/\"]}]},{\"@type\":\"BreadcrumbList\",\"@id\":\"https:\\\/\\\/www.crto.on.ca\\\/fr\\\/members\\\/perfectionnement-professionnel\\\/quality-assurance\\\/#breadcrumb\",\"itemListElement\":[{\"@type\":\"ListItem\",\"position\":1,\"name\":\"Home\",\"item\":\"https:\\\/\\\/www.crto.on.ca\\\/fr\\\/\"},{\"@type\":\"ListItem\",\"position\":2,\"name\":\"Membres\",\"item\":\"https:\\\/\\\/www.crto.on.ca\\\/fr\\\/members\\\/\"},{\"@type\":\"ListItem\",\"position\":3,\"name\":\"Perfectionnement professionnel\",\"item\":\"https:\\\/\\\/www.crto.on.ca\\\/fr\\\/members\\\/perfectionnement-professionnel\\\/\"},{\"@type\":\"ListItem\",\"position\":4,\"name\":\"Programme de perfectionnement professionnel (PPP) de l\u2019OTRO\"}]},{\"@type\":\"WebSite\",\"@id\":\"https:\\\/\\\/www.crto.on.ca\\\/#website\",\"url\":\"https:\\\/\\\/www.crto.on.ca\\\/\",\"name\":\"CRTO\",\"description\":\"\",\"potentialAction\":[{\"@type\":\"SearchAction\",\"target\":{\"@type\":\"EntryPoint\",\"urlTemplate\":\"https:\\\/\\\/www.crto.on.ca\\\/?s={search_term_string}\"},\"query-input\":{\"@type\":\"PropertyValueSpecification\",\"valueRequired\":true,\"valueName\":\"search_term_string\"}}],\"inLanguage\":\"fr-FR\"}]}<\/script>\n<!-- \/ Yoast SEO plugin. -->","yoast_head_json":{"title":"Programme de perfectionnement professionnel (PPP) de l\u2019OTRO - CRTO","robots":{"index":"index","follow":"follow","max-snippet":"max-snippet:-1","max-image-preview":"max-image-preview:large","max-video-preview":"max-video-preview:-1"},"canonical":"https:\/\/www.crto.on.ca\/fr\/members\/perfectionnement-professionnel\/quality-assurance\/","twitter_misc":{"Dur\u00e9e de lecture estim\u00e9e":"5 minutes"},"schema":{"@context":"https:\/\/schema.org","@graph":[{"@type":"WebPage","@id":"https:\/\/www.crto.on.ca\/fr\/members\/perfectionnement-professionnel\/quality-assurance\/","url":"https:\/\/www.crto.on.ca\/fr\/members\/perfectionnement-professionnel\/quality-assurance\/","name":"Programme de perfectionnement professionnel (PPP) de l\u2019OTRO - CRTO","isPartOf":{"@id":"https:\/\/www.crto.on.ca\/#website"},"datePublished":"2013-06-18T17:45:32+00:00","dateModified":"2024-04-24T20:05:23+00:00","breadcrumb":{"@id":"https:\/\/www.crto.on.ca\/fr\/members\/perfectionnement-professionnel\/quality-assurance\/#breadcrumb"},"inLanguage":"fr-FR","potentialAction":[{"@type":"ReadAction","target":["https:\/\/www.crto.on.ca\/fr\/members\/perfectionnement-professionnel\/quality-assurance\/"]}]},{"@type":"BreadcrumbList","@id":"https:\/\/www.crto.on.ca\/fr\/members\/perfectionnement-professionnel\/quality-assurance\/#breadcrumb","itemListElement":[{"@type":"ListItem","position":1,"name":"Home","item":"https:\/\/www.crto.on.ca\/fr\/"},{"@type":"ListItem","position":2,"name":"Membres","item":"https:\/\/www.crto.on.ca\/fr\/members\/"},{"@type":"ListItem","position":3,"name":"Perfectionnement professionnel","item":"https:\/\/www.crto.on.ca\/fr\/members\/perfectionnement-professionnel\/"},{"@type":"ListItem","position":4,"name":"Programme de perfectionnement professionnel (PPP) de l\u2019OTRO"}]},{"@type":"WebSite","@id":"https:\/\/www.crto.on.ca\/#website","url":"https:\/\/www.crto.on.ca\/","name":"CRTO","description":"","potentialAction":[{"@type":"SearchAction","target":{"@type":"EntryPoint","urlTemplate":"https:\/\/www.crto.on.ca\/?s={search_term_string}"},"query-input":{"@type":"PropertyValueSpecification","valueRequired":true,"valueName":"search_term_string"}}],"inLanguage":"fr-FR"}]}},"_links":{"self":[{"href":"https:\/\/www.crto.on.ca\/fr\/wp-json\/wp\/v2\/pages\/2354","targetHints":{"allow":["GET"]}}],"collection":[{"href":"https:\/\/www.crto.on.ca\/fr\/wp-json\/wp\/v2\/pages"}],"about":[{"href":"https:\/\/www.crto.on.ca\/fr\/wp-json\/wp\/v2\/types\/page"}],"author":[{"embeddable":true,"href":"https:\/\/www.crto.on.ca\/fr\/wp-json\/wp\/v2\/users\/8"}],"replies":[{"embeddable":true,"href":"https:\/\/www.crto.on.ca\/fr\/wp-json\/wp\/v2\/comments?post=2354"}],"version-history":[{"count":10,"href":"https:\/\/www.crto.on.ca\/fr\/wp-json\/wp\/v2\/pages\/2354\/revisions"}],"predecessor-version":[{"id":9851,"href":"https:\/\/www.crto.on.ca\/fr\/wp-json\/wp\/v2\/pages\/2354\/revisions\/9851"}],"up":[{"embeddable":true,"href":"https:\/\/www.crto.on.ca\/fr\/wp-json\/wp\/v2\/pages\/2352"}],"wp:attachment":[{"href":"https:\/\/www.crto.on.ca\/fr\/wp-json\/wp\/v2\/media?parent=2354"}],"curies":[{"name":"wp","href":"https:\/\/api.w.org\/{rel}","templated":true}]}}