{"id":2356,"date":"2013-10-22T01:53:51","date_gmt":"2013-10-22T05:53:51","guid":{"rendered":"http:\/\/www.crto.on.ca\/?page_id=2356"},"modified":"2015-08-07T13:42:52","modified_gmt":"2015-08-07T17:42:52","slug":"modules-dapprentissage-electronique","status":"publish","type":"page","link":"https:\/\/www.crto.on.ca\/fr\/members\/perfectionnement-professionnel\/modules-dapprentissage-electronique\/","title":{"rendered":"Modules d&rsquo;apprentissage \u00e9lectronique"},"content":{"rendered":"<p>Cette page n&rsquo;est pas encore traduite. Nous travaillons actuellement \u00e0 la traduction du site Web remani\u00e9 au complet, mais il faudra un certan temps afin de nous assurer que tout est fait convenablement.<\/p><p>Nous appr\u00e9cions votre patience et votre collaboration \u00e0 cet \u00e9gard.<\/p>","protected":false},"excerpt":{"rendered":"<p>Cette page n&rsquo;est pas encore traduite. Nous travaillons actuellement \u00e0 la traduction du site Web remani\u00e9 au complet, mais il faudra un certan temps afin de nous assurer que tout est fait convenablement.Nous appr\u00e9cions votre patience et votre collaboration \u00e0 cet \u00e9gard.<\/p>\n","protected":false},"author":8,"featured_media":0,"parent":2352,"menu_order":0,"comment_status":"closed","ping_status":"closed","template":"page-members.php","meta":{"footnotes":""},"class_list":["post-2356","page","type-page","status-publish","hentry"],"yoast_head":"<!-- This site is optimized with the Yoast SEO plugin v27.4 - https:\/\/yoast.com\/product\/yoast-seo-wordpress\/ -->\n<title>Modules d&#039;apprentissage \u00e9lectronique - CRTO<\/title>\n<meta name=\"robots\" content=\"index, follow, max-snippet:-1, max-image-preview:large, max-video-preview:-1\" \/>\n<link rel=\"canonical\" href=\"https:\/\/www.crto.on.ca\/fr\/members\/perfectionnement-professionnel\/modules-dapprentissage-electronique\/\" \/>\n<script type=\"application\/ld+json\" class=\"yoast-schema-graph\">{\"@context\":\"https:\\\/\\\/schema.org\",\"@graph\":[{\"@type\":\"WebPage\",\"@id\":\"https:\\\/\\\/www.crto.on.ca\\\/fr\\\/members\\\/perfectionnement-professionnel\\\/modules-dapprentissage-electronique\\\/\",\"url\":\"https:\\\/\\\/www.crto.on.ca\\\/fr\\\/members\\\/perfectionnement-professionnel\\\/modules-dapprentissage-electronique\\\/\",\"name\":\"Modules d'apprentissage \u00e9lectronique - CRTO\",\"isPartOf\":{\"@id\":\"https:\\\/\\\/www.crto.on.ca\\\/#website\"},\"datePublished\":\"2013-10-22T05:53:51+00:00\",\"dateModified\":\"2015-08-07T17:42:52+00:00\",\"breadcrumb\":{\"@id\":\"https:\\\/\\\/www.crto.on.ca\\\/fr\\\/members\\\/perfectionnement-professionnel\\\/modules-dapprentissage-electronique\\\/#breadcrumb\"},\"inLanguage\":\"fr-FR\",\"potentialAction\":[{\"@type\":\"ReadAction\",\"target\":[\"https:\\\/\\\/www.crto.on.ca\\\/fr\\\/members\\\/perfectionnement-professionnel\\\/modules-dapprentissage-electronique\\\/\"]}]},{\"@type\":\"BreadcrumbList\",\"@id\":\"https:\\\/\\\/www.crto.on.ca\\\/fr\\\/members\\\/perfectionnement-professionnel\\\/modules-dapprentissage-electronique\\\/#breadcrumb\",\"itemListElement\":[{\"@type\":\"ListItem\",\"position\":1,\"name\":\"Home\",\"item\":\"https:\\\/\\\/www.crto.on.ca\\\/fr\\\/\"},{\"@type\":\"ListItem\",\"position\":2,\"name\":\"Membres\",\"item\":\"https:\\\/\\\/www.crto.on.ca\\\/fr\\\/members\\\/\"},{\"@type\":\"ListItem\",\"position\":3,\"name\":\"Perfectionnement professionnel\",\"item\":\"https:\\\/\\\/www.crto.on.ca\\\/fr\\\/members\\\/perfectionnement-professionnel\\\/\"},{\"@type\":\"ListItem\",\"position\":4,\"name\":\"Modules d&#8217;apprentissage \u00e9lectronique\"}]},{\"@type\":\"WebSite\",\"@id\":\"https:\\\/\\\/www.crto.on.ca\\\/#website\",\"url\":\"https:\\\/\\\/www.crto.on.ca\\\/\",\"name\":\"CRTO\",\"description\":\"\",\"potentialAction\":[{\"@type\":\"SearchAction\",\"target\":{\"@type\":\"EntryPoint\",\"urlTemplate\":\"https:\\\/\\\/www.crto.on.ca\\\/?s={search_term_string}\"},\"query-input\":{\"@type\":\"PropertyValueSpecification\",\"valueRequired\":true,\"valueName\":\"search_term_string\"}}],\"inLanguage\":\"fr-FR\"}]}<\/script>\n<!-- \/ Yoast SEO plugin. -->","yoast_head_json":{"title":"Modules d'apprentissage \u00e9lectronique - CRTO","robots":{"index":"index","follow":"follow","max-snippet":"max-snippet:-1","max-image-preview":"max-image-preview:large","max-video-preview":"max-video-preview:-1"},"canonical":"https:\/\/www.crto.on.ca\/fr\/members\/perfectionnement-professionnel\/modules-dapprentissage-electronique\/","schema":{"@context":"https:\/\/schema.org","@graph":[{"@type":"WebPage","@id":"https:\/\/www.crto.on.ca\/fr\/members\/perfectionnement-professionnel\/modules-dapprentissage-electronique\/","url":"https:\/\/www.crto.on.ca\/fr\/members\/perfectionnement-professionnel\/modules-dapprentissage-electronique\/","name":"Modules d'apprentissage \u00e9lectronique - CRTO","isPartOf":{"@id":"https:\/\/www.crto.on.ca\/#website"},"datePublished":"2013-10-22T05:53:51+00:00","dateModified":"2015-08-07T17:42:52+00:00","breadcrumb":{"@id":"https:\/\/www.crto.on.ca\/fr\/members\/perfectionnement-professionnel\/modules-dapprentissage-electronique\/#breadcrumb"},"inLanguage":"fr-FR","potentialAction":[{"@type":"ReadAction","target":["https:\/\/www.crto.on.ca\/fr\/members\/perfectionnement-professionnel\/modules-dapprentissage-electronique\/"]}]},{"@type":"BreadcrumbList","@id":"https:\/\/www.crto.on.ca\/fr\/members\/perfectionnement-professionnel\/modules-dapprentissage-electronique\/#breadcrumb","itemListElement":[{"@type":"ListItem","position":1,"name":"Home","item":"https:\/\/www.crto.on.ca\/fr\/"},{"@type":"ListItem","position":2,"name":"Membres","item":"https:\/\/www.crto.on.ca\/fr\/members\/"},{"@type":"ListItem","position":3,"name":"Perfectionnement professionnel","item":"https:\/\/www.crto.on.ca\/fr\/members\/perfectionnement-professionnel\/"},{"@type":"ListItem","position":4,"name":"Modules d&#8217;apprentissage \u00e9lectronique"}]},{"@type":"WebSite","@id":"https:\/\/www.crto.on.ca\/#website","url":"https:\/\/www.crto.on.ca\/","name":"CRTO","description":"","potentialAction":[{"@type":"SearchAction","target":{"@type":"EntryPoint","urlTemplate":"https:\/\/www.crto.on.ca\/?s={search_term_string}"},"query-input":{"@type":"PropertyValueSpecification","valueRequired":true,"valueName":"search_term_string"}}],"inLanguage":"fr-FR"}]}},"_links":{"self":[{"href":"https:\/\/www.crto.on.ca\/fr\/wp-json\/wp\/v2\/pages\/2356","targetHints":{"allow":["GET"]}}],"collection":[{"href":"https:\/\/www.crto.on.ca\/fr\/wp-json\/wp\/v2\/pages"}],"about":[{"href":"https:\/\/www.crto.on.ca\/fr\/wp-json\/wp\/v2\/types\/page"}],"author":[{"embeddable":true,"href":"https:\/\/www.crto.on.ca\/fr\/wp-json\/wp\/v2\/users\/8"}],"replies":[{"embeddable":true,"href":"https:\/\/www.crto.on.ca\/fr\/wp-json\/wp\/v2\/comments?post=2356"}],"version-history":[{"count":2,"href":"https:\/\/www.crto.on.ca\/fr\/wp-json\/wp\/v2\/pages\/2356\/revisions"}],"predecessor-version":[{"id":4108,"href":"https:\/\/www.crto.on.ca\/fr\/wp-json\/wp\/v2\/pages\/2356\/revisions\/4108"}],"up":[{"embeddable":true,"href":"https:\/\/www.crto.on.ca\/fr\/wp-json\/wp\/v2\/pages\/2352"}],"wp:attachment":[{"href":"https:\/\/www.crto.on.ca\/fr\/wp-json\/wp\/v2\/media?parent=2356"}],"curies":[{"name":"wp","href":"https:\/\/api.w.org\/{rel}","templated":true}]}}