{"id":2358,"date":"2013-10-22T01:54:25","date_gmt":"2013-10-22T05:54:25","guid":{"rendered":"http:\/\/www.crto.on.ca\/?page_id=2358"},"modified":"2018-05-15T23:09:11","modified_gmt":"2018-05-16T03:09:11","slug":"croissance","status":"publish","type":"page","link":"https:\/\/www.crto.on.ca\/fr\/members\/perfectionnement-professionnel\/croissance\/","title":{"rendered":"GROW"},"content":{"rendered":"<p style=\"padding: 0; margin: 0;\"><a href=\"https:\/\/www.crto.on.ca\/wp-content\/uploads\/2013\/06\/GROW-Edited_FR.jpg\"><img decoding=\"async\" class=\"alignnone wp-image-3781 \" src=\"https:\/\/www.crto.on.ca\/wp-content\/uploads\/2013\/06\/GROW-Edited_FR-300x119.jpg\" alt=\"GROW-Edited_FR\" width=\"318\" height=\"126\" srcset=\"https:\/\/www.crto.on.ca\/wp-content\/uploads\/2013\/06\/GROW-Edited_FR-300x119.jpg 300w, https:\/\/www.crto.on.ca\/wp-content\/uploads\/2013\/06\/GROW-Edited_FR-1024x408.jpg 1024w, https:\/\/www.crto.on.ca\/wp-content\/uploads\/2013\/06\/GROW-Edited_FR.jpg 1200w\" sizes=\"(max-width: 318px) 100vw, 318px\" \/><\/a><\/p>\r\n<p>Les besoins des patients de demain seront diff\u00e9rents de ceux des patients d\u2019aujourd\u2019hui. Comme les soins de sant\u00e9 \u00e9voluent et changent, les r\u00f4les traditionnels des th\u00e9rapeutes respiratoires et la fa\u00e7on dont ils fournissent des soins doivent aussi changer. La meilleure fa\u00e7on de s\u2019y pr\u00e9parer est d\u2019identifier les comp\u00e9tences n\u00e9cessaires, de reconna\u00eetre les possibilit\u00e9s et d\u2019accepter de nouveaux r\u00f4les au sein de la profession. Il est essentiel de poss\u00e9der de bonnes connaissances cliniques, mais il existe aussi de nombreuses comp\u00e9tences et activit\u00e9s qui d\u00e9finissent le th\u00e9rapeute respiratoire complet.<\/p>\r\n<p>En tant que professionnels, les th\u00e9rapeutes respiratoires ne cessent d\u2019acqu\u00e9rir de nouvelles connaissances pouvant contribuer \u00e0 la pens\u00e9e critique et \u00e0 l\u2019expansion des comp\u00e9tences. Il est important de collaborer avec d\u2019autres professionnels et d\u2019apprendre le r\u00f4le de leader pour assurer une gestion et une promotion du changement de fa\u00e7on positive. La communication efficace est essentielle pour les th\u00e9rapeutes respiratoires qui travaillent avec des coll\u00e8gues et avec des patients. Les soins de sant\u00e9 sont complexes et les th\u00e9rapeutes respiratoires doivent progresser afin de continuer \u00e0 r\u00e9pondre aux besoins en \u00e9volution des patients.<\/p>\r\n<p>L\u2019Ordre des th\u00e9rapeutes respiratoires de l\u2019Ontario est fier de pr\u00e9senter ce cadre de perfectionnement professionnel destin\u00e9 aux th\u00e9rapeutes respiratoires.<\/p>\r\n<p>Ce cadre se compose de plusieurs r\u00f4les mettant en lumi\u00e8re les habilit\u00e9s diverses de la profession. Ces aspects de croissance potentielle d\u00e9passent les connaissances cliniques dans les domaines de l\u2019\u00e9ducation, du leadership et de l\u2019innovation.<\/p>\r\n<p><strong>Veuillez cliquer sur les domaines ci-dessous pour vous renseigner sur les ressources.<\/strong><\/p>\r\n<p><img decoding=\"async\" class=\"alignnone size-full wp-image-1402\" src=\"https:\/\/www.crto.on.ca\/wp-content\/uploads\/2013\/10\/CRTO-Grow-Wheel-2014_FR.jpg\" alt=\"grow\" usemap=\"#Map\" width=\"470\" height=\"480\" \/><\/p>\r\n<p>\r\n<map id=\"Map\" name=\"Map\"> \r\n\r\n\r\n<area class=\"fancybox\" title=\"D\u00e9fenseur de la sant\u00e9\" alt=\"D\u00e9fenseur de la sant\u00e9\" coords=\"169,173,70,74,84,60,99,49,115,40,131,29,149,22,165,16,184,11,205,8,220,6,235,6,233,146,213,149,197,154,183,163\" shape=\"poly\" href=\"https:\/\/www.crto.on.ca\/wp-content\/uploads\/2013\/06\/GROW-Health-Ad_FR.jpg\" rel=\"grow\" data-title-id=\"caption-8\" \/>\r\n \r\n\r\n\r\n<area class=\"fancybox\" title=\"Clinicien\" alt=\"Clinicien\" coords=\"235,147,244,147,253,149,263,152,272,156,281,161,289,167,297,173,398,74,376,54,357,40,337,29,317,21,298,15,278,9,259,7,234,6\" shape=\"poly\" href=\"https:\/\/www.crto.on.ca\/wp-content\/uploads\/2013\/06\/GROW-Clinician_FR.jpg\" rel=\"grow\" data-title-id=\"caption-1\" \/>\r\n \r\n\r\n\r\n<area class=\"fancybox\" title=\"\u00c9ducateur\" alt=\"\u00c9ducateur\" coords=\"300,175,310,185,317,198,324,213,325,227,327,238,462,237,466,234,465,208,460,185,455,165,449,147,442,128,432,113,419,95,408,83,401,74\" shape=\"poly\" href=\"https:\/\/www.crto.on.ca\/wp-content\/uploads\/2013\/06\/GROW-Educator_FR.jpg\" rel=\"grow\" data-title-id=\"caption-2\" \/>\r\n \r\n\r\n\r\n<area class=\"fancybox\" title=\"Communicateur\" alt=\"Communicateur\" coords=\"327,239,462,238,467,244,465,270,459,299,448,329,434,358,419,382,401,403,302,303,312,287,323,265\" shape=\"poly\" href=\"https:\/\/www.crto.on.ca\/wp-content\/uploads\/2013\/06\/GROW-Communicator_FR.jpg\" rel=\"grow\" data-title-id=\"caption-3\" \/>\r\n \r\n\r\n\r\n<area class=\"fancybox\" title=\"Innovateur\" alt=\"Innovateur\" coords=\"300,303,399,404,380,419,361,434,341,444,321,456,297,462,272,468,253,470,236,472,235,329,254,329,272,323,286,314\" shape=\"poly\" href=\"https:\/\/www.crto.on.ca\/wp-content\/uploads\/2013\/06\/GROW-Innovator_FR.jpg\" rel=\"grow\" data-title-id=\"caption-4\" \/>\r\n \r\n\r\n\r\n<area class=\"fancybox\" title=\"Navigateur du syst\u00e8me de sant\u00e9\" alt=\"Navigateur du syst\u00e8me de sant\u00e9\" coords=\"233,330,235,472,210,470,189,467,166,461,148,455,129,446,112,437,97,428,82,416,72,404,171,305,187,317,210,326\" shape=\"poly\" href=\"https:\/\/www.crto.on.ca\/wp-content\/uploads\/2013\/06\/GROW-HSN_FR.jpg\" rel=\"grow\" data-title-id=\"caption-5\" \/>\r\n \r\n\r\n\r\n<area class=\"fancybox\" title=\"Collaborateur\" alt=\"Collaborateur\" coords=\"170,303,70,403,58,391,45,376,37,363,29,352,23,337,16,322,10,305,7,289,3,271,1,252,2,240,141,239,145,263,153,284\" shape=\"poly\" href=\"https:\/\/www.crto.on.ca\/wp-content\/uploads\/2013\/06\/GROW-Collaborator_FR.jpg\" rel=\"grow\" data-title-id=\"caption-6\" \/>\r\n \r\n\r\n\r\n<area class=\"fancybox\" title=\"Leader\" alt=\"Leader\" coords=\"143,238,1,237,3,218,5,198,10,180,14,161,22,145,30,128,37,114,47,102,57,88,70,75,168,175,158,185,150,203,145,216\" shape=\"poly\" href=\"https:\/\/www.crto.on.ca\/wp-content\/uploads\/2013\/06\/GROW-Leader_FR.jpg\" rel=\"grow\" data-title-id=\"caption-7\" \/>\r\n <\/map>\r\n<\/p>\r\n<div id=\"caption-1\" class=\"hidden\">\r\n<h2>Clinicien<\/h2>\r\n<p>Un clinicien a recours \u00e0 des m\u00e9thodes bas\u00e9es sur les preuves pour \u00e9valuer l\u2019efficacit\u00e9 et les r\u00e9sultats obtenus gr\u00e2ce aux fa\u00e7ons de faire actuelles et nouvelles. Il poursuit sa formation professionnelle et int\u00e8gre les nouvelles connaissances dans sa pratique.<\/p>\r\n<p>Pour vous renseigner et consulter les ressources sur le clinicien, <a title=\"Clinician Resources FR\" href=\"https:\/\/www.crto.on.ca\/pdf\/fr\/GROW\/Clinician.pdf\" target=\"_blank\" rel=\"noopener\">cliquez ici<\/a>.<\/p>\r\n<\/div>\r\n<div id=\"caption-2\" class=\"hidden\">\r\n<h2>\u00c9ducateur<\/h2>\r\n<p>L\u2019\u00e9ducateur s\u2019engage \u00e0 aider les autres \u00e0 apprendre. Il part de sa compr\u00e9hension des principes p\u00e9dagogiques actuels pour transmettre efficacement les connaissances. Il appuie et facilite l\u2019apprentissage \u00e0 tous les niveaux, qu\u2019il s\u2019agisse des \u00e9tudiants, de ses coll\u00e8gues, de ses patients et de leur famille.<\/p>\r\n<p>Pour vous renseigner et consulter les ressources sur l\u2019\u00e9ducateur, <a title=\"Educator Resources FR\" href=\"https:\/\/www.crto.on.ca\/pdf\/fr\/GROW\/Educator.pdf\" target=\"_blank\" rel=\"noopener\">cliquez ici<\/a>.<\/p>\r\n<\/div>\r\n<div id=\"caption-3\" class=\"hidden\">\r\n<h2>Communicateur<\/h2>\r\n<p>Le communicateur peut exprimer l\u2019information de fa\u00e7on claire et concise tout en respectant l\u2019aspect culturel. Il poss\u00e8de d\u2019excellentes capacit\u00e9s d\u2019\u00e9coute et d\u2019expression \u00e9crite. Conna\u00eetre son style de communication est essentiel \u00e0 comprendre dans quelle mesure les autres re\u00e7oivent l\u2019information fournie.<\/p>\r\n<p>Pour vous renseigner et consulter les ressources sur le communicateur, <a title=\"Communicator Resources FR\" href=\"https:\/\/www.crto.on.ca\/pdf\/fr\/GROW\/Communicator.pdf\" target=\"_blank\" rel=\"noopener\">cliquez ici<\/a>.<\/p>\r\n<\/div>\r\n<div id=\"caption-4\" class=\"hidden\">\r\n<h2>Innovateur<\/h2>\r\n<p>L\u2019innovateur voit les occasions que les autres ne voient pas. Il est un penseur critique qui conna\u00eet les questions naissantes et qui se sert de la recherche et des m\u00e9thodes bas\u00e9es sur les preuves pour cr\u00e9er de nouvelles connaissances et mettre au point de nouvelles solutions. L\u2019innovateur trouve constamment des choses \u00e0 rehausser et donne beaucoup d\u2019importance \u00e0 l\u2019am\u00e9lioration de la qualit\u00e9 des soins.<\/p>\r\n<p>Pour vous renseigner et consulter les ressources sur l\u2019innovateur, <a title=\"Innovator Resources FR\" href=\"https:\/\/www.crto.on.ca\/pdf\/fr\/GROW\/Innovator.pdf\" target=\"_blank\" rel=\"noopener\">cliquez ici<\/a>.<\/p>\r\n<\/div>\r\n<div id=\"caption-5\" class=\"hidden\">\r\n<h2>Navigateur du syst\u00e8me de sant\u00e9<\/h2>\r\n<p>Le navigateur du syst\u00e8me de sant\u00e9 conna\u00eet le syst\u00e8me de sant\u00e9 dans son ensemble, ce qui lui permet d\u2019avoir une vue g\u00e9n\u00e9rale. Il per\u00e7oit les choses d\u2019un point de vue local et d\u2019ensemble et peut r\u00e9agir aux changements au fur et \u00e0 mesure. Il comprend l\u2019\u00e9conomie des soins de sant\u00e9 et est conscient de l\u2019interrelation des diff\u00e9rents aspects du syst\u00e8me de soins de sant\u00e9.<\/p>\r\n<p>Pour vous renseigner et consulter les ressources sur le navigateur du syst\u00e8me de sant\u00e9, <a title=\"Health Systems Navigator Resources FR\" href=\"https:\/\/www.crto.on.ca\/pdf\/fr\/GROW\/Health_System_Navigator.pdf\" target=\"_blank\" rel=\"noopener\">cliquez ici<\/a>.<\/p>\r\n<\/div>\r\n<div id=\"caption-6\" class=\"hidden\">\r\n<h2>Collaborateur<\/h2>\r\n<p>Le collaborateur participe \u00e0 la collaboration interprofessionnelle et en fait la promotion. Il donne une tr\u00e8s grande importance \u00e0 la contribution des autres professionnels et cherche \u00e0 obtenir la participation de ses coll\u00e8gues et la collaboration des autres afin de fournir les meilleurs soins aux patients.<\/p>\r\n<p>Pour vous renseigner et consulter les ressources sur le collaborateur, <a title=\"Collaborator Resources FR\" href=\"https:\/\/www.crto.on.ca\/pdf\/fr\/GROW\/Collaborator.pdf\" target=\"_blank\" rel=\"noopener\">cliquez ici<\/a>.<\/p>\r\n<\/div>\r\n<div id=\"caption-7\" class=\"hidden\">\r\n<h2>Leader<\/h2>\r\n<p>Le leader favorise le comportement moral en donnant l\u2019exemple. Il est un penseur strat\u00e9gique qui ex\u00e9cute et m\u00e8ne \u00e0 bien les nouvelles initiatives. Le leader cherche constamment des possibilit\u00e9s d\u2019am\u00e9lioration et agit de fa\u00e7on \u00e0 susciter le changement. Il favorise la formation de l\u2019esprit d\u2019\u00e9quipe et comprend que le leadership se produit \u00e0 tous les niveaux professionnels du syst\u00e8me de soins de sant\u00e9.<\/p>\r\n<p>Pour vous renseigner et consulter les ressources sur le leader, <a title=\"Leader Resources FR\" href=\"https:\/\/www.crto.on.ca\/pdf\/fr\/GROW\/Leader.pdf\" target=\"_blank\" rel=\"noopener\">cliquez ici<\/a>.<\/p>\r\n<\/div>\r\n<div id=\"caption-8\" class=\"hidden\">\r\n<h2>D\u00e9fenseur de la sant\u00e9<\/h2>\r\n<p>Le d\u00e9fenseur de la sant\u00e9 fait la promotion des soins ax\u00e9s sur le patient et sur l\u2019\u00e9ducation des patients et il soutient les int\u00e9r\u00eats des patients et de leur famille. Il fait la promotion de la sant\u00e9 et du bien-\u00eatre li\u00e9s \u00e0 la respiration et offre des renseignements afin d\u2019am\u00e9liorer la qualit\u00e9 de vie de ses patients. Le d\u00e9fenseur de la sant\u00e9 facilite l\u2019acc\u00e8s aux services et soutient les soins pr\u00e9ventifs.<\/p>\r\n<p>Pour vous renseigner et consulter les ressources sur le d\u00e9fenseur des soins de sant\u00e9, <a title=\"Health Advocate Resources FR\" href=\"https:\/\/www.crto.on.ca\/pdf\/fr\/GROW\/Health_Advocate.pdf\" target=\"_blank\" rel=\"noopener\">cliquez ici<\/a>.<\/p>\r\n<\/div>\r\n<hr \/>\r\n<p>Pour consulter et imprimer l\u2019affiche et la brochure de GROW, cliquez ci-dessous.<\/p>\r\n<div>\r\n<table id=\"ctl00_mainContent_ctl05_gvLinkList\" border=\"0\" cellspacing=\"0\">\r\n<tbody>\r\n<tr>\r\n<th scope=\"col\">\u00a0<\/th>\r\n<\/tr>\r\n<tr>\r\n<td>\r\n<div><a href=\"https:\/\/www.crto.on.ca\/pdf\/fr\/GROW\/CRTO-Grow-Brochure-Final_fr.pdf\" target=\"_blank\" rel=\"noopener\">Brochure GROW<\/a><\/div>\r\n<\/td>\r\n<\/tr>\r\n<tr>\r\n<td>\r\n<div><a href=\"https:\/\/www.crto.on.ca\/pdf\/fr\/GROW\/CRTO-Poster-Final_FR.jpg\" target=\"_blank\" rel=\"noopener\">Affiche GROW<\/a><\/div>\r\n<div>\u00a0<\/div>\r\n<\/td>\r\n<\/tr>\r\n<\/tbody>\r\n<\/table>\r\n<\/div>","protected":false},"excerpt":{"rendered":"<p>Les besoins des patients de demain seront diff\u00e9rents de ceux des patients d\u2019aujourd\u2019hui. Comme les soins de sant\u00e9 \u00e9voluent et changent, les r\u00f4les traditionnels des th\u00e9rapeutes respiratoires et la fa\u00e7on dont ils fournissent des soins doivent aussi changer. La meilleure fa\u00e7on de s\u2019y pr\u00e9parer est d\u2019identifier les comp\u00e9tences n\u00e9cessaires, de reconna\u00eetre les possibilit\u00e9s et d\u2019accepter [&hellip;]<\/p>\n","protected":false},"author":8,"featured_media":0,"parent":2352,"menu_order":0,"comment_status":"closed","ping_status":"closed","template":"page-members.php","meta":{"footnotes":""},"class_list":["post-2358","page","type-page","status-publish","hentry"],"yoast_head":"<!-- This site is optimized with the Yoast SEO plugin v27.3 - https:\/\/yoast.com\/product\/yoast-seo-wordpress\/ -->\n<title>GROW - CRTO<\/title>\n<meta name=\"robots\" content=\"index, follow, max-snippet:-1, max-image-preview:large, max-video-preview:-1\" \/>\n<link rel=\"canonical\" href=\"https:\/\/www.crto.on.ca\/fr\/members\/perfectionnement-professionnel\/croissance\/\" \/>\n<meta name=\"twitter:label1\" content=\"Dur\u00e9e de lecture estim\u00e9e\" \/>\n\t<meta name=\"twitter:data1\" content=\"5 minutes\" \/>\n<script type=\"application\/ld+json\" class=\"yoast-schema-graph\">{\"@context\":\"https:\\\/\\\/schema.org\",\"@graph\":[{\"@type\":\"WebPage\",\"@id\":\"https:\\\/\\\/www.crto.on.ca\\\/fr\\\/members\\\/perfectionnement-professionnel\\\/croissance\\\/\",\"url\":\"https:\\\/\\\/www.crto.on.ca\\\/fr\\\/members\\\/perfectionnement-professionnel\\\/croissance\\\/\",\"name\":\"GROW - CRTO\",\"isPartOf\":{\"@id\":\"https:\\\/\\\/www.crto.on.ca\\\/#website\"},\"primaryImageOfPage\":{\"@id\":\"https:\\\/\\\/www.crto.on.ca\\\/fr\\\/members\\\/perfectionnement-professionnel\\\/croissance\\\/#primaryimage\"},\"image\":{\"@id\":\"https:\\\/\\\/www.crto.on.ca\\\/fr\\\/members\\\/perfectionnement-professionnel\\\/croissance\\\/#primaryimage\"},\"thumbnailUrl\":\"https:\\\/\\\/www.crto.on.ca\\\/wp-content\\\/uploads\\\/2013\\\/06\\\/GROW-Edited_FR-300x119.jpg\",\"datePublished\":\"2013-10-22T05:54:25+00:00\",\"dateModified\":\"2018-05-16T03:09:11+00:00\",\"breadcrumb\":{\"@id\":\"https:\\\/\\\/www.crto.on.ca\\\/fr\\\/members\\\/perfectionnement-professionnel\\\/croissance\\\/#breadcrumb\"},\"inLanguage\":\"fr-FR\",\"potentialAction\":[{\"@type\":\"ReadAction\",\"target\":[\"https:\\\/\\\/www.crto.on.ca\\\/fr\\\/members\\\/perfectionnement-professionnel\\\/croissance\\\/\"]}]},{\"@type\":\"ImageObject\",\"inLanguage\":\"fr-FR\",\"@id\":\"https:\\\/\\\/www.crto.on.ca\\\/fr\\\/members\\\/perfectionnement-professionnel\\\/croissance\\\/#primaryimage\",\"url\":\"https:\\\/\\\/www.crto.on.ca\\\/wp-content\\\/uploads\\\/2013\\\/06\\\/GROW-Edited_FR-300x119.jpg\",\"contentUrl\":\"https:\\\/\\\/www.crto.on.ca\\\/wp-content\\\/uploads\\\/2013\\\/06\\\/GROW-Edited_FR-300x119.jpg\"},{\"@type\":\"BreadcrumbList\",\"@id\":\"https:\\\/\\\/www.crto.on.ca\\\/fr\\\/members\\\/perfectionnement-professionnel\\\/croissance\\\/#breadcrumb\",\"itemListElement\":[{\"@type\":\"ListItem\",\"position\":1,\"name\":\"Home\",\"item\":\"https:\\\/\\\/www.crto.on.ca\\\/fr\\\/\"},{\"@type\":\"ListItem\",\"position\":2,\"name\":\"Membres\",\"item\":\"https:\\\/\\\/www.crto.on.ca\\\/fr\\\/members\\\/\"},{\"@type\":\"ListItem\",\"position\":3,\"name\":\"Perfectionnement professionnel\",\"item\":\"https:\\\/\\\/www.crto.on.ca\\\/fr\\\/members\\\/perfectionnement-professionnel\\\/\"},{\"@type\":\"ListItem\",\"position\":4,\"name\":\"GROW\"}]},{\"@type\":\"WebSite\",\"@id\":\"https:\\\/\\\/www.crto.on.ca\\\/#website\",\"url\":\"https:\\\/\\\/www.crto.on.ca\\\/\",\"name\":\"CRTO\",\"description\":\"\",\"potentialAction\":[{\"@type\":\"SearchAction\",\"target\":{\"@type\":\"EntryPoint\",\"urlTemplate\":\"https:\\\/\\\/www.crto.on.ca\\\/?s={search_term_string}\"},\"query-input\":{\"@type\":\"PropertyValueSpecification\",\"valueRequired\":true,\"valueName\":\"search_term_string\"}}],\"inLanguage\":\"fr-FR\"}]}<\/script>\n<!-- \/ Yoast SEO plugin. -->","yoast_head_json":{"title":"GROW - CRTO","robots":{"index":"index","follow":"follow","max-snippet":"max-snippet:-1","max-image-preview":"max-image-preview:large","max-video-preview":"max-video-preview:-1"},"canonical":"https:\/\/www.crto.on.ca\/fr\/members\/perfectionnement-professionnel\/croissance\/","twitter_misc":{"Dur\u00e9e de lecture estim\u00e9e":"5 minutes"},"schema":{"@context":"https:\/\/schema.org","@graph":[{"@type":"WebPage","@id":"https:\/\/www.crto.on.ca\/fr\/members\/perfectionnement-professionnel\/croissance\/","url":"https:\/\/www.crto.on.ca\/fr\/members\/perfectionnement-professionnel\/croissance\/","name":"GROW - CRTO","isPartOf":{"@id":"https:\/\/www.crto.on.ca\/#website"},"primaryImageOfPage":{"@id":"https:\/\/www.crto.on.ca\/fr\/members\/perfectionnement-professionnel\/croissance\/#primaryimage"},"image":{"@id":"https:\/\/www.crto.on.ca\/fr\/members\/perfectionnement-professionnel\/croissance\/#primaryimage"},"thumbnailUrl":"https:\/\/www.crto.on.ca\/wp-content\/uploads\/2013\/06\/GROW-Edited_FR-300x119.jpg","datePublished":"2013-10-22T05:54:25+00:00","dateModified":"2018-05-16T03:09:11+00:00","breadcrumb":{"@id":"https:\/\/www.crto.on.ca\/fr\/members\/perfectionnement-professionnel\/croissance\/#breadcrumb"},"inLanguage":"fr-FR","potentialAction":[{"@type":"ReadAction","target":["https:\/\/www.crto.on.ca\/fr\/members\/perfectionnement-professionnel\/croissance\/"]}]},{"@type":"ImageObject","inLanguage":"fr-FR","@id":"https:\/\/www.crto.on.ca\/fr\/members\/perfectionnement-professionnel\/croissance\/#primaryimage","url":"https:\/\/www.crto.on.ca\/wp-content\/uploads\/2013\/06\/GROW-Edited_FR-300x119.jpg","contentUrl":"https:\/\/www.crto.on.ca\/wp-content\/uploads\/2013\/06\/GROW-Edited_FR-300x119.jpg"},{"@type":"BreadcrumbList","@id":"https:\/\/www.crto.on.ca\/fr\/members\/perfectionnement-professionnel\/croissance\/#breadcrumb","itemListElement":[{"@type":"ListItem","position":1,"name":"Home","item":"https:\/\/www.crto.on.ca\/fr\/"},{"@type":"ListItem","position":2,"name":"Membres","item":"https:\/\/www.crto.on.ca\/fr\/members\/"},{"@type":"ListItem","position":3,"name":"Perfectionnement professionnel","item":"https:\/\/www.crto.on.ca\/fr\/members\/perfectionnement-professionnel\/"},{"@type":"ListItem","position":4,"name":"GROW"}]},{"@type":"WebSite","@id":"https:\/\/www.crto.on.ca\/#website","url":"https:\/\/www.crto.on.ca\/","name":"CRTO","description":"","potentialAction":[{"@type":"SearchAction","target":{"@type":"EntryPoint","urlTemplate":"https:\/\/www.crto.on.ca\/?s={search_term_string}"},"query-input":{"@type":"PropertyValueSpecification","valueRequired":true,"valueName":"search_term_string"}}],"inLanguage":"fr-FR"}]}},"_links":{"self":[{"href":"https:\/\/www.crto.on.ca\/fr\/wp-json\/wp\/v2\/pages\/2358","targetHints":{"allow":["GET"]}}],"collection":[{"href":"https:\/\/www.crto.on.ca\/fr\/wp-json\/wp\/v2\/pages"}],"about":[{"href":"https:\/\/www.crto.on.ca\/fr\/wp-json\/wp\/v2\/types\/page"}],"author":[{"embeddable":true,"href":"https:\/\/www.crto.on.ca\/fr\/wp-json\/wp\/v2\/users\/8"}],"replies":[{"embeddable":true,"href":"https:\/\/www.crto.on.ca\/fr\/wp-json\/wp\/v2\/comments?post=2358"}],"version-history":[{"count":18,"href":"https:\/\/www.crto.on.ca\/fr\/wp-json\/wp\/v2\/pages\/2358\/revisions"}],"predecessor-version":[{"id":6826,"href":"https:\/\/www.crto.on.ca\/fr\/wp-json\/wp\/v2\/pages\/2358\/revisions\/6826"}],"up":[{"embeddable":true,"href":"https:\/\/www.crto.on.ca\/fr\/wp-json\/wp\/v2\/pages\/2352"}],"wp:attachment":[{"href":"https:\/\/www.crto.on.ca\/fr\/wp-json\/wp\/v2\/media?parent=2358"}],"curies":[{"name":"wp","href":"https:\/\/api.w.org\/{rel}","templated":true}]}}