{"id":2360,"date":"2013-06-18T17:35:19","date_gmt":"2013-06-18T17:35:19","guid":{"rendered":"http:\/\/www.crto.on.ca\/?page_id=2360"},"modified":"2026-01-05T11:46:57","modified_gmt":"2026-01-05T16:46:57","slug":"being-a-professional","status":"publish","type":"page","link":"https:\/\/www.crto.on.ca\/fr\/members\/being-a-professional\/","title":{"rendered":"\u00catre un professionnel"},"content":{"rendered":"<p>Les raisons qui motivent les personnes \u00e0 exercer la profession de th\u00e9rapeute respiratoire sont aussi diverses que les praticiens eux-m\u00eames. Certains th\u00e9rapeutes respiratoires (TR) sont attir\u00e9s par un milieu de travail dynamique o\u00f9 aucune journ\u00e9e ne se ressemble. D\u2019autres appr\u00e9cient le fait de faire partie int\u00e9grante de l\u2019\u00e9quipe de soins de sant\u00e9 et d\u2019avoir l\u2019occasion de faire une diff\u00e9rence bien r\u00e9elle dans la vie de leurs patients ou clients. Les TR exercent dans une grande vari\u00e9t\u00e9 de milieux de pratique et poss\u00e8dent un ensemble de connaissances sp\u00e9cialis\u00e9es, ainsi qu\u2019un vaste \u00e9ventail de comp\u00e9tences. Toutefois, peu importe les raisons qui les ont men\u00e9s \u00e0 choisir cette profession et le milieu dans lequel ils exercent, les attentes \u00e0 l\u2019\u00e9gard d\u2019une pratique professionnelle s\u00e9curitaire, \u00e9thique et comp\u00e9tente demeurent les m\u00eames pour tous les membres du CRTO. Qu\u2019ils travaillent au chevet du patient ou dans une salle de r\u00e9union, les th\u00e9rapeutes respiratoires doivent en tout temps respecter les normes les plus \u00e9lev\u00e9es de pratique professionnelle, d\u2019\u00e9thique et de conduite.<\/p>\r\n<p>En partenariat avec ses membres et l\u2019ensemble de la communaut\u00e9 des soins de sant\u00e9, le CRTO continuera de promouvoir une pratique professionnelle optimale en mettant \u00e0 la disposition des TR divers documents d\u2019orientation et du mat\u00e9riel \u00e9ducatif. Certains, comme le document sur les Normes de pratique et les fiches d\u2019information sur la d\u00e9claration obligatoire, pr\u00e9cisent les exigences l\u00e9gislatives et r\u00e9glementaires en mati\u00e8re de pratique. D\u2019autres, tels que le document <em data-start=\"1701\" data-end=\"1744\">Un engagement envers une pratique \u00e9thique<\/em>, proposent un cadre permettant aux TR de composer avec les enjeux \u00e9thiques complexes fr\u00e9quemment rencontr\u00e9s dans leur pratique quotidienne. De plus, le CRTO a \u00e9labor\u00e9 plusieurs modules de formation en ligne pour soutenir les membres dans leur pratique, notamment le module <em data-start=\"2018\" data-end=\"2102\">Sensibilisation aux m\u00e9dias sociaux pour les professionnels de la sant\u00e9 r\u00e9glement\u00e9s<\/em>.<\/p>\r\n<h2>Normes de pratique professionnelle<\/h2>\r\n<div class=\"contentbox cbox-ppg\">\r\n<h1 class=\"slide\"><a href=\"https:\/\/ethics.crto.on.ca\/fr\/\">Engagement envers l\u2019exercice moral<\/a><\/h1>\r\n<\/div>\r\n<div class=\"contentbox cbox-ppg\">\r\n<h1 class=\"slide\"><a href=\"https:\/\/standards.crto.on.ca\/fr\/\">N<\/a><a href=\"https:\/\/standards.crto.on.ca\/fr\/\">ormes de pratique<\/a><\/h1>\r\n<\/div>\r\n<div class=\"contentbox cbox-ppg\">\r\n<h1 class=\"slide\"><a href=\"https:\/\/www.crto.on.ca\/fr\/members\/being-a-professional\/liability-insurance\/\">Assurance responsabilit\u00e9 civile professionnelle<\/a><\/h1>\r\n<\/div>","protected":false},"excerpt":{"rendered":"<p>Les raisons qui motivent les personnes \u00e0 exercer la profession de th\u00e9rapeute respiratoire sont aussi diverses que les praticiens eux-m\u00eames. Certains th\u00e9rapeutes respiratoires (TR) sont attir\u00e9s par un milieu de travail dynamique o\u00f9 aucune journ\u00e9e ne se ressemble. D\u2019autres appr\u00e9cient le fait de faire partie int\u00e9grante de l\u2019\u00e9quipe de soins de sant\u00e9 et d\u2019avoir l\u2019occasion [&hellip;]<\/p>\n","protected":false},"author":8,"featured_media":0,"parent":22,"menu_order":0,"comment_status":"closed","ping_status":"closed","template":"page-members.php","meta":{"footnotes":""},"class_list":["post-2360","page","type-page","status-publish","hentry"],"yoast_head":"<!-- This site is optimized with the Yoast SEO plugin v27.3 - https:\/\/yoast.com\/product\/yoast-seo-wordpress\/ -->\n<title>\u00catre un professionnel - CRTO<\/title>\n<meta name=\"robots\" content=\"index, follow, max-snippet:-1, max-image-preview:large, max-video-preview:-1\" \/>\n<link rel=\"canonical\" href=\"https:\/\/www.crto.on.ca\/fr\/members\/being-a-professional\/\" \/>\n<meta name=\"twitter:label1\" content=\"Dur\u00e9e de lecture estim\u00e9e\" \/>\n\t<meta name=\"twitter:data1\" content=\"1 minute\" \/>\n<script type=\"application\/ld+json\" class=\"yoast-schema-graph\">{\"@context\":\"https:\\\/\\\/schema.org\",\"@graph\":[{\"@type\":\"WebPage\",\"@id\":\"https:\\\/\\\/www.crto.on.ca\\\/fr\\\/members\\\/being-a-professional\\\/\",\"url\":\"https:\\\/\\\/www.crto.on.ca\\\/fr\\\/members\\\/being-a-professional\\\/\",\"name\":\"\u00catre un professionnel - CRTO\",\"isPartOf\":{\"@id\":\"https:\\\/\\\/www.crto.on.ca\\\/#website\"},\"datePublished\":\"2013-06-18T17:35:19+00:00\",\"dateModified\":\"2026-01-05T16:46:57+00:00\",\"breadcrumb\":{\"@id\":\"https:\\\/\\\/www.crto.on.ca\\\/fr\\\/members\\\/being-a-professional\\\/#breadcrumb\"},\"inLanguage\":\"fr-FR\",\"potentialAction\":[{\"@type\":\"ReadAction\",\"target\":[\"https:\\\/\\\/www.crto.on.ca\\\/fr\\\/members\\\/being-a-professional\\\/\"]}]},{\"@type\":\"BreadcrumbList\",\"@id\":\"https:\\\/\\\/www.crto.on.ca\\\/fr\\\/members\\\/being-a-professional\\\/#breadcrumb\",\"itemListElement\":[{\"@type\":\"ListItem\",\"position\":1,\"name\":\"Home\",\"item\":\"https:\\\/\\\/www.crto.on.ca\\\/fr\\\/\"},{\"@type\":\"ListItem\",\"position\":2,\"name\":\"Membres\",\"item\":\"https:\\\/\\\/www.crto.on.ca\\\/fr\\\/members\\\/\"},{\"@type\":\"ListItem\",\"position\":3,\"name\":\"\u00catre un professionnel\"}]},{\"@type\":\"WebSite\",\"@id\":\"https:\\\/\\\/www.crto.on.ca\\\/#website\",\"url\":\"https:\\\/\\\/www.crto.on.ca\\\/\",\"name\":\"CRTO\",\"description\":\"\",\"potentialAction\":[{\"@type\":\"SearchAction\",\"target\":{\"@type\":\"EntryPoint\",\"urlTemplate\":\"https:\\\/\\\/www.crto.on.ca\\\/?s={search_term_string}\"},\"query-input\":{\"@type\":\"PropertyValueSpecification\",\"valueRequired\":true,\"valueName\":\"search_term_string\"}}],\"inLanguage\":\"fr-FR\"}]}<\/script>\n<!-- \/ Yoast SEO plugin. -->","yoast_head_json":{"title":"\u00catre un professionnel - CRTO","robots":{"index":"index","follow":"follow","max-snippet":"max-snippet:-1","max-image-preview":"max-image-preview:large","max-video-preview":"max-video-preview:-1"},"canonical":"https:\/\/www.crto.on.ca\/fr\/members\/being-a-professional\/","twitter_misc":{"Dur\u00e9e de lecture estim\u00e9e":"1 minute"},"schema":{"@context":"https:\/\/schema.org","@graph":[{"@type":"WebPage","@id":"https:\/\/www.crto.on.ca\/fr\/members\/being-a-professional\/","url":"https:\/\/www.crto.on.ca\/fr\/members\/being-a-professional\/","name":"\u00catre un professionnel - CRTO","isPartOf":{"@id":"https:\/\/www.crto.on.ca\/#website"},"datePublished":"2013-06-18T17:35:19+00:00","dateModified":"2026-01-05T16:46:57+00:00","breadcrumb":{"@id":"https:\/\/www.crto.on.ca\/fr\/members\/being-a-professional\/#breadcrumb"},"inLanguage":"fr-FR","potentialAction":[{"@type":"ReadAction","target":["https:\/\/www.crto.on.ca\/fr\/members\/being-a-professional\/"]}]},{"@type":"BreadcrumbList","@id":"https:\/\/www.crto.on.ca\/fr\/members\/being-a-professional\/#breadcrumb","itemListElement":[{"@type":"ListItem","position":1,"name":"Home","item":"https:\/\/www.crto.on.ca\/fr\/"},{"@type":"ListItem","position":2,"name":"Membres","item":"https:\/\/www.crto.on.ca\/fr\/members\/"},{"@type":"ListItem","position":3,"name":"\u00catre un professionnel"}]},{"@type":"WebSite","@id":"https:\/\/www.crto.on.ca\/#website","url":"https:\/\/www.crto.on.ca\/","name":"CRTO","description":"","potentialAction":[{"@type":"SearchAction","target":{"@type":"EntryPoint","urlTemplate":"https:\/\/www.crto.on.ca\/?s={search_term_string}"},"query-input":{"@type":"PropertyValueSpecification","valueRequired":true,"valueName":"search_term_string"}}],"inLanguage":"fr-FR"}]}},"_links":{"self":[{"href":"https:\/\/www.crto.on.ca\/fr\/wp-json\/wp\/v2\/pages\/2360","targetHints":{"allow":["GET"]}}],"collection":[{"href":"https:\/\/www.crto.on.ca\/fr\/wp-json\/wp\/v2\/pages"}],"about":[{"href":"https:\/\/www.crto.on.ca\/fr\/wp-json\/wp\/v2\/types\/page"}],"author":[{"embeddable":true,"href":"https:\/\/www.crto.on.ca\/fr\/wp-json\/wp\/v2\/users\/8"}],"replies":[{"embeddable":true,"href":"https:\/\/www.crto.on.ca\/fr\/wp-json\/wp\/v2\/comments?post=2360"}],"version-history":[{"count":20,"href":"https:\/\/www.crto.on.ca\/fr\/wp-json\/wp\/v2\/pages\/2360\/revisions"}],"predecessor-version":[{"id":12971,"href":"https:\/\/www.crto.on.ca\/fr\/wp-json\/wp\/v2\/pages\/2360\/revisions\/12971"}],"up":[{"embeddable":true,"href":"https:\/\/www.crto.on.ca\/fr\/wp-json\/wp\/v2\/pages\/22"}],"wp:attachment":[{"href":"https:\/\/www.crto.on.ca\/fr\/wp-json\/wp\/v2\/media?parent=2360"}],"curies":[{"name":"wp","href":"https:\/\/api.w.org\/{rel}","templated":true}]}}