{"id":2366,"date":"2013-10-22T01:56:25","date_gmt":"2013-10-22T05:56:25","guid":{"rendered":"http:\/\/www.crto.on.ca\/?page_id=2366"},"modified":"2015-07-15T22:18:45","modified_gmt":"2015-07-16T02:18:45","slug":"envoyer-un-rapport","status":"publish","type":"page","link":"https:\/\/www.crto.on.ca\/fr\/members\/being-a-professional\/envoyer-un-rapport\/","title":{"rendered":"Envoyer un rapport"},"content":{"rendered":"<p><strong>Pr\u00e9occupations au sujet d\u2019un th\u00e9rapeute respiratoire<\/strong><\/p>\r\n<p>Il est souvent trop difficile de discuter directement avec un coll\u00e8gue de son manque de satisfaction au sujet de soins fournis ou d\u2019un comportement donn\u00e9. Bien que les membres croient g\u00e9n\u00e9ralement que signaler une pr\u00e9occupation \u00e0 l\u2019OTRO peut faire perdre son permis \u00e0 un th\u00e9rapeute respiratoire, cela est peu probable. En fait, une plainte n\u2019a jamais eu ce r\u00e9sultat.<\/p>\r\n<p>Nous croyons qu\u2019agir dans l\u2019int\u00e9r\u00eat du public signifie souvent d\u2019aider les membres \u00e0 r\u00e9tablir et \u00e0 conserver les normes d\u2019exercice de la profession. Nous pouvons aider de nombreuses fa\u00e7ons. Parfois, il s\u2019agit de vous aider \u00e0 communiquer avec les th\u00e9rapeutes respiratoires. Parfois, c\u2019est plus complexe. Peu importe le processus, nous veillerons \u00e0 ce que vos pr\u00e9occupations soient trait\u00e9es avec sensibilit\u00e9. <\/p>\r\n<p>Si vous d\u00e9sirez parler avec quelqu\u2019un avant de remplir le formulaire, appelez la registraire adjointe au 1 800 261-0528 ou, dans la r\u00e9gion du Grand Toronto, 416 591-7800, poste 24. Pour faire part d\u2019une pr\u00e9occupation, veuillez remplir le formulaire suivant.<\/p>\r\n\n<div class=\"wpcf7 no-js\" id=\"wpcf7-f4055-o1\" lang=\"en-US\" dir=\"ltr\" data-wpcf7-id=\"4055\">\n<div class=\"screen-reader-response\"><p role=\"status\" aria-live=\"polite\" aria-atomic=\"true\"><\/p> <ul><\/ul><\/div>\n<form action=\"\/fr\/wp-json\/wp\/v2\/pages\/2366#wpcf7-f4055-o1\" method=\"post\" class=\"wpcf7-form init\" aria-label=\"Contact form\" novalidate=\"novalidate\" data-status=\"init\">\n<fieldset class=\"hidden-fields-container\"><input type=\"hidden\" name=\"_wpcf7\" value=\"4055\" \/><input type=\"hidden\" name=\"_wpcf7_version\" value=\"6.1.5\" \/><input type=\"hidden\" name=\"_wpcf7_locale\" value=\"en_US\" \/><input type=\"hidden\" name=\"_wpcf7_unit_tag\" value=\"wpcf7-f4055-o1\" \/><input type=\"hidden\" name=\"_wpcf7_container_post\" value=\"0\" \/><input type=\"hidden\" name=\"_wpcf7_posted_data_hash\" value=\"\" \/><input type=\"hidden\" name=\"_wpcf7_recaptcha_response\" value=\"\" \/>\n<\/fieldset>\n<h3>PERSONNE QUI FAIT PART D\u2019UNE PR\u00c9OCCUPATION :\n<\/h3>\n<p>* Renseignement obligatoire\n<\/p>\n<ul class=\"contact-wrap\">\n\t<li>\n\t\t<p>Nom de famille*<br \/>\n<span class=\"wpcf7-form-control-wrap\" data-name=\"person-lastname\"><input size=\"40\" maxlength=\"400\" class=\"wpcf7-form-control wpcf7-text wpcf7-validates-as-required\" aria-required=\"true\" aria-invalid=\"false\" value=\"\" type=\"text\" name=\"person-lastname\" \/><\/span>\n\t\t<\/p>\n\t<\/li>\n\t<li>\n\t\t<p>Pr\u00e9nom*<br \/>\n<span class=\"wpcf7-form-control-wrap\" data-name=\"person-firstname\"><input size=\"40\" maxlength=\"400\" class=\"wpcf7-form-control wpcf7-text wpcf7-validates-as-required\" aria-required=\"true\" aria-invalid=\"false\" value=\"\" type=\"text\" name=\"person-firstname\" \/><\/span>\n\t\t<\/p>\n\t<\/li>\n\t<li class=\"full\">\n\t\t<p>Adresse \u00e0 domicile*<br \/>\n<span class=\"wpcf7-form-control-wrap\" data-name=\"person-address\"><input size=\"40\" maxlength=\"400\" class=\"wpcf7-form-control wpcf7-text wpcf7-validates-as-required\" aria-required=\"true\" aria-invalid=\"false\" value=\"\" type=\"text\" name=\"person-address\" \/><\/span>\n\t\t<\/p>\n\t<\/li>\n\t<li>\n\t\t<p>Ville*<br \/>\n<span class=\"wpcf7-form-control-wrap\" data-name=\"person-city\"><input size=\"40\" maxlength=\"400\" class=\"wpcf7-form-control wpcf7-text wpcf7-validates-as-required\" aria-required=\"true\" aria-invalid=\"false\" value=\"\" type=\"text\" name=\"person-city\" \/><\/span>\n\t\t<\/p>\n\t<\/li>\n\t<li>\n\t\t<p>Province*<br \/>\n<span class=\"wpcf7-form-control-wrap\" data-name=\"person-province\"><input size=\"40\" maxlength=\"400\" class=\"wpcf7-form-control wpcf7-text wpcf7-validates-as-required\" aria-required=\"true\" aria-invalid=\"false\" value=\"\" type=\"text\" name=\"person-province\" \/><\/span>\n\t\t<\/p>\n\t<\/li>\n\t<li>\n\t\t<p>Code postal*<br \/>\n<span class=\"wpcf7-form-control-wrap\" data-name=\"person-postal\"><input size=\"40\" maxlength=\"400\" class=\"wpcf7-form-control wpcf7-text wpcf7-validates-as-required\" aria-required=\"true\" aria-invalid=\"false\" value=\"\" type=\"text\" name=\"person-postal\" \/><\/span>\n\t\t<\/p>\n\t<\/li>\n\t<li>\n\t\t<p>Pays<br \/>\n<span class=\"wpcf7-form-control-wrap\" data-name=\"person-country\"><input size=\"40\" maxlength=\"400\" class=\"wpcf7-form-control wpcf7-text\" aria-invalid=\"false\" value=\"\" type=\"text\" name=\"person-country\" \/><\/span>\n\t\t<\/p>\n\t<\/li>\n\t<li>\n\t\t<p>T\u00e9l\u00e9phone \u00e0 domicile*<br \/>\n<span class=\"wpcf7-form-control-wrap\" data-name=\"person-home-phone\"><input size=\"40\" maxlength=\"400\" class=\"wpcf7-form-control wpcf7-text wpcf7-validates-as-required\" aria-required=\"true\" aria-invalid=\"false\" value=\"\" type=\"text\" name=\"person-home-phone\" \/><\/span>\n\t\t<\/p>\n\t<\/li>\n\t<li>\n\t\t<p>T\u00e9l\u00e9phone cellulaire<br \/>\n<span class=\"wpcf7-form-control-wrap\" data-name=\"person-mobile-phone\"><input size=\"40\" maxlength=\"400\" class=\"wpcf7-form-control wpcf7-text\" aria-invalid=\"false\" value=\"\" type=\"text\" name=\"person-mobile-phone\" \/><\/span>\n\t\t<\/p>\n\t<\/li>\n\t<li class=\"full\">\n\t\t<p>Courriel*<br \/>\n<span class=\"wpcf7-form-control-wrap\" data-name=\"sender-email\"><input size=\"40\" maxlength=\"400\" class=\"wpcf7-form-control wpcf7-email wpcf7-validates-as-required wpcf7-text wpcf7-validates-as-email\" aria-required=\"true\" aria-invalid=\"false\" value=\"\" type=\"email\" name=\"sender-email\" \/><\/span>\n\t\t<\/p>\n\t<\/li>\n<\/ul>\n<h3>TH\u00c9RAPEUTE RESPIRATOIRE FAISANT L\u2019OBJET DE PR\u00c9OCCUPATION :\n<\/h3>\n<ul class=\"contact-wrap\">\n\t<li>\n\t\t<p>Nom de famille*<br \/>\n<span class=\"wpcf7-form-control-wrap\" data-name=\"therapist-lastname\"><input size=\"40\" maxlength=\"400\" class=\"wpcf7-form-control wpcf7-text wpcf7-validates-as-required\" aria-required=\"true\" aria-invalid=\"false\" value=\"\" type=\"text\" name=\"therapist-lastname\" \/><\/span>\n\t\t<\/p>\n\t<\/li>\n\t<li>\n\t\t<p>Pr\u00e9nom*<br \/>\n<span class=\"wpcf7-form-control-wrap\" data-name=\"therapist-firstname\"><input size=\"40\" maxlength=\"400\" class=\"wpcf7-form-control wpcf7-text wpcf7-validates-as-required\" aria-required=\"true\" aria-invalid=\"false\" value=\"\" type=\"text\" name=\"therapist-firstname\" \/><\/span>\n\t\t<\/p>\n\t<\/li>\n\t<li class=\"full\">\n\t\t<p>\u2022\tNum\u00e9ro d\u2019inscription \u00e0 l\u2019OTRO (si possible)<br \/>\n<span class=\"wpcf7-form-control-wrap\" data-name=\"therapist-reg\"><input size=\"40\" maxlength=\"400\" class=\"wpcf7-form-control wpcf7-text\" aria-invalid=\"false\" value=\"\" type=\"text\" name=\"therapist-reg\" \/><\/span>\n\t\t<\/p>\n\t<\/li>\n<\/ul>\n<h3>D\u00c9TAILS LI\u00c9S \u00c0 LA PR\u00c9OCCUPATION :\n<\/h3>\n<ul class=\"contact-wrap\">\n\t<li class=\"full\">\n\t\t<p><strong>O\u00f9 avez-vous vu le th\u00e9rapeute respiratoire?*<\/strong><br \/>\n<span class=\"wpcf7-form-control-wrap\" data-name=\"concerns-location\"><span class=\"wpcf7-form-control wpcf7-checkbox wpcf7-validates-as-required\"><span class=\"wpcf7-list-item first\"><input type=\"checkbox\" name=\"concerns-location[]\" value=\"H\u00f4pital\" \/><span class=\"wpcf7-list-item-label\">H\u00f4pital<\/span><\/span><span class=\"wpcf7-list-item\"><input type=\"checkbox\" name=\"concerns-location[]\" value=\"Clinique\" \/><span class=\"wpcf7-list-item-label\">Clinique<\/span><\/span><span class=\"wpcf7-list-item\"><input type=\"checkbox\" name=\"concerns-location[]\" value=\"Domicile du patient\" \/><span class=\"wpcf7-list-item-label\">Domicile du patient<\/span><\/span><span class=\"wpcf7-list-item last\"><input type=\"checkbox\" name=\"concerns-location[]\" value=\"Autre\" \/><span class=\"wpcf7-list-item-label\">Autre<\/span><\/span><\/span><\/span>\n\t\t<\/p>\n\t<\/li>\n\t<li class=\"full\">\n\t\t<p>Veuillez indiquer le nom et l\u2019adresse de l\u2019\u00e9tablissement :<br \/>\n<span class=\"wpcf7-form-control-wrap\" data-name=\"concerns-facility\"><textarea cols=\"40\" rows=\"10\" maxlength=\"2000\" class=\"wpcf7-form-control wpcf7-textarea\" aria-invalid=\"false\" name=\"concerns-facility\"><\/textarea><\/span>\n\t\t<\/p>\n\t<\/li>\n\t<li class=\"full\">\n\t\t<p><strong>Quand avez-vous vu le th\u00e9rapeute respiratoire se comporter ainsi?<\/strong>*<br \/>\n(Veuillez indiquer TOUTES les dates, si possible.)<br \/>\n<span class=\"wpcf7-form-control-wrap\" data-name=\"concerns-dates\"><textarea cols=\"40\" rows=\"10\" maxlength=\"2000\" class=\"wpcf7-form-control wpcf7-textarea wpcf7-validates-as-required\" aria-required=\"true\" aria-invalid=\"false\" name=\"concerns-dates\"><\/textarea><\/span>\n\t\t<\/p>\n\t<\/li>\n\t<li class=\"full\">\n\t\t<p><strong>Veuillez d\u00e9crire vos pr\u00e9occupations.<\/strong>*<br \/>\n<span class=\"wpcf7-form-control-wrap\" data-name=\"concerns\"><textarea cols=\"40\" rows=\"10\" maxlength=\"2000\" class=\"wpcf7-form-control wpcf7-textarea wpcf7-validates-as-required\" aria-required=\"true\" aria-invalid=\"false\" name=\"concerns\"><\/textarea><\/span>\n\t\t<\/p>\n\t<\/li>\n\t<li class=\"full\">\n\t\t<p><strong>Y avait-il des t\u00e9moins?<\/strong>*<br \/>\n<span class=\"wpcf7-form-control-wrap\" data-name=\"concerns-witness\"><span class=\"wpcf7-form-control wpcf7-checkbox wpcf7-exclusive-checkbox\"><span class=\"wpcf7-list-item first\"><input type=\"checkbox\" name=\"concerns-witness\" value=\"Oui\" \/><span class=\"wpcf7-list-item-label\">Oui<\/span><\/span><span class=\"wpcf7-list-item last\"><input type=\"checkbox\" name=\"concerns-witness\" value=\"Non\" \/><span class=\"wpcf7-list-item-label\">Non<\/span><\/span><\/span><\/span>\n\t\t<\/p>\n\t<\/li>\n\t<li class=\"full\">\n\t\t<p><strong>Quel but aimeriez-vous atteindre en nous faisant part de votre pr\u00e9occupation?<\/strong>*<br \/>\n<span class=\"wpcf7-form-control-wrap\" data-name=\"concerns-results\"><textarea cols=\"40\" rows=\"10\" maxlength=\"2000\" class=\"wpcf7-form-control wpcf7-textarea wpcf7-validates-as-required\" aria-required=\"true\" aria-invalid=\"false\" name=\"concerns-results\"><\/textarea><\/span>\n\t\t<\/p>\n\t<\/li>\n<\/ul>\n<p><span class=\"wpcf7-form-control-wrap\" data-name=\"contact_sendmail\"><span class=\"wpcf7-form-control wpcf7-checkbox\"><span class=\"wpcf7-list-item first last\"><label><input type=\"checkbox\" name=\"contact_sendmail[]\" value=\"Envoyez-moi une copie de cette soumission. Entrez une adresse \u00e9lectronique valide dans le formulaire ci-dessus.\" \/><span class=\"wpcf7-list-item-label\">Envoyez-moi une copie de cette soumission. Entrez une adresse \u00e9lectronique valide dans le formulaire ci-dessus.<\/span><\/label><\/span><\/span><\/span>\n<\/p>\n<p class=\"submit\"><input class=\"wpcf7-form-control wpcf7-submit has-spinner\" type=\"submit\" value=\"Soumettre\" \/>\n<\/p><div class=\"wpcf7-response-output\" aria-hidden=\"true\"><\/div>\n<\/form>\n<\/div>\n\r\n<p>L\u2019OTRO avisera le th\u00e9rapeute respiratoire de votre pr\u00e9occupation dans un d\u00e9lai de 14 jours apr\u00e8s l\u2019avoir re\u00e7ue. Le th\u00e9rapeute respiratoire aura la possibilit\u00e9 d\u2019y r\u00e9pondre. Si vous h\u00e9sitez \u00e0 d\u00e9poser une plainte car vous craignez les r\u00e9percussions, veuillez communiquer avec l\u2019OTRO afin de discuter de ce que nous pouvons faire pour vous aider.<\/p>\r\n<p><strong>Choses que l\u2019OTRO ne peut pas faire :<\/strong><\/p>\r\n<ul>\r\n<li>Octroyer des dommages-int\u00e9r\u00eats<\/li>\r\n<li>Traiter des plaintes ou pr\u00e9occupations touchant l\u2019\u00e9tablissement (h\u00f4pital, clinique) ou un autre professionnel de la sant\u00e9 (m\u00e9decin, membre du personnel infirmier, etc.)<\/li>\r\n<\/ul>\r\n","protected":false},"excerpt":{"rendered":"<p>Pr\u00e9occupations au sujet d\u2019un th\u00e9rapeute respiratoire Il est souvent trop difficile de discuter directement avec un coll\u00e8gue de son manque de satisfaction au sujet de soins fournis ou d\u2019un comportement donn\u00e9. Bien que les membres croient g\u00e9n\u00e9ralement que signaler une pr\u00e9occupation \u00e0 l\u2019OTRO peut faire perdre son permis \u00e0 un th\u00e9rapeute respiratoire, cela est peu [&hellip;]<\/p>\n","protected":false},"author":8,"featured_media":0,"parent":2360,"menu_order":0,"comment_status":"closed","ping_status":"closed","template":"page-members.php","meta":{"footnotes":""},"class_list":["post-2366","page","type-page","status-publish","hentry"],"yoast_head":"<!-- This site is optimized with the Yoast SEO plugin v27.4 - https:\/\/yoast.com\/product\/yoast-seo-wordpress\/ -->\n<title>Envoyer un rapport - CRTO<\/title>\n<meta name=\"robots\" content=\"index, follow, max-snippet:-1, max-image-preview:large, max-video-preview:-1\" \/>\n<link rel=\"canonical\" href=\"https:\/\/www.crto.on.ca\/fr\/members\/being-a-professional\/envoyer-un-rapport\/\" \/>\n<meta name=\"twitter:label1\" content=\"Dur\u00e9e de lecture estim\u00e9e\" \/>\n\t<meta name=\"twitter:data1\" content=\"1 minute\" \/>\n<script type=\"application\/ld+json\" class=\"yoast-schema-graph\">{\"@context\":\"https:\\\/\\\/schema.org\",\"@graph\":[{\"@type\":\"WebPage\",\"@id\":\"https:\\\/\\\/www.crto.on.ca\\\/fr\\\/members\\\/being-a-professional\\\/envoyer-un-rapport\\\/\",\"url\":\"https:\\\/\\\/www.crto.on.ca\\\/fr\\\/members\\\/being-a-professional\\\/envoyer-un-rapport\\\/\",\"name\":\"Envoyer un rapport - CRTO\",\"isPartOf\":{\"@id\":\"https:\\\/\\\/www.crto.on.ca\\\/#website\"},\"datePublished\":\"2013-10-22T05:56:25+00:00\",\"dateModified\":\"2015-07-16T02:18:45+00:00\",\"breadcrumb\":{\"@id\":\"https:\\\/\\\/www.crto.on.ca\\\/fr\\\/members\\\/being-a-professional\\\/envoyer-un-rapport\\\/#breadcrumb\"},\"inLanguage\":\"fr-FR\",\"potentialAction\":[{\"@type\":\"ReadAction\",\"target\":[\"https:\\\/\\\/www.crto.on.ca\\\/fr\\\/members\\\/being-a-professional\\\/envoyer-un-rapport\\\/\"]}]},{\"@type\":\"BreadcrumbList\",\"@id\":\"https:\\\/\\\/www.crto.on.ca\\\/fr\\\/members\\\/being-a-professional\\\/envoyer-un-rapport\\\/#breadcrumb\",\"itemListElement\":[{\"@type\":\"ListItem\",\"position\":1,\"name\":\"Home\",\"item\":\"https:\\\/\\\/www.crto.on.ca\\\/fr\\\/\"},{\"@type\":\"ListItem\",\"position\":2,\"name\":\"Membres\",\"item\":\"https:\\\/\\\/www.crto.on.ca\\\/fr\\\/members\\\/\"},{\"@type\":\"ListItem\",\"position\":3,\"name\":\"\u00catre un professionnel\",\"item\":\"https:\\\/\\\/www.crto.on.ca\\\/fr\\\/members\\\/being-a-professional\\\/\"},{\"@type\":\"ListItem\",\"position\":4,\"name\":\"Envoyer un rapport\"}]},{\"@type\":\"WebSite\",\"@id\":\"https:\\\/\\\/www.crto.on.ca\\\/#website\",\"url\":\"https:\\\/\\\/www.crto.on.ca\\\/\",\"name\":\"CRTO\",\"description\":\"\",\"potentialAction\":[{\"@type\":\"SearchAction\",\"target\":{\"@type\":\"EntryPoint\",\"urlTemplate\":\"https:\\\/\\\/www.crto.on.ca\\\/?s={search_term_string}\"},\"query-input\":{\"@type\":\"PropertyValueSpecification\",\"valueRequired\":true,\"valueName\":\"search_term_string\"}}],\"inLanguage\":\"fr-FR\"}]}<\/script>\n<!-- \/ Yoast SEO plugin. -->","yoast_head_json":{"title":"Envoyer un rapport - CRTO","robots":{"index":"index","follow":"follow","max-snippet":"max-snippet:-1","max-image-preview":"max-image-preview:large","max-video-preview":"max-video-preview:-1"},"canonical":"https:\/\/www.crto.on.ca\/fr\/members\/being-a-professional\/envoyer-un-rapport\/","twitter_misc":{"Dur\u00e9e de lecture estim\u00e9e":"1 minute"},"schema":{"@context":"https:\/\/schema.org","@graph":[{"@type":"WebPage","@id":"https:\/\/www.crto.on.ca\/fr\/members\/being-a-professional\/envoyer-un-rapport\/","url":"https:\/\/www.crto.on.ca\/fr\/members\/being-a-professional\/envoyer-un-rapport\/","name":"Envoyer un rapport - CRTO","isPartOf":{"@id":"https:\/\/www.crto.on.ca\/#website"},"datePublished":"2013-10-22T05:56:25+00:00","dateModified":"2015-07-16T02:18:45+00:00","breadcrumb":{"@id":"https:\/\/www.crto.on.ca\/fr\/members\/being-a-professional\/envoyer-un-rapport\/#breadcrumb"},"inLanguage":"fr-FR","potentialAction":[{"@type":"ReadAction","target":["https:\/\/www.crto.on.ca\/fr\/members\/being-a-professional\/envoyer-un-rapport\/"]}]},{"@type":"BreadcrumbList","@id":"https:\/\/www.crto.on.ca\/fr\/members\/being-a-professional\/envoyer-un-rapport\/#breadcrumb","itemListElement":[{"@type":"ListItem","position":1,"name":"Home","item":"https:\/\/www.crto.on.ca\/fr\/"},{"@type":"ListItem","position":2,"name":"Membres","item":"https:\/\/www.crto.on.ca\/fr\/members\/"},{"@type":"ListItem","position":3,"name":"\u00catre un professionnel","item":"https:\/\/www.crto.on.ca\/fr\/members\/being-a-professional\/"},{"@type":"ListItem","position":4,"name":"Envoyer un rapport"}]},{"@type":"WebSite","@id":"https:\/\/www.crto.on.ca\/#website","url":"https:\/\/www.crto.on.ca\/","name":"CRTO","description":"","potentialAction":[{"@type":"SearchAction","target":{"@type":"EntryPoint","urlTemplate":"https:\/\/www.crto.on.ca\/?s={search_term_string}"},"query-input":{"@type":"PropertyValueSpecification","valueRequired":true,"valueName":"search_term_string"}}],"inLanguage":"fr-FR"}]}},"_links":{"self":[{"href":"https:\/\/www.crto.on.ca\/fr\/wp-json\/wp\/v2\/pages\/2366","targetHints":{"allow":["GET"]}}],"collection":[{"href":"https:\/\/www.crto.on.ca\/fr\/wp-json\/wp\/v2\/pages"}],"about":[{"href":"https:\/\/www.crto.on.ca\/fr\/wp-json\/wp\/v2\/types\/page"}],"author":[{"embeddable":true,"href":"https:\/\/www.crto.on.ca\/fr\/wp-json\/wp\/v2\/users\/8"}],"replies":[{"embeddable":true,"href":"https:\/\/www.crto.on.ca\/fr\/wp-json\/wp\/v2\/comments?post=2366"}],"version-history":[{"count":3,"href":"https:\/\/www.crto.on.ca\/fr\/wp-json\/wp\/v2\/pages\/2366\/revisions"}],"predecessor-version":[{"id":4056,"href":"https:\/\/www.crto.on.ca\/fr\/wp-json\/wp\/v2\/pages\/2366\/revisions\/4056"}],"up":[{"embeddable":true,"href":"https:\/\/www.crto.on.ca\/fr\/wp-json\/wp\/v2\/pages\/2360"}],"wp:attachment":[{"href":"https:\/\/www.crto.on.ca\/fr\/wp-json\/wp\/v2\/media?parent=2366"}],"curies":[{"name":"wp","href":"https:\/\/api.w.org\/{rel}","templated":true}]}}