{"id":2370,"date":"2013-06-18T17:35:39","date_gmt":"2013-06-18T17:35:39","guid":{"rendered":"http:\/\/www.crto.on.ca\/?page_id=2370"},"modified":"2024-08-19T13:44:46","modified_gmt":"2024-08-19T17:44:46","slug":"about-your-certificate-of-registration","status":"publish","type":"page","link":"https:\/\/www.crto.on.ca\/fr\/members\/about-your-certificate-of-registration\/","title":{"rendered":"Au sujet de votre certificat d\u2019inscription"},"content":{"rendered":"<p>Tous les membres de l\u2019OTRO re\u00e7oivent un \u00ab certificat d\u2019inscription \u00bb. Le certificat d\u2019un membre peut \u00eatre d\u00e9livr\u00e9 dans les cat\u00e9gories G\u00e9n\u00e9ral, Dipl\u00f4m\u00e9, Limit\u00e9 (auxiliaire), Inactif et d\u2019Urgence. Tous les membres de l\u2019OTRO sont des \u00ab th\u00e9rapeutes respiratoires \u00bb, peu importe la cat\u00e9gorie de leur certificat d\u2019inscription.<\/p>\r\n<div class=\"contentbox cbox-ppg\">\r\n<h1 class=\"slide\"><a href=\"https:\/\/www.crto.on.ca\/fr\/membres\/about-your-certificate-of-registration\/renewal\/\">Renouvellement annuel de l\u2019inscription<\/a><\/h1>\r\n<\/div>\r\n<div class=\"contentbox cbox-ppg\">\r\n<h1 class=\"slide\"><a href=\"https:\/\/www.crto.on.ca\/fr\/membres\/about-your-certificate-of-registration\/grts\/\">Certificat de membre dipl\u00f4m\u00e9 (GRT)<\/a><\/h1>\r\n<\/div>\r\n<div class=\"contentbox cbox-ppg\">\r\n<h1 class=\"slide\"><a href=\"https:\/\/www.crto.on.ca\/fr\/membres\/about-your-certificate-of-registration\/inactive\/\">Certificat de membre inactif<\/a><\/h1>\r\n<\/div>\r\n<div class=\"contentbox cbox-ppg\">\r\n<h1 class=\"slide\"><a href=\"https:\/\/www.crto.on.ca\/fr\/membres\/about-your-certificate-of-registration\/terms-conditions-and-liabilities\/\">Modalit\u00e9s et restrictions<\/a><\/h1>\r\n<\/div>\r\n<div class=\"contentbox cbox-ppg\">\r\n<h1 class=\"slide\"><a href=\"https:\/\/www.crto.on.ca\/fr\/members\/about-your-certificate-of-registration\/resignation-suspension-revocation\/\">D\u00e9mission, suspension et r\u00e9vocation<\/a><\/h1>\r\n<\/div>\r\n<div class=\"contentbox cbox-ppg\">\r\n<h1 class=\"slide\"><a href=\"https:\/\/www.crto.on.ca\/members\/about-your-certificate-of-registration\/certificate-authorization-health-profession-corporations\/\">Certificat d\u2019autorisation pour les soci\u00e9t\u00e9s de professions de sant\u00e9<\/a><\/h1>\r\n<\/div>\r\n<div class=\"contentbox cbox-ppg\">\r\n<h1 class=\"slide\"><a title=\"Change of Information\" href=\"https:\/\/www.crto.on.ca\/fr\/membres\/about-your-certificate-of-registration\/information-update\/\">Changement de renseignements<\/a><\/h1>\r\n<\/div>\r\n<div class=\"contentbox cbox-ppg\">\r\n<h1 class=\"slide\"><a title=\"href=\" href=\"https:\/\/www.crto.on.ca\/fr\/members\/about-your-certificate-of-registration\/declaration-daptitude-professionnelle\/\">D\u00e9claration d\u2019aptitude professionnelle<\/a><\/h1>\r\n<\/div>","protected":false},"excerpt":{"rendered":"<p>Tous les membres de l\u2019OTRO re\u00e7oivent un \u00ab certificat d\u2019inscription \u00bb. Le certificat d\u2019un membre peut \u00eatre d\u00e9livr\u00e9 dans les cat\u00e9gories G\u00e9n\u00e9ral, Dipl\u00f4m\u00e9, Limit\u00e9 (auxiliaire), Inactif et d\u2019Urgence. Tous les membres de l\u2019OTRO sont des \u00ab th\u00e9rapeutes respiratoires \u00bb, peu importe la cat\u00e9gorie de leur certificat d\u2019inscription. Renouvellement annuel de l\u2019inscription Certificat de membre dipl\u00f4m\u00e9 [&hellip;]<\/p>\n","protected":false},"author":8,"featured_media":0,"parent":22,"menu_order":0,"comment_status":"closed","ping_status":"closed","template":"page-members.php","meta":{"footnotes":""},"class_list":["post-2370","page","type-page","status-publish","hentry"],"yoast_head":"<!-- This site is optimized with the Yoast SEO plugin v27.3 - https:\/\/yoast.com\/product\/yoast-seo-wordpress\/ -->\n<title>Au sujet de votre certificat d\u2019inscription - CRTO<\/title>\n<meta name=\"robots\" content=\"index, follow, max-snippet:-1, max-image-preview:large, max-video-preview:-1\" \/>\n<link rel=\"canonical\" href=\"https:\/\/www.crto.on.ca\/fr\/members\/about-your-certificate-of-registration\/\" \/>\n<meta name=\"twitter:label1\" content=\"Dur\u00e9e de lecture estim\u00e9e\" \/>\n\t<meta name=\"twitter:data1\" content=\"1 minute\" \/>\n<script type=\"application\/ld+json\" class=\"yoast-schema-graph\">{\"@context\":\"https:\\\/\\\/schema.org\",\"@graph\":[{\"@type\":\"WebPage\",\"@id\":\"https:\\\/\\\/www.crto.on.ca\\\/fr\\\/members\\\/about-your-certificate-of-registration\\\/\",\"url\":\"https:\\\/\\\/www.crto.on.ca\\\/fr\\\/members\\\/about-your-certificate-of-registration\\\/\",\"name\":\"Au sujet de votre certificat d\u2019inscription - CRTO\",\"isPartOf\":{\"@id\":\"https:\\\/\\\/www.crto.on.ca\\\/#website\"},\"datePublished\":\"2013-06-18T17:35:39+00:00\",\"dateModified\":\"2024-08-19T17:44:46+00:00\",\"breadcrumb\":{\"@id\":\"https:\\\/\\\/www.crto.on.ca\\\/fr\\\/members\\\/about-your-certificate-of-registration\\\/#breadcrumb\"},\"inLanguage\":\"fr-FR\",\"potentialAction\":[{\"@type\":\"ReadAction\",\"target\":[\"https:\\\/\\\/www.crto.on.ca\\\/fr\\\/members\\\/about-your-certificate-of-registration\\\/\"]}]},{\"@type\":\"BreadcrumbList\",\"@id\":\"https:\\\/\\\/www.crto.on.ca\\\/fr\\\/members\\\/about-your-certificate-of-registration\\\/#breadcrumb\",\"itemListElement\":[{\"@type\":\"ListItem\",\"position\":1,\"name\":\"Home\",\"item\":\"https:\\\/\\\/www.crto.on.ca\\\/fr\\\/\"},{\"@type\":\"ListItem\",\"position\":2,\"name\":\"Membres\",\"item\":\"https:\\\/\\\/www.crto.on.ca\\\/fr\\\/members\\\/\"},{\"@type\":\"ListItem\",\"position\":3,\"name\":\"Au sujet de votre certificat d\u2019inscription\"}]},{\"@type\":\"WebSite\",\"@id\":\"https:\\\/\\\/www.crto.on.ca\\\/#website\",\"url\":\"https:\\\/\\\/www.crto.on.ca\\\/\",\"name\":\"CRTO\",\"description\":\"\",\"potentialAction\":[{\"@type\":\"SearchAction\",\"target\":{\"@type\":\"EntryPoint\",\"urlTemplate\":\"https:\\\/\\\/www.crto.on.ca\\\/?s={search_term_string}\"},\"query-input\":{\"@type\":\"PropertyValueSpecification\",\"valueRequired\":true,\"valueName\":\"search_term_string\"}}],\"inLanguage\":\"fr-FR\"}]}<\/script>\n<!-- \/ Yoast SEO plugin. -->","yoast_head_json":{"title":"Au sujet de votre certificat d\u2019inscription - CRTO","robots":{"index":"index","follow":"follow","max-snippet":"max-snippet:-1","max-image-preview":"max-image-preview:large","max-video-preview":"max-video-preview:-1"},"canonical":"https:\/\/www.crto.on.ca\/fr\/members\/about-your-certificate-of-registration\/","twitter_misc":{"Dur\u00e9e de lecture estim\u00e9e":"1 minute"},"schema":{"@context":"https:\/\/schema.org","@graph":[{"@type":"WebPage","@id":"https:\/\/www.crto.on.ca\/fr\/members\/about-your-certificate-of-registration\/","url":"https:\/\/www.crto.on.ca\/fr\/members\/about-your-certificate-of-registration\/","name":"Au sujet de votre certificat d\u2019inscription - CRTO","isPartOf":{"@id":"https:\/\/www.crto.on.ca\/#website"},"datePublished":"2013-06-18T17:35:39+00:00","dateModified":"2024-08-19T17:44:46+00:00","breadcrumb":{"@id":"https:\/\/www.crto.on.ca\/fr\/members\/about-your-certificate-of-registration\/#breadcrumb"},"inLanguage":"fr-FR","potentialAction":[{"@type":"ReadAction","target":["https:\/\/www.crto.on.ca\/fr\/members\/about-your-certificate-of-registration\/"]}]},{"@type":"BreadcrumbList","@id":"https:\/\/www.crto.on.ca\/fr\/members\/about-your-certificate-of-registration\/#breadcrumb","itemListElement":[{"@type":"ListItem","position":1,"name":"Home","item":"https:\/\/www.crto.on.ca\/fr\/"},{"@type":"ListItem","position":2,"name":"Membres","item":"https:\/\/www.crto.on.ca\/fr\/members\/"},{"@type":"ListItem","position":3,"name":"Au sujet de votre certificat d\u2019inscription"}]},{"@type":"WebSite","@id":"https:\/\/www.crto.on.ca\/#website","url":"https:\/\/www.crto.on.ca\/","name":"CRTO","description":"","potentialAction":[{"@type":"SearchAction","target":{"@type":"EntryPoint","urlTemplate":"https:\/\/www.crto.on.ca\/?s={search_term_string}"},"query-input":{"@type":"PropertyValueSpecification","valueRequired":true,"valueName":"search_term_string"}}],"inLanguage":"fr-FR"}]}},"_links":{"self":[{"href":"https:\/\/www.crto.on.ca\/fr\/wp-json\/wp\/v2\/pages\/2370","targetHints":{"allow":["GET"]}}],"collection":[{"href":"https:\/\/www.crto.on.ca\/fr\/wp-json\/wp\/v2\/pages"}],"about":[{"href":"https:\/\/www.crto.on.ca\/fr\/wp-json\/wp\/v2\/types\/page"}],"author":[{"embeddable":true,"href":"https:\/\/www.crto.on.ca\/fr\/wp-json\/wp\/v2\/users\/8"}],"replies":[{"embeddable":true,"href":"https:\/\/www.crto.on.ca\/fr\/wp-json\/wp\/v2\/comments?post=2370"}],"version-history":[{"count":16,"href":"https:\/\/www.crto.on.ca\/fr\/wp-json\/wp\/v2\/pages\/2370\/revisions"}],"predecessor-version":[{"id":10721,"href":"https:\/\/www.crto.on.ca\/fr\/wp-json\/wp\/v2\/pages\/2370\/revisions\/10721"}],"up":[{"embeddable":true,"href":"https:\/\/www.crto.on.ca\/fr\/wp-json\/wp\/v2\/pages\/22"}],"wp:attachment":[{"href":"https:\/\/www.crto.on.ca\/fr\/wp-json\/wp\/v2\/media?parent=2370"}],"curies":[{"name":"wp","href":"https:\/\/api.w.org\/{rel}","templated":true}]}}