{"id":2376,"date":"2013-10-22T01:59:20","date_gmt":"2013-10-22T05:59:20","guid":{"rendered":"http:\/\/www.crto.on.ca\/?page_id=2376"},"modified":"2021-06-17T17:25:50","modified_gmt":"2021-06-17T21:25:50","slug":"consultations","status":"publish","type":"page","link":"https:\/\/www.crto.on.ca\/fr\/members\/consultations\/","title":{"rendered":"Consultations"},"content":{"rendered":"<p>Compte tenu des opinions du public, de la profession et d\u2019autres intervenants, l\u2019Ordre des th\u00e9rapeutes respiratoires de l\u2019Ontario (OTRO) \u00e9labore des politiques, des lignes directrices et d\u2019autres documents qui refl\u00e8tent les pratiques exemplaires et l\u2019int\u00e9r\u00eat public. L\u2019OTRO s\u2019est engag\u00e9 \u00e0 \u00e9laborer une politique transparente, responsable et conforme aux attentes du public. La consultation publique est une fa\u00e7on importante de le faire et constitue un \u00e9l\u00e9ment essentiel du <a href=\"https:\/\/www.crto.on.ca\/fr\/public-2\/ressources\/cadre-strategique\/cycle-delaboration-des-politiques-dotro\/\">processus d\u2019\u00e9laboration des politiques de l\u2019OTRO<\/a>.<\/p>\r\n<p>Afin d\u2019assurer la transparence et d\u2019encourager la conversation, tous les commentaires re\u00e7us sont anonymes.<\/p>\r\n<p><strong>Nota :<\/strong> Les consultations ouvertes ne sont disponibles qu\u2019en anglais actuellement.<\/p>\r\n<h2>Consultations en cours<\/h2>\r\n<p>\u00c0 l\u2019heure actuelle, aucune consultation n\u2019est disponible pour obtenir des commentaires.<\/p>\r\n<p>&nbsp;<\/p>\r\n<h2>Consultations \u00e0 huis clos<\/h2>\r\n<div class=\"contentbox cbox-members\">\r\n<h1 class=\"slide\">Politique sur les normes d\u2019accessibilit\u00e9<\/h1>\r\n<div>\r\n<p><em>La consultation a pris fin le : 21 mai 2021<\/em><\/p>\r\n<p><br \/>\r\nLa pr\u00e9sente politique vise \u00e0 cerner les obstacles \u00e0 l\u2019acc\u00e8s, \u00e0 am\u00e9liorer les possibilit\u00e9s disponibles et \u00e0 offrir l\u2019accessibilit\u00e9 aux personnes handicap\u00e9es. La politique sur les normes d\u2019accessibilit\u00e9 d\u00e9crit les politiques, les pratiques et les proc\u00e9dures de l\u2019OTRO pour assurer la conformit\u00e9 \u00e0 la <a href=\"https:\/\/www.ontario.ca\/fr\/lois\/loi\/05a11\"><em>Loi sur l\u2019accessibilit\u00e9 pour les personnes handicap\u00e9es de l\u2019Ontario<\/em><\/a><em> (LAPHO)<\/em>.<br \/>\r\n<br \/>\r\n<\/p>\r\n<p>Pour consulter un r\u00e9sum\u00e9 des commentaires recueillis dans le cadre de la consultation, <a href=\"https:\/\/www.crto.on.ca\/pdf\/Consults\/2021-May-28.Consultation_Summary.AD-205.pdf\">cliquez ici<\/a>. <span style=\"font-size: xx-small;\"> (disponible seulement en anglais) <\/span><\/p>\r\n<\/div>\r\n<\/div>\r\n<div class=\"contentbox cbox-members\">\r\n<h1 class=\"slide\">Engagement envers un exercice moral<\/h1>\r\n<div>\r\n<p><em>La consultation a pris fin le : 19 avril 2021<\/em><\/p>\r\n<p><br \/>\r\nLa derni\u00e8re version du document Engagement envers un exercice moral date de 2010 et devait \u00eatre pass\u00e9e en revue et r\u00e9vis\u00e9e. Les projets de modifications comprennent l\u2019ajout de l\u2019utilisation des m\u00e9dias sociaux; les agents pathog\u00e8nes \u00e0 diffusion h\u00e9matog\u00e8ne int\u00e9gr\u00e9s; l\u2019\u00e9largissement des comp\u00e9tences culturelles \u00e0 la diversit\u00e9, l\u2019\u00e9quit\u00e9 et l\u2019inclusion; la mise \u00e0 jour de la langue et des exemples pour refl\u00e9ter la pratique actuelle; la r\u00e9organisation de toutes les sections afin d\u2019am\u00e9liorer la circulation de l\u2019information; les pronoms non genr\u00e9s; et les r\u00e9f\u00e9rences mises \u00e0 jour.<br \/>\r\n<br \/>\r\n<\/p>\r\n<p>Pour consulter un r\u00e9sum\u00e9 des commentaires recueillis dans le cadre de la consultation, <a href=\"https:\/\/www.crto.on.ca\/pdf\/Consults\/2021-May-28.Consultation_Summary.Ethics.pdf\">cliquez ici<\/a>. <span style=\"font-size: xx-small;\"> (disponible seulement en anglais) <\/span><\/p>\r\n<\/div>\r\n<\/div>\r\n<div class=\"contentbox cbox-members\">\r\n<h1 class=\"slide\">Lignes directrices sur l\u2019utilisation des m\u00e9dias sociaux par les th\u00e9rapeutes respiratoires<\/h1>\r\n<div>\r\n<p><em>La consultation a pris fin le : 19 avril 2021<\/em><\/p>\r\n<p><br \/>\r\nLes th\u00e9rapeutes respiratoires ont l\u2019obligation professionnelle et morale de se comporter et de se repr\u00e9senter d\u2019une mani\u00e8re propre \u00e0 maintenir et accro\u00eetre la r\u00e9putation de la profession. Cette responsabilit\u00e9 s\u2019applique \u00e0 l\u2019utilisation des m\u00e9dias sociaux, et les membres doivent s\u2019assurer que ce contenu est conforme aux normes de pratique de l\u2019OTRO. Ce document a \u00e9t\u00e9 \u00e9labor\u00e9 pour guider les th\u00e9rapeutes respiratoires dans leur prise de d\u00e9cision lors de l\u2019utilisation de ces types de plateformes. <br \/>\r\n<br \/>\r\n<\/p>\r\n<p>Pour consulter un r\u00e9sum\u00e9 des commentaires recueillis dans le cadre de la consultation, <a href=\"https:\/\/www.crto.on.ca\/pdf\/Consults\/2021-May-28.Consultation_Summary.Social_Media.pdf\">cliquez ici<\/a>. <span style=\"font-size: xx-small;\"> (disponible seulement en anglais) <\/span><\/p>\r\n<\/div>\r\n<\/div>","protected":false},"excerpt":{"rendered":"<p>Compte tenu des opinions du public, de la profession et d\u2019autres intervenants, l\u2019Ordre des th\u00e9rapeutes respiratoires de l\u2019Ontario (OTRO) \u00e9labore des politiques, des lignes directrices et d\u2019autres documents qui refl\u00e8tent les pratiques exemplaires et l\u2019int\u00e9r\u00eat public. L\u2019OTRO s\u2019est engag\u00e9 \u00e0 \u00e9laborer une politique transparente, responsable et conforme aux attentes du public. La consultation publique est [&hellip;]<\/p>\n","protected":false},"author":8,"featured_media":0,"parent":22,"menu_order":0,"comment_status":"closed","ping_status":"closed","template":"page-members.php","meta":{"footnotes":""},"class_list":["post-2376","page","type-page","status-publish","hentry"],"yoast_head":"<!-- This site is optimized with the Yoast SEO plugin v27.3 - https:\/\/yoast.com\/product\/yoast-seo-wordpress\/ -->\n<title>Consultations - CRTO<\/title>\n<meta name=\"robots\" content=\"index, follow, max-snippet:-1, max-image-preview:large, max-video-preview:-1\" \/>\n<link rel=\"canonical\" href=\"https:\/\/www.crto.on.ca\/fr\/members\/consultations\/\" \/>\n<meta name=\"twitter:label1\" content=\"Dur\u00e9e de lecture estim\u00e9e\" \/>\n\t<meta name=\"twitter:data1\" content=\"2 minutes\" \/>\n<script type=\"application\/ld+json\" class=\"yoast-schema-graph\">{\"@context\":\"https:\\\/\\\/schema.org\",\"@graph\":[{\"@type\":\"WebPage\",\"@id\":\"https:\\\/\\\/www.crto.on.ca\\\/fr\\\/members\\\/consultations\\\/\",\"url\":\"https:\\\/\\\/www.crto.on.ca\\\/fr\\\/members\\\/consultations\\\/\",\"name\":\"Consultations - CRTO\",\"isPartOf\":{\"@id\":\"https:\\\/\\\/www.crto.on.ca\\\/#website\"},\"datePublished\":\"2013-10-22T05:59:20+00:00\",\"dateModified\":\"2021-06-17T21:25:50+00:00\",\"breadcrumb\":{\"@id\":\"https:\\\/\\\/www.crto.on.ca\\\/fr\\\/members\\\/consultations\\\/#breadcrumb\"},\"inLanguage\":\"fr-FR\",\"potentialAction\":[{\"@type\":\"ReadAction\",\"target\":[\"https:\\\/\\\/www.crto.on.ca\\\/fr\\\/members\\\/consultations\\\/\"]}]},{\"@type\":\"BreadcrumbList\",\"@id\":\"https:\\\/\\\/www.crto.on.ca\\\/fr\\\/members\\\/consultations\\\/#breadcrumb\",\"itemListElement\":[{\"@type\":\"ListItem\",\"position\":1,\"name\":\"Home\",\"item\":\"https:\\\/\\\/www.crto.on.ca\\\/fr\\\/\"},{\"@type\":\"ListItem\",\"position\":2,\"name\":\"Membres\",\"item\":\"https:\\\/\\\/www.crto.on.ca\\\/fr\\\/members\\\/\"},{\"@type\":\"ListItem\",\"position\":3,\"name\":\"Consultations\"}]},{\"@type\":\"WebSite\",\"@id\":\"https:\\\/\\\/www.crto.on.ca\\\/#website\",\"url\":\"https:\\\/\\\/www.crto.on.ca\\\/\",\"name\":\"CRTO\",\"description\":\"\",\"potentialAction\":[{\"@type\":\"SearchAction\",\"target\":{\"@type\":\"EntryPoint\",\"urlTemplate\":\"https:\\\/\\\/www.crto.on.ca\\\/?s={search_term_string}\"},\"query-input\":{\"@type\":\"PropertyValueSpecification\",\"valueRequired\":true,\"valueName\":\"search_term_string\"}}],\"inLanguage\":\"fr-FR\"}]}<\/script>\n<!-- \/ Yoast SEO plugin. -->","yoast_head_json":{"title":"Consultations - CRTO","robots":{"index":"index","follow":"follow","max-snippet":"max-snippet:-1","max-image-preview":"max-image-preview:large","max-video-preview":"max-video-preview:-1"},"canonical":"https:\/\/www.crto.on.ca\/fr\/members\/consultations\/","twitter_misc":{"Dur\u00e9e de lecture estim\u00e9e":"2 minutes"},"schema":{"@context":"https:\/\/schema.org","@graph":[{"@type":"WebPage","@id":"https:\/\/www.crto.on.ca\/fr\/members\/consultations\/","url":"https:\/\/www.crto.on.ca\/fr\/members\/consultations\/","name":"Consultations - CRTO","isPartOf":{"@id":"https:\/\/www.crto.on.ca\/#website"},"datePublished":"2013-10-22T05:59:20+00:00","dateModified":"2021-06-17T21:25:50+00:00","breadcrumb":{"@id":"https:\/\/www.crto.on.ca\/fr\/members\/consultations\/#breadcrumb"},"inLanguage":"fr-FR","potentialAction":[{"@type":"ReadAction","target":["https:\/\/www.crto.on.ca\/fr\/members\/consultations\/"]}]},{"@type":"BreadcrumbList","@id":"https:\/\/www.crto.on.ca\/fr\/members\/consultations\/#breadcrumb","itemListElement":[{"@type":"ListItem","position":1,"name":"Home","item":"https:\/\/www.crto.on.ca\/fr\/"},{"@type":"ListItem","position":2,"name":"Membres","item":"https:\/\/www.crto.on.ca\/fr\/members\/"},{"@type":"ListItem","position":3,"name":"Consultations"}]},{"@type":"WebSite","@id":"https:\/\/www.crto.on.ca\/#website","url":"https:\/\/www.crto.on.ca\/","name":"CRTO","description":"","potentialAction":[{"@type":"SearchAction","target":{"@type":"EntryPoint","urlTemplate":"https:\/\/www.crto.on.ca\/?s={search_term_string}"},"query-input":{"@type":"PropertyValueSpecification","valueRequired":true,"valueName":"search_term_string"}}],"inLanguage":"fr-FR"}]}},"_links":{"self":[{"href":"https:\/\/www.crto.on.ca\/fr\/wp-json\/wp\/v2\/pages\/2376","targetHints":{"allow":["GET"]}}],"collection":[{"href":"https:\/\/www.crto.on.ca\/fr\/wp-json\/wp\/v2\/pages"}],"about":[{"href":"https:\/\/www.crto.on.ca\/fr\/wp-json\/wp\/v2\/types\/page"}],"author":[{"embeddable":true,"href":"https:\/\/www.crto.on.ca\/fr\/wp-json\/wp\/v2\/users\/8"}],"replies":[{"embeddable":true,"href":"https:\/\/www.crto.on.ca\/fr\/wp-json\/wp\/v2\/comments?post=2376"}],"version-history":[{"count":7,"href":"https:\/\/www.crto.on.ca\/fr\/wp-json\/wp\/v2\/pages\/2376\/revisions"}],"predecessor-version":[{"id":8024,"href":"https:\/\/www.crto.on.ca\/fr\/wp-json\/wp\/v2\/pages\/2376\/revisions\/8024"}],"up":[{"embeddable":true,"href":"https:\/\/www.crto.on.ca\/fr\/wp-json\/wp\/v2\/pages\/22"}],"wp:attachment":[{"href":"https:\/\/www.crto.on.ca\/fr\/wp-json\/wp\/v2\/media?parent=2376"}],"curies":[{"name":"wp","href":"https:\/\/api.w.org\/{rel}","templated":true}]}}