{"id":2404,"date":"2013-10-22T02:13:46","date_gmt":"2013-10-22T06:13:46","guid":{"rendered":"http:\/\/www.crto.on.ca\/?page_id=2404"},"modified":"2013-10-22T02:13:46","modified_gmt":"2013-10-22T06:13:46","slug":"verification-de-linscription","status":"publish","type":"page","link":"https:\/\/www.crto.on.ca\/fr\/employeurs\/responsabilites-des-employeurs\/verification-de-linscription\/","title":{"rendered":"V\u00e9rification de l&rsquo;inscription"},"content":{"rendered":"<p>Cette page n&rsquo;est pas encore traduite. Nous travaillons actuellement \u00e0 la traduction du site Web remani\u00e9 au complet, mais il faudra un certan temps afin de nous assurer que tout est fait convenablement.<br \/><br \/>Nous appr\u00e9cions votre patience et votre collaboration \u00e0 cet \u00e9gard.<\/p>","protected":false},"excerpt":{"rendered":"<p>Cette page n&rsquo;est pas encore traduite. Nous travaillons actuellement \u00e0 la traduction du site Web remani\u00e9 au complet, mais il faudra un certan temps afin de nous assurer que tout est fait convenablement.Nous appr\u00e9cions votre patience et votre collaboration \u00e0 cet \u00e9gard.<\/p>\n","protected":false},"author":8,"featured_media":0,"parent":2402,"menu_order":0,"comment_status":"closed","ping_status":"closed","template":"page-employers.php","meta":{"footnotes":""},"class_list":["post-2404","page","type-page","status-publish","hentry"],"yoast_head":"<!-- This site is optimized with the Yoast SEO plugin v27.3 - https:\/\/yoast.com\/product\/yoast-seo-wordpress\/ -->\n<title>V\u00e9rification de l&#039;inscription - CRTO<\/title>\n<meta name=\"robots\" content=\"index, follow, max-snippet:-1, max-image-preview:large, max-video-preview:-1\" \/>\n<link rel=\"canonical\" href=\"https:\/\/www.crto.on.ca\/fr\/employeurs\/responsabilites-des-employeurs\/verification-de-linscription\/\" \/>\n<script type=\"application\/ld+json\" class=\"yoast-schema-graph\">{\"@context\":\"https:\\\/\\\/schema.org\",\"@graph\":[{\"@type\":\"WebPage\",\"@id\":\"https:\\\/\\\/www.crto.on.ca\\\/fr\\\/employeurs\\\/responsabilites-des-employeurs\\\/verification-de-linscription\\\/\",\"url\":\"https:\\\/\\\/www.crto.on.ca\\\/fr\\\/employeurs\\\/responsabilites-des-employeurs\\\/verification-de-linscription\\\/\",\"name\":\"V\u00e9rification de l'inscription - CRTO\",\"isPartOf\":{\"@id\":\"https:\\\/\\\/www.crto.on.ca\\\/#website\"},\"datePublished\":\"2013-10-22T06:13:46+00:00\",\"breadcrumb\":{\"@id\":\"https:\\\/\\\/www.crto.on.ca\\\/fr\\\/employeurs\\\/responsabilites-des-employeurs\\\/verification-de-linscription\\\/#breadcrumb\"},\"inLanguage\":\"fr-FR\",\"potentialAction\":[{\"@type\":\"ReadAction\",\"target\":[\"https:\\\/\\\/www.crto.on.ca\\\/fr\\\/employeurs\\\/responsabilites-des-employeurs\\\/verification-de-linscription\\\/\"]}]},{\"@type\":\"BreadcrumbList\",\"@id\":\"https:\\\/\\\/www.crto.on.ca\\\/fr\\\/employeurs\\\/responsabilites-des-employeurs\\\/verification-de-linscription\\\/#breadcrumb\",\"itemListElement\":[{\"@type\":\"ListItem\",\"position\":1,\"name\":\"Home\",\"item\":\"https:\\\/\\\/www.crto.on.ca\\\/fr\\\/\"},{\"@type\":\"ListItem\",\"position\":2,\"name\":\"Employeurs\",\"item\":\"https:\\\/\\\/www.crto.on.ca\\\/fr\\\/employeurs\\\/\"},{\"@type\":\"ListItem\",\"position\":3,\"name\":\"Responsabilit\u00e9s des employeurs\",\"item\":\"https:\\\/\\\/www.crto.on.ca\\\/fr\\\/employeurs\\\/responsabilites-des-employeurs\\\/\"},{\"@type\":\"ListItem\",\"position\":4,\"name\":\"V\u00e9rification de l&#8217;inscription\"}]},{\"@type\":\"WebSite\",\"@id\":\"https:\\\/\\\/www.crto.on.ca\\\/#website\",\"url\":\"https:\\\/\\\/www.crto.on.ca\\\/\",\"name\":\"CRTO\",\"description\":\"\",\"potentialAction\":[{\"@type\":\"SearchAction\",\"target\":{\"@type\":\"EntryPoint\",\"urlTemplate\":\"https:\\\/\\\/www.crto.on.ca\\\/?s={search_term_string}\"},\"query-input\":{\"@type\":\"PropertyValueSpecification\",\"valueRequired\":true,\"valueName\":\"search_term_string\"}}],\"inLanguage\":\"fr-FR\"}]}<\/script>\n<!-- \/ Yoast SEO plugin. -->","yoast_head_json":{"title":"V\u00e9rification de l'inscription - CRTO","robots":{"index":"index","follow":"follow","max-snippet":"max-snippet:-1","max-image-preview":"max-image-preview:large","max-video-preview":"max-video-preview:-1"},"canonical":"https:\/\/www.crto.on.ca\/fr\/employeurs\/responsabilites-des-employeurs\/verification-de-linscription\/","schema":{"@context":"https:\/\/schema.org","@graph":[{"@type":"WebPage","@id":"https:\/\/www.crto.on.ca\/fr\/employeurs\/responsabilites-des-employeurs\/verification-de-linscription\/","url":"https:\/\/www.crto.on.ca\/fr\/employeurs\/responsabilites-des-employeurs\/verification-de-linscription\/","name":"V\u00e9rification de l'inscription - CRTO","isPartOf":{"@id":"https:\/\/www.crto.on.ca\/#website"},"datePublished":"2013-10-22T06:13:46+00:00","breadcrumb":{"@id":"https:\/\/www.crto.on.ca\/fr\/employeurs\/responsabilites-des-employeurs\/verification-de-linscription\/#breadcrumb"},"inLanguage":"fr-FR","potentialAction":[{"@type":"ReadAction","target":["https:\/\/www.crto.on.ca\/fr\/employeurs\/responsabilites-des-employeurs\/verification-de-linscription\/"]}]},{"@type":"BreadcrumbList","@id":"https:\/\/www.crto.on.ca\/fr\/employeurs\/responsabilites-des-employeurs\/verification-de-linscription\/#breadcrumb","itemListElement":[{"@type":"ListItem","position":1,"name":"Home","item":"https:\/\/www.crto.on.ca\/fr\/"},{"@type":"ListItem","position":2,"name":"Employeurs","item":"https:\/\/www.crto.on.ca\/fr\/employeurs\/"},{"@type":"ListItem","position":3,"name":"Responsabilit\u00e9s des employeurs","item":"https:\/\/www.crto.on.ca\/fr\/employeurs\/responsabilites-des-employeurs\/"},{"@type":"ListItem","position":4,"name":"V\u00e9rification de l&#8217;inscription"}]},{"@type":"WebSite","@id":"https:\/\/www.crto.on.ca\/#website","url":"https:\/\/www.crto.on.ca\/","name":"CRTO","description":"","potentialAction":[{"@type":"SearchAction","target":{"@type":"EntryPoint","urlTemplate":"https:\/\/www.crto.on.ca\/?s={search_term_string}"},"query-input":{"@type":"PropertyValueSpecification","valueRequired":true,"valueName":"search_term_string"}}],"inLanguage":"fr-FR"}]}},"_links":{"self":[{"href":"https:\/\/www.crto.on.ca\/fr\/wp-json\/wp\/v2\/pages\/2404","targetHints":{"allow":["GET"]}}],"collection":[{"href":"https:\/\/www.crto.on.ca\/fr\/wp-json\/wp\/v2\/pages"}],"about":[{"href":"https:\/\/www.crto.on.ca\/fr\/wp-json\/wp\/v2\/types\/page"}],"author":[{"embeddable":true,"href":"https:\/\/www.crto.on.ca\/fr\/wp-json\/wp\/v2\/users\/8"}],"replies":[{"embeddable":true,"href":"https:\/\/www.crto.on.ca\/fr\/wp-json\/wp\/v2\/comments?post=2404"}],"version-history":[{"count":1,"href":"https:\/\/www.crto.on.ca\/fr\/wp-json\/wp\/v2\/pages\/2404\/revisions"}],"predecessor-version":[{"id":2405,"href":"https:\/\/www.crto.on.ca\/fr\/wp-json\/wp\/v2\/pages\/2404\/revisions\/2405"}],"up":[{"embeddable":true,"href":"https:\/\/www.crto.on.ca\/fr\/wp-json\/wp\/v2\/pages\/2402"}],"wp:attachment":[{"href":"https:\/\/www.crto.on.ca\/fr\/wp-json\/wp\/v2\/media?parent=2404"}],"curies":[{"name":"wp","href":"https:\/\/api.w.org\/{rel}","templated":true}]}}