{"id":2414,"date":"2013-10-22T02:15:51","date_gmt":"2013-10-22T06:15:51","guid":{"rendered":"http:\/\/www.crto.on.ca\/?page_id=2414"},"modified":"2023-11-02T19:44:16","modified_gmt":"2023-11-02T23:44:16","slug":"embaucher-quelquun-venant-de-lexterieur-de-lontario","status":"publish","type":"page","link":"https:\/\/www.crto.on.ca\/fr\/employeurs\/embaucher-quelquun-venant-de-lexterieur-de-lontario\/","title":{"rendered":"Embaucher quelqu&rsquo;un venant de l&rsquo;ext\u00e9rieur de l&rsquo;Ontario"},"content":{"rendered":"<p>Les personnes inscrites \u00e0 titre de th\u00e9rapeute respiratoire dans d\u2019autres territoires de comp\u00e9tence ne sont pas automatiquement autoris\u00e9es \u00e0 exercer la profession en Ontario. Elles doivent pr\u00e9senter une demande d\u2019inscription \u00e0 l\u2019OTRO et satisfaire aux exigences d\u2019entr\u00e9e en exercice ou aux r\u00e8gles de l\u2019exemption \u00ab\u202fde plein droit\u202f\u00bb.<\/p>\r\n<p>Pour savoir si une personne est inscrite \u00e0 l\u2019OTRO, veuillez visiter notre <a href=\"https:\/\/members.crto.on.ca\/crto\/CRTO\/PublicDirectory\/Public_Directory_Member\/Public_Register\/PublicRegisterMember.aspx\">Tableau des membres<\/a> en ligne.<\/p>\r\n<p>Pour obtenir de plus amples renseignements sur les r\u00e8gles \u00ab\u202fde plein droit\u202f\u00bb, cliquez <a href=\"https:\/\/www.crto.on.ca\/fr\/exemption-de-plein-droit\/\">ICI<\/a> <\/p>","protected":false},"excerpt":{"rendered":"<p>Les personnes inscrites \u00e0 titre de th\u00e9rapeute respiratoire dans d\u2019autres territoires de comp\u00e9tence ne sont pas automatiquement autoris\u00e9es \u00e0 exercer la profession en Ontario. Elles doivent pr\u00e9senter une demande d\u2019inscription \u00e0 l\u2019OTRO et satisfaire aux exigences d\u2019entr\u00e9e en exercice ou aux r\u00e8gles de l\u2019exemption \u00ab\u202fde plein droit\u202f\u00bb. Pour savoir si une personne est inscrite \u00e0 [&hellip;]<\/p>\n","protected":false},"author":8,"featured_media":0,"parent":25,"menu_order":0,"comment_status":"closed","ping_status":"closed","template":"page-employers.php","meta":{"footnotes":""},"class_list":["post-2414","page","type-page","status-publish","hentry"],"yoast_head":"<!-- This site is optimized with the Yoast SEO plugin v27.3 - https:\/\/yoast.com\/product\/yoast-seo-wordpress\/ -->\n<title>Embaucher quelqu&#039;un venant de l&#039;ext\u00e9rieur de l&#039;Ontario - CRTO<\/title>\n<meta name=\"robots\" content=\"index, follow, max-snippet:-1, max-image-preview:large, max-video-preview:-1\" \/>\n<link rel=\"canonical\" href=\"https:\/\/www.crto.on.ca\/fr\/employeurs\/embaucher-quelquun-venant-de-lexterieur-de-lontario\/\" \/>\n<script type=\"application\/ld+json\" class=\"yoast-schema-graph\">{\"@context\":\"https:\\\/\\\/schema.org\",\"@graph\":[{\"@type\":\"WebPage\",\"@id\":\"https:\\\/\\\/www.crto.on.ca\\\/fr\\\/employeurs\\\/embaucher-quelquun-venant-de-lexterieur-de-lontario\\\/\",\"url\":\"https:\\\/\\\/www.crto.on.ca\\\/fr\\\/employeurs\\\/embaucher-quelquun-venant-de-lexterieur-de-lontario\\\/\",\"name\":\"Embaucher quelqu'un venant de l'ext\u00e9rieur de l'Ontario - CRTO\",\"isPartOf\":{\"@id\":\"https:\\\/\\\/www.crto.on.ca\\\/#website\"},\"datePublished\":\"2013-10-22T06:15:51+00:00\",\"dateModified\":\"2023-11-02T23:44:16+00:00\",\"breadcrumb\":{\"@id\":\"https:\\\/\\\/www.crto.on.ca\\\/fr\\\/employeurs\\\/embaucher-quelquun-venant-de-lexterieur-de-lontario\\\/#breadcrumb\"},\"inLanguage\":\"fr-FR\",\"potentialAction\":[{\"@type\":\"ReadAction\",\"target\":[\"https:\\\/\\\/www.crto.on.ca\\\/fr\\\/employeurs\\\/embaucher-quelquun-venant-de-lexterieur-de-lontario\\\/\"]}]},{\"@type\":\"BreadcrumbList\",\"@id\":\"https:\\\/\\\/www.crto.on.ca\\\/fr\\\/employeurs\\\/embaucher-quelquun-venant-de-lexterieur-de-lontario\\\/#breadcrumb\",\"itemListElement\":[{\"@type\":\"ListItem\",\"position\":1,\"name\":\"Home\",\"item\":\"https:\\\/\\\/www.crto.on.ca\\\/fr\\\/\"},{\"@type\":\"ListItem\",\"position\":2,\"name\":\"Employeurs\",\"item\":\"https:\\\/\\\/www.crto.on.ca\\\/fr\\\/employeurs\\\/\"},{\"@type\":\"ListItem\",\"position\":3,\"name\":\"Embaucher quelqu&#8217;un venant de l&#8217;ext\u00e9rieur de l&#8217;Ontario\"}]},{\"@type\":\"WebSite\",\"@id\":\"https:\\\/\\\/www.crto.on.ca\\\/#website\",\"url\":\"https:\\\/\\\/www.crto.on.ca\\\/\",\"name\":\"CRTO\",\"description\":\"\",\"potentialAction\":[{\"@type\":\"SearchAction\",\"target\":{\"@type\":\"EntryPoint\",\"urlTemplate\":\"https:\\\/\\\/www.crto.on.ca\\\/?s={search_term_string}\"},\"query-input\":{\"@type\":\"PropertyValueSpecification\",\"valueRequired\":true,\"valueName\":\"search_term_string\"}}],\"inLanguage\":\"fr-FR\"}]}<\/script>\n<!-- \/ Yoast SEO plugin. -->","yoast_head_json":{"title":"Embaucher quelqu'un venant de l'ext\u00e9rieur de l'Ontario - CRTO","robots":{"index":"index","follow":"follow","max-snippet":"max-snippet:-1","max-image-preview":"max-image-preview:large","max-video-preview":"max-video-preview:-1"},"canonical":"https:\/\/www.crto.on.ca\/fr\/employeurs\/embaucher-quelquun-venant-de-lexterieur-de-lontario\/","schema":{"@context":"https:\/\/schema.org","@graph":[{"@type":"WebPage","@id":"https:\/\/www.crto.on.ca\/fr\/employeurs\/embaucher-quelquun-venant-de-lexterieur-de-lontario\/","url":"https:\/\/www.crto.on.ca\/fr\/employeurs\/embaucher-quelquun-venant-de-lexterieur-de-lontario\/","name":"Embaucher quelqu'un venant de l'ext\u00e9rieur de l'Ontario - CRTO","isPartOf":{"@id":"https:\/\/www.crto.on.ca\/#website"},"datePublished":"2013-10-22T06:15:51+00:00","dateModified":"2023-11-02T23:44:16+00:00","breadcrumb":{"@id":"https:\/\/www.crto.on.ca\/fr\/employeurs\/embaucher-quelquun-venant-de-lexterieur-de-lontario\/#breadcrumb"},"inLanguage":"fr-FR","potentialAction":[{"@type":"ReadAction","target":["https:\/\/www.crto.on.ca\/fr\/employeurs\/embaucher-quelquun-venant-de-lexterieur-de-lontario\/"]}]},{"@type":"BreadcrumbList","@id":"https:\/\/www.crto.on.ca\/fr\/employeurs\/embaucher-quelquun-venant-de-lexterieur-de-lontario\/#breadcrumb","itemListElement":[{"@type":"ListItem","position":1,"name":"Home","item":"https:\/\/www.crto.on.ca\/fr\/"},{"@type":"ListItem","position":2,"name":"Employeurs","item":"https:\/\/www.crto.on.ca\/fr\/employeurs\/"},{"@type":"ListItem","position":3,"name":"Embaucher quelqu&#8217;un venant de l&#8217;ext\u00e9rieur de l&#8217;Ontario"}]},{"@type":"WebSite","@id":"https:\/\/www.crto.on.ca\/#website","url":"https:\/\/www.crto.on.ca\/","name":"CRTO","description":"","potentialAction":[{"@type":"SearchAction","target":{"@type":"EntryPoint","urlTemplate":"https:\/\/www.crto.on.ca\/?s={search_term_string}"},"query-input":{"@type":"PropertyValueSpecification","valueRequired":true,"valueName":"search_term_string"}}],"inLanguage":"fr-FR"}]}},"_links":{"self":[{"href":"https:\/\/www.crto.on.ca\/fr\/wp-json\/wp\/v2\/pages\/2414","targetHints":{"allow":["GET"]}}],"collection":[{"href":"https:\/\/www.crto.on.ca\/fr\/wp-json\/wp\/v2\/pages"}],"about":[{"href":"https:\/\/www.crto.on.ca\/fr\/wp-json\/wp\/v2\/types\/page"}],"author":[{"embeddable":true,"href":"https:\/\/www.crto.on.ca\/fr\/wp-json\/wp\/v2\/users\/8"}],"replies":[{"embeddable":true,"href":"https:\/\/www.crto.on.ca\/fr\/wp-json\/wp\/v2\/comments?post=2414"}],"version-history":[{"count":4,"href":"https:\/\/www.crto.on.ca\/fr\/wp-json\/wp\/v2\/pages\/2414\/revisions"}],"predecessor-version":[{"id":9116,"href":"https:\/\/www.crto.on.ca\/fr\/wp-json\/wp\/v2\/pages\/2414\/revisions\/9116"}],"up":[{"embeddable":true,"href":"https:\/\/www.crto.on.ca\/fr\/wp-json\/wp\/v2\/pages\/25"}],"wp:attachment":[{"href":"https:\/\/www.crto.on.ca\/fr\/wp-json\/wp\/v2\/media?parent=2414"}],"curies":[{"name":"wp","href":"https:\/\/api.w.org\/{rel}","templated":true}]}}