{"id":2416,"date":"2013-10-22T02:16:15","date_gmt":"2013-10-22T06:16:15","guid":{"rendered":"http:\/\/www.crto.on.ca\/?page_id=2416"},"modified":"2023-11-02T19:39:55","modified_gmt":"2023-11-02T23:39:55","slug":"lois-sur-la-mobilite-des-travailleurs","status":"publish","type":"page","link":"https:\/\/www.crto.on.ca\/fr\/employeurs\/embaucher-quelquun-venant-de-lexterieur-de-lontario\/lois-sur-la-mobilite-des-travailleurs\/","title":{"rendered":"Embaucher quelqu\u2019un venant de l\u2019ext\u00e9rieur de l\u2019Ontario"},"content":{"rendered":"<p>Aux termes de la l\u00e9gislation relative \u00e0 la mobilit\u00e9 de la main-d\u2019\u0153uvre, une personne autoris\u00e9e \u00e0 exercer la profession de th\u00e9rapeute respiratoire dans un autre territoire de comp\u00e9tence r\u00e9glement\u00e9 (Alberta, Saskatchewan, Manitoba, Qu\u00e9bec, Nouveau-Brunswick, Nouvelle-\u00c9cosse, \u00cele-du-Prince-\u00c9douard et Terre-Neuve-et-Labrador) peut \u00eatre admissible \u00e0 l\u2019inscription en Ontario sans \u00e9valuation suppl\u00e9mentaire ou restriction.<\/p>\r\n<p>Les candidats qui souhaitent s\u2019inscrire en vertu des dispositions relatives \u00e0 la mobilit\u00e9 de la main-d\u2019\u0153uvre doivent remplir la demande d\u2019inscription en ligne de l\u2019OTRO, s\u2019acquitter des frais applicables et fournir la documentation exig\u00e9e par l\u2019OTRO. Si elles sont d\u00fbment remplies, les demandes pr\u00e9sent\u00e9es en vertu de la l\u00e9gislation sur la mobilit\u00e9 de la main-d\u2019\u0153uvre sont g\u00e9n\u00e9ralement trait\u00e9es en moins d\u2019une semaine.<\/p>\r\n<p>Pour savoir si une personne est inscrite \u00e0 l\u2019OTRO, veuillez visiter notre <a href=\"https:\/\/members.crto.on.ca\/crto\/CRTO\/PublicDirectory\/Public_Directory_Member\/Public_Register\/PublicRegisterMember.aspx\">Tableau des membres<\/a> en ligne.<\/p>","protected":false},"excerpt":{"rendered":"<p>Aux termes de la l\u00e9gislation relative \u00e0 la mobilit\u00e9 de la main-d\u2019\u0153uvre, une personne autoris\u00e9e \u00e0 exercer la profession de th\u00e9rapeute respiratoire dans un autre territoire de comp\u00e9tence r\u00e9glement\u00e9 (Alberta, Saskatchewan, Manitoba, Qu\u00e9bec, Nouveau-Brunswick, Nouvelle-\u00c9cosse, \u00cele-du-Prince-\u00c9douard et Terre-Neuve-et-Labrador) peut \u00eatre admissible \u00e0 l\u2019inscription en Ontario sans \u00e9valuation suppl\u00e9mentaire ou restriction. Les candidats qui souhaitent s\u2019inscrire [&hellip;]<\/p>\n","protected":false},"author":8,"featured_media":0,"parent":2414,"menu_order":0,"comment_status":"closed","ping_status":"closed","template":"page-employers.php","meta":{"footnotes":""},"class_list":["post-2416","page","type-page","status-publish","hentry"],"yoast_head":"<!-- This site is optimized with the Yoast SEO plugin v27.4 - https:\/\/yoast.com\/product\/yoast-seo-wordpress\/ -->\n<title>Embaucher quelqu\u2019un venant de l\u2019ext\u00e9rieur de l\u2019Ontario - CRTO<\/title>\n<meta name=\"robots\" content=\"index, follow, max-snippet:-1, max-image-preview:large, max-video-preview:-1\" \/>\n<link rel=\"canonical\" href=\"https:\/\/www.crto.on.ca\/fr\/employeurs\/embaucher-quelquun-venant-de-lexterieur-de-lontario\/lois-sur-la-mobilite-des-travailleurs\/\" \/>\n<meta name=\"twitter:label1\" content=\"Dur\u00e9e de lecture estim\u00e9e\" \/>\n\t<meta name=\"twitter:data1\" content=\"1 minute\" \/>\n<script type=\"application\/ld+json\" class=\"yoast-schema-graph\">{\"@context\":\"https:\\\/\\\/schema.org\",\"@graph\":[{\"@type\":\"WebPage\",\"@id\":\"https:\\\/\\\/www.crto.on.ca\\\/fr\\\/employeurs\\\/embaucher-quelquun-venant-de-lexterieur-de-lontario\\\/lois-sur-la-mobilite-des-travailleurs\\\/\",\"url\":\"https:\\\/\\\/www.crto.on.ca\\\/fr\\\/employeurs\\\/embaucher-quelquun-venant-de-lexterieur-de-lontario\\\/lois-sur-la-mobilite-des-travailleurs\\\/\",\"name\":\"Embaucher quelqu\u2019un venant de l\u2019ext\u00e9rieur de l\u2019Ontario - CRTO\",\"isPartOf\":{\"@id\":\"https:\\\/\\\/www.crto.on.ca\\\/#website\"},\"datePublished\":\"2013-10-22T06:16:15+00:00\",\"dateModified\":\"2023-11-02T23:39:55+00:00\",\"breadcrumb\":{\"@id\":\"https:\\\/\\\/www.crto.on.ca\\\/fr\\\/employeurs\\\/embaucher-quelquun-venant-de-lexterieur-de-lontario\\\/lois-sur-la-mobilite-des-travailleurs\\\/#breadcrumb\"},\"inLanguage\":\"fr-FR\",\"potentialAction\":[{\"@type\":\"ReadAction\",\"target\":[\"https:\\\/\\\/www.crto.on.ca\\\/fr\\\/employeurs\\\/embaucher-quelquun-venant-de-lexterieur-de-lontario\\\/lois-sur-la-mobilite-des-travailleurs\\\/\"]}]},{\"@type\":\"BreadcrumbList\",\"@id\":\"https:\\\/\\\/www.crto.on.ca\\\/fr\\\/employeurs\\\/embaucher-quelquun-venant-de-lexterieur-de-lontario\\\/lois-sur-la-mobilite-des-travailleurs\\\/#breadcrumb\",\"itemListElement\":[{\"@type\":\"ListItem\",\"position\":1,\"name\":\"Home\",\"item\":\"https:\\\/\\\/www.crto.on.ca\\\/fr\\\/\"},{\"@type\":\"ListItem\",\"position\":2,\"name\":\"Employeurs\",\"item\":\"https:\\\/\\\/www.crto.on.ca\\\/fr\\\/employeurs\\\/\"},{\"@type\":\"ListItem\",\"position\":3,\"name\":\"Embaucher quelqu&#8217;un venant de l&#8217;ext\u00e9rieur de l&#8217;Ontario\",\"item\":\"https:\\\/\\\/www.crto.on.ca\\\/fr\\\/employeurs\\\/embaucher-quelquun-venant-de-lexterieur-de-lontario\\\/\"},{\"@type\":\"ListItem\",\"position\":4,\"name\":\"Embaucher quelqu\u2019un venant de l\u2019ext\u00e9rieur de l\u2019Ontario\"}]},{\"@type\":\"WebSite\",\"@id\":\"https:\\\/\\\/www.crto.on.ca\\\/#website\",\"url\":\"https:\\\/\\\/www.crto.on.ca\\\/\",\"name\":\"CRTO\",\"description\":\"\",\"potentialAction\":[{\"@type\":\"SearchAction\",\"target\":{\"@type\":\"EntryPoint\",\"urlTemplate\":\"https:\\\/\\\/www.crto.on.ca\\\/?s={search_term_string}\"},\"query-input\":{\"@type\":\"PropertyValueSpecification\",\"valueRequired\":true,\"valueName\":\"search_term_string\"}}],\"inLanguage\":\"fr-FR\"}]}<\/script>\n<!-- \/ Yoast SEO plugin. -->","yoast_head_json":{"title":"Embaucher quelqu\u2019un venant de l\u2019ext\u00e9rieur de l\u2019Ontario - CRTO","robots":{"index":"index","follow":"follow","max-snippet":"max-snippet:-1","max-image-preview":"max-image-preview:large","max-video-preview":"max-video-preview:-1"},"canonical":"https:\/\/www.crto.on.ca\/fr\/employeurs\/embaucher-quelquun-venant-de-lexterieur-de-lontario\/lois-sur-la-mobilite-des-travailleurs\/","twitter_misc":{"Dur\u00e9e de lecture estim\u00e9e":"1 minute"},"schema":{"@context":"https:\/\/schema.org","@graph":[{"@type":"WebPage","@id":"https:\/\/www.crto.on.ca\/fr\/employeurs\/embaucher-quelquun-venant-de-lexterieur-de-lontario\/lois-sur-la-mobilite-des-travailleurs\/","url":"https:\/\/www.crto.on.ca\/fr\/employeurs\/embaucher-quelquun-venant-de-lexterieur-de-lontario\/lois-sur-la-mobilite-des-travailleurs\/","name":"Embaucher quelqu\u2019un venant de l\u2019ext\u00e9rieur de l\u2019Ontario - CRTO","isPartOf":{"@id":"https:\/\/www.crto.on.ca\/#website"},"datePublished":"2013-10-22T06:16:15+00:00","dateModified":"2023-11-02T23:39:55+00:00","breadcrumb":{"@id":"https:\/\/www.crto.on.ca\/fr\/employeurs\/embaucher-quelquun-venant-de-lexterieur-de-lontario\/lois-sur-la-mobilite-des-travailleurs\/#breadcrumb"},"inLanguage":"fr-FR","potentialAction":[{"@type":"ReadAction","target":["https:\/\/www.crto.on.ca\/fr\/employeurs\/embaucher-quelquun-venant-de-lexterieur-de-lontario\/lois-sur-la-mobilite-des-travailleurs\/"]}]},{"@type":"BreadcrumbList","@id":"https:\/\/www.crto.on.ca\/fr\/employeurs\/embaucher-quelquun-venant-de-lexterieur-de-lontario\/lois-sur-la-mobilite-des-travailleurs\/#breadcrumb","itemListElement":[{"@type":"ListItem","position":1,"name":"Home","item":"https:\/\/www.crto.on.ca\/fr\/"},{"@type":"ListItem","position":2,"name":"Employeurs","item":"https:\/\/www.crto.on.ca\/fr\/employeurs\/"},{"@type":"ListItem","position":3,"name":"Embaucher quelqu&#8217;un venant de l&#8217;ext\u00e9rieur de l&#8217;Ontario","item":"https:\/\/www.crto.on.ca\/fr\/employeurs\/embaucher-quelquun-venant-de-lexterieur-de-lontario\/"},{"@type":"ListItem","position":4,"name":"Embaucher quelqu\u2019un venant de l\u2019ext\u00e9rieur de l\u2019Ontario"}]},{"@type":"WebSite","@id":"https:\/\/www.crto.on.ca\/#website","url":"https:\/\/www.crto.on.ca\/","name":"CRTO","description":"","potentialAction":[{"@type":"SearchAction","target":{"@type":"EntryPoint","urlTemplate":"https:\/\/www.crto.on.ca\/?s={search_term_string}"},"query-input":{"@type":"PropertyValueSpecification","valueRequired":true,"valueName":"search_term_string"}}],"inLanguage":"fr-FR"}]}},"_links":{"self":[{"href":"https:\/\/www.crto.on.ca\/fr\/wp-json\/wp\/v2\/pages\/2416","targetHints":{"allow":["GET"]}}],"collection":[{"href":"https:\/\/www.crto.on.ca\/fr\/wp-json\/wp\/v2\/pages"}],"about":[{"href":"https:\/\/www.crto.on.ca\/fr\/wp-json\/wp\/v2\/types\/page"}],"author":[{"embeddable":true,"href":"https:\/\/www.crto.on.ca\/fr\/wp-json\/wp\/v2\/users\/8"}],"replies":[{"embeddable":true,"href":"https:\/\/www.crto.on.ca\/fr\/wp-json\/wp\/v2\/comments?post=2416"}],"version-history":[{"count":3,"href":"https:\/\/www.crto.on.ca\/fr\/wp-json\/wp\/v2\/pages\/2416\/revisions"}],"predecessor-version":[{"id":9114,"href":"https:\/\/www.crto.on.ca\/fr\/wp-json\/wp\/v2\/pages\/2416\/revisions\/9114"}],"up":[{"embeddable":true,"href":"https:\/\/www.crto.on.ca\/fr\/wp-json\/wp\/v2\/pages\/2414"}],"wp:attachment":[{"href":"https:\/\/www.crto.on.ca\/fr\/wp-json\/wp\/v2\/media?parent=2416"}],"curies":[{"name":"wp","href":"https:\/\/api.w.org\/{rel}","templated":true}]}}