{"id":2462,"date":"2013-10-22T02:39:17","date_gmt":"2013-10-22T06:39:17","guid":{"rendered":"http:\/\/www.crto.on.ca\/?page_id=2462"},"modified":"2013-12-05T14:38:35","modified_gmt":"2013-12-05T19:38:35","slug":"renvoi-au-comite-dinscription","status":"publish","type":"page","link":"https:\/\/www.crto.on.ca\/fr\/candidats\/renvoi-au-comite-dinscription\/","title":{"rendered":"Renvoi au Comit\u00e9 d&rsquo;inscription"},"content":{"rendered":"<div>\r\n<p>Toutes les demandes d\u2019inscription sont \u00e9tudi\u00e9es par le personnel de l\u2019OTRO. \u00c0 l\u2019occasion, le registraire peut transmettre une demande au Comit\u00e9 d\u2019inscription, par exemple si le registraire :<\/p>\r\n<blockquote>\r\n<ul>\r\n<li>a des doutes raisonnables quant au respect par le candidat des exigences en mati\u00e8re d\u2019inscription;<\/li>\r\n<li>est d\u2019avis qu\u2019il faudrait imposer des modalit\u00e9s ou des restrictions; ou<\/li>\r\n<li>propose de refuser d\u2019\u00e9mettre le certificat d\u2019inscription.<\/li>\r\n<\/ul>\r\n<\/blockquote>\r\n<p>Lorsqu\u2019une demande d\u2019inscription est transmise au Comit\u00e9 d\u2019inscription, le candidat est avis\u00e9 par \u00e9crit et dispose de trente jours pour envoyer de plus amples renseignements \u00e9tayant la demande. Par exemple, il a la possibilit\u00e9 d\u2019envoyer des renseignements pour aider le Comit\u00e9 \u00e0 comprendre sa propre situation, comme des explications \u00e9crites, des ant\u00e9c\u00e9dents professionnels d\u00e9taill\u00e9s d\u00e9crivant la nature et l\u2019intensit\u00e9 de son travail, des lettres de r\u00e9f\u00e9rence.<\/p>\r\n<p>Un sous-comit\u00e9 du Comit\u00e9 d\u2019inscription examine la demande d\u2019inscription ainsi que tout autre document fourni par le candidat. Il s\u2019agit d\u2019un examen sur papier seulement (le candidat n\u2019est pas pr\u00e9sent). Apr\u00e8s cet examen, le sous-comit\u00e9 peut ordonner au registraire de :<\/p>\r\n<blockquote><ol>\r\n<li>\u00e9mettre un certificat d\u2019inscription;<\/li>\r\n<li>\u00e9mettre un certificat d\u2019inscription comportant des modalit\u00e9s et (ou) des restrictions;<\/li>\r\n<li>demander de plus amples renseignements;<\/li>\r\n<li>refuser d\u2019\u00e9mettre un certificat d\u2019inscription.<\/li>\r\n<\/ol>\r\n<\/blockquote>\r\n<p>Une copie de l\u2019ordonnance et des motifs du sous-comit\u00e9 est remise au candidat. Si le candidat n\u2019est pas satisfait de la d\u00e9cision, il peut en faire appel aupr\u00e8s de la <b>Commission d\u2019appel et de r\u00e9vision des professions de la sant\u00e9<\/b>, une commission ind\u00e9pendante \u00e9tablie en vertu de la Loi sur les professions de la sant\u00e9 r\u00e9glement\u00e9es.<\/p>\r\n<p>En moyenne, le Comit\u00e9 de l\u2019inscription se rencontre toutes les huit \u00e0 dix semaines. L\u2019examen de la demande d\u2019inscription et la d\u00e9cision par le Comit\u00e9 d\u2019inscription peuvent demander jusqu\u2019\u00e0 dix semaines.<\/p>\r\n<\/div>\r\n","protected":false},"excerpt":{"rendered":"<p>Toutes les demandes d\u2019inscription sont \u00e9tudi\u00e9es par le personnel de l\u2019OTRO. \u00c0 l\u2019occasion, le registraire peut transmettre une demande au Comit\u00e9 d\u2019inscription, par exemple si le registraire : a des doutes raisonnables quant au respect par le candidat des exigences en mati\u00e8re d\u2019inscription; est d\u2019avis qu\u2019il faudrait imposer des modalit\u00e9s ou des restrictions; ou propose [&hellip;]<\/p>\n","protected":false},"author":8,"featured_media":0,"parent":31,"menu_order":0,"comment_status":"closed","ping_status":"closed","template":"page-applicants.php","meta":{"footnotes":""},"class_list":["post-2462","page","type-page","status-publish","hentry"],"yoast_head":"<!-- This site is optimized with the Yoast SEO plugin v27.4 - https:\/\/yoast.com\/product\/yoast-seo-wordpress\/ -->\n<title>Renvoi au Comit\u00e9 d&#039;inscription - CRTO<\/title>\n<meta name=\"robots\" content=\"index, follow, max-snippet:-1, max-image-preview:large, max-video-preview:-1\" \/>\n<link rel=\"canonical\" href=\"https:\/\/www.crto.on.ca\/fr\/candidats\/renvoi-au-comite-dinscription\/\" \/>\n<meta name=\"twitter:label1\" content=\"Dur\u00e9e de lecture estim\u00e9e\" \/>\n\t<meta name=\"twitter:data1\" content=\"2 minutes\" \/>\n<script type=\"application\/ld+json\" class=\"yoast-schema-graph\">{\"@context\":\"https:\\\/\\\/schema.org\",\"@graph\":[{\"@type\":\"WebPage\",\"@id\":\"https:\\\/\\\/www.crto.on.ca\\\/fr\\\/candidats\\\/renvoi-au-comite-dinscription\\\/\",\"url\":\"https:\\\/\\\/www.crto.on.ca\\\/fr\\\/candidats\\\/renvoi-au-comite-dinscription\\\/\",\"name\":\"Renvoi au Comit\u00e9 d'inscription - CRTO\",\"isPartOf\":{\"@id\":\"https:\\\/\\\/www.crto.on.ca\\\/#website\"},\"datePublished\":\"2013-10-22T06:39:17+00:00\",\"dateModified\":\"2013-12-05T19:38:35+00:00\",\"breadcrumb\":{\"@id\":\"https:\\\/\\\/www.crto.on.ca\\\/fr\\\/candidats\\\/renvoi-au-comite-dinscription\\\/#breadcrumb\"},\"inLanguage\":\"fr-FR\",\"potentialAction\":[{\"@type\":\"ReadAction\",\"target\":[\"https:\\\/\\\/www.crto.on.ca\\\/fr\\\/candidats\\\/renvoi-au-comite-dinscription\\\/\"]}]},{\"@type\":\"BreadcrumbList\",\"@id\":\"https:\\\/\\\/www.crto.on.ca\\\/fr\\\/candidats\\\/renvoi-au-comite-dinscription\\\/#breadcrumb\",\"itemListElement\":[{\"@type\":\"ListItem\",\"position\":1,\"name\":\"Home\",\"item\":\"https:\\\/\\\/www.crto.on.ca\\\/fr\\\/\"},{\"@type\":\"ListItem\",\"position\":2,\"name\":\"Candidats\",\"item\":\"https:\\\/\\\/www.crto.on.ca\\\/fr\\\/candidats\\\/\"},{\"@type\":\"ListItem\",\"position\":3,\"name\":\"Renvoi au Comit\u00e9 d&#8217;inscription\"}]},{\"@type\":\"WebSite\",\"@id\":\"https:\\\/\\\/www.crto.on.ca\\\/#website\",\"url\":\"https:\\\/\\\/www.crto.on.ca\\\/\",\"name\":\"CRTO\",\"description\":\"\",\"potentialAction\":[{\"@type\":\"SearchAction\",\"target\":{\"@type\":\"EntryPoint\",\"urlTemplate\":\"https:\\\/\\\/www.crto.on.ca\\\/?s={search_term_string}\"},\"query-input\":{\"@type\":\"PropertyValueSpecification\",\"valueRequired\":true,\"valueName\":\"search_term_string\"}}],\"inLanguage\":\"fr-FR\"}]}<\/script>\n<!-- \/ Yoast SEO plugin. -->","yoast_head_json":{"title":"Renvoi au Comit\u00e9 d'inscription - CRTO","robots":{"index":"index","follow":"follow","max-snippet":"max-snippet:-1","max-image-preview":"max-image-preview:large","max-video-preview":"max-video-preview:-1"},"canonical":"https:\/\/www.crto.on.ca\/fr\/candidats\/renvoi-au-comite-dinscription\/","twitter_misc":{"Dur\u00e9e de lecture estim\u00e9e":"2 minutes"},"schema":{"@context":"https:\/\/schema.org","@graph":[{"@type":"WebPage","@id":"https:\/\/www.crto.on.ca\/fr\/candidats\/renvoi-au-comite-dinscription\/","url":"https:\/\/www.crto.on.ca\/fr\/candidats\/renvoi-au-comite-dinscription\/","name":"Renvoi au Comit\u00e9 d'inscription - CRTO","isPartOf":{"@id":"https:\/\/www.crto.on.ca\/#website"},"datePublished":"2013-10-22T06:39:17+00:00","dateModified":"2013-12-05T19:38:35+00:00","breadcrumb":{"@id":"https:\/\/www.crto.on.ca\/fr\/candidats\/renvoi-au-comite-dinscription\/#breadcrumb"},"inLanguage":"fr-FR","potentialAction":[{"@type":"ReadAction","target":["https:\/\/www.crto.on.ca\/fr\/candidats\/renvoi-au-comite-dinscription\/"]}]},{"@type":"BreadcrumbList","@id":"https:\/\/www.crto.on.ca\/fr\/candidats\/renvoi-au-comite-dinscription\/#breadcrumb","itemListElement":[{"@type":"ListItem","position":1,"name":"Home","item":"https:\/\/www.crto.on.ca\/fr\/"},{"@type":"ListItem","position":2,"name":"Candidats","item":"https:\/\/www.crto.on.ca\/fr\/candidats\/"},{"@type":"ListItem","position":3,"name":"Renvoi au Comit\u00e9 d&#8217;inscription"}]},{"@type":"WebSite","@id":"https:\/\/www.crto.on.ca\/#website","url":"https:\/\/www.crto.on.ca\/","name":"CRTO","description":"","potentialAction":[{"@type":"SearchAction","target":{"@type":"EntryPoint","urlTemplate":"https:\/\/www.crto.on.ca\/?s={search_term_string}"},"query-input":{"@type":"PropertyValueSpecification","valueRequired":true,"valueName":"search_term_string"}}],"inLanguage":"fr-FR"}]}},"_links":{"self":[{"href":"https:\/\/www.crto.on.ca\/fr\/wp-json\/wp\/v2\/pages\/2462","targetHints":{"allow":["GET"]}}],"collection":[{"href":"https:\/\/www.crto.on.ca\/fr\/wp-json\/wp\/v2\/pages"}],"about":[{"href":"https:\/\/www.crto.on.ca\/fr\/wp-json\/wp\/v2\/types\/page"}],"author":[{"embeddable":true,"href":"https:\/\/www.crto.on.ca\/fr\/wp-json\/wp\/v2\/users\/8"}],"replies":[{"embeddable":true,"href":"https:\/\/www.crto.on.ca\/fr\/wp-json\/wp\/v2\/comments?post=2462"}],"version-history":[{"count":3,"href":"https:\/\/www.crto.on.ca\/fr\/wp-json\/wp\/v2\/pages\/2462\/revisions"}],"predecessor-version":[{"id":2637,"href":"https:\/\/www.crto.on.ca\/fr\/wp-json\/wp\/v2\/pages\/2462\/revisions\/2637"}],"up":[{"embeddable":true,"href":"https:\/\/www.crto.on.ca\/fr\/wp-json\/wp\/v2\/pages\/31"}],"wp:attachment":[{"href":"https:\/\/www.crto.on.ca\/fr\/wp-json\/wp\/v2\/media?parent=2462"}],"curies":[{"name":"wp","href":"https:\/\/api.w.org\/{rel}","templated":true}]}}