{"id":25,"date":"2013-06-17T06:56:13","date_gmt":"2013-06-17T06:56:13","guid":{"rendered":"http:\/\/roman-pc\/crto.on.ca\/?page_id=25"},"modified":"2023-11-02T19:15:45","modified_gmt":"2023-11-02T23:15:45","slug":"employeurs","status":"publish","type":"page","link":"https:\/\/www.crto.on.ca\/fr\/employeurs\/","title":{"rendered":"Employeurs"},"content":{"rendered":"<p>En Ontario, l\u2019utilisation du titre \u00ab\u202fth\u00e9rapeute respiratoire\u202f\u00bb est r\u00e9serv\u00e9e aux membres de l\u2019OTRO*. Le titre et toute variante ou abr\u00e9viation de ce titre (p. ex., RT, RRT) sont prot\u00e9g\u00e9s en vertu de la <em>Loi sur les th\u00e9rapeutes respiratoires<\/em> (LTR). De plus, la LTR comprend une disposition intitul\u00e9e \u00ab\u202fD\u00e9claration de comp\u00e9tence\u202f\u00bb qui interdit \u00e0 toute personne qui n\u2019est pas membre de l\u2019OTRO de se pr\u00e9senter comme une personne ayant qualit\u00e9 pour exercer la profession de th\u00e9rapeute respiratoire en Ontario* (m\u00eame si cette personne n\u2019utilise pas le titre prot\u00e9g\u00e9).<\/p>\r\n<p>Le titre r\u00e9serv\u00e9 et la disposition concernant la d\u00e9claration de comp\u00e9tence contribuent \u00e0 faire en sorte que toute personne qui utilise le titre de \u00ab\u202fth\u00e9rapeute respiratoire inscrit\u202f\u00bb est autoris\u00e9e \u00e0 exercer la profession et, \u00e0 ce titre, a satisfait \u00e0 certaines exigences et est assujettie \u00e0 l\u2019obligation professionnelle de prodiguer des soins s\u00e9curitaires, comp\u00e9tents et \u00e9thiques, conform\u00e9ment aux normes de la profession.<\/p>\r\n<p>Pour savoir si une personne est inscrite \u00e0 l\u2019OTRO, veuillez visiter notre <a href=\"https:\/\/members.crto.on.ca\/crto\/CRTO\/PublicDirectory\/Public_Directory_Member\/Public_Register\/PublicRegisterMember.aspx\">Tableau des membres<\/a> en ligne.<\/p>\r\n<p><small>*\u00c0 l\u2019exception des th\u00e9rapeutes respiratoires interjuridictionnels qui remplissent les conditions fix\u00e9es par le <a href=\"https:\/\/www.ontario.ca\/fr\/lois\/reglement\/230199\" target=\"_blank\" rel=\"noopener\">R\u00e8gl. de l\u2019Ont.. 199\/23 Exemption \u2013 Titres r\u00e9serv\u00e9s<\/a>, qui comprennent notamment le fait d\u2019avoir pr\u00e9sent\u00e9 une demande d\u2019inscription \u00e0 l\u2019OTRO. Pour obtenir plus d\u2019information, veuillez consulter la page Web sur l\u2019exemption \u00ab\u202fde plein droit\u202f\u00bb.<\/small><\/p>","protected":false},"excerpt":{"rendered":"<p>En Ontario, l\u2019utilisation du titre \u00ab\u202fth\u00e9rapeute respiratoire\u202f\u00bb est r\u00e9serv\u00e9e aux membres de l\u2019OTRO*. Le titre et toute variante ou abr\u00e9viation de ce titre (p. ex., RT, RRT) sont prot\u00e9g\u00e9s en vertu de la Loi sur les th\u00e9rapeutes respiratoires (LTR). De plus, la LTR comprend une disposition intitul\u00e9e \u00ab\u202fD\u00e9claration de comp\u00e9tence\u202f\u00bb qui interdit \u00e0 toute personne [&hellip;]<\/p>\n","protected":false},"author":8,"featured_media":0,"parent":0,"menu_order":0,"comment_status":"closed","ping_status":"closed","template":"page-employers.php","meta":{"footnotes":""},"class_list":["post-25","page","type-page","status-publish","hentry"],"yoast_head":"<!-- This site is optimized with the Yoast SEO plugin v27.3 - https:\/\/yoast.com\/product\/yoast-seo-wordpress\/ -->\n<title>Employeurs - CRTO<\/title>\n<meta name=\"robots\" content=\"index, follow, max-snippet:-1, max-image-preview:large, max-video-preview:-1\" \/>\n<link rel=\"canonical\" href=\"https:\/\/www.crto.on.ca\/fr\/employeurs\/\" \/>\n<meta name=\"twitter:label1\" content=\"Dur\u00e9e de lecture estim\u00e9e\" \/>\n\t<meta name=\"twitter:data1\" content=\"1 minute\" \/>\n<script type=\"application\/ld+json\" class=\"yoast-schema-graph\">{\"@context\":\"https:\\\/\\\/schema.org\",\"@graph\":[{\"@type\":\"WebPage\",\"@id\":\"https:\\\/\\\/www.crto.on.ca\\\/fr\\\/employeurs\\\/\",\"url\":\"https:\\\/\\\/www.crto.on.ca\\\/fr\\\/employeurs\\\/\",\"name\":\"Employeurs - CRTO\",\"isPartOf\":{\"@id\":\"https:\\\/\\\/www.crto.on.ca\\\/#website\"},\"datePublished\":\"2013-06-17T06:56:13+00:00\",\"dateModified\":\"2023-11-02T23:15:45+00:00\",\"breadcrumb\":{\"@id\":\"https:\\\/\\\/www.crto.on.ca\\\/fr\\\/employeurs\\\/#breadcrumb\"},\"inLanguage\":\"fr-FR\",\"potentialAction\":[{\"@type\":\"ReadAction\",\"target\":[\"https:\\\/\\\/www.crto.on.ca\\\/fr\\\/employeurs\\\/\"]}]},{\"@type\":\"BreadcrumbList\",\"@id\":\"https:\\\/\\\/www.crto.on.ca\\\/fr\\\/employeurs\\\/#breadcrumb\",\"itemListElement\":[{\"@type\":\"ListItem\",\"position\":1,\"name\":\"Home\",\"item\":\"https:\\\/\\\/www.crto.on.ca\\\/fr\\\/\"},{\"@type\":\"ListItem\",\"position\":2,\"name\":\"Employeurs\"}]},{\"@type\":\"WebSite\",\"@id\":\"https:\\\/\\\/www.crto.on.ca\\\/#website\",\"url\":\"https:\\\/\\\/www.crto.on.ca\\\/\",\"name\":\"CRTO\",\"description\":\"\",\"potentialAction\":[{\"@type\":\"SearchAction\",\"target\":{\"@type\":\"EntryPoint\",\"urlTemplate\":\"https:\\\/\\\/www.crto.on.ca\\\/?s={search_term_string}\"},\"query-input\":{\"@type\":\"PropertyValueSpecification\",\"valueRequired\":true,\"valueName\":\"search_term_string\"}}],\"inLanguage\":\"fr-FR\"}]}<\/script>\n<!-- \/ Yoast SEO plugin. -->","yoast_head_json":{"title":"Employeurs - CRTO","robots":{"index":"index","follow":"follow","max-snippet":"max-snippet:-1","max-image-preview":"max-image-preview:large","max-video-preview":"max-video-preview:-1"},"canonical":"https:\/\/www.crto.on.ca\/fr\/employeurs\/","twitter_misc":{"Dur\u00e9e de lecture estim\u00e9e":"1 minute"},"schema":{"@context":"https:\/\/schema.org","@graph":[{"@type":"WebPage","@id":"https:\/\/www.crto.on.ca\/fr\/employeurs\/","url":"https:\/\/www.crto.on.ca\/fr\/employeurs\/","name":"Employeurs - CRTO","isPartOf":{"@id":"https:\/\/www.crto.on.ca\/#website"},"datePublished":"2013-06-17T06:56:13+00:00","dateModified":"2023-11-02T23:15:45+00:00","breadcrumb":{"@id":"https:\/\/www.crto.on.ca\/fr\/employeurs\/#breadcrumb"},"inLanguage":"fr-FR","potentialAction":[{"@type":"ReadAction","target":["https:\/\/www.crto.on.ca\/fr\/employeurs\/"]}]},{"@type":"BreadcrumbList","@id":"https:\/\/www.crto.on.ca\/fr\/employeurs\/#breadcrumb","itemListElement":[{"@type":"ListItem","position":1,"name":"Home","item":"https:\/\/www.crto.on.ca\/fr\/"},{"@type":"ListItem","position":2,"name":"Employeurs"}]},{"@type":"WebSite","@id":"https:\/\/www.crto.on.ca\/#website","url":"https:\/\/www.crto.on.ca\/","name":"CRTO","description":"","potentialAction":[{"@type":"SearchAction","target":{"@type":"EntryPoint","urlTemplate":"https:\/\/www.crto.on.ca\/?s={search_term_string}"},"query-input":{"@type":"PropertyValueSpecification","valueRequired":true,"valueName":"search_term_string"}}],"inLanguage":"fr-FR"}]}},"_links":{"self":[{"href":"https:\/\/www.crto.on.ca\/fr\/wp-json\/wp\/v2\/pages\/25","targetHints":{"allow":["GET"]}}],"collection":[{"href":"https:\/\/www.crto.on.ca\/fr\/wp-json\/wp\/v2\/pages"}],"about":[{"href":"https:\/\/www.crto.on.ca\/fr\/wp-json\/wp\/v2\/types\/page"}],"author":[{"embeddable":true,"href":"https:\/\/www.crto.on.ca\/fr\/wp-json\/wp\/v2\/users\/8"}],"replies":[{"embeddable":true,"href":"https:\/\/www.crto.on.ca\/fr\/wp-json\/wp\/v2\/comments?post=25"}],"version-history":[{"count":4,"href":"https:\/\/www.crto.on.ca\/fr\/wp-json\/wp\/v2\/pages\/25\/revisions"}],"predecessor-version":[{"id":9106,"href":"https:\/\/www.crto.on.ca\/fr\/wp-json\/wp\/v2\/pages\/25\/revisions\/9106"}],"wp:attachment":[{"href":"https:\/\/www.crto.on.ca\/fr\/wp-json\/wp\/v2\/media?parent=25"}],"curies":[{"name":"wp","href":"https:\/\/api.w.org\/{rel}","templated":true}]}}