{"id":3115,"date":"2014-07-29T12:07:00","date_gmt":"2014-07-29T16:07:00","guid":{"rendered":"http:\/\/www.crto.on.ca\/?page_id=3115"},"modified":"2015-08-07T14:00:33","modified_gmt":"2015-08-07T18:00:33","slug":"understanding-non-regulated-healthcare-providers-2","status":"publish","type":"page","link":"https:\/\/www.crto.on.ca\/fr\/members\/exercice-de-la-profession\/understanding-non-regulated-healthcare-providers-2\/","title":{"rendered":"Comprendre les fournisseurs de soins de sant\u00e9 non r\u00e9glement\u00e9s"},"content":{"rendered":"<p>Cette page n\u2019est pas encore traduite. Nous travaillons actuellement \u00e0 la traduction du site Web remani\u00e9 au complet, mais il faudra un certan temps afin de nous assurer que tout est fait convenablement.<\/p><p>Nous appr\u00e9cions votre patience et votre collaboration \u00e0 cet \u00e9gard.<\/p>","protected":false},"excerpt":{"rendered":"<p>Cette page n\u2019est pas encore traduite. Nous travaillons actuellement \u00e0 la traduction du site Web remani\u00e9 au complet, mais il faudra un certan temps afin de nous assurer que tout est fait convenablement.Nous appr\u00e9cions votre patience et votre collaboration \u00e0 cet \u00e9gard.<\/p>\n","protected":false},"author":3,"featured_media":0,"parent":2345,"menu_order":0,"comment_status":"closed","ping_status":"closed","template":"page-members.php","meta":{"footnotes":""},"class_list":["post-3115","page","type-page","status-publish","hentry"],"yoast_head":"<!-- This site is optimized with the Yoast SEO plugin v27.3 - https:\/\/yoast.com\/product\/yoast-seo-wordpress\/ -->\n<title>Comprendre les fournisseurs de soins de sant\u00e9 non r\u00e9glement\u00e9s - CRTO<\/title>\n<meta name=\"robots\" content=\"index, follow, max-snippet:-1, max-image-preview:large, max-video-preview:-1\" \/>\n<link rel=\"canonical\" href=\"https:\/\/www.crto.on.ca\/fr\/members\/exercice-de-la-profession\/understanding-non-regulated-healthcare-providers-2\/\" \/>\n<script type=\"application\/ld+json\" class=\"yoast-schema-graph\">{\"@context\":\"https:\\\/\\\/schema.org\",\"@graph\":[{\"@type\":\"WebPage\",\"@id\":\"https:\\\/\\\/www.crto.on.ca\\\/fr\\\/members\\\/exercice-de-la-profession\\\/understanding-non-regulated-healthcare-providers-2\\\/\",\"url\":\"https:\\\/\\\/www.crto.on.ca\\\/fr\\\/members\\\/exercice-de-la-profession\\\/understanding-non-regulated-healthcare-providers-2\\\/\",\"name\":\"Comprendre les fournisseurs de soins de sant\u00e9 non r\u00e9glement\u00e9s - CRTO\",\"isPartOf\":{\"@id\":\"https:\\\/\\\/www.crto.on.ca\\\/#website\"},\"datePublished\":\"2014-07-29T16:07:00+00:00\",\"dateModified\":\"2015-08-07T18:00:33+00:00\",\"breadcrumb\":{\"@id\":\"https:\\\/\\\/www.crto.on.ca\\\/fr\\\/members\\\/exercice-de-la-profession\\\/understanding-non-regulated-healthcare-providers-2\\\/#breadcrumb\"},\"inLanguage\":\"fr-FR\",\"potentialAction\":[{\"@type\":\"ReadAction\",\"target\":[\"https:\\\/\\\/www.crto.on.ca\\\/fr\\\/members\\\/exercice-de-la-profession\\\/understanding-non-regulated-healthcare-providers-2\\\/\"]}]},{\"@type\":\"BreadcrumbList\",\"@id\":\"https:\\\/\\\/www.crto.on.ca\\\/fr\\\/members\\\/exercice-de-la-profession\\\/understanding-non-regulated-healthcare-providers-2\\\/#breadcrumb\",\"itemListElement\":[{\"@type\":\"ListItem\",\"position\":1,\"name\":\"Home\",\"item\":\"https:\\\/\\\/www.crto.on.ca\\\/fr\\\/\"},{\"@type\":\"ListItem\",\"position\":2,\"name\":\"Membres\",\"item\":\"https:\\\/\\\/www.crto.on.ca\\\/fr\\\/members\\\/\"},{\"@type\":\"ListItem\",\"position\":3,\"name\":\"Pratique professionnelle\",\"item\":\"https:\\\/\\\/www.crto.on.ca\\\/fr\\\/members\\\/exercice-de-la-profession\\\/\"},{\"@type\":\"ListItem\",\"position\":4,\"name\":\"Comprendre les fournisseurs de soins de sant\u00e9 non r\u00e9glement\u00e9s\"}]},{\"@type\":\"WebSite\",\"@id\":\"https:\\\/\\\/www.crto.on.ca\\\/#website\",\"url\":\"https:\\\/\\\/www.crto.on.ca\\\/\",\"name\":\"CRTO\",\"description\":\"\",\"potentialAction\":[{\"@type\":\"SearchAction\",\"target\":{\"@type\":\"EntryPoint\",\"urlTemplate\":\"https:\\\/\\\/www.crto.on.ca\\\/?s={search_term_string}\"},\"query-input\":{\"@type\":\"PropertyValueSpecification\",\"valueRequired\":true,\"valueName\":\"search_term_string\"}}],\"inLanguage\":\"fr-FR\"}]}<\/script>\n<!-- \/ Yoast SEO plugin. -->","yoast_head_json":{"title":"Comprendre les fournisseurs de soins de sant\u00e9 non r\u00e9glement\u00e9s - CRTO","robots":{"index":"index","follow":"follow","max-snippet":"max-snippet:-1","max-image-preview":"max-image-preview:large","max-video-preview":"max-video-preview:-1"},"canonical":"https:\/\/www.crto.on.ca\/fr\/members\/exercice-de-la-profession\/understanding-non-regulated-healthcare-providers-2\/","schema":{"@context":"https:\/\/schema.org","@graph":[{"@type":"WebPage","@id":"https:\/\/www.crto.on.ca\/fr\/members\/exercice-de-la-profession\/understanding-non-regulated-healthcare-providers-2\/","url":"https:\/\/www.crto.on.ca\/fr\/members\/exercice-de-la-profession\/understanding-non-regulated-healthcare-providers-2\/","name":"Comprendre les fournisseurs de soins de sant\u00e9 non r\u00e9glement\u00e9s - CRTO","isPartOf":{"@id":"https:\/\/www.crto.on.ca\/#website"},"datePublished":"2014-07-29T16:07:00+00:00","dateModified":"2015-08-07T18:00:33+00:00","breadcrumb":{"@id":"https:\/\/www.crto.on.ca\/fr\/members\/exercice-de-la-profession\/understanding-non-regulated-healthcare-providers-2\/#breadcrumb"},"inLanguage":"fr-FR","potentialAction":[{"@type":"ReadAction","target":["https:\/\/www.crto.on.ca\/fr\/members\/exercice-de-la-profession\/understanding-non-regulated-healthcare-providers-2\/"]}]},{"@type":"BreadcrumbList","@id":"https:\/\/www.crto.on.ca\/fr\/members\/exercice-de-la-profession\/understanding-non-regulated-healthcare-providers-2\/#breadcrumb","itemListElement":[{"@type":"ListItem","position":1,"name":"Home","item":"https:\/\/www.crto.on.ca\/fr\/"},{"@type":"ListItem","position":2,"name":"Membres","item":"https:\/\/www.crto.on.ca\/fr\/members\/"},{"@type":"ListItem","position":3,"name":"Pratique professionnelle","item":"https:\/\/www.crto.on.ca\/fr\/members\/exercice-de-la-profession\/"},{"@type":"ListItem","position":4,"name":"Comprendre les fournisseurs de soins de sant\u00e9 non r\u00e9glement\u00e9s"}]},{"@type":"WebSite","@id":"https:\/\/www.crto.on.ca\/#website","url":"https:\/\/www.crto.on.ca\/","name":"CRTO","description":"","potentialAction":[{"@type":"SearchAction","target":{"@type":"EntryPoint","urlTemplate":"https:\/\/www.crto.on.ca\/?s={search_term_string}"},"query-input":{"@type":"PropertyValueSpecification","valueRequired":true,"valueName":"search_term_string"}}],"inLanguage":"fr-FR"}]}},"_links":{"self":[{"href":"https:\/\/www.crto.on.ca\/fr\/wp-json\/wp\/v2\/pages\/3115","targetHints":{"allow":["GET"]}}],"collection":[{"href":"https:\/\/www.crto.on.ca\/fr\/wp-json\/wp\/v2\/pages"}],"about":[{"href":"https:\/\/www.crto.on.ca\/fr\/wp-json\/wp\/v2\/types\/page"}],"author":[{"embeddable":true,"href":"https:\/\/www.crto.on.ca\/fr\/wp-json\/wp\/v2\/users\/3"}],"replies":[{"embeddable":true,"href":"https:\/\/www.crto.on.ca\/fr\/wp-json\/wp\/v2\/comments?post=3115"}],"version-history":[{"count":5,"href":"https:\/\/www.crto.on.ca\/fr\/wp-json\/wp\/v2\/pages\/3115\/revisions"}],"predecessor-version":[{"id":4112,"href":"https:\/\/www.crto.on.ca\/fr\/wp-json\/wp\/v2\/pages\/3115\/revisions\/4112"}],"up":[{"embeddable":true,"href":"https:\/\/www.crto.on.ca\/fr\/wp-json\/wp\/v2\/pages\/2345"}],"wp:attachment":[{"href":"https:\/\/www.crto.on.ca\/fr\/wp-json\/wp\/v2\/media?parent=3115"}],"curies":[{"name":"wp","href":"https:\/\/api.w.org\/{rel}","templated":true}]}}