{"id":3168,"date":"2013-11-15T22:18:46","date_gmt":"2013-11-16T03:18:46","guid":{"rendered":"http:\/\/www.crto.on.ca\/membres\/exercice-de-la-profession\/oxygen-therapy\/"},"modified":"2025-01-09T11:23:37","modified_gmt":"2025-01-09T16:23:37","slug":"oxygen-therapy","status":"publish","type":"page","link":"https:\/\/www.crto.on.ca\/fr\/members\/exercice-de-la-profession\/oxygen-therapy\/","title":{"rendered":"Oxyg\u00e9noth\u00e9rapie"},"content":{"rendered":"<p>Les th\u00e9rapeutes respiratoires peuvent maintenant initier, ajuster ou arr\u00eater l&rsquo;oxyg\u00e9noth\u00e9rapie pour les patients dans la communaut\u00e9 sans qu&rsquo;un m\u00e9decin en ait fait la demande.<\/p>\r\n<p>Il s&rsquo;agit d&rsquo;un changement important qui am\u00e9liorera l&rsquo;acc\u00e8s aux soins pour les patients atteints d&rsquo;une maladie respiratoire et qui aura des cons\u00e9quences sur la pratique des th\u00e9rapeutes respiratoires ainsi que sur les compagnies et les fournisseurs de soins \u00e0 domicile.<\/p>\r\n<p>Pour de plus amples renseignements sur notre site Web, veuillez consulter les liens pertinents \u00e0 droite.<\/p>\r\n<h3>Webinaire sur de r\u00e9cents changements permettant l&rsquo;administration ind\u00e9pendante d&rsquo;oxyg\u00e8ne<\/h3>\r\n<p>Ce webinaire traite de ce changement et de sujets connexes. Il peut \u00eatre d&rsquo;int\u00e9r\u00eat pour les th\u00e9rapeutes respiratoires travaillant dans la communaut\u00e9, les directeurs, les compagnies de soins \u00e0 domicile et les autres fournisseurs de soins de sant\u00e9 dans la communaut\u00e9.<\/p>\r\n<p>Pour visionner un enregistrement du webinaire, <a title=\"YouTube Link to Oxygen Administration Webinar\" href=\"https:\/\/www.youtube.com\/watch?v=Cn7Opk6QuX8&amp;feature=youtu.be\" target=\"_blank\" rel=\"noopener\">cliquez ici<\/a>.<span style=\"font-size: xx-small;\"> (disponible seulement en anglais) <\/span><\/p>\r\n<p>Pour consulter une copie de la pr\u00e9sentation PowerPoint, <a title=\"Oxygen Administration Webinar Slides\" href=\"https:\/\/www.crto.on.ca\/pdf\/Misc\/CRTO_Oxygen_Administration_Webinar.pdf\" target=\"_blank\" rel=\"noopener\">cliquez ici<\/a>.<span style=\"font-size: xx-small;\"> (disponible seulement en anglais) <\/span><\/p>","protected":false},"excerpt":{"rendered":"<p>Les th\u00e9rapeutes respiratoires peuvent maintenant initier, ajuster ou arr\u00eater l&rsquo;oxyg\u00e9noth\u00e9rapie pour les patients dans la communaut\u00e9 sans qu&rsquo;un m\u00e9decin en ait fait la demande. Il s&rsquo;agit d&rsquo;un changement important qui am\u00e9liorera l&rsquo;acc\u00e8s aux soins pour les patients atteints d&rsquo;une maladie respiratoire et qui aura des cons\u00e9quences sur la pratique des th\u00e9rapeutes respiratoires ainsi que sur [&hellip;]<\/p>\n","protected":false},"author":3,"featured_media":0,"parent":2345,"menu_order":0,"comment_status":"closed","ping_status":"closed","template":"page-members.php","meta":{"footnotes":""},"class_list":["post-3168","page","type-page","status-publish","hentry"],"yoast_head":"<!-- This site is optimized with the Yoast SEO plugin v27.3 - https:\/\/yoast.com\/product\/yoast-seo-wordpress\/ -->\n<title>Oxyg\u00e9noth\u00e9rapie - CRTO<\/title>\n<meta name=\"robots\" content=\"index, follow, max-snippet:-1, max-image-preview:large, max-video-preview:-1\" \/>\n<link rel=\"canonical\" href=\"https:\/\/www.crto.on.ca\/fr\/members\/exercice-de-la-profession\/oxygen-therapy\/\" \/>\n<meta name=\"twitter:label1\" content=\"Dur\u00e9e de lecture estim\u00e9e\" \/>\n\t<meta name=\"twitter:data1\" content=\"1 minute\" \/>\n<script type=\"application\/ld+json\" class=\"yoast-schema-graph\">{\"@context\":\"https:\\\/\\\/schema.org\",\"@graph\":[{\"@type\":\"WebPage\",\"@id\":\"https:\\\/\\\/www.crto.on.ca\\\/fr\\\/members\\\/exercice-de-la-profession\\\/oxygen-therapy\\\/\",\"url\":\"https:\\\/\\\/www.crto.on.ca\\\/fr\\\/members\\\/exercice-de-la-profession\\\/oxygen-therapy\\\/\",\"name\":\"Oxyg\u00e9noth\u00e9rapie - CRTO\",\"isPartOf\":{\"@id\":\"https:\\\/\\\/www.crto.on.ca\\\/#website\"},\"datePublished\":\"2013-11-16T03:18:46+00:00\",\"dateModified\":\"2025-01-09T16:23:37+00:00\",\"breadcrumb\":{\"@id\":\"https:\\\/\\\/www.crto.on.ca\\\/fr\\\/members\\\/exercice-de-la-profession\\\/oxygen-therapy\\\/#breadcrumb\"},\"inLanguage\":\"fr-FR\",\"potentialAction\":[{\"@type\":\"ReadAction\",\"target\":[\"https:\\\/\\\/www.crto.on.ca\\\/fr\\\/members\\\/exercice-de-la-profession\\\/oxygen-therapy\\\/\"]}]},{\"@type\":\"BreadcrumbList\",\"@id\":\"https:\\\/\\\/www.crto.on.ca\\\/fr\\\/members\\\/exercice-de-la-profession\\\/oxygen-therapy\\\/#breadcrumb\",\"itemListElement\":[{\"@type\":\"ListItem\",\"position\":1,\"name\":\"Home\",\"item\":\"https:\\\/\\\/www.crto.on.ca\\\/fr\\\/\"},{\"@type\":\"ListItem\",\"position\":2,\"name\":\"Membres\",\"item\":\"https:\\\/\\\/www.crto.on.ca\\\/fr\\\/members\\\/\"},{\"@type\":\"ListItem\",\"position\":3,\"name\":\"Pratique professionnelle\",\"item\":\"https:\\\/\\\/www.crto.on.ca\\\/fr\\\/members\\\/exercice-de-la-profession\\\/\"},{\"@type\":\"ListItem\",\"position\":4,\"name\":\"Oxyg\u00e9noth\u00e9rapie\"}]},{\"@type\":\"WebSite\",\"@id\":\"https:\\\/\\\/www.crto.on.ca\\\/#website\",\"url\":\"https:\\\/\\\/www.crto.on.ca\\\/\",\"name\":\"CRTO\",\"description\":\"\",\"potentialAction\":[{\"@type\":\"SearchAction\",\"target\":{\"@type\":\"EntryPoint\",\"urlTemplate\":\"https:\\\/\\\/www.crto.on.ca\\\/?s={search_term_string}\"},\"query-input\":{\"@type\":\"PropertyValueSpecification\",\"valueRequired\":true,\"valueName\":\"search_term_string\"}}],\"inLanguage\":\"fr-FR\"}]}<\/script>\n<!-- \/ Yoast SEO plugin. -->","yoast_head_json":{"title":"Oxyg\u00e9noth\u00e9rapie - CRTO","robots":{"index":"index","follow":"follow","max-snippet":"max-snippet:-1","max-image-preview":"max-image-preview:large","max-video-preview":"max-video-preview:-1"},"canonical":"https:\/\/www.crto.on.ca\/fr\/members\/exercice-de-la-profession\/oxygen-therapy\/","twitter_misc":{"Dur\u00e9e de lecture estim\u00e9e":"1 minute"},"schema":{"@context":"https:\/\/schema.org","@graph":[{"@type":"WebPage","@id":"https:\/\/www.crto.on.ca\/fr\/members\/exercice-de-la-profession\/oxygen-therapy\/","url":"https:\/\/www.crto.on.ca\/fr\/members\/exercice-de-la-profession\/oxygen-therapy\/","name":"Oxyg\u00e9noth\u00e9rapie - CRTO","isPartOf":{"@id":"https:\/\/www.crto.on.ca\/#website"},"datePublished":"2013-11-16T03:18:46+00:00","dateModified":"2025-01-09T16:23:37+00:00","breadcrumb":{"@id":"https:\/\/www.crto.on.ca\/fr\/members\/exercice-de-la-profession\/oxygen-therapy\/#breadcrumb"},"inLanguage":"fr-FR","potentialAction":[{"@type":"ReadAction","target":["https:\/\/www.crto.on.ca\/fr\/members\/exercice-de-la-profession\/oxygen-therapy\/"]}]},{"@type":"BreadcrumbList","@id":"https:\/\/www.crto.on.ca\/fr\/members\/exercice-de-la-profession\/oxygen-therapy\/#breadcrumb","itemListElement":[{"@type":"ListItem","position":1,"name":"Home","item":"https:\/\/www.crto.on.ca\/fr\/"},{"@type":"ListItem","position":2,"name":"Membres","item":"https:\/\/www.crto.on.ca\/fr\/members\/"},{"@type":"ListItem","position":3,"name":"Pratique professionnelle","item":"https:\/\/www.crto.on.ca\/fr\/members\/exercice-de-la-profession\/"},{"@type":"ListItem","position":4,"name":"Oxyg\u00e9noth\u00e9rapie"}]},{"@type":"WebSite","@id":"https:\/\/www.crto.on.ca\/#website","url":"https:\/\/www.crto.on.ca\/","name":"CRTO","description":"","potentialAction":[{"@type":"SearchAction","target":{"@type":"EntryPoint","urlTemplate":"https:\/\/www.crto.on.ca\/?s={search_term_string}"},"query-input":{"@type":"PropertyValueSpecification","valueRequired":true,"valueName":"search_term_string"}}],"inLanguage":"fr-FR"}]}},"_links":{"self":[{"href":"https:\/\/www.crto.on.ca\/fr\/wp-json\/wp\/v2\/pages\/3168","targetHints":{"allow":["GET"]}}],"collection":[{"href":"https:\/\/www.crto.on.ca\/fr\/wp-json\/wp\/v2\/pages"}],"about":[{"href":"https:\/\/www.crto.on.ca\/fr\/wp-json\/wp\/v2\/types\/page"}],"author":[{"embeddable":true,"href":"https:\/\/www.crto.on.ca\/fr\/wp-json\/wp\/v2\/users\/3"}],"replies":[{"embeddable":true,"href":"https:\/\/www.crto.on.ca\/fr\/wp-json\/wp\/v2\/comments?post=3168"}],"version-history":[{"count":6,"href":"https:\/\/www.crto.on.ca\/fr\/wp-json\/wp\/v2\/pages\/3168\/revisions"}],"predecessor-version":[{"id":11130,"href":"https:\/\/www.crto.on.ca\/fr\/wp-json\/wp\/v2\/pages\/3168\/revisions\/11130"}],"up":[{"embeddable":true,"href":"https:\/\/www.crto.on.ca\/fr\/wp-json\/wp\/v2\/pages\/2345"}],"wp:attachment":[{"href":"https:\/\/www.crto.on.ca\/fr\/wp-json\/wp\/v2\/media?parent=3168"}],"curies":[{"name":"wp","href":"https:\/\/api.w.org\/{rel}","templated":true}]}}