{"id":3680,"date":"2013-01-18T17:56:26","date_gmt":"2013-01-18T22:56:26","guid":{"rendered":"http:\/\/www.crto.on.ca\/?page_id=3680"},"modified":"2023-05-17T21:35:00","modified_gmt":"2023-05-18T01:35:00","slug":"grts","status":"publish","type":"page","link":"https:\/\/www.crto.on.ca\/fr\/members\/about-your-certificate-of-registration\/grts\/","title":{"rendered":"Dipl\u00f4m\u00e9s (GRT)"},"content":{"rendered":"<p>Un <b>certificat d\u2019inscription de membre dipl\u00f4m\u00e9<\/b> est \u00e9mis \u00e0 une personne qui r\u00e9pond \u00e0 toutes les exigences en mati\u00e8re d\u2019\u00e9ducation mais qui n\u2019a pas encore r\u00e9ussi l\u2019examen d\u2019inscription approuv\u00e9. Un membre qui a un certificat de membre dipl\u00f4m\u00e9 doit se servir de la d\u00e9signation GRT et peut utiliser le titre professionnel \u00ab th\u00e9rapeute respiratoire dipl\u00f4m\u00e9 \u00bb. Cette cat\u00e9gorie d\u2019inscription est temporaire. Le certificat d\u2019inscription de membre dipl\u00f4m\u00e9 est automatiquement r\u00e9voqu\u00e9 apr\u00e8s 18 mois.<\/p>\r\n<p>Les conditions suivantes s\u2019appliquent au certificat d\u2019inscription de membre dipl\u00f4m\u00e9 :<\/p>\r\n<ul>\r\n\t<li>Le membre (dipl\u00f4m\u00e9) :\r\n\r\n<ul>\r\n\t<li>doit, \u00e0 la premi\u00e8re occasion, aviser son employeur de toute modalit\u00e9 ou restriction figurant sur son certificat d\u2019inscription s\u2019il travaille en th\u00e9rapie respiratoire;<\/li>\r\n\t<li>seulement ex\u00e9cuter un acte contr\u00f4l\u00e9 autoris\u00e9 \u00e0 la profession si cela se fait sous la surveillance g\u00e9n\u00e9rale d\u2019un membre d\u2019un ordre de r\u00e9glementation au sens de la <em>Loi de 1991 sur les professions de la sant\u00e9 r\u00e9glement\u00e9es<\/em> si le membre dipl\u00f4m\u00e9 a des motifs raisonnables de croire que ce membre poss\u00e8de les comp\u00e9tences et l\u2019autorisation pour ex\u00e9cuter l\u2019acte contr\u00f4l\u00e9 en question et qu\u2019il est disponible pour se rendre o\u00f9 l\u2019acte autoris\u00e9 est ex\u00e9cut\u00e9, dans un d\u00e9lai de dix minutes;<\/li>\r\n\t<li>ne doit pas d\u00e9l\u00e9guer d\u2019acte contr\u00f4l\u00e9;<\/li>\r\n\t<li>n\u2019ex\u00e9cute pas de proc\u00e9dure prescrite avanc\u00e9e sous le derme;<\/li>\r\n\t<li>n\u2019ex\u00e9cute pas l\u2019acte autoris\u00e9 n<sup>o<\/sup> 5 (administration d\u2019une substance prescrite par inhalation); et<\/li>\r\n\t<li>n\u2019ex\u00e9cute pas de changement de tube de trach\u00e9otomie pour un stomate de moins de 24 heures.<\/li>\r\n<\/ul>\r\n<\/li>\r\n<\/ul>\r\n<p>Un certificat d\u2019inscription de membre dipl\u00f4m\u00e9 est consid\u00e9r\u00e9 comme r\u00e9voqu\u00e9 18 mois apr\u00e8s la date d\u2019\u00e9mission d\u2019origine.<\/p>\r\n<h3><b>Passer du certificat d\u2019inscription de membre dipl\u00f4m\u00e9 au certificat g\u00e9n\u00e9ral<\/b><\/h3>\r\n<p>Pour recevoir un certificat d\u2019inscription g\u00e9n\u00e9ral (RRT), un membre dipl\u00f4m\u00e9 doit :<\/p>\r\n<ul>\r\n\t<li>R\u00e9ussir l\u2019examen du HPTC; et<\/li>\r\n\t<li>Envoyer une copie des r\u00e9sultats de l\u2019examen du HPTC \u00e0 l\u2019Ordre. Cela peut \u00eatre envoy\u00e9 par courriel, par t\u00e9l\u00e9copieur au 416 591-7890 ou par la poste (180, rue Dundas Ouest, Bureau 2103, Toronto (Ontario) M5G 1Z8).<\/li>\r\n<\/ul>","protected":false},"excerpt":{"rendered":"<p>Un certificat d\u2019inscription de membre dipl\u00f4m\u00e9 est \u00e9mis \u00e0 une personne qui r\u00e9pond \u00e0 toutes les exigences en mati\u00e8re d\u2019\u00e9ducation mais qui n\u2019a pas encore r\u00e9ussi l\u2019examen d\u2019inscription approuv\u00e9. Un membre qui a un certificat de membre dipl\u00f4m\u00e9 doit se servir de la d\u00e9signation GRT et peut utiliser le titre professionnel \u00ab th\u00e9rapeute respiratoire dipl\u00f4m\u00e9 [&hellip;]<\/p>\n","protected":false},"author":3,"featured_media":0,"parent":2370,"menu_order":0,"comment_status":"closed","ping_status":"closed","template":"page-members.php","meta":{"footnotes":""},"class_list":["post-3680","page","type-page","status-publish","hentry"],"yoast_head":"<!-- This site is optimized with the Yoast SEO plugin v27.4 - https:\/\/yoast.com\/product\/yoast-seo-wordpress\/ -->\n<title>Dipl\u00f4m\u00e9s (GRT) - CRTO<\/title>\n<meta name=\"robots\" content=\"index, follow, max-snippet:-1, max-image-preview:large, max-video-preview:-1\" \/>\n<link rel=\"canonical\" href=\"https:\/\/www.crto.on.ca\/fr\/members\/about-your-certificate-of-registration\/grts\/\" \/>\n<meta name=\"twitter:label1\" content=\"Dur\u00e9e de lecture estim\u00e9e\" \/>\n\t<meta name=\"twitter:data1\" content=\"2 minutes\" \/>\n<script type=\"application\/ld+json\" class=\"yoast-schema-graph\">{\"@context\":\"https:\\\/\\\/schema.org\",\"@graph\":[{\"@type\":\"WebPage\",\"@id\":\"https:\\\/\\\/www.crto.on.ca\\\/fr\\\/members\\\/about-your-certificate-of-registration\\\/grts\\\/\",\"url\":\"https:\\\/\\\/www.crto.on.ca\\\/fr\\\/members\\\/about-your-certificate-of-registration\\\/grts\\\/\",\"name\":\"Dipl\u00f4m\u00e9s (GRT) - CRTO\",\"isPartOf\":{\"@id\":\"https:\\\/\\\/www.crto.on.ca\\\/#website\"},\"datePublished\":\"2013-01-18T22:56:26+00:00\",\"dateModified\":\"2023-05-18T01:35:00+00:00\",\"breadcrumb\":{\"@id\":\"https:\\\/\\\/www.crto.on.ca\\\/fr\\\/members\\\/about-your-certificate-of-registration\\\/grts\\\/#breadcrumb\"},\"inLanguage\":\"fr-FR\",\"potentialAction\":[{\"@type\":\"ReadAction\",\"target\":[\"https:\\\/\\\/www.crto.on.ca\\\/fr\\\/members\\\/about-your-certificate-of-registration\\\/grts\\\/\"]}]},{\"@type\":\"BreadcrumbList\",\"@id\":\"https:\\\/\\\/www.crto.on.ca\\\/fr\\\/members\\\/about-your-certificate-of-registration\\\/grts\\\/#breadcrumb\",\"itemListElement\":[{\"@type\":\"ListItem\",\"position\":1,\"name\":\"Home\",\"item\":\"https:\\\/\\\/www.crto.on.ca\\\/fr\\\/\"},{\"@type\":\"ListItem\",\"position\":2,\"name\":\"Membres\",\"item\":\"https:\\\/\\\/www.crto.on.ca\\\/fr\\\/members\\\/\"},{\"@type\":\"ListItem\",\"position\":3,\"name\":\"Au sujet de votre certificat d\u2019inscription\",\"item\":\"https:\\\/\\\/www.crto.on.ca\\\/fr\\\/members\\\/about-your-certificate-of-registration\\\/\"},{\"@type\":\"ListItem\",\"position\":4,\"name\":\"Dipl\u00f4m\u00e9s (GRT)\"}]},{\"@type\":\"WebSite\",\"@id\":\"https:\\\/\\\/www.crto.on.ca\\\/#website\",\"url\":\"https:\\\/\\\/www.crto.on.ca\\\/\",\"name\":\"CRTO\",\"description\":\"\",\"potentialAction\":[{\"@type\":\"SearchAction\",\"target\":{\"@type\":\"EntryPoint\",\"urlTemplate\":\"https:\\\/\\\/www.crto.on.ca\\\/?s={search_term_string}\"},\"query-input\":{\"@type\":\"PropertyValueSpecification\",\"valueRequired\":true,\"valueName\":\"search_term_string\"}}],\"inLanguage\":\"fr-FR\"}]}<\/script>\n<!-- \/ Yoast SEO plugin. -->","yoast_head_json":{"title":"Dipl\u00f4m\u00e9s (GRT) - CRTO","robots":{"index":"index","follow":"follow","max-snippet":"max-snippet:-1","max-image-preview":"max-image-preview:large","max-video-preview":"max-video-preview:-1"},"canonical":"https:\/\/www.crto.on.ca\/fr\/members\/about-your-certificate-of-registration\/grts\/","twitter_misc":{"Dur\u00e9e de lecture estim\u00e9e":"2 minutes"},"schema":{"@context":"https:\/\/schema.org","@graph":[{"@type":"WebPage","@id":"https:\/\/www.crto.on.ca\/fr\/members\/about-your-certificate-of-registration\/grts\/","url":"https:\/\/www.crto.on.ca\/fr\/members\/about-your-certificate-of-registration\/grts\/","name":"Dipl\u00f4m\u00e9s (GRT) - CRTO","isPartOf":{"@id":"https:\/\/www.crto.on.ca\/#website"},"datePublished":"2013-01-18T22:56:26+00:00","dateModified":"2023-05-18T01:35:00+00:00","breadcrumb":{"@id":"https:\/\/www.crto.on.ca\/fr\/members\/about-your-certificate-of-registration\/grts\/#breadcrumb"},"inLanguage":"fr-FR","potentialAction":[{"@type":"ReadAction","target":["https:\/\/www.crto.on.ca\/fr\/members\/about-your-certificate-of-registration\/grts\/"]}]},{"@type":"BreadcrumbList","@id":"https:\/\/www.crto.on.ca\/fr\/members\/about-your-certificate-of-registration\/grts\/#breadcrumb","itemListElement":[{"@type":"ListItem","position":1,"name":"Home","item":"https:\/\/www.crto.on.ca\/fr\/"},{"@type":"ListItem","position":2,"name":"Membres","item":"https:\/\/www.crto.on.ca\/fr\/members\/"},{"@type":"ListItem","position":3,"name":"Au sujet de votre certificat d\u2019inscription","item":"https:\/\/www.crto.on.ca\/fr\/members\/about-your-certificate-of-registration\/"},{"@type":"ListItem","position":4,"name":"Dipl\u00f4m\u00e9s (GRT)"}]},{"@type":"WebSite","@id":"https:\/\/www.crto.on.ca\/#website","url":"https:\/\/www.crto.on.ca\/","name":"CRTO","description":"","potentialAction":[{"@type":"SearchAction","target":{"@type":"EntryPoint","urlTemplate":"https:\/\/www.crto.on.ca\/?s={search_term_string}"},"query-input":{"@type":"PropertyValueSpecification","valueRequired":true,"valueName":"search_term_string"}}],"inLanguage":"fr-FR"}]}},"_links":{"self":[{"href":"https:\/\/www.crto.on.ca\/fr\/wp-json\/wp\/v2\/pages\/3680","targetHints":{"allow":["GET"]}}],"collection":[{"href":"https:\/\/www.crto.on.ca\/fr\/wp-json\/wp\/v2\/pages"}],"about":[{"href":"https:\/\/www.crto.on.ca\/fr\/wp-json\/wp\/v2\/types\/page"}],"author":[{"embeddable":true,"href":"https:\/\/www.crto.on.ca\/fr\/wp-json\/wp\/v2\/users\/3"}],"replies":[{"embeddable":true,"href":"https:\/\/www.crto.on.ca\/fr\/wp-json\/wp\/v2\/comments?post=3680"}],"version-history":[{"count":5,"href":"https:\/\/www.crto.on.ca\/fr\/wp-json\/wp\/v2\/pages\/3680\/revisions"}],"predecessor-version":[{"id":8784,"href":"https:\/\/www.crto.on.ca\/fr\/wp-json\/wp\/v2\/pages\/3680\/revisions\/8784"}],"up":[{"embeddable":true,"href":"https:\/\/www.crto.on.ca\/fr\/wp-json\/wp\/v2\/pages\/2370"}],"wp:attachment":[{"href":"https:\/\/www.crto.on.ca\/fr\/wp-json\/wp\/v2\/media?parent=3680"}],"curies":[{"name":"wp","href":"https:\/\/api.w.org\/{rel}","templated":true}]}}