{"id":3686,"date":"2013-01-18T17:56:47","date_gmt":"2013-01-18T22:56:47","guid":{"rendered":"http:\/\/www.crto.on.ca\/?page_id=3686"},"modified":"2025-01-17T15:56:07","modified_gmt":"2025-01-17T20:56:07","slug":"inactive","status":"publish","type":"page","link":"https:\/\/www.crto.on.ca\/fr\/members\/about-your-certificate-of-registration\/inactive\/","title":{"rendered":"Certificat de membre inactif"},"content":{"rendered":"<p style=\"text-align: justify;\">Un membre inscrit qui a un certificat d\u2019inscription g\u00e9n\u00e9ral ou limit\u00e9 peut faire une demande pour obtenir un <strong>certificat d\u2019inscription de membre inactif<\/strong> pourvu qu\u2019il n\u2019exerce pas la profession dans le sens g\u00e9n\u00e9ral du terme. Le but du certificat de membre inactif est de permettre aux th\u00e9rapeutes respiratoires inscrits (RRT) et aux th\u00e9rapeutes respiratoires auxiliaires (PRT) qui n\u2019exercent pas la profession en Ontario de maintenir leur adh\u00e9sion aupr\u00e8s de l\u2019OTRO. Par exemple, les RRT en cong\u00e9 parental, en cong\u00e9 de maladie ou de formation ou qui exercent la profession \u00e0 l\u2019ext\u00e9rieur de l\u2019Ontario optent souvent pour faire une demande de certificat de membre inactif. Le certificat d\u2019inscription de membre inactif ne s\u2019applique pas aux membres dipl\u00f4m\u00e9s de l\u2019OTRO.<\/p>\r\n<p><strong>Les conditions suivantes s\u2019appliquent au certificat d\u2019inscription de membre inactif :<\/strong><\/p>\r\n<p><strong>Le membre (inactif) ne doit pas<\/strong><\/p>\r\n<p>(a)\u00a0\u00a0\u00a0\u00a0\u00a0 fournir de soins directs aux patients;<\/p>\r\n<p>(b)\u00a0\u00a0\u00a0\u00a0\u00a0 se servir de son titre ou de sa d\u00e9signation professionnelle;<\/p>\r\n<p>(c)\u00a0\u00a0\u00a0\u00a0\u00a0 surveiller l\u2019exercice de la profession;<\/p>\r\n<p>(d)\u00a0\u00a0\u00a0\u00a0\u00a0 d\u00e9clarer qu\u2019il poss\u00e8de des comp\u00e9tences dans la profession ou se pr\u00e9senter comme tel.<\/p>","protected":false},"excerpt":{"rendered":"<p>Un membre inscrit qui a un certificat d\u2019inscription g\u00e9n\u00e9ral ou limit\u00e9 peut faire une demande pour obtenir un certificat d\u2019inscription de membre inactif pourvu qu\u2019il n\u2019exerce pas la profession dans le sens g\u00e9n\u00e9ral du terme. Le but du certificat de membre inactif est de permettre aux th\u00e9rapeutes respiratoires inscrits (RRT) et aux th\u00e9rapeutes respiratoires auxiliaires [&hellip;]<\/p>\n","protected":false},"author":3,"featured_media":0,"parent":2370,"menu_order":0,"comment_status":"closed","ping_status":"closed","template":"page-members.php","meta":{"footnotes":""},"class_list":["post-3686","page","type-page","status-publish","hentry"],"yoast_head":"<!-- This site is optimized with the Yoast SEO plugin v27.4 - https:\/\/yoast.com\/product\/yoast-seo-wordpress\/ -->\n<title>Certificat de membre inactif - CRTO<\/title>\n<meta name=\"robots\" content=\"index, follow, max-snippet:-1, max-image-preview:large, max-video-preview:-1\" \/>\n<link rel=\"canonical\" href=\"https:\/\/www.crto.on.ca\/fr\/members\/about-your-certificate-of-registration\/inactive\/\" \/>\n<meta name=\"twitter:label1\" content=\"Dur\u00e9e de lecture estim\u00e9e\" \/>\n\t<meta name=\"twitter:data1\" content=\"1 minute\" \/>\n<script type=\"application\/ld+json\" class=\"yoast-schema-graph\">{\"@context\":\"https:\\\/\\\/schema.org\",\"@graph\":[{\"@type\":\"WebPage\",\"@id\":\"https:\\\/\\\/www.crto.on.ca\\\/fr\\\/members\\\/about-your-certificate-of-registration\\\/inactive\\\/\",\"url\":\"https:\\\/\\\/www.crto.on.ca\\\/fr\\\/members\\\/about-your-certificate-of-registration\\\/inactive\\\/\",\"name\":\"Certificat de membre inactif - CRTO\",\"isPartOf\":{\"@id\":\"https:\\\/\\\/www.crto.on.ca\\\/#website\"},\"datePublished\":\"2013-01-18T22:56:47+00:00\",\"dateModified\":\"2025-01-17T20:56:07+00:00\",\"breadcrumb\":{\"@id\":\"https:\\\/\\\/www.crto.on.ca\\\/fr\\\/members\\\/about-your-certificate-of-registration\\\/inactive\\\/#breadcrumb\"},\"inLanguage\":\"fr-FR\",\"potentialAction\":[{\"@type\":\"ReadAction\",\"target\":[\"https:\\\/\\\/www.crto.on.ca\\\/fr\\\/members\\\/about-your-certificate-of-registration\\\/inactive\\\/\"]}]},{\"@type\":\"BreadcrumbList\",\"@id\":\"https:\\\/\\\/www.crto.on.ca\\\/fr\\\/members\\\/about-your-certificate-of-registration\\\/inactive\\\/#breadcrumb\",\"itemListElement\":[{\"@type\":\"ListItem\",\"position\":1,\"name\":\"Home\",\"item\":\"https:\\\/\\\/www.crto.on.ca\\\/fr\\\/\"},{\"@type\":\"ListItem\",\"position\":2,\"name\":\"Membres\",\"item\":\"https:\\\/\\\/www.crto.on.ca\\\/fr\\\/members\\\/\"},{\"@type\":\"ListItem\",\"position\":3,\"name\":\"Au sujet de votre certificat d\u2019inscription\",\"item\":\"https:\\\/\\\/www.crto.on.ca\\\/fr\\\/members\\\/about-your-certificate-of-registration\\\/\"},{\"@type\":\"ListItem\",\"position\":4,\"name\":\"Certificat de membre inactif\"}]},{\"@type\":\"WebSite\",\"@id\":\"https:\\\/\\\/www.crto.on.ca\\\/#website\",\"url\":\"https:\\\/\\\/www.crto.on.ca\\\/\",\"name\":\"CRTO\",\"description\":\"\",\"potentialAction\":[{\"@type\":\"SearchAction\",\"target\":{\"@type\":\"EntryPoint\",\"urlTemplate\":\"https:\\\/\\\/www.crto.on.ca\\\/?s={search_term_string}\"},\"query-input\":{\"@type\":\"PropertyValueSpecification\",\"valueRequired\":true,\"valueName\":\"search_term_string\"}}],\"inLanguage\":\"fr-FR\"}]}<\/script>\n<!-- \/ Yoast SEO plugin. -->","yoast_head_json":{"title":"Certificat de membre inactif - CRTO","robots":{"index":"index","follow":"follow","max-snippet":"max-snippet:-1","max-image-preview":"max-image-preview:large","max-video-preview":"max-video-preview:-1"},"canonical":"https:\/\/www.crto.on.ca\/fr\/members\/about-your-certificate-of-registration\/inactive\/","twitter_misc":{"Dur\u00e9e de lecture estim\u00e9e":"1 minute"},"schema":{"@context":"https:\/\/schema.org","@graph":[{"@type":"WebPage","@id":"https:\/\/www.crto.on.ca\/fr\/members\/about-your-certificate-of-registration\/inactive\/","url":"https:\/\/www.crto.on.ca\/fr\/members\/about-your-certificate-of-registration\/inactive\/","name":"Certificat de membre inactif - CRTO","isPartOf":{"@id":"https:\/\/www.crto.on.ca\/#website"},"datePublished":"2013-01-18T22:56:47+00:00","dateModified":"2025-01-17T20:56:07+00:00","breadcrumb":{"@id":"https:\/\/www.crto.on.ca\/fr\/members\/about-your-certificate-of-registration\/inactive\/#breadcrumb"},"inLanguage":"fr-FR","potentialAction":[{"@type":"ReadAction","target":["https:\/\/www.crto.on.ca\/fr\/members\/about-your-certificate-of-registration\/inactive\/"]}]},{"@type":"BreadcrumbList","@id":"https:\/\/www.crto.on.ca\/fr\/members\/about-your-certificate-of-registration\/inactive\/#breadcrumb","itemListElement":[{"@type":"ListItem","position":1,"name":"Home","item":"https:\/\/www.crto.on.ca\/fr\/"},{"@type":"ListItem","position":2,"name":"Membres","item":"https:\/\/www.crto.on.ca\/fr\/members\/"},{"@type":"ListItem","position":3,"name":"Au sujet de votre certificat d\u2019inscription","item":"https:\/\/www.crto.on.ca\/fr\/members\/about-your-certificate-of-registration\/"},{"@type":"ListItem","position":4,"name":"Certificat de membre inactif"}]},{"@type":"WebSite","@id":"https:\/\/www.crto.on.ca\/#website","url":"https:\/\/www.crto.on.ca\/","name":"CRTO","description":"","potentialAction":[{"@type":"SearchAction","target":{"@type":"EntryPoint","urlTemplate":"https:\/\/www.crto.on.ca\/?s={search_term_string}"},"query-input":{"@type":"PropertyValueSpecification","valueRequired":true,"valueName":"search_term_string"}}],"inLanguage":"fr-FR"}]}},"_links":{"self":[{"href":"https:\/\/www.crto.on.ca\/fr\/wp-json\/wp\/v2\/pages\/3686","targetHints":{"allow":["GET"]}}],"collection":[{"href":"https:\/\/www.crto.on.ca\/fr\/wp-json\/wp\/v2\/pages"}],"about":[{"href":"https:\/\/www.crto.on.ca\/fr\/wp-json\/wp\/v2\/types\/page"}],"author":[{"embeddable":true,"href":"https:\/\/www.crto.on.ca\/fr\/wp-json\/wp\/v2\/users\/3"}],"replies":[{"embeddable":true,"href":"https:\/\/www.crto.on.ca\/fr\/wp-json\/wp\/v2\/comments?post=3686"}],"version-history":[{"count":7,"href":"https:\/\/www.crto.on.ca\/fr\/wp-json\/wp\/v2\/pages\/3686\/revisions"}],"predecessor-version":[{"id":3694,"href":"https:\/\/www.crto.on.ca\/fr\/wp-json\/wp\/v2\/pages\/3686\/revisions\/3694"}],"up":[{"embeddable":true,"href":"https:\/\/www.crto.on.ca\/fr\/wp-json\/wp\/v2\/pages\/2370"}],"wp:attachment":[{"href":"https:\/\/www.crto.on.ca\/fr\/wp-json\/wp\/v2\/media?parent=3686"}],"curies":[{"name":"wp","href":"https:\/\/api.w.org\/{rel}","templated":true}]}}