{"id":3719,"date":"2013-01-12T04:21:12","date_gmt":"2013-01-12T09:21:12","guid":{"rendered":"http:\/\/www.crto.on.ca\/?page_id=3719"},"modified":"2015-01-20T13:46:22","modified_gmt":"2015-01-20T18:46:22","slug":"classes-registration","status":"publish","type":"page","link":"https:\/\/www.crto.on.ca\/fr\/members\/about-your-certificate-of-registration\/classes-registration\/","title":{"rendered":"Cat\u00e9gories d\u2019inscription"},"content":{"rendered":"<p style=\"text-align: justify;\">Tous les membres de l\u2019OTRO se voient \u00e9mettre un certificat d\u2019inscription, de cat\u00e9gorie g\u00e9n\u00e9rale, de membre dipl\u00f4m\u00e9, limit\u00e9 (auxiliaire) ou inactif. Tous les th\u00e9rapeutes respiratoires sont des \u00ab th\u00e9rapeutes respiratoires \u00bb, peu importe la cat\u00e9gorie de leur certificat d\u2019inscription.<\/p>\r\n<hr \/>\r\n<p>Un <strong>certificat d\u2019inscription de cat\u00e9gorie g\u00e9n\u00e9rale<\/strong> est \u00e9mis \u00e0 une personne qui r\u00e9pond \u00e0 toutes les exigences li\u00e9es \u00e0 l\u2019\u00e9ducation et qui a r\u00e9ussi l\u2019examen d\u2019inscription approuv\u00e9 ou qui r\u00e9pond aux exigences d\u2019inscription en vertu de la Loi sur la mobilit\u00e9 des travailleurs. Si un membre d\u00e9tient un certificat d\u2019inscription de cat\u00e9gorie g\u00e9n\u00e9rale, il ou elle doit utiliser la d\u00e9signation RRT et peut utiliser le titre professionnel \u00ab th\u00e9rapeute respiratoire inscrit \u00bb ou \u00ab th\u00e9rapeute respiratoire \u00bb.<\/p>\r\n<hr \/>\r\n<p>Un <strong>certificat d\u2019inscription de membre dipl\u00f4m\u00e9<\/strong> est \u00e9mis \u00e0 une personne qui r\u00e9pond \u00e0 toutes les exigences li\u00e9es \u00e0 l\u2019\u00e9ducation mais qui n\u2019a pas encore r\u00e9ussi l\u2019examen d\u2019inscription approuv\u00e9. Si un membre d\u00e9tient un certificat d\u2019inscription de membre dipl\u00f4m\u00e9, il doit utiliser la d\u00e9signation GRT et peut utiliser le titre professionnel \u00ab th\u00e9rapeute respiratoire dipl\u00f4m\u00e9 \u00bb. Il s\u2019agit d\u2019une cat\u00e9gorie d\u2019inscription temporaire. Le certificat d\u2019inscription de membre dipl\u00f4m\u00e9 est r\u00e9voqu\u00e9 automatiquement apr\u00e8s 18 mois. <\/p>\r\n<p>Les conditions suivantes s\u2019appliquent au certificat d\u2019inscription de membre dipl\u00f4m\u00e9 :<\/p>\r\n<ul>\r\n<li>Le membre (dipl\u00f4m\u00e9) doit, \u00e0 la premi\u00e8re occasion, aviser son employeur de toute modalit\u00e9 ou restriction figurant sur son certificat d\u2019inscription s\u2019il travaille en th\u00e9rapie respiratoire;\r\n<ul>\r\n<li>\r\n<div style=\"text-align: justify;\">seulement ex\u00e9cuter un acte contr\u00f4l\u00e9 autoris\u00e9 \u00e0 la profession si cela se fait sous la surveillance g\u00e9n\u00e9rale d\u2019un membre d\u2019un ordre de r\u00e9glementation au sens de la <em>Loi de 1991 sur les professions de la sant\u00e9 r\u00e9glement\u00e9es<\/em> si le membre dipl\u00f4m\u00e9 a des motifs raisonnables de croire que ce membre poss\u00e8de les comp\u00e9tences et l\u2019autorisation pour ex\u00e9cuter l\u2019acte contr\u00f4l\u00e9 en question et qu\u2019il est disponible pour se rendre o\u00f9 l\u2019acte autoris\u00e9 est ex\u00e9cut\u00e9, dans un d\u00e9lai de dix minutes;<\/div>\r\n<\/li>\r\n<li>\r\n<div style=\"text-align: justify;\">ne pas d\u00e9l\u00e9guer d\u2019acte contr\u00f4l\u00e9; <\/div>\r\n<\/li>\r\n<li>\r\n<div style=\"text-align: justify;\">n\u2019ex\u00e9cute pas de proc\u00e9dure prescrite avanc\u00e9e sous le derme.<\/div>\r\n<\/li>\r\n<\/ul>\r\n<\/li>\r\n<li>\r\n<div style=\"text-align: justify;\">Le certificat d\u2019un membre dipl\u00f4m\u00e9 est consid\u00e9r\u00e9 r\u00e9voqu\u00e9 18 mois apr\u00e8s la date d\u2019\u00e9mission d\u2019origine.<\/div>\r\n<\/li>\r\n<\/ul>\r\n<hr \/>\r\n<p>Les <strong>certificats d\u2019inscription limit\u00e9s<\/strong> \u00e9taient \u00e9mis aux personnes qui ne r\u00e9pondaient pas \u00e0 toutes les exigences pour obtenir un certificat d\u2019inscription g\u00e9n\u00e9ral, mais qui avaient fourni \u00e0 un sous-comit\u00e9 du Comit\u00e9 d\u2019inscription une quantit\u00e9 suffisante de preuves de leurs comp\u00e9tences touchant un aspect d\u00e9fini de l\u2019exercice de la profession. (L\u2019OTRO a mis fin \u00e0 l\u2019\u00e9mission des certificats d\u2019inscription limit\u00e9s le 25 f\u00e9vrier 1999.) Si un membre a un certificat d\u2019inscription limit\u00e9, il doit utiliser la d\u00e9signation PRT et peut utiliser le titre professionnel \u00ab th\u00e9rapeute respiratoire auxiliaire \u00bb.<\/p>\r\n<hr \/>\r\n<p>Un membre ayant un certificat d\u2019inscription g\u00e9n\u00e9ral ou limit\u00e9 peut faire une demande pour obtenir un <strong>certificat d\u2019inscription de membre inactif<\/strong> pourvu qu\u2019il n\u2019exerce pas la profession dans le sens g\u00e9n\u00e9ral du terme. Le but du certificat de membre inactif est de permettre aux th\u00e9rapeutes respiratoires inscrits (RRT) et aux th\u00e9rapeutes respiratoires auxiliaires (PRT) qui n\u2019exercent pas la profession en Ontario de maintenir leur adh\u00e9sion aupr\u00e8s de l\u2019OTRO. Par exemple, les RRT en cong\u00e9 parental, en cong\u00e9 de maladie ou de formation ou qui exercent la profession \u00e0 l\u2019ext\u00e9rieur de l\u2019Ontario optent souvent pour faire une demande de certificat de membre inactif. Le certificat d\u2019inscription de membre inactif ne s\u2019applique pas aux membres dipl\u00f4m\u00e9s de l\u2019OTRO.<\/p>\r\n<p>Les conditions suivantes s\u2019appliquent au certificat d\u2019inscription de membre inactif :<br \/>Le membre (inactif) ne doit pas \u00a0<br \/>\u00a0\u00a0\u00a0\u00a0\u00a0\u00a0\u00a0\u00a0 (a)\u00a0\u00a0fournir de soins directs aux patients;<br \/>\u00a0\u00a0\u00a0\u00a0\u00a0\u00a0\u00a0\u00a0 (b)\u00a0\u00a0se servir de son titre ou de sa d\u00e9signation professionnelle;<br \/>\u00a0\u00a0\u00a0\u00a0\u00a0\u00a0\u00a0\u00a0 (c)\u00a0\u00a0\u00a0surveiller l\u2019exercice de la profession; <br \/>\u00a0\u00a0\u00a0\u00a0\u00a0\u00a0\u00a0\u00a0 (d)\u00a0\u00a0\u00a0d\u00e9clarer qu\u2019il poss\u00e8de des comp\u00e9tences dans la profession ou se pr\u00e9senter comme tel.<\/p>\r\n","protected":false},"excerpt":{"rendered":"<p>Tous les membres de l\u2019OTRO se voient \u00e9mettre un certificat d\u2019inscription, de cat\u00e9gorie g\u00e9n\u00e9rale, de membre dipl\u00f4m\u00e9, limit\u00e9 (auxiliaire) ou inactif. Tous les th\u00e9rapeutes respiratoires sont des \u00ab th\u00e9rapeutes respiratoires \u00bb, peu importe la cat\u00e9gorie de leur certificat d\u2019inscription. Un certificat d\u2019inscription de cat\u00e9gorie g\u00e9n\u00e9rale est \u00e9mis \u00e0 une personne qui r\u00e9pond \u00e0 toutes les [&hellip;]<\/p>\n","protected":false},"author":3,"featured_media":0,"parent":2370,"menu_order":0,"comment_status":"closed","ping_status":"closed","template":"page-members.php","meta":{"footnotes":""},"class_list":["post-3719","page","type-page","status-publish","hentry"],"yoast_head":"<!-- This site is optimized with the Yoast SEO plugin v27.3 - https:\/\/yoast.com\/product\/yoast-seo-wordpress\/ -->\n<title>Cat\u00e9gories d\u2019inscription - CRTO<\/title>\n<meta name=\"robots\" content=\"index, follow, max-snippet:-1, max-image-preview:large, max-video-preview:-1\" \/>\n<link rel=\"canonical\" href=\"https:\/\/www.crto.on.ca\/fr\/members\/about-your-certificate-of-registration\/classes-registration\/\" \/>\n<meta name=\"twitter:label1\" content=\"Dur\u00e9e de lecture estim\u00e9e\" \/>\n\t<meta name=\"twitter:data1\" content=\"4 minutes\" \/>\n<script type=\"application\/ld+json\" class=\"yoast-schema-graph\">{\"@context\":\"https:\\\/\\\/schema.org\",\"@graph\":[{\"@type\":\"WebPage\",\"@id\":\"https:\\\/\\\/www.crto.on.ca\\\/fr\\\/members\\\/about-your-certificate-of-registration\\\/classes-registration\\\/\",\"url\":\"https:\\\/\\\/www.crto.on.ca\\\/fr\\\/members\\\/about-your-certificate-of-registration\\\/classes-registration\\\/\",\"name\":\"Cat\u00e9gories d\u2019inscription - CRTO\",\"isPartOf\":{\"@id\":\"https:\\\/\\\/www.crto.on.ca\\\/#website\"},\"datePublished\":\"2013-01-12T09:21:12+00:00\",\"dateModified\":\"2015-01-20T18:46:22+00:00\",\"breadcrumb\":{\"@id\":\"https:\\\/\\\/www.crto.on.ca\\\/fr\\\/members\\\/about-your-certificate-of-registration\\\/classes-registration\\\/#breadcrumb\"},\"inLanguage\":\"fr-FR\",\"potentialAction\":[{\"@type\":\"ReadAction\",\"target\":[\"https:\\\/\\\/www.crto.on.ca\\\/fr\\\/members\\\/about-your-certificate-of-registration\\\/classes-registration\\\/\"]}]},{\"@type\":\"BreadcrumbList\",\"@id\":\"https:\\\/\\\/www.crto.on.ca\\\/fr\\\/members\\\/about-your-certificate-of-registration\\\/classes-registration\\\/#breadcrumb\",\"itemListElement\":[{\"@type\":\"ListItem\",\"position\":1,\"name\":\"Home\",\"item\":\"https:\\\/\\\/www.crto.on.ca\\\/fr\\\/\"},{\"@type\":\"ListItem\",\"position\":2,\"name\":\"Membres\",\"item\":\"https:\\\/\\\/www.crto.on.ca\\\/fr\\\/members\\\/\"},{\"@type\":\"ListItem\",\"position\":3,\"name\":\"Au sujet de votre certificat d\u2019inscription\",\"item\":\"https:\\\/\\\/www.crto.on.ca\\\/fr\\\/members\\\/about-your-certificate-of-registration\\\/\"},{\"@type\":\"ListItem\",\"position\":4,\"name\":\"Cat\u00e9gories d\u2019inscription\"}]},{\"@type\":\"WebSite\",\"@id\":\"https:\\\/\\\/www.crto.on.ca\\\/#website\",\"url\":\"https:\\\/\\\/www.crto.on.ca\\\/\",\"name\":\"CRTO\",\"description\":\"\",\"potentialAction\":[{\"@type\":\"SearchAction\",\"target\":{\"@type\":\"EntryPoint\",\"urlTemplate\":\"https:\\\/\\\/www.crto.on.ca\\\/?s={search_term_string}\"},\"query-input\":{\"@type\":\"PropertyValueSpecification\",\"valueRequired\":true,\"valueName\":\"search_term_string\"}}],\"inLanguage\":\"fr-FR\"}]}<\/script>\n<!-- \/ Yoast SEO plugin. -->","yoast_head_json":{"title":"Cat\u00e9gories d\u2019inscription - CRTO","robots":{"index":"index","follow":"follow","max-snippet":"max-snippet:-1","max-image-preview":"max-image-preview:large","max-video-preview":"max-video-preview:-1"},"canonical":"https:\/\/www.crto.on.ca\/fr\/members\/about-your-certificate-of-registration\/classes-registration\/","twitter_misc":{"Dur\u00e9e de lecture estim\u00e9e":"4 minutes"},"schema":{"@context":"https:\/\/schema.org","@graph":[{"@type":"WebPage","@id":"https:\/\/www.crto.on.ca\/fr\/members\/about-your-certificate-of-registration\/classes-registration\/","url":"https:\/\/www.crto.on.ca\/fr\/members\/about-your-certificate-of-registration\/classes-registration\/","name":"Cat\u00e9gories d\u2019inscription - CRTO","isPartOf":{"@id":"https:\/\/www.crto.on.ca\/#website"},"datePublished":"2013-01-12T09:21:12+00:00","dateModified":"2015-01-20T18:46:22+00:00","breadcrumb":{"@id":"https:\/\/www.crto.on.ca\/fr\/members\/about-your-certificate-of-registration\/classes-registration\/#breadcrumb"},"inLanguage":"fr-FR","potentialAction":[{"@type":"ReadAction","target":["https:\/\/www.crto.on.ca\/fr\/members\/about-your-certificate-of-registration\/classes-registration\/"]}]},{"@type":"BreadcrumbList","@id":"https:\/\/www.crto.on.ca\/fr\/members\/about-your-certificate-of-registration\/classes-registration\/#breadcrumb","itemListElement":[{"@type":"ListItem","position":1,"name":"Home","item":"https:\/\/www.crto.on.ca\/fr\/"},{"@type":"ListItem","position":2,"name":"Membres","item":"https:\/\/www.crto.on.ca\/fr\/members\/"},{"@type":"ListItem","position":3,"name":"Au sujet de votre certificat d\u2019inscription","item":"https:\/\/www.crto.on.ca\/fr\/members\/about-your-certificate-of-registration\/"},{"@type":"ListItem","position":4,"name":"Cat\u00e9gories d\u2019inscription"}]},{"@type":"WebSite","@id":"https:\/\/www.crto.on.ca\/#website","url":"https:\/\/www.crto.on.ca\/","name":"CRTO","description":"","potentialAction":[{"@type":"SearchAction","target":{"@type":"EntryPoint","urlTemplate":"https:\/\/www.crto.on.ca\/?s={search_term_string}"},"query-input":{"@type":"PropertyValueSpecification","valueRequired":true,"valueName":"search_term_string"}}],"inLanguage":"fr-FR"}]}},"_links":{"self":[{"href":"https:\/\/www.crto.on.ca\/fr\/wp-json\/wp\/v2\/pages\/3719","targetHints":{"allow":["GET"]}}],"collection":[{"href":"https:\/\/www.crto.on.ca\/fr\/wp-json\/wp\/v2\/pages"}],"about":[{"href":"https:\/\/www.crto.on.ca\/fr\/wp-json\/wp\/v2\/types\/page"}],"author":[{"embeddable":true,"href":"https:\/\/www.crto.on.ca\/fr\/wp-json\/wp\/v2\/users\/3"}],"replies":[{"embeddable":true,"href":"https:\/\/www.crto.on.ca\/fr\/wp-json\/wp\/v2\/comments?post=3719"}],"version-history":[{"count":6,"href":"https:\/\/www.crto.on.ca\/fr\/wp-json\/wp\/v2\/pages\/3719\/revisions"}],"predecessor-version":[{"id":3725,"href":"https:\/\/www.crto.on.ca\/fr\/wp-json\/wp\/v2\/pages\/3719\/revisions\/3725"}],"up":[{"embeddable":true,"href":"https:\/\/www.crto.on.ca\/fr\/wp-json\/wp\/v2\/pages\/2370"}],"wp:attachment":[{"href":"https:\/\/www.crto.on.ca\/fr\/wp-json\/wp\/v2\/media?parent=3719"}],"curies":[{"name":"wp","href":"https:\/\/api.w.org\/{rel}","templated":true}]}}