{"id":4494,"date":"2016-06-28T14:43:06","date_gmt":"2016-06-28T18:43:06","guid":{"rendered":"http:\/\/www.crto.on.ca\/fr\/?page_id=4494"},"modified":"2025-11-04T14:20:54","modified_gmt":"2025-11-04T19:20:54","slug":"4494-2","status":"publish","type":"page","link":"https:\/\/www.crto.on.ca\/fr\/public-2\/ressources\/4494-2\/","title":{"rendered":"Les politiques"},"content":{"rendered":"<p>Les politiques de l\u2019OTRO sont \u00e9labor\u00e9es et approuv\u00e9es par le conseil et les comit\u00e9s de l\u2019OTRO dans le but de fournir des directives, un \u00e9nonc\u00e9 de mission ou pour clarifier les attentes de l\u2019Ordre.<\/p>\r\n<p>Si vous avez des questions au sujet des politiques de l\u2019OTRO, veuillez contacter Carole Hamp par courriel \u00e0 <a href=\"mailto:hamp@crto.on.ca?subject=Policies\">hamp@crto.on.ca<\/a> ou par t\u00e9l\u00e9phone au 416 591-7800, poste 21, ou sans frais au 800 261-0528.<\/p>\r\n<p>Vous trouverez ci-dessous quelques exemples de politiques de l\u2019OTRO qui touchent les membres. Consultez aussi les Fiches d\u2019information pour obtenir des renseignements suppl\u00e9mentaires.<\/p>\r\n<div>\r\n<table style=\"width: 95.3457%; height: 154px;\" border=\"0\" cellspacing=\"0\">\r\n<tbody>\r\n<tr style=\"height: 24px;\">\r\n<td style=\"height: 24px; width: 100%;\">\r\n<div><a href=\"https:\/\/www.crto.on.ca\/pdf\/fr\/Policies\/Policy.AD-205_fr.pdf\">Normes en mati\u00e8re d\u2019accessibilit\u00e9<\/a> <span style=\"font-size: x-small;\">(AD-205)<\/span><\/div>\r\n<\/td>\r\n<\/tr>\r\n<tr style=\"height: 24px;\">\r\n<td style=\"height: 24px;\">\r\n<div><a href=\"https:\/\/crto.on.ca\/pdf\/fr\/Policies\/Policy.AD-210_fr.pdf\" target=\"_blank\" rel=\"noopener noreferrer\">Utilisation non autoris\u00e9e du titre et pr\u00e9tention de comp\u00e9tences <\/a>\u00a0<span style=\"font-size: x-small;\">(AD-210)<\/span><\/div>\r\n<\/td>\r\n<\/tr>\r\n<tr style=\"height: 24px;\">\r\n<td style=\"height: 24px; width: 100%;\">\r\n<div><a href=\"https:\/\/www.crto.on.ca\/pdf\/fr\/Policies\/Policy.CP-135_fr.pdf\" target=\"_blank\" rel=\"noopener noreferrer\">Plan de succession<\/a> <span style=\"font-size: x-small;\">(CP-135)<\/span><\/div>\r\n<\/td>\r\n<\/tr>\r\n<tr style=\"height: 24px;\">\r\n<td style=\"height: 24px; width: 100%;\">\r\n<div><a href=\"https:\/\/www.crto.on.ca\/pdf\/fr\/Policies\/Policy.CP-170_fr.pdf\" target=\"_blank\" rel=\"noopener noreferrer\">Display as: R\u00e9unions du Conseil \u00e0 huis clos<\/a> <span style=\"font-size: x-small;\">(CP-170)<\/span><\/div>\r\n<\/td>\r\n<\/tr>\r\n<tr style=\"height: 24px;\">\r\n<td style=\"height: 24px; width: 100%;\">\r\n<div><a href=\"https:\/\/www.crto.on.ca\/pdf\/fr\/Policies\/Policy.AD-200_fr.pdf\" target=\"_blank\" rel=\"noopener noreferrer\">Politique de confidentialit\u00e9<\/a> <span style=\"font-size: x-small;\">(AD-200)<\/span><\/div>\r\n<\/td>\r\n<\/tr>\r\n<tr style=\"height: 24px;\">\r\n<td style=\"height: 24px; width: 100%;\"><a href=\"https:\/\/www.crto.on.ca\/pdf\/fr\/Policies\/Policy.CP-134_fr.pdf\" target=\"_blank\" rel=\"noopener noreferrer\">Tribune ouverte des r\u00e9unions<\/a> <span style=\"font-size: x-small;\">(CP-134)<\/span><\/td>\r\n<\/tr>\r\n<tr style=\"height: 24px;\">\r\n<td style=\"height: 24px; width: 100%;\"><a href=\"https:\/\/www.crto.on.ca\/pdf\/fr\/Policies\/Policy.AD-207_fr.pdf\" target=\"_blank\" rel=\"noopener noreferrer\">Vaccination<\/a> <span style=\"font-size: x-small;\">(AD-207)<\/span><\/td>\r\n<\/tr>\r\n<tr style=\"height: 10px;\">\r\n<td style=\"width: 100%; height: 10px;\"><a href=\"http:\/\/crto.on.ca\/pdf\/fr\/Policies\/Policy.CP-131_fr.pdf\"><span class=\"x_MsoHyperlink\">Indemnit\u00e9 et remboursement des frais\u00a0<\/span><\/a>\u00a0<span style=\"font-size: x-small;\">(CP-131)<\/span><\/td>\r\n<\/tr>\r\n<\/tbody>\r\n<\/table>\r\n<\/div>\r\n<h3>Politiques sur les plaintes et les mesures disciplinaires<\/h3>\r\n<div>\r\n<table style=\"width: 95.3358%; height: 106px;\" border=\"0\" cellspacing=\"0\">\r\n<tbody>\r\n<tr style=\"height: 24px;\">\r\n<td style=\"height: 10px;\">\r\n<div><a href=\"https:\/\/www.crto.on.ca\/pdf\/fr\/Policies\/Policy.CD-180_fr.pdf\" target=\"_blank\" rel=\"noopener noreferrer\">Code de conduite des observateurs publics<\/a> <span style=\"font-size: x-small;\">(CD-180)<\/span><\/div>\r\n<\/td>\r\n<\/tr>\r\n<tr style=\"height: 24px;\">\r\n<td style=\"height: 24px;\">\r\n<div><a href=\"https:\/\/www.crto.on.ca\/pdf\/fr\/Policies\/Policy.CD-110_fr.pdf\" target=\"_blank\" rel=\"noopener noreferrer\">Politique sur la communication des d\u00e9clarations de t\u00e9moins<\/a> <span style=\"font-size: x-small;\">(CD-110)<\/span><\/div>\r\n<\/td>\r\n<\/tr>\r\n<tr style=\"height: 24px;\">\r\n<td style=\"height: 24px;\">\r\n<div><a href=\"https:\/\/www.crto.on.ca\/pdf\/fr\/Policies\/Policy.CD-130_fr.pdf\" target=\"_blank\" rel=\"noopener noreferrer\">Appels \u00e0 la CARPS<\/a> <span style=\"font-size: x-small;\">(CD-130)<\/span><\/div>\r\n<\/td>\r\n<\/tr>\r\n<tr style=\"height: 24px;\">\r\n<td style=\"height: 24px;\">\r\n<div><a href=\"https:\/\/www.crto.on.ca\/pdf\/Policies\/Policy.CD-150_fr.pdf\" target=\"_blank\" rel=\"noopener noreferrer\">Motifs raisonnables ou probables du registraire<\/a> <span style=\"font-size: x-small;\">(CD-150)<\/span><\/div>\r\n<\/td>\r\n<\/tr>\r\n<tr style=\"height: 24px;\">\r\n<td style=\"height: 24px;\">\r\n<div><a href=\"https:\/\/www.crto.on.ca\/pdf\/Policies\/Policy.CD-140_fr.pdf\" target=\"_blank\" rel=\"noopener noreferrer\">Signalements aux services policiers<\/a> <span style=\"font-size: x-small;\">(CD-140)<\/span><\/div>\r\n<\/td>\r\n<\/tr>\r\n<\/tbody>\r\n<\/table>\r\n<\/div>\r\n<h3>Politique sur la pratique professionnelle<\/h3>\r\n<div>\r\n<table style=\"height: 20px; width: 95.2188%;\" border=\"0\" width=\"537\" cellspacing=\"0\">\r\n<tbody>\r\n<tr style=\"height: 24px;\">\r\n<td style=\"height: 10px; width: 100%;\">\r\n<div><a href=\"https:\/\/www.crto.on.ca\/pdf\/fr\/Policies\/Policy.PP-105_fr.pdf\" target=\"_blank\" rel=\"noopener noreferrer\">Manutention, administration et d\u00e9livrance de substances contr\u00f4l\u00e9es<\/a> <span style=\"font-size: x-small;\">(PP-105)<\/span><\/div>\r\n<\/td>\r\n<\/tr>\r\n<tr style=\"height: 24px;\">\r\n<td style=\"height: 10px; width: 100%;\">\r\n<div><a href=\"https:\/\/www.crto.on.ca\/pdf\/fr\/Policies\/Policy.PP-110_fr.pdf\" target=\"_blank\" rel=\"noopener noreferrer\">Surveillance <\/a> <span style=\"font-size: x-small;\">(PP-110)<\/span><\/div>\r\n<\/td>\r\n<\/tr>\r\n<\/tbody>\r\n<\/table>\r\n<\/div>\r\n<h3>Politiques sur l\u2019inscription au tableau des membres<\/h3>\r\n<div>\r\n<table style=\"width: 93.4802%; height: 261px;\" border=\"0\" cellspacing=\"0\">\r\n<tbody>\r\n<tr style=\"height: 24px;\">\r\n<td style=\"height: 24px;\">\r\n<div><a href=\"http:\/\/crto.on.ca\/\/pdf\/fr\/Policies\/Policy.RG-420_fr.pdf\" target=\"_blank\" rel=\"noopener noreferrer\">Documents \u00e0 soumettre l&rsquo;appui d&rsquo;une demande d&rsquo;inscription<\/a><span style=\"font-size: xx-small;\"> (RG-420) <\/span><\/div>\r\n<\/td>\r\n<\/tr>\r\n<tr style=\"height: 24px;\">\r\n<td style=\"height: 24px;\">\r\n<div><a href=\"https:\/\/www.crto.on.ca\/pdf\/fr\/Policies\/Policy.RG-426_fr.pdf\" target=\"_blank\" rel=\"noopener noreferrer\">Demandes d&rsquo;inscription \u2013 Politique sur la fermeture de dossier<\/a><span style=\"font-size: xx-small;\"> (RG-426) <\/span><\/div>\r\n<\/td>\r\n<\/tr>\r\n<tr style=\"height: 24px;\">\r\n<td style=\"height: 24px;\">\r\n<div><a href=\"https:\/\/www.crto.on.ca\/pdf\/fr\/Policies\/Policy.RG-408_fr.pdf\" target=\"_blank\" rel=\"noopener noreferrer\">Accr\u00e9ditation des programmes d&rsquo;\u00e9ducation canadiens<\/a> <span style=\"font-size: x-small;\">(RG-408)<\/span><\/div>\r\n<\/td>\r\n<\/tr>\r\n<tr style=\"height: 24px;\">\r\n<td style=\"height: 24px;\">\r\n<div><a href=\"https:\/\/www.crto.on.ca\/pdf\/fr\/Policies\/Policy.RG-412_fr.pdf\" target=\"_blank\" rel=\"noopener noreferrer\">Inscriptions d&rsquo;urgence<\/a> <span style=\"font-size: x-small;\">(RG-412)<\/span><\/div>\r\n<\/td>\r\n<\/tr>\r\n<tr style=\"height: 24px;\">\r\n<td style=\"height: 24px;\">\r\n<div><a href=\"https:\/\/www.crto.on.ca\/pdf\/fr\/Policies\/Policy.RG-403_fr.pdf\" target=\"_blank\" rel=\"noopener noreferrer\">Certificat d\u2019inscription de membre dipl\u00f4m\u00e9<\/a> <span style=\"font-size: x-small;\">(RG-403)<\/span><\/div>\r\n<\/td>\r\n<\/tr>\r\n<tr>\r\n<td><a href=\"https:\/\/crto.on.ca\/\/pdf\/fr\/Policies\/Policy.RG-411_fr.pdf\">Certificat d\u2019inscription de membre g\u00e9n\u00e9ral \u2013 Exigences relatives \u00e0 l\u2019\u00e9tat actuel des comp\u00e9tences<\/a> <span style=\"font-size: x-small;\">(RG-411)<\/span>\u00a0<\/td>\r\n<\/tr>\r\n<tr style=\"height: 24px;\">\r\n<td style=\"height: 24px;\">\r\n<div><a href=\"https:\/\/www.crto.on.ca\/pdf\/fr\/Policies\/Policy.RG-407_fr.pdf\" target=\"_blank\" rel=\"noopener noreferrer\">Politique sur les exigence en mati\u00e8re d\u2019aptitudes linguistiques<\/a> <span style=\"font-size: x-small;\">(RG-407)<\/span><\/div>\r\n<\/td>\r\n<\/tr>\r\n<tr style=\"height: 10px;\">\r\n<td style=\"height: 26px;\"><a href=\"https:\/\/www.crto.on.ca\/pdf\/fr\/Policies\/Policy.RG-406_fr.pdf\">Politique sur l\u2019examen d\u2019entr\u00e9e dans la profession<\/a> <span style=\"font-size: x-small;\">(<\/span><span style=\"font-size: x-small;\">RG-406)<\/span><\/td>\r\n<\/tr>\r\n<tr style=\"height: 24px;\">\r\n<td style=\"height: 24px;\">\r\n<div><a href=\"https:\/\/www.crto.on.ca\/pdf\/fr\/Policies\/Policy.RG-425_fr.pdf\" target=\"_blank\" rel=\"noopener noreferrer\">\u00c9valuation d\u2019entr\u00e9e dans la profession<\/a>\u00a0<span style=\"font-size: x-small;\">(RG-425)<\/span><\/div>\r\n<\/td>\r\n<\/tr>\r\n<tr style=\"height: 24px;\">\r\n<td style=\"height: 24px;\">\r\n<div><a href=\"https:\/\/www.crto.on.ca\/pdf\/fr\/Policies\/Policy.RG-429_fr.pdf\" target=\"_blank\" rel=\"noopener noreferrer\">\u00c9valuation d\u2019entr\u00e9e dans la profession &#8211; Politique d\u2019appel<\/a>\u00a0<span style=\"font-size: x-small;\">(RG-429)<\/span><\/div>\r\n<\/td>\r\n<\/tr>\r\n<tr style=\"height: 24px;\">\r\n<td style=\"height: 10px;\">\r\n<div><a href=\"https:\/\/www.crto.on.ca\/pdf\/fr\/Policies\/Policy.RG-410_fr.pdf\" target=\"_blank\" rel=\"noopener noreferrer\">Demandes d\u2019inscription ou de r\u00e9tablissement \u2013 Exigences relatives \u00e0 l\u2019\u00e9tat actuel des comp\u00e9tences <\/a>\u00a0<span style=\"font-size: x-small;\">(RG-410)<\/span><\/div>\r\n<\/td>\r\n<\/tr>\r\n<tr style=\"height: 23px;\">\r\n<td style=\"height: 23px;\"><a href=\"https:\/\/crto.on.ca\/pdf\/fr\/Policies\/Policy.RG-430_fr.pdf\">V\u00e9rifications du secteur vuln\u00e9rable<\/a> <span style=\"font-size: x-small;\">(RG-430) <\/span><\/td>\r\n<\/tr>\r\n<\/tbody>\r\n<\/table>\r\n<\/div>\r\n<h3>Politiques sur l\u2019assurance de la qualit\u00e9<\/h3>\r\n<div>\r\n<table style=\"width: 93.5164%; height: 34px;\" border=\"0\" cellspacing=\"0\">\r\n<tbody>\r\n<tr style=\"height: 24px;\">\r\n<td style=\"height: 24px; width: 100%;\">\r\n<div><a href=\"https:\/\/www.crto.on.ca\/pdf\/fr\/Policies\/Policy.QA-104_fr.pdf\" target=\"_blank\" rel=\"noopener noreferrer\">Report des exigences du Programme de perfectionnement professionnel<\/a> <span style=\"font-size: x-small;\">(QA-104)<\/span><\/div>\r\n<\/td>\r\n<\/tr>\r\n<tr style=\"height: 24px;\">\r\n<td style=\"height: 10px; width: 100%;\">\r\n<div><a href=\"https:\/\/www.crto.on.ca\/pdf\/fr\/Policies\/Policy.QA-101_fr.pdf\" target=\"_blank\" rel=\"noopener noreferrer\">Programme de perfectionnement professionnel<\/a> <span style=\"font-size: x-small;\">(QA-101)<\/span><\/div>\r\n<\/td>\r\n<\/tr>\r\n<\/tbody>\r\n<\/table>\r\n<\/div>\r\n\r\n<hr \/>\r\n<p>&nbsp;<\/p>\r\n","protected":false},"excerpt":{"rendered":"<p>Les politiques de l\u2019OTRO sont \u00e9labor\u00e9es et approuv\u00e9es par le conseil et les comit\u00e9s de l\u2019OTRO dans le but de fournir des directives, un \u00e9nonc\u00e9 de mission ou pour clarifier les attentes de l\u2019Ordre. Si vous avez des questions au sujet des politiques de l\u2019OTRO, veuillez contacter Carole Hamp par courriel \u00e0 hamp@crto.on.ca ou par [&hellip;]<\/p>\n","protected":false},"author":3,"featured_media":0,"parent":2329,"menu_order":0,"comment_status":"closed","ping_status":"closed","template":"page-public.php","meta":{"footnotes":""},"class_list":["post-4494","page","type-page","status-publish","hentry"],"yoast_head":"<!-- This site is optimized with the Yoast SEO plugin v27.5 - https:\/\/yoast.com\/product\/yoast-seo-wordpress\/ -->\n<title>Les politiques - CRTO<\/title>\n<meta name=\"robots\" content=\"index, follow, max-snippet:-1, max-image-preview:large, max-video-preview:-1\" \/>\n<link rel=\"canonical\" href=\"https:\/\/www.crto.on.ca\/fr\/public-2\/ressources\/4494-2\/\" \/>\n<meta name=\"twitter:label1\" content=\"Dur\u00e9e de lecture estim\u00e9e\" \/>\n\t<meta name=\"twitter:data1\" content=\"2 minutes\" \/>\n<script type=\"application\/ld+json\" class=\"yoast-schema-graph\">{\"@context\":\"https:\\\/\\\/schema.org\",\"@graph\":[{\"@type\":\"WebPage\",\"@id\":\"https:\\\/\\\/www.crto.on.ca\\\/fr\\\/public-2\\\/ressources\\\/4494-2\\\/\",\"url\":\"https:\\\/\\\/www.crto.on.ca\\\/fr\\\/public-2\\\/ressources\\\/4494-2\\\/\",\"name\":\"Les politiques - CRTO\",\"isPartOf\":{\"@id\":\"https:\\\/\\\/www.crto.on.ca\\\/#website\"},\"datePublished\":\"2016-06-28T18:43:06+00:00\",\"dateModified\":\"2025-11-04T19:20:54+00:00\",\"breadcrumb\":{\"@id\":\"https:\\\/\\\/www.crto.on.ca\\\/fr\\\/public-2\\\/ressources\\\/4494-2\\\/#breadcrumb\"},\"inLanguage\":\"fr-FR\",\"potentialAction\":[{\"@type\":\"ReadAction\",\"target\":[\"https:\\\/\\\/www.crto.on.ca\\\/fr\\\/public-2\\\/ressources\\\/4494-2\\\/\"]}]},{\"@type\":\"BreadcrumbList\",\"@id\":\"https:\\\/\\\/www.crto.on.ca\\\/fr\\\/public-2\\\/ressources\\\/4494-2\\\/#breadcrumb\",\"itemListElement\":[{\"@type\":\"ListItem\",\"position\":1,\"name\":\"Home\",\"item\":\"https:\\\/\\\/www.crto.on.ca\\\/fr\\\/\"},{\"@type\":\"ListItem\",\"position\":2,\"name\":\"Public\",\"item\":\"https:\\\/\\\/www.crto.on.ca\\\/fr\\\/public-2\\\/\"},{\"@type\":\"ListItem\",\"position\":3,\"name\":\"Ressources\",\"item\":\"https:\\\/\\\/www.crto.on.ca\\\/fr\\\/public-2\\\/ressources\\\/\"},{\"@type\":\"ListItem\",\"position\":4,\"name\":\"Les politiques\"}]},{\"@type\":\"WebSite\",\"@id\":\"https:\\\/\\\/www.crto.on.ca\\\/#website\",\"url\":\"https:\\\/\\\/www.crto.on.ca\\\/\",\"name\":\"CRTO\",\"description\":\"\",\"potentialAction\":[{\"@type\":\"SearchAction\",\"target\":{\"@type\":\"EntryPoint\",\"urlTemplate\":\"https:\\\/\\\/www.crto.on.ca\\\/?s={search_term_string}\"},\"query-input\":{\"@type\":\"PropertyValueSpecification\",\"valueRequired\":true,\"valueName\":\"search_term_string\"}}],\"inLanguage\":\"fr-FR\"}]}<\/script>\n<!-- \/ Yoast SEO plugin. -->","yoast_head_json":{"title":"Les politiques - CRTO","robots":{"index":"index","follow":"follow","max-snippet":"max-snippet:-1","max-image-preview":"max-image-preview:large","max-video-preview":"max-video-preview:-1"},"canonical":"https:\/\/www.crto.on.ca\/fr\/public-2\/ressources\/4494-2\/","twitter_misc":{"Dur\u00e9e de lecture estim\u00e9e":"2 minutes"},"schema":{"@context":"https:\/\/schema.org","@graph":[{"@type":"WebPage","@id":"https:\/\/www.crto.on.ca\/fr\/public-2\/ressources\/4494-2\/","url":"https:\/\/www.crto.on.ca\/fr\/public-2\/ressources\/4494-2\/","name":"Les politiques - CRTO","isPartOf":{"@id":"https:\/\/www.crto.on.ca\/#website"},"datePublished":"2016-06-28T18:43:06+00:00","dateModified":"2025-11-04T19:20:54+00:00","breadcrumb":{"@id":"https:\/\/www.crto.on.ca\/fr\/public-2\/ressources\/4494-2\/#breadcrumb"},"inLanguage":"fr-FR","potentialAction":[{"@type":"ReadAction","target":["https:\/\/www.crto.on.ca\/fr\/public-2\/ressources\/4494-2\/"]}]},{"@type":"BreadcrumbList","@id":"https:\/\/www.crto.on.ca\/fr\/public-2\/ressources\/4494-2\/#breadcrumb","itemListElement":[{"@type":"ListItem","position":1,"name":"Home","item":"https:\/\/www.crto.on.ca\/fr\/"},{"@type":"ListItem","position":2,"name":"Public","item":"https:\/\/www.crto.on.ca\/fr\/public-2\/"},{"@type":"ListItem","position":3,"name":"Ressources","item":"https:\/\/www.crto.on.ca\/fr\/public-2\/ressources\/"},{"@type":"ListItem","position":4,"name":"Les politiques"}]},{"@type":"WebSite","@id":"https:\/\/www.crto.on.ca\/#website","url":"https:\/\/www.crto.on.ca\/","name":"CRTO","description":"","potentialAction":[{"@type":"SearchAction","target":{"@type":"EntryPoint","urlTemplate":"https:\/\/www.crto.on.ca\/?s={search_term_string}"},"query-input":{"@type":"PropertyValueSpecification","valueRequired":true,"valueName":"search_term_string"}}],"inLanguage":"fr-FR"}]}},"_links":{"self":[{"href":"https:\/\/www.crto.on.ca\/fr\/wp-json\/wp\/v2\/pages\/4494","targetHints":{"allow":["GET"]}}],"collection":[{"href":"https:\/\/www.crto.on.ca\/fr\/wp-json\/wp\/v2\/pages"}],"about":[{"href":"https:\/\/www.crto.on.ca\/fr\/wp-json\/wp\/v2\/types\/page"}],"author":[{"embeddable":true,"href":"https:\/\/www.crto.on.ca\/fr\/wp-json\/wp\/v2\/users\/3"}],"replies":[{"embeddable":true,"href":"https:\/\/www.crto.on.ca\/fr\/wp-json\/wp\/v2\/comments?post=4494"}],"version-history":[{"count":103,"href":"https:\/\/www.crto.on.ca\/fr\/wp-json\/wp\/v2\/pages\/4494\/revisions"}],"predecessor-version":[{"id":12693,"href":"https:\/\/www.crto.on.ca\/fr\/wp-json\/wp\/v2\/pages\/4494\/revisions\/12693"}],"up":[{"embeddable":true,"href":"https:\/\/www.crto.on.ca\/fr\/wp-json\/wp\/v2\/pages\/2329"}],"wp:attachment":[{"href":"https:\/\/www.crto.on.ca\/fr\/wp-json\/wp\/v2\/media?parent=4494"}],"curies":[{"name":"wp","href":"https:\/\/api.w.org\/{rel}","templated":true}]}}