{"id":4635,"date":"2016-06-28T20:27:32","date_gmt":"2016-06-29T00:27:32","guid":{"rendered":"http:\/\/www.crto.on.ca\/fr\/?page_id=4635"},"modified":"2016-06-28T20:38:14","modified_gmt":"2016-06-29T00:38:14","slug":"certificat-dautorisation-pour-les-societes-professionnelles-de-la-sante","status":"publish","type":"page","link":"https:\/\/www.crto.on.ca\/fr\/members\/about-your-certificate-of-registration\/certificat-dautorisation-pour-les-societes-professionnelles-de-la-sante\/","title":{"rendered":"Certificat d\u2019autorisation pour les soci\u00e9t\u00e9s professionnelles de la sant\u00e9"},"content":{"rendered":"<p><a href=\"https:\/\/www.crto.on.ca\/pdf\/Reg\/applicguidecertificateofauthor.pdf\" target=\"_blank\">Guide d\u2019instructions<\/a> pour remplir une demande de certificat d\u2019autorisation. <span style=\"font-size: xx-small;\"> (disponible seulement en anglais)<\/span><\/p>\r\n<p><a href=\"https:\/\/www.crto.on.ca\/pdf\/Reg\/renewalcertificateofauthor.pdf\" target=\"_blank\">Formulaire de demande<\/a> pour obtenir un certificat d\u2019autorisation pour soci\u00e9t\u00e9 professionnelle de la sant\u00e9. <span style=\"font-size: xx-small;\"> (disponible seulement en anglais)<\/span><\/p>\r\n<p><a href=\"https:\/\/www.crto.on.ca\/pdf\/Reg\/applicertificateofauthor.pdf\" target=\"_blank\">Demande initiale<\/a> d&rsquo;un certificat d&rsquo;autorisation pour une soci\u00e9t\u00e9 professionnelle. <span style=\"font-size: xx-small;\"> (disponible seulement en anglais)<\/span><\/p>","protected":false},"excerpt":{"rendered":"<p>Guide d\u2019instructions pour remplir une demande de certificat d\u2019autorisation. (disponible seulement en anglais) Formulaire de demande pour obtenir un certificat d\u2019autorisation pour soci\u00e9t\u00e9 professionnelle de la sant\u00e9. (disponible seulement en anglais) Demande initiale d&rsquo;un certificat d&rsquo;autorisation pour une soci\u00e9t\u00e9 professionnelle. (disponible seulement en anglais)<\/p>\n","protected":false},"author":3,"featured_media":0,"parent":2370,"menu_order":0,"comment_status":"closed","ping_status":"closed","template":"page-members.php","meta":{"footnotes":""},"class_list":["post-4635","page","type-page","status-publish","hentry"],"yoast_head":"<!-- This site is optimized with the Yoast SEO plugin v27.4 - https:\/\/yoast.com\/product\/yoast-seo-wordpress\/ -->\n<title>Certificat d\u2019autorisation pour les soci\u00e9t\u00e9s professionnelles de la sant\u00e9 - CRTO<\/title>\n<meta name=\"robots\" content=\"index, follow, max-snippet:-1, max-image-preview:large, max-video-preview:-1\" \/>\n<link rel=\"canonical\" href=\"https:\/\/www.crto.on.ca\/fr\/members\/about-your-certificate-of-registration\/certificat-dautorisation-pour-les-societes-professionnelles-de-la-sante\/\" \/>\n<script type=\"application\/ld+json\" class=\"yoast-schema-graph\">{\"@context\":\"https:\\\/\\\/schema.org\",\"@graph\":[{\"@type\":\"WebPage\",\"@id\":\"https:\\\/\\\/www.crto.on.ca\\\/fr\\\/members\\\/about-your-certificate-of-registration\\\/certificat-dautorisation-pour-les-societes-professionnelles-de-la-sante\\\/\",\"url\":\"https:\\\/\\\/www.crto.on.ca\\\/fr\\\/members\\\/about-your-certificate-of-registration\\\/certificat-dautorisation-pour-les-societes-professionnelles-de-la-sante\\\/\",\"name\":\"Certificat d\u2019autorisation pour les soci\u00e9t\u00e9s professionnelles de la sant\u00e9 - CRTO\",\"isPartOf\":{\"@id\":\"https:\\\/\\\/www.crto.on.ca\\\/#website\"},\"datePublished\":\"2016-06-29T00:27:32+00:00\",\"dateModified\":\"2016-06-29T00:38:14+00:00\",\"breadcrumb\":{\"@id\":\"https:\\\/\\\/www.crto.on.ca\\\/fr\\\/members\\\/about-your-certificate-of-registration\\\/certificat-dautorisation-pour-les-societes-professionnelles-de-la-sante\\\/#breadcrumb\"},\"inLanguage\":\"fr-FR\",\"potentialAction\":[{\"@type\":\"ReadAction\",\"target\":[\"https:\\\/\\\/www.crto.on.ca\\\/fr\\\/members\\\/about-your-certificate-of-registration\\\/certificat-dautorisation-pour-les-societes-professionnelles-de-la-sante\\\/\"]}]},{\"@type\":\"BreadcrumbList\",\"@id\":\"https:\\\/\\\/www.crto.on.ca\\\/fr\\\/members\\\/about-your-certificate-of-registration\\\/certificat-dautorisation-pour-les-societes-professionnelles-de-la-sante\\\/#breadcrumb\",\"itemListElement\":[{\"@type\":\"ListItem\",\"position\":1,\"name\":\"Home\",\"item\":\"https:\\\/\\\/www.crto.on.ca\\\/fr\\\/\"},{\"@type\":\"ListItem\",\"position\":2,\"name\":\"Membres\",\"item\":\"https:\\\/\\\/www.crto.on.ca\\\/fr\\\/members\\\/\"},{\"@type\":\"ListItem\",\"position\":3,\"name\":\"Au sujet de votre certificat d\u2019inscription\",\"item\":\"https:\\\/\\\/www.crto.on.ca\\\/fr\\\/members\\\/about-your-certificate-of-registration\\\/\"},{\"@type\":\"ListItem\",\"position\":4,\"name\":\"Certificat d\u2019autorisation pour les soci\u00e9t\u00e9s professionnelles de la sant\u00e9\"}]},{\"@type\":\"WebSite\",\"@id\":\"https:\\\/\\\/www.crto.on.ca\\\/#website\",\"url\":\"https:\\\/\\\/www.crto.on.ca\\\/\",\"name\":\"CRTO\",\"description\":\"\",\"potentialAction\":[{\"@type\":\"SearchAction\",\"target\":{\"@type\":\"EntryPoint\",\"urlTemplate\":\"https:\\\/\\\/www.crto.on.ca\\\/?s={search_term_string}\"},\"query-input\":{\"@type\":\"PropertyValueSpecification\",\"valueRequired\":true,\"valueName\":\"search_term_string\"}}],\"inLanguage\":\"fr-FR\"}]}<\/script>\n<!-- \/ Yoast SEO plugin. -->","yoast_head_json":{"title":"Certificat d\u2019autorisation pour les soci\u00e9t\u00e9s professionnelles de la sant\u00e9 - CRTO","robots":{"index":"index","follow":"follow","max-snippet":"max-snippet:-1","max-image-preview":"max-image-preview:large","max-video-preview":"max-video-preview:-1"},"canonical":"https:\/\/www.crto.on.ca\/fr\/members\/about-your-certificate-of-registration\/certificat-dautorisation-pour-les-societes-professionnelles-de-la-sante\/","schema":{"@context":"https:\/\/schema.org","@graph":[{"@type":"WebPage","@id":"https:\/\/www.crto.on.ca\/fr\/members\/about-your-certificate-of-registration\/certificat-dautorisation-pour-les-societes-professionnelles-de-la-sante\/","url":"https:\/\/www.crto.on.ca\/fr\/members\/about-your-certificate-of-registration\/certificat-dautorisation-pour-les-societes-professionnelles-de-la-sante\/","name":"Certificat d\u2019autorisation pour les soci\u00e9t\u00e9s professionnelles de la sant\u00e9 - CRTO","isPartOf":{"@id":"https:\/\/www.crto.on.ca\/#website"},"datePublished":"2016-06-29T00:27:32+00:00","dateModified":"2016-06-29T00:38:14+00:00","breadcrumb":{"@id":"https:\/\/www.crto.on.ca\/fr\/members\/about-your-certificate-of-registration\/certificat-dautorisation-pour-les-societes-professionnelles-de-la-sante\/#breadcrumb"},"inLanguage":"fr-FR","potentialAction":[{"@type":"ReadAction","target":["https:\/\/www.crto.on.ca\/fr\/members\/about-your-certificate-of-registration\/certificat-dautorisation-pour-les-societes-professionnelles-de-la-sante\/"]}]},{"@type":"BreadcrumbList","@id":"https:\/\/www.crto.on.ca\/fr\/members\/about-your-certificate-of-registration\/certificat-dautorisation-pour-les-societes-professionnelles-de-la-sante\/#breadcrumb","itemListElement":[{"@type":"ListItem","position":1,"name":"Home","item":"https:\/\/www.crto.on.ca\/fr\/"},{"@type":"ListItem","position":2,"name":"Membres","item":"https:\/\/www.crto.on.ca\/fr\/members\/"},{"@type":"ListItem","position":3,"name":"Au sujet de votre certificat d\u2019inscription","item":"https:\/\/www.crto.on.ca\/fr\/members\/about-your-certificate-of-registration\/"},{"@type":"ListItem","position":4,"name":"Certificat d\u2019autorisation pour les soci\u00e9t\u00e9s professionnelles de la sant\u00e9"}]},{"@type":"WebSite","@id":"https:\/\/www.crto.on.ca\/#website","url":"https:\/\/www.crto.on.ca\/","name":"CRTO","description":"","potentialAction":[{"@type":"SearchAction","target":{"@type":"EntryPoint","urlTemplate":"https:\/\/www.crto.on.ca\/?s={search_term_string}"},"query-input":{"@type":"PropertyValueSpecification","valueRequired":true,"valueName":"search_term_string"}}],"inLanguage":"fr-FR"}]}},"_links":{"self":[{"href":"https:\/\/www.crto.on.ca\/fr\/wp-json\/wp\/v2\/pages\/4635","targetHints":{"allow":["GET"]}}],"collection":[{"href":"https:\/\/www.crto.on.ca\/fr\/wp-json\/wp\/v2\/pages"}],"about":[{"href":"https:\/\/www.crto.on.ca\/fr\/wp-json\/wp\/v2\/types\/page"}],"author":[{"embeddable":true,"href":"https:\/\/www.crto.on.ca\/fr\/wp-json\/wp\/v2\/users\/3"}],"replies":[{"embeddable":true,"href":"https:\/\/www.crto.on.ca\/fr\/wp-json\/wp\/v2\/comments?post=4635"}],"version-history":[{"count":2,"href":"https:\/\/www.crto.on.ca\/fr\/wp-json\/wp\/v2\/pages\/4635\/revisions"}],"predecessor-version":[{"id":4638,"href":"https:\/\/www.crto.on.ca\/fr\/wp-json\/wp\/v2\/pages\/4635\/revisions\/4638"}],"up":[{"embeddable":true,"href":"https:\/\/www.crto.on.ca\/fr\/wp-json\/wp\/v2\/pages\/2370"}],"wp:attachment":[{"href":"https:\/\/www.crto.on.ca\/fr\/wp-json\/wp\/v2\/media?parent=4635"}],"curies":[{"name":"wp","href":"https:\/\/api.w.org\/{rel}","templated":true}]}}