{"id":4640,"date":"2016-06-28T21:06:08","date_gmt":"2016-06-29T01:06:08","guid":{"rendered":"http:\/\/www.crto.on.ca\/fr\/?page_id=4640"},"modified":"2025-07-23T12:59:05","modified_gmt":"2025-07-23T16:59:05","slug":"profil-national-des-competences-pnc","status":"publish","type":"page","link":"https:\/\/www.crto.on.ca\/fr\/etudiant\/processus-dinscription\/profil-national-des-competences-pnc\/","title":{"rendered":"<br\/>R\u00e9f\u00e9rentiel national des comp\u00e9tences (RNC)"},"content":{"rendered":"<div class=\"contentbox cbox-ppg\">\r\n<h1 class=\"slide\">2024 R\u00e9f\u00e9rentielional des comp\u00e9tences (RNC) &amp; Ressources en mati\u00e8re de formation et d\u2019examen<\/h1>\r\n<div><strong>2024 R\u00e9f\u00e9rentiel national des comp\u00e9tences (RNC) &amp; Ressources en mati\u00e8re de formation et d\u2019examen<\/strong>\r\n<p>Le R\u00e9f\u00e9rentiel national des comp\u00e9tences \u00e0 l\u2019entr\u00e9e en pratique pour les th\u00e9rapeutes respiratoires et les inhaloth\u00e9rapeutes canadiens (RNC 2024) ainsi que les Ressources en mati\u00e8re d\u2019examen et de formation (REF 2024) qui l\u2019accompagnent sont d\u00e9sormais disponibles. Le R\u00e9f\u00e9rentiel des comp\u00e9tences de 2024 sera int\u00e9gr\u00e9 au programme d\u2019\u00e9tudes en th\u00e9rapie respiratoire d\u2019ici septembre 2025 et \u00e0 l\u2019examen Health Professionals Testing Canada d\u2019ici 2028.<\/p>\r\n<ul>\r\n\t<li><a href=\"http:\/\/crto.on.ca\/pdf\/NCF\/RNC%202024_HighRes%20Print%20Version-%20FR.pdf\">Version imprim\u00e9e \u00e0 haute r\u00e9solution &#8211; RNC 2024<\/a><\/li>\r\n\t<li><a href=\"https:\/\/crto.on.ca\/pdf\/NCF\/RNC%202024_Interactive%20Version-FR.pdf\">Version interactive &#8211; RNC 2024<\/a><\/li>\r\n\t<li><a href=\"http:\/\/crto.on.ca\/pdf\/NCF\/EER%202024%20High-Resolution%20Print%20Version%20\u2013%20FR.pdf\">Version imprim\u00e9e \u00e0 haute r\u00e9solution &#8211; REF 2024<\/a><\/li>\r\n\t<li><a href=\"http:\/\/crto.on.ca\/pdf\/NCF\/RMFE%202024_Interactive%20Version-FR.pdf\">Version interactive &#8211; REF 2024<\/a><\/li>\r\n<\/ul>\r\n<\/div>\r\n<\/div>\r\n<div class=\"contentbox cbox-ppg\">\r\n<h1 class=\"slide\">2016 R\u00e9f\u00e9rentielional des comp\u00e9tences (RNC)<\/h1>\r\n<div>\r\n<ul>\r\n\t<li><a href=\"https:\/\/www.crto.on.ca\/pdf\/NCF\/NCF_Part1_Entry-to-Practice_FR.pdf\" target=\"_blank\" rel=\"noopener\">1 i\u00e8re partie RNC Entr\u00e9e en pratique<\/a><\/li>\r\n\t<li><a href=\"https:\/\/www.crto.on.ca\/pdf\/NCF\/NCF_Part2_Career_Stages_FR.pdf\" target=\"_blank\" rel=\"noopener\">2 i\u00e8me partie RNC \u00e9tapes de carri\u00e8re<\/a><\/li>\r\n\t<li><a href=\"https:\/\/www.crto.on.ca\/pdf\/NCF\/NCF_Appendix1_Blooms_Trajectory_FR.pdf\" target=\"_blank\" rel=\"noopener\">2016 RNC Annexe Trajectoire de Bloom<\/a><\/li>\r\n<\/ul>\r\n<\/div>\r\n<\/div>\r\n\r\nSi vous avez des questions au sujet du RNC, adressez-vous \u00e0 Carole Hamp, RRT \u2013 Registraire et chef de la direction \u00e0 hamp@crto.on.ca ou 416-591-7800, poste 33.","protected":false},"excerpt":{"rendered":"<p>2024 R\u00e9f\u00e9rentielional des comp\u00e9tences (RNC) &amp; Ressources en mati\u00e8re de formation et d\u2019examen 2024 R\u00e9f\u00e9rentiel national des comp\u00e9tences (RNC) &amp; Ressources en mati\u00e8re de formation et d\u2019examen Le R\u00e9f\u00e9rentiel national des comp\u00e9tences \u00e0 l\u2019entr\u00e9e en pratique pour les th\u00e9rapeutes respiratoires et les inhaloth\u00e9rapeutes canadiens (RNC 2024) ainsi que les Ressources en mati\u00e8re d\u2019examen et de [&hellip;]<\/p>\n","protected":false},"author":3,"featured_media":0,"parent":2430,"menu_order":0,"comment_status":"closed","ping_status":"closed","template":"page-students.php","meta":{"footnotes":""},"class_list":["post-4640","page","type-page","status-publish","hentry"],"yoast_head":"<!-- This site is optimized with the Yoast SEO plugin v27.4 - https:\/\/yoast.com\/product\/yoast-seo-wordpress\/ -->\n<title>R\u00e9f\u00e9rentiel national des comp\u00e9tences (RNC) - CRTO<\/title>\n<meta name=\"robots\" content=\"index, follow, max-snippet:-1, max-image-preview:large, max-video-preview:-1\" \/>\n<link rel=\"canonical\" href=\"https:\/\/www.crto.on.ca\/fr\/etudiant\/processus-dinscription\/profil-national-des-competences-pnc\/\" \/>\n<meta name=\"twitter:label1\" content=\"Dur\u00e9e de lecture estim\u00e9e\" \/>\n\t<meta name=\"twitter:data1\" content=\"1 minute\" \/>\n<script type=\"application\/ld+json\" class=\"yoast-schema-graph\">{\"@context\":\"https:\\\/\\\/schema.org\",\"@graph\":[{\"@type\":\"WebPage\",\"@id\":\"https:\\\/\\\/www.crto.on.ca\\\/fr\\\/etudiant\\\/processus-dinscription\\\/profil-national-des-competences-pnc\\\/\",\"url\":\"https:\\\/\\\/www.crto.on.ca\\\/fr\\\/etudiant\\\/processus-dinscription\\\/profil-national-des-competences-pnc\\\/\",\"name\":\"R\u00e9f\u00e9rentiel national des comp\u00e9tences (RNC) - CRTO\",\"isPartOf\":{\"@id\":\"https:\\\/\\\/www.crto.on.ca\\\/#website\"},\"datePublished\":\"2016-06-29T01:06:08+00:00\",\"dateModified\":\"2025-07-23T16:59:05+00:00\",\"breadcrumb\":{\"@id\":\"https:\\\/\\\/www.crto.on.ca\\\/fr\\\/etudiant\\\/processus-dinscription\\\/profil-national-des-competences-pnc\\\/#breadcrumb\"},\"inLanguage\":\"fr-FR\",\"potentialAction\":[{\"@type\":\"ReadAction\",\"target\":[\"https:\\\/\\\/www.crto.on.ca\\\/fr\\\/etudiant\\\/processus-dinscription\\\/profil-national-des-competences-pnc\\\/\"]}]},{\"@type\":\"BreadcrumbList\",\"@id\":\"https:\\\/\\\/www.crto.on.ca\\\/fr\\\/etudiant\\\/processus-dinscription\\\/profil-national-des-competences-pnc\\\/#breadcrumb\",\"itemListElement\":[{\"@type\":\"ListItem\",\"position\":1,\"name\":\"Home\",\"item\":\"https:\\\/\\\/www.crto.on.ca\\\/fr\\\/\"},{\"@type\":\"ListItem\",\"position\":2,\"name\":\"Etudiant\",\"item\":\"https:\\\/\\\/www.crto.on.ca\\\/fr\\\/etudiant\\\/\"},{\"@type\":\"ListItem\",\"position\":3,\"name\":\"Processus d&#8217;inscription\",\"item\":\"https:\\\/\\\/www.crto.on.ca\\\/fr\\\/etudiant\\\/processus-dinscription\\\/\"},{\"@type\":\"ListItem\",\"position\":4,\"name\":\"R\u00e9f\u00e9rentiel national des comp\u00e9tences (RNC)\"}]},{\"@type\":\"WebSite\",\"@id\":\"https:\\\/\\\/www.crto.on.ca\\\/#website\",\"url\":\"https:\\\/\\\/www.crto.on.ca\\\/\",\"name\":\"CRTO\",\"description\":\"\",\"potentialAction\":[{\"@type\":\"SearchAction\",\"target\":{\"@type\":\"EntryPoint\",\"urlTemplate\":\"https:\\\/\\\/www.crto.on.ca\\\/?s={search_term_string}\"},\"query-input\":{\"@type\":\"PropertyValueSpecification\",\"valueRequired\":true,\"valueName\":\"search_term_string\"}}],\"inLanguage\":\"fr-FR\"}]}<\/script>\n<!-- \/ Yoast SEO plugin. -->","yoast_head_json":{"title":"R\u00e9f\u00e9rentiel national des comp\u00e9tences (RNC) - CRTO","robots":{"index":"index","follow":"follow","max-snippet":"max-snippet:-1","max-image-preview":"max-image-preview:large","max-video-preview":"max-video-preview:-1"},"canonical":"https:\/\/www.crto.on.ca\/fr\/etudiant\/processus-dinscription\/profil-national-des-competences-pnc\/","twitter_misc":{"Dur\u00e9e de lecture estim\u00e9e":"1 minute"},"schema":{"@context":"https:\/\/schema.org","@graph":[{"@type":"WebPage","@id":"https:\/\/www.crto.on.ca\/fr\/etudiant\/processus-dinscription\/profil-national-des-competences-pnc\/","url":"https:\/\/www.crto.on.ca\/fr\/etudiant\/processus-dinscription\/profil-national-des-competences-pnc\/","name":"R\u00e9f\u00e9rentiel national des comp\u00e9tences (RNC) - CRTO","isPartOf":{"@id":"https:\/\/www.crto.on.ca\/#website"},"datePublished":"2016-06-29T01:06:08+00:00","dateModified":"2025-07-23T16:59:05+00:00","breadcrumb":{"@id":"https:\/\/www.crto.on.ca\/fr\/etudiant\/processus-dinscription\/profil-national-des-competences-pnc\/#breadcrumb"},"inLanguage":"fr-FR","potentialAction":[{"@type":"ReadAction","target":["https:\/\/www.crto.on.ca\/fr\/etudiant\/processus-dinscription\/profil-national-des-competences-pnc\/"]}]},{"@type":"BreadcrumbList","@id":"https:\/\/www.crto.on.ca\/fr\/etudiant\/processus-dinscription\/profil-national-des-competences-pnc\/#breadcrumb","itemListElement":[{"@type":"ListItem","position":1,"name":"Home","item":"https:\/\/www.crto.on.ca\/fr\/"},{"@type":"ListItem","position":2,"name":"Etudiant","item":"https:\/\/www.crto.on.ca\/fr\/etudiant\/"},{"@type":"ListItem","position":3,"name":"Processus d&#8217;inscription","item":"https:\/\/www.crto.on.ca\/fr\/etudiant\/processus-dinscription\/"},{"@type":"ListItem","position":4,"name":"R\u00e9f\u00e9rentiel national des comp\u00e9tences (RNC)"}]},{"@type":"WebSite","@id":"https:\/\/www.crto.on.ca\/#website","url":"https:\/\/www.crto.on.ca\/","name":"CRTO","description":"","potentialAction":[{"@type":"SearchAction","target":{"@type":"EntryPoint","urlTemplate":"https:\/\/www.crto.on.ca\/?s={search_term_string}"},"query-input":{"@type":"PropertyValueSpecification","valueRequired":true,"valueName":"search_term_string"}}],"inLanguage":"fr-FR"}]}},"_links":{"self":[{"href":"https:\/\/www.crto.on.ca\/fr\/wp-json\/wp\/v2\/pages\/4640","targetHints":{"allow":["GET"]}}],"collection":[{"href":"https:\/\/www.crto.on.ca\/fr\/wp-json\/wp\/v2\/pages"}],"about":[{"href":"https:\/\/www.crto.on.ca\/fr\/wp-json\/wp\/v2\/types\/page"}],"author":[{"embeddable":true,"href":"https:\/\/www.crto.on.ca\/fr\/wp-json\/wp\/v2\/users\/3"}],"replies":[{"embeddable":true,"href":"https:\/\/www.crto.on.ca\/fr\/wp-json\/wp\/v2\/comments?post=4640"}],"version-history":[{"count":16,"href":"https:\/\/www.crto.on.ca\/fr\/wp-json\/wp\/v2\/pages\/4640\/revisions"}],"predecessor-version":[{"id":12224,"href":"https:\/\/www.crto.on.ca\/fr\/wp-json\/wp\/v2\/pages\/4640\/revisions\/12224"}],"up":[{"embeddable":true,"href":"https:\/\/www.crto.on.ca\/fr\/wp-json\/wp\/v2\/pages\/2430"}],"wp:attachment":[{"href":"https:\/\/www.crto.on.ca\/fr\/wp-json\/wp\/v2\/media?parent=4640"}],"curies":[{"name":"wp","href":"https:\/\/api.w.org\/{rel}","templated":true}]}}