{"id":4663,"date":"2016-07-05T08:30:19","date_gmt":"2016-07-05T12:30:19","guid":{"rendered":"http:\/\/www.crto.on.ca\/fr\/?page_id=4663"},"modified":"2016-07-05T08:30:19","modified_gmt":"2016-07-05T12:30:19","slug":"evaluation-de-depart-en-jurisprudence-pour-les-therapeutes-respiratoires","status":"publish","type":"page","link":"https:\/\/www.crto.on.ca\/fr\/etudiant\/processus-dinscription\/evaluation-de-depart-en-jurisprudence-pour-les-therapeutes-respiratoires\/","title":{"rendered":"\u00c9valuation de d\u00e9part en jurisprudence pour les th\u00e9rapeutes respiratoires"},"content":{"rendered":"<h2>Obligatoire pour tous les NOUVEAUX membres de l&rsquo;OTRO (et ceux qui se r\u00e9inscrivent) \u00e0 compter du mois de septembre 2016<\/h2>\r\n<p>Pour offrir des soins aux patients s\u00e9curitaires et conformes \u00e0 l&rsquo;\u00e9thique, les membres de l&rsquo;Ordre des th\u00e9rapeutes respiratoires de l&rsquo;Ontario (OTRO) doivent avoir une compr\u00e9hension de base des normes, lignes directrices, lois et r\u00e8glements r\u00e9gissant la pratique et la conduite des membres.<\/p>\r\n<p>Afin de s&rsquo;assurer que tous les membres de l&rsquo;OTRO ont le m\u00eame niveau de connaissances de base dans ce domaine, le Comit\u00e9 d&rsquo;assurance de la qualit\u00e9 (CAQ) a mis en place une <strong>\u00c9valuation de d\u00e9part en jurisprudence pour les th\u00e9rapeutes respiratoires<\/strong><strong> qui doit \u00eatre r\u00e9ussie par tous ceux qui souhaitent devenir membres de l&rsquo;OTRO pour la premi\u00e8re fois ou qui sont r\u00e9int\u00e9gr\u00e9s.<\/p>\r\n<p>Des renseignements plus complets seront publi\u00e9s au moment de l&rsquo;entr\u00e9e en vigueur des nouvelles exigences au mois de septembre 2016. Veuillez prendre un moment pour lire les documents figurant dans la liste des Liens pertinents pour obtenir plus de pr\u00e9cisions sur l&rsquo;\u00c9valuation de d\u00e9part en jurisprudence pour les th\u00e9rapeutes respiratoires.<\/p>","protected":false},"excerpt":{"rendered":"<p>Obligatoire pour tous les NOUVEAUX membres de l&rsquo;OTRO (et ceux qui se r\u00e9inscrivent) \u00e0 compter du mois de septembre 2016 Pour offrir des soins aux patients s\u00e9curitaires et conformes \u00e0 l&rsquo;\u00e9thique, les membres de l&rsquo;Ordre des th\u00e9rapeutes respiratoires de l&rsquo;Ontario (OTRO) doivent avoir une compr\u00e9hension de base des normes, lignes directrices, lois et r\u00e8glements r\u00e9gissant [&hellip;]<\/p>\n","protected":false},"author":3,"featured_media":0,"parent":2430,"menu_order":0,"comment_status":"closed","ping_status":"closed","template":"page-students.php","meta":{"footnotes":""},"class_list":["post-4663","page","type-page","status-publish","hentry"],"yoast_head":"<!-- This site is optimized with the Yoast SEO plugin v27.3 - https:\/\/yoast.com\/product\/yoast-seo-wordpress\/ -->\n<title>\u00c9valuation de d\u00e9part en jurisprudence pour les th\u00e9rapeutes respiratoires - CRTO<\/title>\n<meta name=\"robots\" content=\"index, follow, max-snippet:-1, max-image-preview:large, max-video-preview:-1\" \/>\n<link rel=\"canonical\" href=\"https:\/\/www.crto.on.ca\/fr\/etudiant\/processus-dinscription\/evaluation-de-depart-en-jurisprudence-pour-les-therapeutes-respiratoires\/\" \/>\n<meta name=\"twitter:label1\" content=\"Dur\u00e9e de lecture estim\u00e9e\" \/>\n\t<meta name=\"twitter:data1\" content=\"1 minute\" \/>\n<script type=\"application\/ld+json\" class=\"yoast-schema-graph\">{\"@context\":\"https:\\\/\\\/schema.org\",\"@graph\":[{\"@type\":\"WebPage\",\"@id\":\"https:\\\/\\\/www.crto.on.ca\\\/fr\\\/etudiant\\\/processus-dinscription\\\/evaluation-de-depart-en-jurisprudence-pour-les-therapeutes-respiratoires\\\/\",\"url\":\"https:\\\/\\\/www.crto.on.ca\\\/fr\\\/etudiant\\\/processus-dinscription\\\/evaluation-de-depart-en-jurisprudence-pour-les-therapeutes-respiratoires\\\/\",\"name\":\"\u00c9valuation de d\u00e9part en jurisprudence pour les th\u00e9rapeutes respiratoires - CRTO\",\"isPartOf\":{\"@id\":\"https:\\\/\\\/www.crto.on.ca\\\/#website\"},\"datePublished\":\"2016-07-05T12:30:19+00:00\",\"breadcrumb\":{\"@id\":\"https:\\\/\\\/www.crto.on.ca\\\/fr\\\/etudiant\\\/processus-dinscription\\\/evaluation-de-depart-en-jurisprudence-pour-les-therapeutes-respiratoires\\\/#breadcrumb\"},\"inLanguage\":\"fr-FR\",\"potentialAction\":[{\"@type\":\"ReadAction\",\"target\":[\"https:\\\/\\\/www.crto.on.ca\\\/fr\\\/etudiant\\\/processus-dinscription\\\/evaluation-de-depart-en-jurisprudence-pour-les-therapeutes-respiratoires\\\/\"]}]},{\"@type\":\"BreadcrumbList\",\"@id\":\"https:\\\/\\\/www.crto.on.ca\\\/fr\\\/etudiant\\\/processus-dinscription\\\/evaluation-de-depart-en-jurisprudence-pour-les-therapeutes-respiratoires\\\/#breadcrumb\",\"itemListElement\":[{\"@type\":\"ListItem\",\"position\":1,\"name\":\"Home\",\"item\":\"https:\\\/\\\/www.crto.on.ca\\\/fr\\\/\"},{\"@type\":\"ListItem\",\"position\":2,\"name\":\"Etudiant\",\"item\":\"https:\\\/\\\/www.crto.on.ca\\\/fr\\\/etudiant\\\/\"},{\"@type\":\"ListItem\",\"position\":3,\"name\":\"Processus d&#8217;inscription\",\"item\":\"https:\\\/\\\/www.crto.on.ca\\\/fr\\\/etudiant\\\/processus-dinscription\\\/\"},{\"@type\":\"ListItem\",\"position\":4,\"name\":\"\u00c9valuation de d\u00e9part en jurisprudence pour les th\u00e9rapeutes respiratoires\"}]},{\"@type\":\"WebSite\",\"@id\":\"https:\\\/\\\/www.crto.on.ca\\\/#website\",\"url\":\"https:\\\/\\\/www.crto.on.ca\\\/\",\"name\":\"CRTO\",\"description\":\"\",\"potentialAction\":[{\"@type\":\"SearchAction\",\"target\":{\"@type\":\"EntryPoint\",\"urlTemplate\":\"https:\\\/\\\/www.crto.on.ca\\\/?s={search_term_string}\"},\"query-input\":{\"@type\":\"PropertyValueSpecification\",\"valueRequired\":true,\"valueName\":\"search_term_string\"}}],\"inLanguage\":\"fr-FR\"}]}<\/script>\n<!-- \/ Yoast SEO plugin. -->","yoast_head_json":{"title":"\u00c9valuation de d\u00e9part en jurisprudence pour les th\u00e9rapeutes respiratoires - CRTO","robots":{"index":"index","follow":"follow","max-snippet":"max-snippet:-1","max-image-preview":"max-image-preview:large","max-video-preview":"max-video-preview:-1"},"canonical":"https:\/\/www.crto.on.ca\/fr\/etudiant\/processus-dinscription\/evaluation-de-depart-en-jurisprudence-pour-les-therapeutes-respiratoires\/","twitter_misc":{"Dur\u00e9e de lecture estim\u00e9e":"1 minute"},"schema":{"@context":"https:\/\/schema.org","@graph":[{"@type":"WebPage","@id":"https:\/\/www.crto.on.ca\/fr\/etudiant\/processus-dinscription\/evaluation-de-depart-en-jurisprudence-pour-les-therapeutes-respiratoires\/","url":"https:\/\/www.crto.on.ca\/fr\/etudiant\/processus-dinscription\/evaluation-de-depart-en-jurisprudence-pour-les-therapeutes-respiratoires\/","name":"\u00c9valuation de d\u00e9part en jurisprudence pour les th\u00e9rapeutes respiratoires - CRTO","isPartOf":{"@id":"https:\/\/www.crto.on.ca\/#website"},"datePublished":"2016-07-05T12:30:19+00:00","breadcrumb":{"@id":"https:\/\/www.crto.on.ca\/fr\/etudiant\/processus-dinscription\/evaluation-de-depart-en-jurisprudence-pour-les-therapeutes-respiratoires\/#breadcrumb"},"inLanguage":"fr-FR","potentialAction":[{"@type":"ReadAction","target":["https:\/\/www.crto.on.ca\/fr\/etudiant\/processus-dinscription\/evaluation-de-depart-en-jurisprudence-pour-les-therapeutes-respiratoires\/"]}]},{"@type":"BreadcrumbList","@id":"https:\/\/www.crto.on.ca\/fr\/etudiant\/processus-dinscription\/evaluation-de-depart-en-jurisprudence-pour-les-therapeutes-respiratoires\/#breadcrumb","itemListElement":[{"@type":"ListItem","position":1,"name":"Home","item":"https:\/\/www.crto.on.ca\/fr\/"},{"@type":"ListItem","position":2,"name":"Etudiant","item":"https:\/\/www.crto.on.ca\/fr\/etudiant\/"},{"@type":"ListItem","position":3,"name":"Processus d&#8217;inscription","item":"https:\/\/www.crto.on.ca\/fr\/etudiant\/processus-dinscription\/"},{"@type":"ListItem","position":4,"name":"\u00c9valuation de d\u00e9part en jurisprudence pour les th\u00e9rapeutes respiratoires"}]},{"@type":"WebSite","@id":"https:\/\/www.crto.on.ca\/#website","url":"https:\/\/www.crto.on.ca\/","name":"CRTO","description":"","potentialAction":[{"@type":"SearchAction","target":{"@type":"EntryPoint","urlTemplate":"https:\/\/www.crto.on.ca\/?s={search_term_string}"},"query-input":{"@type":"PropertyValueSpecification","valueRequired":true,"valueName":"search_term_string"}}],"inLanguage":"fr-FR"}]}},"_links":{"self":[{"href":"https:\/\/www.crto.on.ca\/fr\/wp-json\/wp\/v2\/pages\/4663","targetHints":{"allow":["GET"]}}],"collection":[{"href":"https:\/\/www.crto.on.ca\/fr\/wp-json\/wp\/v2\/pages"}],"about":[{"href":"https:\/\/www.crto.on.ca\/fr\/wp-json\/wp\/v2\/types\/page"}],"author":[{"embeddable":true,"href":"https:\/\/www.crto.on.ca\/fr\/wp-json\/wp\/v2\/users\/3"}],"replies":[{"embeddable":true,"href":"https:\/\/www.crto.on.ca\/fr\/wp-json\/wp\/v2\/comments?post=4663"}],"version-history":[{"count":1,"href":"https:\/\/www.crto.on.ca\/fr\/wp-json\/wp\/v2\/pages\/4663\/revisions"}],"predecessor-version":[{"id":4665,"href":"https:\/\/www.crto.on.ca\/fr\/wp-json\/wp\/v2\/pages\/4663\/revisions\/4665"}],"up":[{"embeddable":true,"href":"https:\/\/www.crto.on.ca\/fr\/wp-json\/wp\/v2\/pages\/2430"}],"wp:attachment":[{"href":"https:\/\/www.crto.on.ca\/fr\/wp-json\/wp\/v2\/media?parent=4663"}],"curies":[{"name":"wp","href":"https:\/\/api.w.org\/{rel}","templated":true}]}}