{"id":4955,"date":"2017-01-10T11:05:03","date_gmt":"2017-01-10T16:05:03","guid":{"rendered":"http:\/\/www.crto.on.ca\/fr\/?page_id=4955"},"modified":"2017-01-10T11:05:03","modified_gmt":"2017-01-10T16:05:03","slug":"etudes-de-cas-liees-a-la-conduite","status":"publish","type":"page","link":"https:\/\/www.crto.on.ca\/fr\/members\/being-a-professional\/how-are-decisions-about-complaints-made\/etudes-de-cas-liees-a-la-conduite\/","title":{"rendered":"\u00c9tudes de cas li\u00e9es \u00e0 la conduite"},"content":{"rendered":"<p>Cette page n\u2019est pas encore traduite. Nous travaillons actuellement \u00e0 la traduction du site Web remani\u00e9 au complet, mais il faudra un certan temps afin de nous assurer que tout est fait convenablement.<\/p><p>Nous appr\u00e9cions votre patience et votre collaboration \u00e0 cet \u00e9gard.<\/p>","protected":false},"excerpt":{"rendered":"<p>Cette page n\u2019est pas encore traduite. Nous travaillons actuellement \u00e0 la traduction du site Web remani\u00e9 au complet, mais il faudra un certan temps afin de nous assurer que tout est fait convenablement.Nous appr\u00e9cions votre patience et votre collaboration \u00e0 cet \u00e9gard.<\/p>\n","protected":false},"author":3,"featured_media":0,"parent":3914,"menu_order":0,"comment_status":"closed","ping_status":"closed","template":"page-members.php","meta":{"footnotes":""},"class_list":["post-4955","page","type-page","status-publish","hentry"],"yoast_head":"<!-- This site is optimized with the Yoast SEO plugin v27.3 - https:\/\/yoast.com\/product\/yoast-seo-wordpress\/ -->\n<title>\u00c9tudes de cas li\u00e9es \u00e0 la conduite - CRTO<\/title>\n<meta name=\"robots\" content=\"index, follow, max-snippet:-1, max-image-preview:large, max-video-preview:-1\" \/>\n<link rel=\"canonical\" href=\"https:\/\/www.crto.on.ca\/fr\/members\/being-a-professional\/how-are-decisions-about-complaints-made\/etudes-de-cas-liees-a-la-conduite\/\" \/>\n<script type=\"application\/ld+json\" class=\"yoast-schema-graph\">{\"@context\":\"https:\\\/\\\/schema.org\",\"@graph\":[{\"@type\":\"WebPage\",\"@id\":\"https:\\\/\\\/www.crto.on.ca\\\/fr\\\/members\\\/being-a-professional\\\/how-are-decisions-about-complaints-made\\\/etudes-de-cas-liees-a-la-conduite\\\/\",\"url\":\"https:\\\/\\\/www.crto.on.ca\\\/fr\\\/members\\\/being-a-professional\\\/how-are-decisions-about-complaints-made\\\/etudes-de-cas-liees-a-la-conduite\\\/\",\"name\":\"\u00c9tudes de cas li\u00e9es \u00e0 la conduite - CRTO\",\"isPartOf\":{\"@id\":\"https:\\\/\\\/www.crto.on.ca\\\/#website\"},\"datePublished\":\"2017-01-10T16:05:03+00:00\",\"breadcrumb\":{\"@id\":\"https:\\\/\\\/www.crto.on.ca\\\/fr\\\/members\\\/being-a-professional\\\/how-are-decisions-about-complaints-made\\\/etudes-de-cas-liees-a-la-conduite\\\/#breadcrumb\"},\"inLanguage\":\"fr-FR\",\"potentialAction\":[{\"@type\":\"ReadAction\",\"target\":[\"https:\\\/\\\/www.crto.on.ca\\\/fr\\\/members\\\/being-a-professional\\\/how-are-decisions-about-complaints-made\\\/etudes-de-cas-liees-a-la-conduite\\\/\"]}]},{\"@type\":\"BreadcrumbList\",\"@id\":\"https:\\\/\\\/www.crto.on.ca\\\/fr\\\/members\\\/being-a-professional\\\/how-are-decisions-about-complaints-made\\\/etudes-de-cas-liees-a-la-conduite\\\/#breadcrumb\",\"itemListElement\":[{\"@type\":\"ListItem\",\"position\":1,\"name\":\"Home\",\"item\":\"https:\\\/\\\/www.crto.on.ca\\\/fr\\\/\"},{\"@type\":\"ListItem\",\"position\":2,\"name\":\"Membres\",\"item\":\"https:\\\/\\\/www.crto.on.ca\\\/fr\\\/members\\\/\"},{\"@type\":\"ListItem\",\"position\":3,\"name\":\"\u00catre un professionnel\",\"item\":\"https:\\\/\\\/www.crto.on.ca\\\/fr\\\/members\\\/being-a-professional\\\/\"},{\"@type\":\"ListItem\",\"position\":4,\"name\":\"Comment sont prises les d\u00e9cisions au sujet des plaintes?\",\"item\":\"https:\\\/\\\/www.crto.on.ca\\\/fr\\\/members\\\/being-a-professional\\\/how-are-decisions-about-complaints-made\\\/\"},{\"@type\":\"ListItem\",\"position\":5,\"name\":\"\u00c9tudes de cas li\u00e9es \u00e0 la conduite\"}]},{\"@type\":\"WebSite\",\"@id\":\"https:\\\/\\\/www.crto.on.ca\\\/#website\",\"url\":\"https:\\\/\\\/www.crto.on.ca\\\/\",\"name\":\"CRTO\",\"description\":\"\",\"potentialAction\":[{\"@type\":\"SearchAction\",\"target\":{\"@type\":\"EntryPoint\",\"urlTemplate\":\"https:\\\/\\\/www.crto.on.ca\\\/?s={search_term_string}\"},\"query-input\":{\"@type\":\"PropertyValueSpecification\",\"valueRequired\":true,\"valueName\":\"search_term_string\"}}],\"inLanguage\":\"fr-FR\"}]}<\/script>\n<!-- \/ Yoast SEO plugin. -->","yoast_head_json":{"title":"\u00c9tudes de cas li\u00e9es \u00e0 la conduite - CRTO","robots":{"index":"index","follow":"follow","max-snippet":"max-snippet:-1","max-image-preview":"max-image-preview:large","max-video-preview":"max-video-preview:-1"},"canonical":"https:\/\/www.crto.on.ca\/fr\/members\/being-a-professional\/how-are-decisions-about-complaints-made\/etudes-de-cas-liees-a-la-conduite\/","schema":{"@context":"https:\/\/schema.org","@graph":[{"@type":"WebPage","@id":"https:\/\/www.crto.on.ca\/fr\/members\/being-a-professional\/how-are-decisions-about-complaints-made\/etudes-de-cas-liees-a-la-conduite\/","url":"https:\/\/www.crto.on.ca\/fr\/members\/being-a-professional\/how-are-decisions-about-complaints-made\/etudes-de-cas-liees-a-la-conduite\/","name":"\u00c9tudes de cas li\u00e9es \u00e0 la conduite - CRTO","isPartOf":{"@id":"https:\/\/www.crto.on.ca\/#website"},"datePublished":"2017-01-10T16:05:03+00:00","breadcrumb":{"@id":"https:\/\/www.crto.on.ca\/fr\/members\/being-a-professional\/how-are-decisions-about-complaints-made\/etudes-de-cas-liees-a-la-conduite\/#breadcrumb"},"inLanguage":"fr-FR","potentialAction":[{"@type":"ReadAction","target":["https:\/\/www.crto.on.ca\/fr\/members\/being-a-professional\/how-are-decisions-about-complaints-made\/etudes-de-cas-liees-a-la-conduite\/"]}]},{"@type":"BreadcrumbList","@id":"https:\/\/www.crto.on.ca\/fr\/members\/being-a-professional\/how-are-decisions-about-complaints-made\/etudes-de-cas-liees-a-la-conduite\/#breadcrumb","itemListElement":[{"@type":"ListItem","position":1,"name":"Home","item":"https:\/\/www.crto.on.ca\/fr\/"},{"@type":"ListItem","position":2,"name":"Membres","item":"https:\/\/www.crto.on.ca\/fr\/members\/"},{"@type":"ListItem","position":3,"name":"\u00catre un professionnel","item":"https:\/\/www.crto.on.ca\/fr\/members\/being-a-professional\/"},{"@type":"ListItem","position":4,"name":"Comment sont prises les d\u00e9cisions au sujet des plaintes?","item":"https:\/\/www.crto.on.ca\/fr\/members\/being-a-professional\/how-are-decisions-about-complaints-made\/"},{"@type":"ListItem","position":5,"name":"\u00c9tudes de cas li\u00e9es \u00e0 la conduite"}]},{"@type":"WebSite","@id":"https:\/\/www.crto.on.ca\/#website","url":"https:\/\/www.crto.on.ca\/","name":"CRTO","description":"","potentialAction":[{"@type":"SearchAction","target":{"@type":"EntryPoint","urlTemplate":"https:\/\/www.crto.on.ca\/?s={search_term_string}"},"query-input":{"@type":"PropertyValueSpecification","valueRequired":true,"valueName":"search_term_string"}}],"inLanguage":"fr-FR"}]}},"_links":{"self":[{"href":"https:\/\/www.crto.on.ca\/fr\/wp-json\/wp\/v2\/pages\/4955","targetHints":{"allow":["GET"]}}],"collection":[{"href":"https:\/\/www.crto.on.ca\/fr\/wp-json\/wp\/v2\/pages"}],"about":[{"href":"https:\/\/www.crto.on.ca\/fr\/wp-json\/wp\/v2\/types\/page"}],"author":[{"embeddable":true,"href":"https:\/\/www.crto.on.ca\/fr\/wp-json\/wp\/v2\/users\/3"}],"replies":[{"embeddable":true,"href":"https:\/\/www.crto.on.ca\/fr\/wp-json\/wp\/v2\/comments?post=4955"}],"version-history":[{"count":1,"href":"https:\/\/www.crto.on.ca\/fr\/wp-json\/wp\/v2\/pages\/4955\/revisions"}],"predecessor-version":[{"id":4956,"href":"https:\/\/www.crto.on.ca\/fr\/wp-json\/wp\/v2\/pages\/4955\/revisions\/4956"}],"up":[{"embeddable":true,"href":"https:\/\/www.crto.on.ca\/fr\/wp-json\/wp\/v2\/pages\/3914"}],"wp:attachment":[{"href":"https:\/\/www.crto.on.ca\/fr\/wp-json\/wp\/v2\/media?parent=4955"}],"curies":[{"name":"wp","href":"https:\/\/api.w.org\/{rel}","templated":true}]}}