{"id":6259,"date":"2018-01-22T15:34:28","date_gmt":"2018-01-22T20:34:28","guid":{"rendered":"http:\/\/www.crto.on.ca\/?page_id=6259"},"modified":"2018-01-22T15:34:28","modified_gmt":"2018-01-22T20:34:28","slug":"relevant","status":"publish","type":"page","link":"https:\/\/www.crto.on.ca\/fr\/members\/perfectionnement-professionnel\/quality-assurance\/relevant\/","title":{"rendered":"RelevanT"},"content":{"rendered":"<h3><strong>Le module d\u2019apprentissage <em>\u00e9<\/em>lectronique sera ouvert jusqu\u2019au 28 f\u00e9vrier 2018.<\/strong><\/h3>\r\n<p>Le module d\u2019apprentissage \u00e9lectronique RelevanT comporte plusieurs sections fournissant de l\u2019information sur les normes d\u2019exercice qui ont \u00e9t\u00e9 r\u00e9cemment modifi\u00e9es (changements \u00e0 la r\u00e9glementation, lignes directrices de pratique professionnelle nouvelles ou r\u00e9vis\u00e9es, etc.). Chaque section contient aussi quelques questions \u00e0 choix multiples concernant l\u2019information contenue dans le module. Il n\u2019y a pas de note <strong>de passage ni d\u2019\u00e9chec<\/strong>. Vous pouvez tenter de r\u00e9pondre correctement aux questions du module autant de fois que n\u00e9cessaire. <strong>Veuillez prendre note que ce module est une exigence obligatoire pour tous les membres de l\u2019OTRO (actifs et inactifs).<\/strong><\/p>\r\n<p>\u00c0 la fin du module, vous aurez la possibilit\u00e9 de nous faire part de vos commentaires.<\/p>\r\n<p><strong>Pour commencer votre module d\u2019apprentissage \u00e9lectronique RelevanT, veuillez acc\u00e9der \u00e0 la section r\u00e9serv\u00e9e aux membres.<\/strong><\/p>","protected":false},"excerpt":{"rendered":"<p>Le module d\u2019apprentissage \u00e9lectronique sera ouvert jusqu\u2019au 28 f\u00e9vrier 2018. Le module d\u2019apprentissage \u00e9lectronique RelevanT comporte plusieurs sections fournissant de l\u2019information sur les normes d\u2019exercice qui ont \u00e9t\u00e9 r\u00e9cemment modifi\u00e9es (changements \u00e0 la r\u00e9glementation, lignes directrices de pratique professionnelle nouvelles ou r\u00e9vis\u00e9es, etc.). Chaque section contient aussi quelques questions \u00e0 choix multiples concernant l\u2019information contenue [&hellip;]<\/p>\n","protected":false},"author":3,"featured_media":0,"parent":2354,"menu_order":0,"comment_status":"closed","ping_status":"closed","template":"page-members.php","meta":{"footnotes":""},"class_list":["post-6259","page","type-page","status-publish","hentry"],"yoast_head":"<!-- This site is optimized with the Yoast SEO plugin v27.3 - https:\/\/yoast.com\/product\/yoast-seo-wordpress\/ -->\n<title>RelevanT - CRTO<\/title>\n<meta name=\"robots\" content=\"index, follow, max-snippet:-1, max-image-preview:large, max-video-preview:-1\" \/>\n<link rel=\"canonical\" href=\"https:\/\/www.crto.on.ca\/fr\/members\/perfectionnement-professionnel\/quality-assurance\/relevant\/\" \/>\n<meta name=\"twitter:label1\" content=\"Dur\u00e9e de lecture estim\u00e9e\" \/>\n\t<meta name=\"twitter:data1\" content=\"1 minute\" \/>\n<script type=\"application\/ld+json\" class=\"yoast-schema-graph\">{\"@context\":\"https:\\\/\\\/schema.org\",\"@graph\":[{\"@type\":\"WebPage\",\"@id\":\"https:\\\/\\\/www.crto.on.ca\\\/fr\\\/members\\\/perfectionnement-professionnel\\\/quality-assurance\\\/relevant\\\/\",\"url\":\"https:\\\/\\\/www.crto.on.ca\\\/fr\\\/members\\\/perfectionnement-professionnel\\\/quality-assurance\\\/relevant\\\/\",\"name\":\"RelevanT - CRTO\",\"isPartOf\":{\"@id\":\"https:\\\/\\\/www.crto.on.ca\\\/#website\"},\"datePublished\":\"2018-01-22T20:34:28+00:00\",\"breadcrumb\":{\"@id\":\"https:\\\/\\\/www.crto.on.ca\\\/fr\\\/members\\\/perfectionnement-professionnel\\\/quality-assurance\\\/relevant\\\/#breadcrumb\"},\"inLanguage\":\"fr-FR\",\"potentialAction\":[{\"@type\":\"ReadAction\",\"target\":[\"https:\\\/\\\/www.crto.on.ca\\\/fr\\\/members\\\/perfectionnement-professionnel\\\/quality-assurance\\\/relevant\\\/\"]}]},{\"@type\":\"BreadcrumbList\",\"@id\":\"https:\\\/\\\/www.crto.on.ca\\\/fr\\\/members\\\/perfectionnement-professionnel\\\/quality-assurance\\\/relevant\\\/#breadcrumb\",\"itemListElement\":[{\"@type\":\"ListItem\",\"position\":1,\"name\":\"Home\",\"item\":\"https:\\\/\\\/www.crto.on.ca\\\/fr\\\/\"},{\"@type\":\"ListItem\",\"position\":2,\"name\":\"Membres\",\"item\":\"https:\\\/\\\/www.crto.on.ca\\\/fr\\\/members\\\/\"},{\"@type\":\"ListItem\",\"position\":3,\"name\":\"Perfectionnement professionnel\",\"item\":\"https:\\\/\\\/www.crto.on.ca\\\/fr\\\/members\\\/perfectionnement-professionnel\\\/\"},{\"@type\":\"ListItem\",\"position\":4,\"name\":\"Programme de perfectionnement professionnel (PPP) de l\u2019OTRO\",\"item\":\"https:\\\/\\\/www.crto.on.ca\\\/fr\\\/members\\\/perfectionnement-professionnel\\\/quality-assurance\\\/\"},{\"@type\":\"ListItem\",\"position\":5,\"name\":\"RelevanT\"}]},{\"@type\":\"WebSite\",\"@id\":\"https:\\\/\\\/www.crto.on.ca\\\/#website\",\"url\":\"https:\\\/\\\/www.crto.on.ca\\\/\",\"name\":\"CRTO\",\"description\":\"\",\"potentialAction\":[{\"@type\":\"SearchAction\",\"target\":{\"@type\":\"EntryPoint\",\"urlTemplate\":\"https:\\\/\\\/www.crto.on.ca\\\/?s={search_term_string}\"},\"query-input\":{\"@type\":\"PropertyValueSpecification\",\"valueRequired\":true,\"valueName\":\"search_term_string\"}}],\"inLanguage\":\"fr-FR\"}]}<\/script>\n<!-- \/ Yoast SEO plugin. -->","yoast_head_json":{"title":"RelevanT - CRTO","robots":{"index":"index","follow":"follow","max-snippet":"max-snippet:-1","max-image-preview":"max-image-preview:large","max-video-preview":"max-video-preview:-1"},"canonical":"https:\/\/www.crto.on.ca\/fr\/members\/perfectionnement-professionnel\/quality-assurance\/relevant\/","twitter_misc":{"Dur\u00e9e de lecture estim\u00e9e":"1 minute"},"schema":{"@context":"https:\/\/schema.org","@graph":[{"@type":"WebPage","@id":"https:\/\/www.crto.on.ca\/fr\/members\/perfectionnement-professionnel\/quality-assurance\/relevant\/","url":"https:\/\/www.crto.on.ca\/fr\/members\/perfectionnement-professionnel\/quality-assurance\/relevant\/","name":"RelevanT - CRTO","isPartOf":{"@id":"https:\/\/www.crto.on.ca\/#website"},"datePublished":"2018-01-22T20:34:28+00:00","breadcrumb":{"@id":"https:\/\/www.crto.on.ca\/fr\/members\/perfectionnement-professionnel\/quality-assurance\/relevant\/#breadcrumb"},"inLanguage":"fr-FR","potentialAction":[{"@type":"ReadAction","target":["https:\/\/www.crto.on.ca\/fr\/members\/perfectionnement-professionnel\/quality-assurance\/relevant\/"]}]},{"@type":"BreadcrumbList","@id":"https:\/\/www.crto.on.ca\/fr\/members\/perfectionnement-professionnel\/quality-assurance\/relevant\/#breadcrumb","itemListElement":[{"@type":"ListItem","position":1,"name":"Home","item":"https:\/\/www.crto.on.ca\/fr\/"},{"@type":"ListItem","position":2,"name":"Membres","item":"https:\/\/www.crto.on.ca\/fr\/members\/"},{"@type":"ListItem","position":3,"name":"Perfectionnement professionnel","item":"https:\/\/www.crto.on.ca\/fr\/members\/perfectionnement-professionnel\/"},{"@type":"ListItem","position":4,"name":"Programme de perfectionnement professionnel (PPP) de l\u2019OTRO","item":"https:\/\/www.crto.on.ca\/fr\/members\/perfectionnement-professionnel\/quality-assurance\/"},{"@type":"ListItem","position":5,"name":"RelevanT"}]},{"@type":"WebSite","@id":"https:\/\/www.crto.on.ca\/#website","url":"https:\/\/www.crto.on.ca\/","name":"CRTO","description":"","potentialAction":[{"@type":"SearchAction","target":{"@type":"EntryPoint","urlTemplate":"https:\/\/www.crto.on.ca\/?s={search_term_string}"},"query-input":{"@type":"PropertyValueSpecification","valueRequired":true,"valueName":"search_term_string"}}],"inLanguage":"fr-FR"}]}},"_links":{"self":[{"href":"https:\/\/www.crto.on.ca\/fr\/wp-json\/wp\/v2\/pages\/6259","targetHints":{"allow":["GET"]}}],"collection":[{"href":"https:\/\/www.crto.on.ca\/fr\/wp-json\/wp\/v2\/pages"}],"about":[{"href":"https:\/\/www.crto.on.ca\/fr\/wp-json\/wp\/v2\/types\/page"}],"author":[{"embeddable":true,"href":"https:\/\/www.crto.on.ca\/fr\/wp-json\/wp\/v2\/users\/3"}],"replies":[{"embeddable":true,"href":"https:\/\/www.crto.on.ca\/fr\/wp-json\/wp\/v2\/comments?post=6259"}],"version-history":[{"count":1,"href":"https:\/\/www.crto.on.ca\/fr\/wp-json\/wp\/v2\/pages\/6259\/revisions"}],"predecessor-version":[{"id":6260,"href":"https:\/\/www.crto.on.ca\/fr\/wp-json\/wp\/v2\/pages\/6259\/revisions\/6260"}],"up":[{"embeddable":true,"href":"https:\/\/www.crto.on.ca\/fr\/wp-json\/wp\/v2\/pages\/2354"}],"wp:attachment":[{"href":"https:\/\/www.crto.on.ca\/fr\/wp-json\/wp\/v2\/media?parent=6259"}],"curies":[{"name":"wp","href":"https:\/\/api.w.org\/{rel}","templated":true}]}}