{"id":6261,"date":"2018-01-22T15:40:33","date_gmt":"2018-01-22T20:40:33","guid":{"rendered":"http:\/\/www.crto.on.ca\/?page_id=6261"},"modified":"2018-01-22T15:40:59","modified_gmt":"2018-01-22T20:40:59","slug":"annee-devaluation-du-membre","status":"publish","type":"page","link":"https:\/\/www.crto.on.ca\/fr\/members\/perfectionnement-professionnel\/quality-assurance\/portfoliomo\/annee-devaluation-du-membre\/","title":{"rendered":"Ann\u00e9e d\u2019\u00e9valuation du membre"},"content":{"rendered":"<p>Chaque membre de l\u2019OTRO se voit affecter une <strong>ann\u00e9e d\u2019\u00e9valuation<\/strong>, qui est :<\/p>\r\n<ul>\r\n\t<li>Bas\u00e9 sur la derni\u00e8re s\u00e9lection (le cas \u00e9ch\u00e9ant) du membre, dans le cadre du PAQ pr\u00e9c\u00e9dent.<\/li>\r\n\t<li>Lorsque le membre envoie son PORTfolio la premi\u00e8re fois, il se voit affecter une nouvelle ann\u00e9e d\u2019\u00e9valuation en fonction des r\u00e9sultats de son \u00e9valuation. Cette ann\u00e9e sera :\r\n\r\n<ul>\r\n\t<li>cinq ans plus tard \u2013 si le membre a r\u00e9ussi son PORTfolio et r\u00e9pond \u00e0 tous les crit\u00e8res d\u2019\u00e9valuation; <u>OU<\/u><\/li>\r\n\t<li>un an plus tard &#8211; si le membre ne r\u00e9pond pas \u00e0 tous les crit\u00e8res d\u2019\u00e9valuation et doit \u00eatre \u00e9valu\u00e9 plus tard.<\/li>\r\n<\/ul>\r\n<\/li>\r\n<\/ul>\r\n<p>Veuillez prendre note que l\u2019ann\u00e9e d\u2019\u00e9valuation est l\u2019ann\u00e9e de pr\u00e9sentation. Par cons\u00e9quent, l\u2019auto-\u00e9valuation, le journal des apprentissages et l\u2019objectif d\u2019apprentissage doivent indiquer l\u2019ensemble du <strong>perfectionnement professionnel du 1<sup>er<\/sup> mars de l\u2019ann\u00e9e pr\u00e9c\u00e9dant votre ann\u00e9e de pr\u00e9sentation jusqu\u2019\u00e0 la fin de f\u00e9vrier<\/strong> de votre ann\u00e9e de pr\u00e9sentation. (Par exemple, si l\u2019ann\u00e9e d\u2019\u00e9valuation (ann\u00e9e de pr\u00e9sentation) est 2020, le membre commencerait son PORTfolio le 1<sup>er<\/sup> mars 2019, et indiquerait toutes ses activit\u00e9s de perfectionnement professionnel jusqu\u2019\u00e0 la fin de f\u00e9vrier 2020.<\/p>","protected":false},"excerpt":{"rendered":"<p>Chaque membre de l\u2019OTRO se voit affecter une ann\u00e9e d\u2019\u00e9valuation, qui est : Bas\u00e9 sur la derni\u00e8re s\u00e9lection (le cas \u00e9ch\u00e9ant) du membre, dans le cadre du PAQ pr\u00e9c\u00e9dent. Lorsque le membre envoie son PORTfolio la premi\u00e8re fois, il se voit affecter une nouvelle ann\u00e9e d\u2019\u00e9valuation en fonction des r\u00e9sultats de son \u00e9valuation. Cette ann\u00e9e [&hellip;]<\/p>\n","protected":false},"author":3,"featured_media":0,"parent":6354,"menu_order":0,"comment_status":"closed","ping_status":"closed","template":"page-members.php","meta":{"footnotes":""},"class_list":["post-6261","page","type-page","status-publish","hentry"],"yoast_head":"<!-- This site is optimized with the Yoast SEO plugin v27.4 - https:\/\/yoast.com\/product\/yoast-seo-wordpress\/ -->\n<title>Ann\u00e9e d\u2019\u00e9valuation du membre - CRTO<\/title>\n<meta name=\"robots\" content=\"index, follow, max-snippet:-1, max-image-preview:large, max-video-preview:-1\" \/>\n<link rel=\"canonical\" href=\"https:\/\/www.crto.on.ca\/fr\/members\/perfectionnement-professionnel\/quality-assurance\/portfoliomo\/annee-devaluation-du-membre\/\" \/>\n<meta name=\"twitter:label1\" content=\"Dur\u00e9e de lecture estim\u00e9e\" \/>\n\t<meta name=\"twitter:data1\" content=\"1 minute\" \/>\n<script type=\"application\/ld+json\" class=\"yoast-schema-graph\">{\"@context\":\"https:\\\/\\\/schema.org\",\"@graph\":[{\"@type\":\"WebPage\",\"@id\":\"https:\\\/\\\/www.crto.on.ca\\\/fr\\\/members\\\/perfectionnement-professionnel\\\/quality-assurance\\\/portfoliomo\\\/annee-devaluation-du-membre\\\/\",\"url\":\"https:\\\/\\\/www.crto.on.ca\\\/fr\\\/members\\\/perfectionnement-professionnel\\\/quality-assurance\\\/portfoliomo\\\/annee-devaluation-du-membre\\\/\",\"name\":\"Ann\u00e9e d\u2019\u00e9valuation du membre - CRTO\",\"isPartOf\":{\"@id\":\"https:\\\/\\\/www.crto.on.ca\\\/#website\"},\"datePublished\":\"2018-01-22T20:40:33+00:00\",\"dateModified\":\"2018-01-22T20:40:59+00:00\",\"breadcrumb\":{\"@id\":\"https:\\\/\\\/www.crto.on.ca\\\/fr\\\/members\\\/perfectionnement-professionnel\\\/quality-assurance\\\/portfoliomo\\\/annee-devaluation-du-membre\\\/#breadcrumb\"},\"inLanguage\":\"fr-FR\",\"potentialAction\":[{\"@type\":\"ReadAction\",\"target\":[\"https:\\\/\\\/www.crto.on.ca\\\/fr\\\/members\\\/perfectionnement-professionnel\\\/quality-assurance\\\/portfoliomo\\\/annee-devaluation-du-membre\\\/\"]}]},{\"@type\":\"BreadcrumbList\",\"@id\":\"https:\\\/\\\/www.crto.on.ca\\\/fr\\\/members\\\/perfectionnement-professionnel\\\/quality-assurance\\\/portfoliomo\\\/annee-devaluation-du-membre\\\/#breadcrumb\",\"itemListElement\":[{\"@type\":\"ListItem\",\"position\":1,\"name\":\"Home\",\"item\":\"https:\\\/\\\/www.crto.on.ca\\\/fr\\\/\"},{\"@type\":\"ListItem\",\"position\":2,\"name\":\"Membres\",\"item\":\"https:\\\/\\\/www.crto.on.ca\\\/fr\\\/members\\\/\"},{\"@type\":\"ListItem\",\"position\":3,\"name\":\"Perfectionnement professionnel\",\"item\":\"https:\\\/\\\/www.crto.on.ca\\\/fr\\\/members\\\/perfectionnement-professionnel\\\/\"},{\"@type\":\"ListItem\",\"position\":4,\"name\":\"Programme de perfectionnement professionnel (PPP) de l\u2019OTRO\",\"item\":\"https:\\\/\\\/www.crto.on.ca\\\/fr\\\/members\\\/perfectionnement-professionnel\\\/quality-assurance\\\/\"},{\"@type\":\"ListItem\",\"position\":5,\"name\":\"PORTfolioMO\",\"item\":\"https:\\\/\\\/www.crto.on.ca\\\/fr\\\/members\\\/perfectionnement-professionnel\\\/quality-assurance\\\/portfoliomo\\\/\"},{\"@type\":\"ListItem\",\"position\":6,\"name\":\"Ann\u00e9e d\u2019\u00e9valuation du membre\"}]},{\"@type\":\"WebSite\",\"@id\":\"https:\\\/\\\/www.crto.on.ca\\\/#website\",\"url\":\"https:\\\/\\\/www.crto.on.ca\\\/\",\"name\":\"CRTO\",\"description\":\"\",\"potentialAction\":[{\"@type\":\"SearchAction\",\"target\":{\"@type\":\"EntryPoint\",\"urlTemplate\":\"https:\\\/\\\/www.crto.on.ca\\\/?s={search_term_string}\"},\"query-input\":{\"@type\":\"PropertyValueSpecification\",\"valueRequired\":true,\"valueName\":\"search_term_string\"}}],\"inLanguage\":\"fr-FR\"}]}<\/script>\n<!-- \/ Yoast SEO plugin. -->","yoast_head_json":{"title":"Ann\u00e9e d\u2019\u00e9valuation du membre - CRTO","robots":{"index":"index","follow":"follow","max-snippet":"max-snippet:-1","max-image-preview":"max-image-preview:large","max-video-preview":"max-video-preview:-1"},"canonical":"https:\/\/www.crto.on.ca\/fr\/members\/perfectionnement-professionnel\/quality-assurance\/portfoliomo\/annee-devaluation-du-membre\/","twitter_misc":{"Dur\u00e9e de lecture estim\u00e9e":"1 minute"},"schema":{"@context":"https:\/\/schema.org","@graph":[{"@type":"WebPage","@id":"https:\/\/www.crto.on.ca\/fr\/members\/perfectionnement-professionnel\/quality-assurance\/portfoliomo\/annee-devaluation-du-membre\/","url":"https:\/\/www.crto.on.ca\/fr\/members\/perfectionnement-professionnel\/quality-assurance\/portfoliomo\/annee-devaluation-du-membre\/","name":"Ann\u00e9e d\u2019\u00e9valuation du membre - CRTO","isPartOf":{"@id":"https:\/\/www.crto.on.ca\/#website"},"datePublished":"2018-01-22T20:40:33+00:00","dateModified":"2018-01-22T20:40:59+00:00","breadcrumb":{"@id":"https:\/\/www.crto.on.ca\/fr\/members\/perfectionnement-professionnel\/quality-assurance\/portfoliomo\/annee-devaluation-du-membre\/#breadcrumb"},"inLanguage":"fr-FR","potentialAction":[{"@type":"ReadAction","target":["https:\/\/www.crto.on.ca\/fr\/members\/perfectionnement-professionnel\/quality-assurance\/portfoliomo\/annee-devaluation-du-membre\/"]}]},{"@type":"BreadcrumbList","@id":"https:\/\/www.crto.on.ca\/fr\/members\/perfectionnement-professionnel\/quality-assurance\/portfoliomo\/annee-devaluation-du-membre\/#breadcrumb","itemListElement":[{"@type":"ListItem","position":1,"name":"Home","item":"https:\/\/www.crto.on.ca\/fr\/"},{"@type":"ListItem","position":2,"name":"Membres","item":"https:\/\/www.crto.on.ca\/fr\/members\/"},{"@type":"ListItem","position":3,"name":"Perfectionnement professionnel","item":"https:\/\/www.crto.on.ca\/fr\/members\/perfectionnement-professionnel\/"},{"@type":"ListItem","position":4,"name":"Programme de perfectionnement professionnel (PPP) de l\u2019OTRO","item":"https:\/\/www.crto.on.ca\/fr\/members\/perfectionnement-professionnel\/quality-assurance\/"},{"@type":"ListItem","position":5,"name":"PORTfolioMO","item":"https:\/\/www.crto.on.ca\/fr\/members\/perfectionnement-professionnel\/quality-assurance\/portfoliomo\/"},{"@type":"ListItem","position":6,"name":"Ann\u00e9e d\u2019\u00e9valuation du membre"}]},{"@type":"WebSite","@id":"https:\/\/www.crto.on.ca\/#website","url":"https:\/\/www.crto.on.ca\/","name":"CRTO","description":"","potentialAction":[{"@type":"SearchAction","target":{"@type":"EntryPoint","urlTemplate":"https:\/\/www.crto.on.ca\/?s={search_term_string}"},"query-input":{"@type":"PropertyValueSpecification","valueRequired":true,"valueName":"search_term_string"}}],"inLanguage":"fr-FR"}]}},"_links":{"self":[{"href":"https:\/\/www.crto.on.ca\/fr\/wp-json\/wp\/v2\/pages\/6261","targetHints":{"allow":["GET"]}}],"collection":[{"href":"https:\/\/www.crto.on.ca\/fr\/wp-json\/wp\/v2\/pages"}],"about":[{"href":"https:\/\/www.crto.on.ca\/fr\/wp-json\/wp\/v2\/types\/page"}],"author":[{"embeddable":true,"href":"https:\/\/www.crto.on.ca\/fr\/wp-json\/wp\/v2\/users\/3"}],"replies":[{"embeddable":true,"href":"https:\/\/www.crto.on.ca\/fr\/wp-json\/wp\/v2\/comments?post=6261"}],"version-history":[{"count":2,"href":"https:\/\/www.crto.on.ca\/fr\/wp-json\/wp\/v2\/pages\/6261\/revisions"}],"predecessor-version":[{"id":6264,"href":"https:\/\/www.crto.on.ca\/fr\/wp-json\/wp\/v2\/pages\/6261\/revisions\/6264"}],"up":[{"embeddable":true,"href":"https:\/\/www.crto.on.ca\/fr\/wp-json\/wp\/v2\/pages\/6354"}],"wp:attachment":[{"href":"https:\/\/www.crto.on.ca\/fr\/wp-json\/wp\/v2\/media?parent=6261"}],"curies":[{"name":"wp","href":"https:\/\/api.w.org\/{rel}","templated":true}]}}