{"id":6347,"date":"2018-02-06T12:42:28","date_gmt":"2018-02-06T17:42:28","guid":{"rendered":"http:\/\/www.crto.on.ca\/?page_id=6347"},"modified":"2021-02-03T21:32:40","modified_gmt":"2021-02-04T02:32:40","slug":"evaluation-jurisprudentielle-des-therapeutes-respiratoires-en-lancement","status":"publish","type":"page","link":"https:\/\/www.crto.on.ca\/fr\/members\/perfectionnement-professionnel\/quality-assurance\/evaluation-jurisprudentielle-des-therapeutes-respiratoires-en-lancement\/","title":{"rendered":"\u00c9valuation jurisprudentielle des th\u00e9rapeutes respiratoires en lancement"},"content":{"rendered":"<p>L\u2019<strong>\u00c9valuation jurisprudentielle des th\u00e9rapeutes respiratoires en lancement<\/strong> est une \u00e9valuation \u00e9lectronique \u00e0 livre ouvert consistant en 60 questions \u00e0 choix multiples, exigeant des membres qu\u2019ils fassent la d\u00e9monstration de leurs connaissances concernant les normes, les lignes directrices, la l\u00e9gislation et la r\u00e9glementation r\u00e9gissant l\u2019exercice de la th\u00e9rapie respiratoire en Ontario.<\/p>\r\n<p>Tous les nouveaux membres ou les membres remis en vigueur doivent se soumettre \u00e0 l\u2019\u00c9valuation jurisprudentielle des th\u00e9rapeutes respiratoires en lancement dans les trois (3) mois de leur inscription. Une fois l\u2019inscription termin\u00e9e, l\u2019OTRO avise les membres de la date limite pour effectuer son \u00c9valuation jurisprudentielle des th\u00e9rapeutes respiratoires en lancement.<\/p>\r\n<p>Tous les renseignements n\u00e9cessaires pour r\u00e9pondre aux questions contenues dans l\u2019\u00c9valuation jurisprudentielle des th\u00e9rapeutes respiratoires en lancement sont publi\u00e9s dans le site Web de l\u2019OTRO. \u00c0 moins d\u2019avis contraire, les membres disposeront de 30 jours pour effectuer l\u2019\u00e9valuation. Dans ce d\u00e9lai de 30 jours, le membre peut ouvrir et fermer des sessions autant de fois qu\u2019il le souhaite. L\u2019\u00c9valuation jurisprudentielle des th\u00e9rapeutes respiratoires en lancement peut \u00eatre effectu\u00e9e en fran\u00e7ais ou en anglais.<\/p>","protected":false},"excerpt":{"rendered":"<p>L\u2019\u00c9valuation jurisprudentielle des th\u00e9rapeutes respiratoires en lancement est une \u00e9valuation \u00e9lectronique \u00e0 livre ouvert consistant en 60 questions \u00e0 choix multiples, exigeant des membres qu\u2019ils fassent la d\u00e9monstration de leurs connaissances concernant les normes, les lignes directrices, la l\u00e9gislation et la r\u00e9glementation r\u00e9gissant l\u2019exercice de la th\u00e9rapie respiratoire en Ontario. Tous les nouveaux membres ou [&hellip;]<\/p>\n","protected":false},"author":3,"featured_media":0,"parent":2354,"menu_order":0,"comment_status":"closed","ping_status":"closed","template":"page-members.php","meta":{"footnotes":""},"class_list":["post-6347","page","type-page","status-publish","hentry"],"yoast_head":"<!-- This site is optimized with the Yoast SEO plugin v27.3 - https:\/\/yoast.com\/product\/yoast-seo-wordpress\/ -->\n<title>\u00c9valuation jurisprudentielle des th\u00e9rapeutes respiratoires en lancement - CRTO<\/title>\n<meta name=\"robots\" content=\"index, follow, max-snippet:-1, max-image-preview:large, max-video-preview:-1\" \/>\n<link rel=\"canonical\" href=\"https:\/\/www.crto.on.ca\/fr\/members\/perfectionnement-professionnel\/quality-assurance\/evaluation-jurisprudentielle-des-therapeutes-respiratoires-en-lancement\/\" \/>\n<meta name=\"twitter:label1\" content=\"Dur\u00e9e de lecture estim\u00e9e\" \/>\n\t<meta name=\"twitter:data1\" content=\"1 minute\" \/>\n<script type=\"application\/ld+json\" class=\"yoast-schema-graph\">{\"@context\":\"https:\\\/\\\/schema.org\",\"@graph\":[{\"@type\":\"WebPage\",\"@id\":\"https:\\\/\\\/www.crto.on.ca\\\/fr\\\/members\\\/perfectionnement-professionnel\\\/quality-assurance\\\/evaluation-jurisprudentielle-des-therapeutes-respiratoires-en-lancement\\\/\",\"url\":\"https:\\\/\\\/www.crto.on.ca\\\/fr\\\/members\\\/perfectionnement-professionnel\\\/quality-assurance\\\/evaluation-jurisprudentielle-des-therapeutes-respiratoires-en-lancement\\\/\",\"name\":\"\u00c9valuation jurisprudentielle des th\u00e9rapeutes respiratoires en lancement - CRTO\",\"isPartOf\":{\"@id\":\"https:\\\/\\\/www.crto.on.ca\\\/#website\"},\"datePublished\":\"2018-02-06T17:42:28+00:00\",\"dateModified\":\"2021-02-04T02:32:40+00:00\",\"breadcrumb\":{\"@id\":\"https:\\\/\\\/www.crto.on.ca\\\/fr\\\/members\\\/perfectionnement-professionnel\\\/quality-assurance\\\/evaluation-jurisprudentielle-des-therapeutes-respiratoires-en-lancement\\\/#breadcrumb\"},\"inLanguage\":\"fr-FR\",\"potentialAction\":[{\"@type\":\"ReadAction\",\"target\":[\"https:\\\/\\\/www.crto.on.ca\\\/fr\\\/members\\\/perfectionnement-professionnel\\\/quality-assurance\\\/evaluation-jurisprudentielle-des-therapeutes-respiratoires-en-lancement\\\/\"]}]},{\"@type\":\"BreadcrumbList\",\"@id\":\"https:\\\/\\\/www.crto.on.ca\\\/fr\\\/members\\\/perfectionnement-professionnel\\\/quality-assurance\\\/evaluation-jurisprudentielle-des-therapeutes-respiratoires-en-lancement\\\/#breadcrumb\",\"itemListElement\":[{\"@type\":\"ListItem\",\"position\":1,\"name\":\"Home\",\"item\":\"https:\\\/\\\/www.crto.on.ca\\\/fr\\\/\"},{\"@type\":\"ListItem\",\"position\":2,\"name\":\"Membres\",\"item\":\"https:\\\/\\\/www.crto.on.ca\\\/fr\\\/members\\\/\"},{\"@type\":\"ListItem\",\"position\":3,\"name\":\"Perfectionnement professionnel\",\"item\":\"https:\\\/\\\/www.crto.on.ca\\\/fr\\\/members\\\/perfectionnement-professionnel\\\/\"},{\"@type\":\"ListItem\",\"position\":4,\"name\":\"Programme de perfectionnement professionnel (PPP) de l\u2019OTRO\",\"item\":\"https:\\\/\\\/www.crto.on.ca\\\/fr\\\/members\\\/perfectionnement-professionnel\\\/quality-assurance\\\/\"},{\"@type\":\"ListItem\",\"position\":5,\"name\":\"\u00c9valuation jurisprudentielle des th\u00e9rapeutes respiratoires en lancement\"}]},{\"@type\":\"WebSite\",\"@id\":\"https:\\\/\\\/www.crto.on.ca\\\/#website\",\"url\":\"https:\\\/\\\/www.crto.on.ca\\\/\",\"name\":\"CRTO\",\"description\":\"\",\"potentialAction\":[{\"@type\":\"SearchAction\",\"target\":{\"@type\":\"EntryPoint\",\"urlTemplate\":\"https:\\\/\\\/www.crto.on.ca\\\/?s={search_term_string}\"},\"query-input\":{\"@type\":\"PropertyValueSpecification\",\"valueRequired\":true,\"valueName\":\"search_term_string\"}}],\"inLanguage\":\"fr-FR\"}]}<\/script>\n<!-- \/ Yoast SEO plugin. -->","yoast_head_json":{"title":"\u00c9valuation jurisprudentielle des th\u00e9rapeutes respiratoires en lancement - CRTO","robots":{"index":"index","follow":"follow","max-snippet":"max-snippet:-1","max-image-preview":"max-image-preview:large","max-video-preview":"max-video-preview:-1"},"canonical":"https:\/\/www.crto.on.ca\/fr\/members\/perfectionnement-professionnel\/quality-assurance\/evaluation-jurisprudentielle-des-therapeutes-respiratoires-en-lancement\/","twitter_misc":{"Dur\u00e9e de lecture estim\u00e9e":"1 minute"},"schema":{"@context":"https:\/\/schema.org","@graph":[{"@type":"WebPage","@id":"https:\/\/www.crto.on.ca\/fr\/members\/perfectionnement-professionnel\/quality-assurance\/evaluation-jurisprudentielle-des-therapeutes-respiratoires-en-lancement\/","url":"https:\/\/www.crto.on.ca\/fr\/members\/perfectionnement-professionnel\/quality-assurance\/evaluation-jurisprudentielle-des-therapeutes-respiratoires-en-lancement\/","name":"\u00c9valuation jurisprudentielle des th\u00e9rapeutes respiratoires en lancement - CRTO","isPartOf":{"@id":"https:\/\/www.crto.on.ca\/#website"},"datePublished":"2018-02-06T17:42:28+00:00","dateModified":"2021-02-04T02:32:40+00:00","breadcrumb":{"@id":"https:\/\/www.crto.on.ca\/fr\/members\/perfectionnement-professionnel\/quality-assurance\/evaluation-jurisprudentielle-des-therapeutes-respiratoires-en-lancement\/#breadcrumb"},"inLanguage":"fr-FR","potentialAction":[{"@type":"ReadAction","target":["https:\/\/www.crto.on.ca\/fr\/members\/perfectionnement-professionnel\/quality-assurance\/evaluation-jurisprudentielle-des-therapeutes-respiratoires-en-lancement\/"]}]},{"@type":"BreadcrumbList","@id":"https:\/\/www.crto.on.ca\/fr\/members\/perfectionnement-professionnel\/quality-assurance\/evaluation-jurisprudentielle-des-therapeutes-respiratoires-en-lancement\/#breadcrumb","itemListElement":[{"@type":"ListItem","position":1,"name":"Home","item":"https:\/\/www.crto.on.ca\/fr\/"},{"@type":"ListItem","position":2,"name":"Membres","item":"https:\/\/www.crto.on.ca\/fr\/members\/"},{"@type":"ListItem","position":3,"name":"Perfectionnement professionnel","item":"https:\/\/www.crto.on.ca\/fr\/members\/perfectionnement-professionnel\/"},{"@type":"ListItem","position":4,"name":"Programme de perfectionnement professionnel (PPP) de l\u2019OTRO","item":"https:\/\/www.crto.on.ca\/fr\/members\/perfectionnement-professionnel\/quality-assurance\/"},{"@type":"ListItem","position":5,"name":"\u00c9valuation jurisprudentielle des th\u00e9rapeutes respiratoires en lancement"}]},{"@type":"WebSite","@id":"https:\/\/www.crto.on.ca\/#website","url":"https:\/\/www.crto.on.ca\/","name":"CRTO","description":"","potentialAction":[{"@type":"SearchAction","target":{"@type":"EntryPoint","urlTemplate":"https:\/\/www.crto.on.ca\/?s={search_term_string}"},"query-input":{"@type":"PropertyValueSpecification","valueRequired":true,"valueName":"search_term_string"}}],"inLanguage":"fr-FR"}]}},"_links":{"self":[{"href":"https:\/\/www.crto.on.ca\/fr\/wp-json\/wp\/v2\/pages\/6347","targetHints":{"allow":["GET"]}}],"collection":[{"href":"https:\/\/www.crto.on.ca\/fr\/wp-json\/wp\/v2\/pages"}],"about":[{"href":"https:\/\/www.crto.on.ca\/fr\/wp-json\/wp\/v2\/types\/page"}],"author":[{"embeddable":true,"href":"https:\/\/www.crto.on.ca\/fr\/wp-json\/wp\/v2\/users\/3"}],"replies":[{"embeddable":true,"href":"https:\/\/www.crto.on.ca\/fr\/wp-json\/wp\/v2\/comments?post=6347"}],"version-history":[{"count":1,"href":"https:\/\/www.crto.on.ca\/fr\/wp-json\/wp\/v2\/pages\/6347\/revisions"}],"predecessor-version":[{"id":6348,"href":"https:\/\/www.crto.on.ca\/fr\/wp-json\/wp\/v2\/pages\/6347\/revisions\/6348"}],"up":[{"embeddable":true,"href":"https:\/\/www.crto.on.ca\/fr\/wp-json\/wp\/v2\/pages\/2354"}],"wp:attachment":[{"href":"https:\/\/www.crto.on.ca\/fr\/wp-json\/wp\/v2\/media?parent=6347"}],"curies":[{"name":"wp","href":"https:\/\/api.w.org\/{rel}","templated":true}]}}