{"id":6354,"date":"2018-02-08T12:26:12","date_gmt":"2018-02-08T17:26:12","guid":{"rendered":"http:\/\/www.crto.on.ca\/?page_id=6354"},"modified":"2018-06-06T13:25:28","modified_gmt":"2018-06-06T17:25:28","slug":"portfoliomo","status":"publish","type":"page","link":"https:\/\/www.crto.on.ca\/fr\/members\/perfectionnement-professionnel\/quality-assurance\/portfoliomo\/","title":{"rendered":"PORTfolio<sup><span style=\"font-size: small;\">MO<\/span><\/sup>"},"content":{"rendered":"<p>Portfolio en ligne \u00e0 l\u2019intention des th\u00e9rapeutes respiratoires \u2013 PORTfolio<sup>MO<\/sup><b> <\/b><\/p>\r\n<p>Le PORTfolio est une plateforme en ligne qui constitue un lieu s\u00fbr et pratique permettant aux membres de l\u2019OTRO d\u2019effectuer le suivi de leurs activit\u00e9s de perfectionnement professionnel.<\/p>\r\n<p>Pour acc\u00e9der au PORTfolio, cliquez sur le lien :\u00a0<a href=\"https:\/\/members.crto.on.ca\/CRTO\/iMIS\/ContactManagement\/Sign_In_fr.aspx\">Section des membres<\/a>.<\/p>\r\n<p>Le PORTfolio comporte les trois (3) volets suivants :<\/p>\r\n<ol start=\"1\">\r\n\t<li>Auto-\u00e9valuation<\/li>\r\n\t<li>Journal des apprentissages<\/li>\r\n\t<li>Objectif d\u2019apprentissage<\/li>\r\n<\/ol>\r\n<p>Quand c\u2019est l\u2019<strong>ann\u00e9e d\u2019\u00e9valuation<\/strong> d\u2019un membre, son PORTfolio doit \u00eatre envoy\u00e9 aux fins d\u2019\u00e9valuation par un pair \u00e9valuateur de th\u00e9rapie respiratoire (RT) form\u00e9. \u00c0 compter de 2018, tous les membres se verront assing\u00e9 une <strong>ann\u00e9e d\u2019\u00e9valuation<\/strong>, qui sera \u00e9tablie en fonction d\u2019une s\u00e9lection al\u00e9atoire des membres depuis 2004. Cette ann\u00e9e d\u2019\u00e9valuation d\u00e9cidera du moment o\u00f9 chaque membre doit remettre son PORTfolio. Une fois que le membre a remis son PORTfolio et que l\u2019OTRO a effectu\u00e9 son \u00e9valuation, le membre se verra assing\u00e9 sa prochaine ann\u00e9e d\u2019\u00e9valuation.<\/p>\r\n<p>Les <strong>crit\u00e8res d\u2019\u00e9valuation du PORTfolio<\/strong> sont les suivants :<\/p>\r\n<p><a href=\"https:\/\/www.crto.on.ca\/wp-content\/uploads\/2018\/06\/Assessment-Criteria-for-QAC_fr.png\"><img decoding=\"async\" class=\"alignnone  wp-image-6853\" src=\"https:\/\/www.crto.on.ca\/wp-content\/uploads\/2018\/06\/Assessment-Criteria-for-QAC_fr.png\" alt=\"\" width=\"634\" height=\"371\" srcset=\"https:\/\/www.crto.on.ca\/wp-content\/uploads\/2018\/06\/Assessment-Criteria-for-QAC_fr.png 584w, https:\/\/www.crto.on.ca\/wp-content\/uploads\/2018\/06\/Assessment-Criteria-for-QAC_fr-300x176.png 300w\" sizes=\"(max-width: 634px) 100vw, 634px\" \/><\/a><\/p>\r\n<p>&nbsp;<\/p>","protected":false},"excerpt":{"rendered":"<p>Portfolio en ligne \u00e0 l\u2019intention des th\u00e9rapeutes respiratoires \u2013 PORTfolioMO Le PORTfolio est une plateforme en ligne qui constitue un lieu s\u00fbr et pratique permettant aux membres de l\u2019OTRO d\u2019effectuer le suivi de leurs activit\u00e9s de perfectionnement professionnel. Pour acc\u00e9der au PORTfolio, cliquez sur le lien :\u00a0Section des membres. Le PORTfolio comporte les trois (3) [&hellip;]<\/p>\n","protected":false},"author":3,"featured_media":0,"parent":2354,"menu_order":0,"comment_status":"closed","ping_status":"closed","template":"page-members.php","meta":{"footnotes":""},"class_list":["post-6354","page","type-page","status-publish","hentry"],"yoast_head":"<!-- This site is optimized with the Yoast SEO plugin v27.3 - https:\/\/yoast.com\/product\/yoast-seo-wordpress\/ -->\n<title>PORTfolioMO - CRTO<\/title>\n<meta name=\"robots\" content=\"index, follow, max-snippet:-1, max-image-preview:large, max-video-preview:-1\" \/>\n<link rel=\"canonical\" href=\"https:\/\/www.crto.on.ca\/fr\/members\/perfectionnement-professionnel\/quality-assurance\/portfoliomo\/\" \/>\n<meta name=\"twitter:label1\" content=\"Dur\u00e9e de lecture estim\u00e9e\" \/>\n\t<meta name=\"twitter:data1\" content=\"1 minute\" \/>\n<script type=\"application\/ld+json\" class=\"yoast-schema-graph\">{\"@context\":\"https:\\\/\\\/schema.org\",\"@graph\":[{\"@type\":\"WebPage\",\"@id\":\"https:\\\/\\\/www.crto.on.ca\\\/fr\\\/members\\\/perfectionnement-professionnel\\\/quality-assurance\\\/portfoliomo\\\/\",\"url\":\"https:\\\/\\\/www.crto.on.ca\\\/fr\\\/members\\\/perfectionnement-professionnel\\\/quality-assurance\\\/portfoliomo\\\/\",\"name\":\"PORTfolioMO - CRTO\",\"isPartOf\":{\"@id\":\"https:\\\/\\\/www.crto.on.ca\\\/#website\"},\"primaryImageOfPage\":{\"@id\":\"https:\\\/\\\/www.crto.on.ca\\\/fr\\\/members\\\/perfectionnement-professionnel\\\/quality-assurance\\\/portfoliomo\\\/#primaryimage\"},\"image\":{\"@id\":\"https:\\\/\\\/www.crto.on.ca\\\/fr\\\/members\\\/perfectionnement-professionnel\\\/quality-assurance\\\/portfoliomo\\\/#primaryimage\"},\"thumbnailUrl\":\"https:\\\/\\\/www.crto.on.ca\\\/wp-content\\\/uploads\\\/2018\\\/06\\\/Assessment-Criteria-for-QAC_fr.png\",\"datePublished\":\"2018-02-08T17:26:12+00:00\",\"dateModified\":\"2018-06-06T17:25:28+00:00\",\"breadcrumb\":{\"@id\":\"https:\\\/\\\/www.crto.on.ca\\\/fr\\\/members\\\/perfectionnement-professionnel\\\/quality-assurance\\\/portfoliomo\\\/#breadcrumb\"},\"inLanguage\":\"fr-FR\",\"potentialAction\":[{\"@type\":\"ReadAction\",\"target\":[\"https:\\\/\\\/www.crto.on.ca\\\/fr\\\/members\\\/perfectionnement-professionnel\\\/quality-assurance\\\/portfoliomo\\\/\"]}]},{\"@type\":\"ImageObject\",\"inLanguage\":\"fr-FR\",\"@id\":\"https:\\\/\\\/www.crto.on.ca\\\/fr\\\/members\\\/perfectionnement-professionnel\\\/quality-assurance\\\/portfoliomo\\\/#primaryimage\",\"url\":\"https:\\\/\\\/www.crto.on.ca\\\/wp-content\\\/uploads\\\/2018\\\/06\\\/Assessment-Criteria-for-QAC_fr.png\",\"contentUrl\":\"https:\\\/\\\/www.crto.on.ca\\\/wp-content\\\/uploads\\\/2018\\\/06\\\/Assessment-Criteria-for-QAC_fr.png\"},{\"@type\":\"BreadcrumbList\",\"@id\":\"https:\\\/\\\/www.crto.on.ca\\\/fr\\\/members\\\/perfectionnement-professionnel\\\/quality-assurance\\\/portfoliomo\\\/#breadcrumb\",\"itemListElement\":[{\"@type\":\"ListItem\",\"position\":1,\"name\":\"Home\",\"item\":\"https:\\\/\\\/www.crto.on.ca\\\/fr\\\/\"},{\"@type\":\"ListItem\",\"position\":2,\"name\":\"Membres\",\"item\":\"https:\\\/\\\/www.crto.on.ca\\\/fr\\\/members\\\/\"},{\"@type\":\"ListItem\",\"position\":3,\"name\":\"Perfectionnement professionnel\",\"item\":\"https:\\\/\\\/www.crto.on.ca\\\/fr\\\/members\\\/perfectionnement-professionnel\\\/\"},{\"@type\":\"ListItem\",\"position\":4,\"name\":\"Programme de perfectionnement professionnel (PPP) de l\u2019OTRO\",\"item\":\"https:\\\/\\\/www.crto.on.ca\\\/fr\\\/members\\\/perfectionnement-professionnel\\\/quality-assurance\\\/\"},{\"@type\":\"ListItem\",\"position\":5,\"name\":\"PORTfolioMO\"}]},{\"@type\":\"WebSite\",\"@id\":\"https:\\\/\\\/www.crto.on.ca\\\/#website\",\"url\":\"https:\\\/\\\/www.crto.on.ca\\\/\",\"name\":\"CRTO\",\"description\":\"\",\"potentialAction\":[{\"@type\":\"SearchAction\",\"target\":{\"@type\":\"EntryPoint\",\"urlTemplate\":\"https:\\\/\\\/www.crto.on.ca\\\/?s={search_term_string}\"},\"query-input\":{\"@type\":\"PropertyValueSpecification\",\"valueRequired\":true,\"valueName\":\"search_term_string\"}}],\"inLanguage\":\"fr-FR\"}]}<\/script>\n<!-- \/ Yoast SEO plugin. -->","yoast_head_json":{"title":"PORTfolioMO - CRTO","robots":{"index":"index","follow":"follow","max-snippet":"max-snippet:-1","max-image-preview":"max-image-preview:large","max-video-preview":"max-video-preview:-1"},"canonical":"https:\/\/www.crto.on.ca\/fr\/members\/perfectionnement-professionnel\/quality-assurance\/portfoliomo\/","twitter_misc":{"Dur\u00e9e de lecture estim\u00e9e":"1 minute"},"schema":{"@context":"https:\/\/schema.org","@graph":[{"@type":"WebPage","@id":"https:\/\/www.crto.on.ca\/fr\/members\/perfectionnement-professionnel\/quality-assurance\/portfoliomo\/","url":"https:\/\/www.crto.on.ca\/fr\/members\/perfectionnement-professionnel\/quality-assurance\/portfoliomo\/","name":"PORTfolioMO - CRTO","isPartOf":{"@id":"https:\/\/www.crto.on.ca\/#website"},"primaryImageOfPage":{"@id":"https:\/\/www.crto.on.ca\/fr\/members\/perfectionnement-professionnel\/quality-assurance\/portfoliomo\/#primaryimage"},"image":{"@id":"https:\/\/www.crto.on.ca\/fr\/members\/perfectionnement-professionnel\/quality-assurance\/portfoliomo\/#primaryimage"},"thumbnailUrl":"https:\/\/www.crto.on.ca\/wp-content\/uploads\/2018\/06\/Assessment-Criteria-for-QAC_fr.png","datePublished":"2018-02-08T17:26:12+00:00","dateModified":"2018-06-06T17:25:28+00:00","breadcrumb":{"@id":"https:\/\/www.crto.on.ca\/fr\/members\/perfectionnement-professionnel\/quality-assurance\/portfoliomo\/#breadcrumb"},"inLanguage":"fr-FR","potentialAction":[{"@type":"ReadAction","target":["https:\/\/www.crto.on.ca\/fr\/members\/perfectionnement-professionnel\/quality-assurance\/portfoliomo\/"]}]},{"@type":"ImageObject","inLanguage":"fr-FR","@id":"https:\/\/www.crto.on.ca\/fr\/members\/perfectionnement-professionnel\/quality-assurance\/portfoliomo\/#primaryimage","url":"https:\/\/www.crto.on.ca\/wp-content\/uploads\/2018\/06\/Assessment-Criteria-for-QAC_fr.png","contentUrl":"https:\/\/www.crto.on.ca\/wp-content\/uploads\/2018\/06\/Assessment-Criteria-for-QAC_fr.png"},{"@type":"BreadcrumbList","@id":"https:\/\/www.crto.on.ca\/fr\/members\/perfectionnement-professionnel\/quality-assurance\/portfoliomo\/#breadcrumb","itemListElement":[{"@type":"ListItem","position":1,"name":"Home","item":"https:\/\/www.crto.on.ca\/fr\/"},{"@type":"ListItem","position":2,"name":"Membres","item":"https:\/\/www.crto.on.ca\/fr\/members\/"},{"@type":"ListItem","position":3,"name":"Perfectionnement professionnel","item":"https:\/\/www.crto.on.ca\/fr\/members\/perfectionnement-professionnel\/"},{"@type":"ListItem","position":4,"name":"Programme de perfectionnement professionnel (PPP) de l\u2019OTRO","item":"https:\/\/www.crto.on.ca\/fr\/members\/perfectionnement-professionnel\/quality-assurance\/"},{"@type":"ListItem","position":5,"name":"PORTfolioMO"}]},{"@type":"WebSite","@id":"https:\/\/www.crto.on.ca\/#website","url":"https:\/\/www.crto.on.ca\/","name":"CRTO","description":"","potentialAction":[{"@type":"SearchAction","target":{"@type":"EntryPoint","urlTemplate":"https:\/\/www.crto.on.ca\/?s={search_term_string}"},"query-input":{"@type":"PropertyValueSpecification","valueRequired":true,"valueName":"search_term_string"}}],"inLanguage":"fr-FR"}]}},"_links":{"self":[{"href":"https:\/\/www.crto.on.ca\/fr\/wp-json\/wp\/v2\/pages\/6354","targetHints":{"allow":["GET"]}}],"collection":[{"href":"https:\/\/www.crto.on.ca\/fr\/wp-json\/wp\/v2\/pages"}],"about":[{"href":"https:\/\/www.crto.on.ca\/fr\/wp-json\/wp\/v2\/types\/page"}],"author":[{"embeddable":true,"href":"https:\/\/www.crto.on.ca\/fr\/wp-json\/wp\/v2\/users\/3"}],"replies":[{"embeddable":true,"href":"https:\/\/www.crto.on.ca\/fr\/wp-json\/wp\/v2\/comments?post=6354"}],"version-history":[{"count":10,"href":"https:\/\/www.crto.on.ca\/fr\/wp-json\/wp\/v2\/pages\/6354\/revisions"}],"predecessor-version":[{"id":6854,"href":"https:\/\/www.crto.on.ca\/fr\/wp-json\/wp\/v2\/pages\/6354\/revisions\/6854"}],"up":[{"embeddable":true,"href":"https:\/\/www.crto.on.ca\/fr\/wp-json\/wp\/v2\/pages\/2354"}],"wp:attachment":[{"href":"https:\/\/www.crto.on.ca\/fr\/wp-json\/wp\/v2\/media?parent=6354"}],"curies":[{"name":"wp","href":"https:\/\/api.w.org\/{rel}","templated":true}]}}