{"id":7279,"date":"2019-12-03T11:07:45","date_gmt":"2019-12-03T16:07:45","guid":{"rendered":"https:\/\/www.crto.on.ca\/?page_id=7279"},"modified":"2026-03-19T14:33:56","modified_gmt":"2026-03-19T18:33:56","slug":"bareme-de-frais","status":"publish","type":"page","link":"https:\/\/www.crto.on.ca\/fr\/members\/bareme-de-frais\/","title":{"rendered":"Bar\u00e8me de frais"},"content":{"rendered":"<table class=\"simple\" style=\"width: 81.3281%; height: 1140px;\">\r\n<tbody>\r\n<tr style=\"background-color: #d8e3f0;\">\r\n<td style=\"width: 45.2989%; height: 48px;\"><strong>Inscription<\/strong><\/td>\r\n<td style=\"width: 28.9956%; height: 48px;\"><strong>2026-2027<br \/>\r\n<\/strong>(1<sup>er<\/sup> mars 2026\u2013 28 f\u00e9vr. 2027)<\/td>\r\n<\/tr>\r\n<tr style=\"height: 24px;\">\r\n<td style=\"width: 45.2989%; height: 24px;\"><strong>Frais de demande<\/strong><\/td>\r\n<td style=\"width: 28.9956%; height: 24px;\">75 $<\/td>\r\n<\/tr>\r\n<tr style=\"height: 24px;\">\r\n<td style=\"width: 45.2989%; height: 24px;\">\u00a0<\/td>\r\n<td style=\"width: 28.9956%; height: 24px;\">\u00a0<\/td>\r\n<\/tr>\r\n<tr style=\"background-color: #d8e3f0;\">\r\n<td style=\"height: 24px; width: 74.2945%; border-right: none;\" colspan=\"2\"><strong>Frais annuels d\u2019inscription <\/strong><\/td>\r\n<\/tr>\r\n<tr style=\"height: 24px;\">\r\n<td style=\"width: 45.2989%; height: 24px;\">Certificat g\u00e9n\u00e9ral<\/td>\r\n<td style=\"width: 28.9956%; height: 24px;\">700 $<\/td>\r\n<\/tr>\r\n<tr style=\"height: 24px;\">\r\n<td style=\"width: 45.2989%; height: 24px;\">Certificat de membre dipl\u00f4m\u00e9<\/td>\r\n<td style=\"width: 28.9956%; height: 24px;\">700 $<\/td>\r\n<\/tr>\r\n<tr style=\"height: 24px;\">\r\n<td style=\"width: 45.2989%; height: 24px;\">Certificat de membre auxiliaire<\/td>\r\n<td style=\"width: 28.9956%; height: 24px;\">700 $<\/td>\r\n<\/tr>\r\n<tr style=\"height: 24px;\">\r\n<td style=\"width: 45.2989%; height: 24px;\">Certificat de membre inactif<\/td>\r\n<td style=\"width: 28.9956%; height: 24px;\">125 $<\/td>\r\n<\/tr>\r\n<tr style=\"height: 24px;\">\r\n<td style=\"width: 45.2989%; height: 24px;\">\u00a0<\/td>\r\n<td style=\"width: 28.9956%; height: 24px;\">\u00a0<\/td>\r\n<\/tr>\r\n<tr style=\"background-color: #d8e3f0;\">\r\n<td style=\"height: 42px; width: 74.2945%; border-right: none;\" colspan=\"2\"><strong>Frais d\u2019inscription au prorate*<br \/>\r\n<\/strong>(Certificat de membre g\u00e9n\u00e9ral, dipl\u00f4m\u00e9 et auxiliaire)<\/td>\r\n<\/tr>\r\n<tr style=\"height: 24px;\">\r\n<td style=\"width: 45.2989%; height: 24px;\">1<sup>er<\/sup> mars \u2013 31 mai<\/td>\r\n<td style=\"width: 28.9956%; height: 24px;\">700 $<\/td>\r\n<\/tr>\r\n<tr style=\"height: 24px;\">\r\n<td style=\"width: 45.2989%; height: 24px;\">1<sup>er<\/sup> juin \u2013 31 ao\u00fbt<\/td>\r\n<td style=\"width: 28.9956%; height: 24px;\">525 $<\/td>\r\n<\/tr>\r\n<tr style=\"height: 24px;\">\r\n<td style=\"width: 45.2989%; height: 24px;\">1<sup>er<\/sup> sept. \u2013 Nov. 30<\/td>\r\n<td style=\"width: 28.9956%; height: 24px;\">350 $<\/td>\r\n<\/tr>\r\n<tr style=\"height: 24px;\">\r\n<td style=\"width: 45.2989%; height: 24px;\">1<sup>er<\/sup> d\u00e9c. \u2013 fin f\u00e9vr.<\/td>\r\n<td style=\"width: 28.9956%; height: 24px;\">175 $<\/td>\r\n<\/tr>\r\n<tr style=\"height: 24px;\">\r\n<td style=\"width: 45.2989%; height: 24px;\">\u00a0<\/td>\r\n<td style=\"width: 28.9956%; height: 24px;\">\u00a0<\/td>\r\n<\/tr>\r\n<tr style=\"background-color: #d8e3f0;\">\r\n<td style=\"height: 24px; width: 74.2945%; border-right: none;\" colspan=\"2\">\r\n<p><strong>Frais d\u2019enregistrement du certificat d\u2019urgence<\/strong><\/p>\r\n<\/td>\r\n<\/tr>\r\n<tr style=\"height: 24px;\">\r\n<td style=\"width: 45.2989%; height: 24px;\">Certificat d\u2019urgence Inscription initiale<\/td>\r\n<td style=\"width: 28.9956%; height: 24px;\">$350<\/td>\r\n<\/tr>\r\n<tr style=\"height: 24px;\">\r\n<td style=\"width: 45.2989%; height: 24px;\">Renouvellement du certificat d\u2019urgence<\/td>\r\n<td style=\"width: 28.9956%; height: 24px;\">$350<\/td>\r\n<\/tr>\r\n<tr style=\"height: 24px;\">\r\n<td style=\"width: 45.2989%; height: 24px;\">\u00a0<\/td>\r\n<td style=\"width: 28.9956%; height: 24px;\">\u00a0<\/td>\r\n<\/tr>\r\n<tr style=\"background-color: #d8e3f0;\">\r\n<td style=\"height: 42px; width: 74.2945%; border-right: none;\" colspan=\"2\"><strong><strong>Remboursement des frais*<\/strong><\/strong><br \/>\r\n(Certificat de membre g\u00e9n\u00e9ral, dipl\u00f4m\u00e9 et auxiliaire)<\/td>\r\n<\/tr>\r\n<tr style=\"height: 24px;\">\r\n<td style=\"width: 45.2989%; height: 24px;\">\u00a0<\/td>\r\n<td style=\"width: 28.9956%; height: 24px;\">Frais annuels, moins :<\/td>\r\n<\/tr>\r\n<tr style=\"height: 24px;\">\r\n<td style=\"width: 45.2989%; height: 24px;\">1<sup>er<\/sup> mars \u2013 31 mai<\/td>\r\n<td style=\"width: 28.9956%; height: 24px;\">175 $<\/td>\r\n<\/tr>\r\n<tr style=\"height: 24px;\">\r\n<td style=\"width: 45.2989%; height: 24px;\">1<sup>er<\/sup> juin \u2013 31 ao\u00fbt<\/td>\r\n<td style=\"width: 28.9956%; height: 24px;\">350 $<\/td>\r\n<\/tr>\r\n<tr style=\"height: 24px;\">\r\n<td style=\"width: 45.2989%; height: 24px;\">1<sup>er<\/sup> sept. \u2013 Nov. 30<\/td>\r\n<td style=\"width: 28.9956%; height: 24px;\">525 $<\/td>\r\n<\/tr>\r\n<tr style=\"height: 24px;\">\r\n<td style=\"width: 45.2989%; height: 24px;\">1<sup>er<\/sup> d\u00e9c. \u2013 fin f\u00e9vr.<\/td>\r\n<td style=\"width: 28.9956%; height: 24px;\">Aucun remboursement des frais<\/td>\r\n<\/tr>\r\n<tr style=\"height: 24px;\">\r\n<td style=\"width: 45.2989%; height: 24px;\">\u00a0<\/td>\r\n<td style=\"width: 28.9956%; height: 24px;\">\u00a0<\/td>\r\n<\/tr>\r\n<tr style=\"background-color: #d8e3f0;\">\r\n<td style=\"height: 24px; width: 74.2945%; border-right: none;\" colspan=\"2\"><strong>Frais de retard<\/strong><\/td>\r\n<\/tr>\r\n<tr style=\"height: 24px;\">\r\n<td style=\"width: 45.2989%; height: 24px;\">Certificat de membre g\u00e9n\u00e9ral, dipl\u00f4m\u00e9 et auxiliaire<\/td>\r\n<td style=\"width: 28.9956%; height: 24px;\">162,50 $<\/td>\r\n<\/tr>\r\n<tr style=\"height: 24px;\">\r\n<td style=\"width: 45.2989%; height: 24px;\">Certificat de membre inactif<\/td>\r\n<td style=\"width: 28.9956%; height: 24px;\">50 $<\/td>\r\n<\/tr>\r\n<tr style=\"height: 24px;\">\r\n<td style=\"width: 45.2989%; height: 24px;\"><span class=\"TextRun SCXW37900033 BCX9\" lang=\"EN-CA\" xml:lang=\"EN-CA\" data-contrast=\"auto\"><span class=\"NormalTextRun SCXW37900033 BCX9\">Envoi <\/span><span class=\"NormalTextRun SpellingErrorV2Themed SCXW37900033 BCX9\">en<\/span><span class=\"NormalTextRun SCXW37900033 BCX9\"> retard PPP<\/span><\/span><span class=\"EOP SCXW37900033 BCX9\" data-ccp-props=\"{&quot;201341983&quot;:0,&quot;335559739&quot;:0,&quot;335559740&quot;:240}\">\u00a0<\/span><\/td>\r\n<td style=\"width: 28.9956%; height: 24px;\">25 $<\/td>\r\n<\/tr>\r\n<tr style=\"height: 24px;\">\r\n<td style=\"width: 45.2989%; height: 24px;\">\u00a0<\/td>\r\n<td style=\"width: 28.9956%; height: 24px;\">\u00a0<\/td>\r\n<\/tr>\r\n<tr style=\"height: 24px; background-color: #d8e3f0;\">\r\n<td style=\"height: 24px; width: 74.2945%; border-right: none;\" colspan=\"2\"><strong>Frais de r\u00e9tablissement<\/strong><\/td>\r\n<\/tr>\r\n<tr style=\"height: 24px;\">\r\n<td style=\"width: 45.2989%; height: 24px;\">Frais de r\u00e9tablissement (suspension)<\/td>\r\n<td style=\"width: 28.9956%; height: 24px;\">325 $<\/td>\r\n<\/tr>\r\n<tr style=\"height: 24px;\">\r\n<td style=\"width: 45.2989%; height: 24px;\">\u00a0<\/td>\r\n<td style=\"width: 28.9956%; height: 24px;\">\u00a0<\/td>\r\n<\/tr>\r\n<tr style=\"height: 24px; background-color: #d8e3f0;\">\r\n<td style=\"height: 24px; width: 74.2945%; border-right: none;\" colspan=\"2\"><strong>Autres frais<\/strong><\/td>\r\n<\/tr>\r\n<tr style=\"height: 24px;\">\r\n<td style=\"width: 45.2989%; height: 24px;\">Frais pour ch\u00e8que sans provision<\/td>\r\n<td style=\"width: 28.9956%; height: 24px;\">45 $<\/td>\r\n<\/tr>\r\n<tr style=\"height: 24px;\">\r\n<td style=\"width: 45.2989%; height: 24px;\">\u00c9valuation des comp\u00e9tences les frais d\u2019appel<\/td>\r\n<td style=\"width: 28.9956%; height: 24px;\">250 $<\/td>\r\n<\/tr>\r\n<tr style=\"height: 24px;\">\r\n<td style=\"width: 45.2989%; height: 24px;\">\u00a0<\/td>\r\n<td style=\"width: 28.9956%; height: 24px;\">\u00a0<\/td>\r\n<\/tr>\r\n<tr style=\"height: 24px; background-color: #d8e3f0;\">\r\n<td style=\"height: 24px; width: 74.2945%; border-right: none;\" colspan=\"2\"><strong>Programme d&rsquo;inscription &#8211; \u00c9valuation des comp\u00e9tences<\/strong><\/td>\r\n<\/tr>\r\n<tr style=\"height: 24px;\">\r\n<td style=\"width: 45.2989%; height: 24px;\">Phase 1 et 2 \u2013 \u00c9valuation de programme et entrevue<\/td>\r\n<td style=\"width: 28.9956%; height: 24px;\">500 $<\/td>\r\n<\/tr>\r\n<tr style=\"height: 24px;\">\r\n<td style=\"width: 45.2989%; height: 24px;\">Phase 3 \u2013 \u00c9valuation des comp\u00e9tences cliniques<\/td>\r\n<td style=\"width: 28.9956%; height: 24px;\">5,000 $<\/td>\r\n<\/tr>\r\n<tr style=\"height: 24px;\">\r\n<td style=\"width: 45.2989%; height: 24px;\">\u00a0<\/td>\r\n<td style=\"width: 28.9956%; height: 24px;\">\u00a0<\/td>\r\n<\/tr>\r\n<tr style=\"height: 24px; background-color: #d8e3f0;\">\r\n<td style=\"width: 74.2945%; border-right: none;\" colspan=\"2\"><strong>Programme d\u2019assurance de la qualit\u00e9<\/strong><\/td>\r\n<\/tr>\r\n<tr style=\"height: 24px;\">\r\n<td style=\"width: 45.2989%; height: 24px;\">\u00c9valuation de la pratique<\/td>\r\n<td style=\"width: 28.9956%; height: 24px;\">500 $<\/td>\r\n<\/tr>\r\n<tr style=\"height: 24px;\">\r\n<td style=\"width: 45.2989%; height: 24px;\">D\u00e9faut d\u2019assister \u00e0 une s\u00e9ance d\u2019encadrement obligatoire concernant le PORTfolio**<\/td>\r\n<td style=\"width: 28.9956%; height: 24px;\">25 $<\/td>\r\n<\/tr>\r\n<tr style=\"height: 24px;\">\r\n<td style=\"width: 45.2989%; height: 24px;\">\u00c9D\u00e9faut d\u2019assister \u00e0 une s\u00e9ance d\u2019encadrement obligatoire dans le cadre d\u2019un SCERP au titre du PPP**<\/td>\r\n<td style=\"width: 28.9956%; height: 24px;\">100 $<\/td>\r\n<\/tr>\r\n<tr style=\"height: 24px;\">\r\n<td style=\"width: 45.2989%; height: 24px;\">\u00a0<\/td>\r\n<td style=\"width: 28.9956%; height: 24px;\">\u00a0<\/td>\r\n<\/tr>\r\n<tr style=\"height: 24px; background-color: #d8e3f0;\">\r\n<td style=\"height: 24px; border-right: none; width: 74.2945%;\" colspan=\"2\"><strong>Frais de constitution professionnelle<\/strong><\/td>\r\n<\/tr>\r\n<tr style=\"height: 24px;\">\r\n<td style=\"width: 45.2989%; height: 24px;\">\u00c9mission de certificat d\u2019autorisation<\/td>\r\n<td style=\"width: 28.9956%; height: 24px;\">650 $<\/td>\r\n<\/tr>\r\n<tr style=\"height: 24px;\">\r\n<td style=\"width: 45.2989%; height: 24px;\">Frais de renouvellement annuel pour les soci\u00e9t\u00e9s<\/td>\r\n<td style=\"width: 28.9956%; height: 24px;\">650 $<\/td>\r\n<\/tr>\r\n<\/tbody>\r\n<\/table>\r\n<p><em>* Les certificat de membre inactif ne sont pas calcul\u00e9s au prorata.<br \/>\r\n<\/em><\/p>\r\n<p><em>**<\/em>\u00a0<em>Sans pr\u00e9avis d\u2019au moins 48\u00a0heures \u00e0 l\u2019OTRO<\/em><\/p>\r\n<p><em>\u00a0<\/em><\/p>\r\n<p>&nbsp;<\/p>","protected":false},"excerpt":{"rendered":"<p>Inscription 2026-2027 (1er mars 2026\u2013 28 f\u00e9vr. 2027) Frais de demande 75 $ \u00a0 \u00a0 Frais annuels d\u2019inscription Certificat g\u00e9n\u00e9ral 700 $ Certificat de membre dipl\u00f4m\u00e9 700 $ Certificat de membre auxiliaire 700 $ Certificat de membre inactif 125 $ \u00a0 \u00a0 Frais d\u2019inscription au prorate* (Certificat de membre g\u00e9n\u00e9ral, dipl\u00f4m\u00e9 et auxiliaire) 1er mars [&hellip;]<\/p>\n","protected":false},"author":3,"featured_media":0,"parent":22,"menu_order":0,"comment_status":"closed","ping_status":"closed","template":"page-members.php","meta":{"footnotes":""},"class_list":["post-7279","page","type-page","status-publish","hentry"],"yoast_head":"<!-- This site is optimized with the Yoast SEO plugin v27.4 - https:\/\/yoast.com\/product\/yoast-seo-wordpress\/ -->\n<title>Bar\u00e8me de frais - CRTO<\/title>\n<meta name=\"robots\" content=\"index, follow, max-snippet:-1, max-image-preview:large, max-video-preview:-1\" \/>\n<link rel=\"canonical\" href=\"https:\/\/www.crto.on.ca\/fr\/members\/bareme-de-frais\/\" \/>\n<meta name=\"twitter:label1\" content=\"Dur\u00e9e de lecture estim\u00e9e\" \/>\n\t<meta name=\"twitter:data1\" content=\"1 minute\" \/>\n<script type=\"application\/ld+json\" class=\"yoast-schema-graph\">{\"@context\":\"https:\\\/\\\/schema.org\",\"@graph\":[{\"@type\":\"WebPage\",\"@id\":\"https:\\\/\\\/www.crto.on.ca\\\/fr\\\/members\\\/bareme-de-frais\\\/\",\"url\":\"https:\\\/\\\/www.crto.on.ca\\\/fr\\\/members\\\/bareme-de-frais\\\/\",\"name\":\"Bar\u00e8me de frais - CRTO\",\"isPartOf\":{\"@id\":\"https:\\\/\\\/www.crto.on.ca\\\/#website\"},\"datePublished\":\"2019-12-03T16:07:45+00:00\",\"dateModified\":\"2026-03-19T18:33:56+00:00\",\"breadcrumb\":{\"@id\":\"https:\\\/\\\/www.crto.on.ca\\\/fr\\\/members\\\/bareme-de-frais\\\/#breadcrumb\"},\"inLanguage\":\"fr-FR\",\"potentialAction\":[{\"@type\":\"ReadAction\",\"target\":[\"https:\\\/\\\/www.crto.on.ca\\\/fr\\\/members\\\/bareme-de-frais\\\/\"]}]},{\"@type\":\"BreadcrumbList\",\"@id\":\"https:\\\/\\\/www.crto.on.ca\\\/fr\\\/members\\\/bareme-de-frais\\\/#breadcrumb\",\"itemListElement\":[{\"@type\":\"ListItem\",\"position\":1,\"name\":\"Home\",\"item\":\"https:\\\/\\\/www.crto.on.ca\\\/fr\\\/\"},{\"@type\":\"ListItem\",\"position\":2,\"name\":\"Membres\",\"item\":\"https:\\\/\\\/www.crto.on.ca\\\/fr\\\/members\\\/\"},{\"@type\":\"ListItem\",\"position\":3,\"name\":\"Bar\u00e8me de frais\"}]},{\"@type\":\"WebSite\",\"@id\":\"https:\\\/\\\/www.crto.on.ca\\\/#website\",\"url\":\"https:\\\/\\\/www.crto.on.ca\\\/\",\"name\":\"CRTO\",\"description\":\"\",\"potentialAction\":[{\"@type\":\"SearchAction\",\"target\":{\"@type\":\"EntryPoint\",\"urlTemplate\":\"https:\\\/\\\/www.crto.on.ca\\\/?s={search_term_string}\"},\"query-input\":{\"@type\":\"PropertyValueSpecification\",\"valueRequired\":true,\"valueName\":\"search_term_string\"}}],\"inLanguage\":\"fr-FR\"}]}<\/script>\n<!-- \/ Yoast SEO plugin. -->","yoast_head_json":{"title":"Bar\u00e8me de frais - CRTO","robots":{"index":"index","follow":"follow","max-snippet":"max-snippet:-1","max-image-preview":"max-image-preview:large","max-video-preview":"max-video-preview:-1"},"canonical":"https:\/\/www.crto.on.ca\/fr\/members\/bareme-de-frais\/","twitter_misc":{"Dur\u00e9e de lecture estim\u00e9e":"1 minute"},"schema":{"@context":"https:\/\/schema.org","@graph":[{"@type":"WebPage","@id":"https:\/\/www.crto.on.ca\/fr\/members\/bareme-de-frais\/","url":"https:\/\/www.crto.on.ca\/fr\/members\/bareme-de-frais\/","name":"Bar\u00e8me de frais - CRTO","isPartOf":{"@id":"https:\/\/www.crto.on.ca\/#website"},"datePublished":"2019-12-03T16:07:45+00:00","dateModified":"2026-03-19T18:33:56+00:00","breadcrumb":{"@id":"https:\/\/www.crto.on.ca\/fr\/members\/bareme-de-frais\/#breadcrumb"},"inLanguage":"fr-FR","potentialAction":[{"@type":"ReadAction","target":["https:\/\/www.crto.on.ca\/fr\/members\/bareme-de-frais\/"]}]},{"@type":"BreadcrumbList","@id":"https:\/\/www.crto.on.ca\/fr\/members\/bareme-de-frais\/#breadcrumb","itemListElement":[{"@type":"ListItem","position":1,"name":"Home","item":"https:\/\/www.crto.on.ca\/fr\/"},{"@type":"ListItem","position":2,"name":"Membres","item":"https:\/\/www.crto.on.ca\/fr\/members\/"},{"@type":"ListItem","position":3,"name":"Bar\u00e8me de frais"}]},{"@type":"WebSite","@id":"https:\/\/www.crto.on.ca\/#website","url":"https:\/\/www.crto.on.ca\/","name":"CRTO","description":"","potentialAction":[{"@type":"SearchAction","target":{"@type":"EntryPoint","urlTemplate":"https:\/\/www.crto.on.ca\/?s={search_term_string}"},"query-input":{"@type":"PropertyValueSpecification","valueRequired":true,"valueName":"search_term_string"}}],"inLanguage":"fr-FR"}]}},"_links":{"self":[{"href":"https:\/\/www.crto.on.ca\/fr\/wp-json\/wp\/v2\/pages\/7279","targetHints":{"allow":["GET"]}}],"collection":[{"href":"https:\/\/www.crto.on.ca\/fr\/wp-json\/wp\/v2\/pages"}],"about":[{"href":"https:\/\/www.crto.on.ca\/fr\/wp-json\/wp\/v2\/types\/page"}],"author":[{"embeddable":true,"href":"https:\/\/www.crto.on.ca\/fr\/wp-json\/wp\/v2\/users\/3"}],"replies":[{"embeddable":true,"href":"https:\/\/www.crto.on.ca\/fr\/wp-json\/wp\/v2\/comments?post=7279"}],"version-history":[{"count":19,"href":"https:\/\/www.crto.on.ca\/fr\/wp-json\/wp\/v2\/pages\/7279\/revisions"}],"predecessor-version":[{"id":13254,"href":"https:\/\/www.crto.on.ca\/fr\/wp-json\/wp\/v2\/pages\/7279\/revisions\/13254"}],"up":[{"embeddable":true,"href":"https:\/\/www.crto.on.ca\/fr\/wp-json\/wp\/v2\/pages\/22"}],"wp:attachment":[{"href":"https:\/\/www.crto.on.ca\/fr\/wp-json\/wp\/v2\/media?parent=7279"}],"curies":[{"name":"wp","href":"https:\/\/api.w.org\/{rel}","templated":true}]}}