{"id":7285,"date":"2019-12-03T12:27:27","date_gmt":"2019-12-03T17:27:27","guid":{"rendered":"https:\/\/www.crto.on.ca\/?page_id=7285"},"modified":"2019-12-03T12:54:25","modified_gmt":"2019-12-03T17:54:25","slug":"est-ce-que-je-pratique","status":"publish","type":"page","link":"https:\/\/www.crto.on.ca\/fr\/members\/exercice-de-la-profession\/est-ce-que-je-pratique\/","title":{"rendered":"Est-ce que je pratique?"},"content":{"rendered":"<p>Pour exercer la profession de th\u00e9rapeute respiratoire en Ontario, vous devez \u00eatre inscrit aupr\u00e8s de l\u2019OTRO. On peut exercer la profession dans diff\u00e9rents lieux, notamment :<\/p>\r\n<ul>\r\n\t<li>H\u00f4pitaux<\/li>\r\n\t<li>\u00c9tablissements de soins communautaires<\/li>\r\n\t<li>\u00c9tablissements d\u2019enseignement<\/li>\r\n\t<li>Cabinets ind\u00e9pendants<\/li>\r\n\t<li>Agences de sant\u00e9 du gouvernement<\/li>\r\n\t<li>Recherche en sant\u00e9<\/li>\r\n\t<li>Soci\u00e9t\u00e9 pharmaceutiques<\/li>\r\n\t<li>Entreprises de fourniture d\u2019\u00e9quipement m\u00e9dical<\/li>\r\n<\/ul>\r\n<p>De temps en temps, l\u2019OTRO re\u00e7oit des demandes de renseignements de membres au sujet de leur travail et d\u2019activit\u00e9s de b\u00e9n\u00e9volat, par exemple en ce qui a trait \u00e0 la cat\u00e9gorie de membre inactif. Le pr\u00e9sent feuillet d\u2019information a \u00e9t\u00e9 con\u00e7u pour aider les membres \u00e0 d\u00e9terminer s\u2019ils exercent la profession de th\u00e9rapeute respiratoire.<\/p>\r\n<h2>Exercice de la th\u00e9rapie respiratoire<\/h2>\r\n<p>Les th\u00e9rapeutes respiratoires peuvent exercer la profession dans plusieurs lieux et \u00e9tablissements. En g\u00e9n\u00e9ral, l\u2019exercice de la th\u00e9rapie respiratoire comprend les \u00e9l\u00e9ments suivants :<\/p>\r\n<ul>\r\n\t<li>Application de comp\u00e9tences li\u00e9es \u00e0 la th\u00e9rapie respiratoire (connaissances, comp\u00e9tences, capacit\u00e9 de jugement, habilit\u00e9s) obtenues dans le cadre de la formation, l\u2019emploi et son exp\u00e9rience en tant que th\u00e9rapeute respiratoire.<\/li>\r\n\t<li>Application des normes, politiques et lignes directrices li\u00e9es \u00e0 la th\u00e9rapie respiratoire.<\/li>\r\n\t<li>Effet direct ou indirect sur ceux qui re\u00e7oivent des services de th\u00e9rapie respiratoire.<\/li>\r\n\t<li>Interaction avec des personnes qui s\u2019attendent \u00e0 ce que vous poss\u00e9diez des connaissances et des comp\u00e9tences de th\u00e9rapeute respiratoire.<\/li>\r\n<\/ul>\r\n<p>L\u2019exercice de la th\u00e9rapie respiratoire comporte des activit\u00e9s d\u2019emploi et des activit\u00e9s de b\u00e9n\u00e9volat.<\/p>\r\n<h2>D\u00e9terminer si vous exercez la profession de th\u00e9rapeute respiratoire<\/h2>\r\n<p>Vous exercez la profession de th\u00e9rapeute respiratoire si un des \u00e9l\u00e9ments suivants s\u2019appliquent \u00e0 vous.<\/p>\r\n<ul style=\"list-style-type: square;\">\r\n\t<li><strong>Vous offrez des services de th\u00e9rapie respiratoire directs \u00e0 une personne ou \u00e0 un groupe de personnes.<\/strong>\r\n<ul style=\"list-style-type: disc;\">\r\n\t<li>Diagnostic, \u00e9valuation, services th\u00e9rapeutiques et services de r\u00e9adaptation<br \/>\r\n<br \/>\r\n<\/li>\r\n<\/ul>\r\n<\/li>\r\n\t<li><strong>Vous offrez de l\u2019\u00e9ducation en th\u00e9rapie respiratoire \u00e0 des patients, des membres de leur famille, d\u2019autres professionnels de la sant\u00e9 (r\u00e9glement\u00e9s et non r\u00e9glement\u00e9s) ou des \u00e9tudiants<\/strong>\r\n<ul style=\"list-style-type: disc;\">\r\n\t<li>Promotion de la sant\u00e9, services de conseil en sant\u00e9 (cessation du tabac, spirom\u00e9trie)<\/li>\r\n\t<li>Conception et ex\u00e9cution de ressources d\u2019apprentissage<\/li>\r\n\t<li>Information et formation li\u00e9e \u00e0 des produits ou de l\u2019\u00e9quipement de th\u00e9rapie respiratoire<br \/>\r\n<br \/>\r\n<\/li>\r\n<\/ul>\r\n<\/li>\r\n\t<li><strong>Fournir des services administratifs qui ont un effet direct ou indirect sur ceux qui re\u00e7oivent des services de th\u00e9rapie respiratoire.<\/strong>\r\n<ul style=\"list-style-type: disc;\">\r\n\t<li>Conception et ex\u00e9cution de politiques et lignes directrices<\/li>\r\n\t<li>Collecte de donn\u00e9es sur la sant\u00e9, la th\u00e9rapie respiratoire (v\u00e9rification de dossiers, recherche en th\u00e9rapie respiratoire, analyse de donn\u00e9es)<\/li>\r\n\t<li>Gestion des ressources en sant\u00e9 (dotation de personnel, \u00e9quipement)<\/li>\r\n\t<li>Influence de la th\u00e9rapie respiratoire ou des politiques<br \/>\r\n<br \/>\r\n<\/li>\r\n<\/ul>\r\n<\/li>\r\n\t<li><strong>Autres activit\u00e9s<\/strong>\r\n<ul style=\"list-style-type: disc;\">\r\n\t<li>Vente de produits associ\u00e9s \u00e0 la th\u00e9rapie respiratoire (p. ex., \u00e9quipement m\u00e9dical)<\/li>\r\n\t<li>Recherche sur les soins respiratoires et collecte de donn\u00e9es<\/li>\r\n\t<li>Consultation en th\u00e9rapie respiratoire et soins, \u00e9quipement et services associ\u00e9s<\/li>\r\n<\/ul>\r\n<\/li>\r\n<\/ul>\r\n<h2>Questions<\/h2>\r\n<p>Si vous avez des questions au sujet de l\u2019exercice, veuillez communiquer avec <a href=\"mailto:hamp@crto.on.ca\" target=\"_blank\" rel=\"noopener noreferrer\">Carole Hamp, RRT, directrice de la qualit\u00e9 de l\u2019exercice<\/a>.<\/p>\r\n<h2>Est-ce Que J\u2019Exerce la Profession de Th\u00e9rapeute Respiratoire?<\/h2>\r\n<p><img decoding=\"async\" class=\"alignleft size-full wp-image-7294\" src=\"https:\/\/www.crto.on.ca\/wp-content\/uploads\/2019\/12\/Am-I-Practising-Chart_fr.jpg\" alt=\"\" width=\"574\" height=\"689\" srcset=\"https:\/\/www.crto.on.ca\/wp-content\/uploads\/2019\/12\/Am-I-Practising-Chart_fr.jpg 574w, https:\/\/www.crto.on.ca\/wp-content\/uploads\/2019\/12\/Am-I-Practising-Chart_fr-250x300.jpg 250w\" sizes=\"(max-width: 574px) 100vw, 574px\" \/><\/p>","protected":false},"excerpt":{"rendered":"<p>Pour exercer la profession de th\u00e9rapeute respiratoire en Ontario, vous devez \u00eatre inscrit aupr\u00e8s de l\u2019OTRO. On peut exercer la profession dans diff\u00e9rents lieux, notamment : H\u00f4pitaux \u00c9tablissements de soins communautaires \u00c9tablissements d\u2019enseignement Cabinets ind\u00e9pendants Agences de sant\u00e9 du gouvernement Recherche en sant\u00e9 Soci\u00e9t\u00e9 pharmaceutiques Entreprises de fourniture d\u2019\u00e9quipement m\u00e9dical De temps en temps, l\u2019OTRO [&hellip;]<\/p>\n","protected":false},"author":3,"featured_media":0,"parent":2345,"menu_order":0,"comment_status":"closed","ping_status":"closed","template":"page-members.php","meta":{"footnotes":""},"class_list":["post-7285","page","type-page","status-publish","hentry"],"yoast_head":"<!-- This site is optimized with the Yoast SEO plugin v27.4 - https:\/\/yoast.com\/product\/yoast-seo-wordpress\/ -->\n<title>Est-ce que je pratique? - CRTO<\/title>\n<meta name=\"robots\" content=\"index, follow, max-snippet:-1, max-image-preview:large, max-video-preview:-1\" \/>\n<link rel=\"canonical\" href=\"https:\/\/www.crto.on.ca\/fr\/members\/exercice-de-la-profession\/est-ce-que-je-pratique\/\" \/>\n<meta name=\"twitter:label1\" content=\"Dur\u00e9e de lecture estim\u00e9e\" \/>\n\t<meta name=\"twitter:data1\" content=\"3 minutes\" \/>\n<script type=\"application\/ld+json\" class=\"yoast-schema-graph\">{\"@context\":\"https:\\\/\\\/schema.org\",\"@graph\":[{\"@type\":\"WebPage\",\"@id\":\"https:\\\/\\\/www.crto.on.ca\\\/fr\\\/members\\\/exercice-de-la-profession\\\/est-ce-que-je-pratique\\\/\",\"url\":\"https:\\\/\\\/www.crto.on.ca\\\/fr\\\/members\\\/exercice-de-la-profession\\\/est-ce-que-je-pratique\\\/\",\"name\":\"Est-ce que je pratique? - CRTO\",\"isPartOf\":{\"@id\":\"https:\\\/\\\/www.crto.on.ca\\\/#website\"},\"primaryImageOfPage\":{\"@id\":\"https:\\\/\\\/www.crto.on.ca\\\/fr\\\/members\\\/exercice-de-la-profession\\\/est-ce-que-je-pratique\\\/#primaryimage\"},\"image\":{\"@id\":\"https:\\\/\\\/www.crto.on.ca\\\/fr\\\/members\\\/exercice-de-la-profession\\\/est-ce-que-je-pratique\\\/#primaryimage\"},\"thumbnailUrl\":\"https:\\\/\\\/www.crto.on.ca\\\/wp-content\\\/uploads\\\/2019\\\/12\\\/Am-I-Practising-Chart_fr.jpg\",\"datePublished\":\"2019-12-03T17:27:27+00:00\",\"dateModified\":\"2019-12-03T17:54:25+00:00\",\"breadcrumb\":{\"@id\":\"https:\\\/\\\/www.crto.on.ca\\\/fr\\\/members\\\/exercice-de-la-profession\\\/est-ce-que-je-pratique\\\/#breadcrumb\"},\"inLanguage\":\"fr-FR\",\"potentialAction\":[{\"@type\":\"ReadAction\",\"target\":[\"https:\\\/\\\/www.crto.on.ca\\\/fr\\\/members\\\/exercice-de-la-profession\\\/est-ce-que-je-pratique\\\/\"]}]},{\"@type\":\"ImageObject\",\"inLanguage\":\"fr-FR\",\"@id\":\"https:\\\/\\\/www.crto.on.ca\\\/fr\\\/members\\\/exercice-de-la-profession\\\/est-ce-que-je-pratique\\\/#primaryimage\",\"url\":\"https:\\\/\\\/www.crto.on.ca\\\/wp-content\\\/uploads\\\/2019\\\/12\\\/Am-I-Practising-Chart_fr.jpg\",\"contentUrl\":\"https:\\\/\\\/www.crto.on.ca\\\/wp-content\\\/uploads\\\/2019\\\/12\\\/Am-I-Practising-Chart_fr.jpg\"},{\"@type\":\"BreadcrumbList\",\"@id\":\"https:\\\/\\\/www.crto.on.ca\\\/fr\\\/members\\\/exercice-de-la-profession\\\/est-ce-que-je-pratique\\\/#breadcrumb\",\"itemListElement\":[{\"@type\":\"ListItem\",\"position\":1,\"name\":\"Home\",\"item\":\"https:\\\/\\\/www.crto.on.ca\\\/fr\\\/\"},{\"@type\":\"ListItem\",\"position\":2,\"name\":\"Membres\",\"item\":\"https:\\\/\\\/www.crto.on.ca\\\/fr\\\/members\\\/\"},{\"@type\":\"ListItem\",\"position\":3,\"name\":\"Pratique professionnelle\",\"item\":\"https:\\\/\\\/www.crto.on.ca\\\/fr\\\/members\\\/exercice-de-la-profession\\\/\"},{\"@type\":\"ListItem\",\"position\":4,\"name\":\"Est-ce que je pratique?\"}]},{\"@type\":\"WebSite\",\"@id\":\"https:\\\/\\\/www.crto.on.ca\\\/#website\",\"url\":\"https:\\\/\\\/www.crto.on.ca\\\/\",\"name\":\"CRTO\",\"description\":\"\",\"potentialAction\":[{\"@type\":\"SearchAction\",\"target\":{\"@type\":\"EntryPoint\",\"urlTemplate\":\"https:\\\/\\\/www.crto.on.ca\\\/?s={search_term_string}\"},\"query-input\":{\"@type\":\"PropertyValueSpecification\",\"valueRequired\":true,\"valueName\":\"search_term_string\"}}],\"inLanguage\":\"fr-FR\"}]}<\/script>\n<!-- \/ Yoast SEO plugin. -->","yoast_head_json":{"title":"Est-ce que je pratique? - CRTO","robots":{"index":"index","follow":"follow","max-snippet":"max-snippet:-1","max-image-preview":"max-image-preview:large","max-video-preview":"max-video-preview:-1"},"canonical":"https:\/\/www.crto.on.ca\/fr\/members\/exercice-de-la-profession\/est-ce-que-je-pratique\/","twitter_misc":{"Dur\u00e9e de lecture estim\u00e9e":"3 minutes"},"schema":{"@context":"https:\/\/schema.org","@graph":[{"@type":"WebPage","@id":"https:\/\/www.crto.on.ca\/fr\/members\/exercice-de-la-profession\/est-ce-que-je-pratique\/","url":"https:\/\/www.crto.on.ca\/fr\/members\/exercice-de-la-profession\/est-ce-que-je-pratique\/","name":"Est-ce que je pratique? - CRTO","isPartOf":{"@id":"https:\/\/www.crto.on.ca\/#website"},"primaryImageOfPage":{"@id":"https:\/\/www.crto.on.ca\/fr\/members\/exercice-de-la-profession\/est-ce-que-je-pratique\/#primaryimage"},"image":{"@id":"https:\/\/www.crto.on.ca\/fr\/members\/exercice-de-la-profession\/est-ce-que-je-pratique\/#primaryimage"},"thumbnailUrl":"https:\/\/www.crto.on.ca\/wp-content\/uploads\/2019\/12\/Am-I-Practising-Chart_fr.jpg","datePublished":"2019-12-03T17:27:27+00:00","dateModified":"2019-12-03T17:54:25+00:00","breadcrumb":{"@id":"https:\/\/www.crto.on.ca\/fr\/members\/exercice-de-la-profession\/est-ce-que-je-pratique\/#breadcrumb"},"inLanguage":"fr-FR","potentialAction":[{"@type":"ReadAction","target":["https:\/\/www.crto.on.ca\/fr\/members\/exercice-de-la-profession\/est-ce-que-je-pratique\/"]}]},{"@type":"ImageObject","inLanguage":"fr-FR","@id":"https:\/\/www.crto.on.ca\/fr\/members\/exercice-de-la-profession\/est-ce-que-je-pratique\/#primaryimage","url":"https:\/\/www.crto.on.ca\/wp-content\/uploads\/2019\/12\/Am-I-Practising-Chart_fr.jpg","contentUrl":"https:\/\/www.crto.on.ca\/wp-content\/uploads\/2019\/12\/Am-I-Practising-Chart_fr.jpg"},{"@type":"BreadcrumbList","@id":"https:\/\/www.crto.on.ca\/fr\/members\/exercice-de-la-profession\/est-ce-que-je-pratique\/#breadcrumb","itemListElement":[{"@type":"ListItem","position":1,"name":"Home","item":"https:\/\/www.crto.on.ca\/fr\/"},{"@type":"ListItem","position":2,"name":"Membres","item":"https:\/\/www.crto.on.ca\/fr\/members\/"},{"@type":"ListItem","position":3,"name":"Pratique professionnelle","item":"https:\/\/www.crto.on.ca\/fr\/members\/exercice-de-la-profession\/"},{"@type":"ListItem","position":4,"name":"Est-ce que je pratique?"}]},{"@type":"WebSite","@id":"https:\/\/www.crto.on.ca\/#website","url":"https:\/\/www.crto.on.ca\/","name":"CRTO","description":"","potentialAction":[{"@type":"SearchAction","target":{"@type":"EntryPoint","urlTemplate":"https:\/\/www.crto.on.ca\/?s={search_term_string}"},"query-input":{"@type":"PropertyValueSpecification","valueRequired":true,"valueName":"search_term_string"}}],"inLanguage":"fr-FR"}]}},"_links":{"self":[{"href":"https:\/\/www.crto.on.ca\/fr\/wp-json\/wp\/v2\/pages\/7285","targetHints":{"allow":["GET"]}}],"collection":[{"href":"https:\/\/www.crto.on.ca\/fr\/wp-json\/wp\/v2\/pages"}],"about":[{"href":"https:\/\/www.crto.on.ca\/fr\/wp-json\/wp\/v2\/types\/page"}],"author":[{"embeddable":true,"href":"https:\/\/www.crto.on.ca\/fr\/wp-json\/wp\/v2\/users\/3"}],"replies":[{"embeddable":true,"href":"https:\/\/www.crto.on.ca\/fr\/wp-json\/wp\/v2\/comments?post=7285"}],"version-history":[{"count":3,"href":"https:\/\/www.crto.on.ca\/fr\/wp-json\/wp\/v2\/pages\/7285\/revisions"}],"predecessor-version":[{"id":7296,"href":"https:\/\/www.crto.on.ca\/fr\/wp-json\/wp\/v2\/pages\/7285\/revisions\/7296"}],"up":[{"embeddable":true,"href":"https:\/\/www.crto.on.ca\/fr\/wp-json\/wp\/v2\/pages\/2345"}],"wp:attachment":[{"href":"https:\/\/www.crto.on.ca\/fr\/wp-json\/wp\/v2\/media?parent=7285"}],"curies":[{"name":"wp","href":"https:\/\/api.w.org\/{rel}","templated":true}]}}