{"id":8,"date":"2013-06-17T04:06:14","date_gmt":"2013-06-17T04:06:14","guid":{"rendered":"http:\/\/roman-pc\/crto.on.ca\/?page_id=8"},"modified":"2016-01-12T22:28:35","modified_gmt":"2016-01-13T03:28:35","slug":"bienvenu","status":"publish","type":"page","link":"https:\/\/www.crto.on.ca\/fr\/","title":{"rendered":"Bienvenu"},"content":{"rendered":"<div class=\"home-wrap\">\r\n<ul class=\"home-boxes\">\r\n<li><a href=\"http:\/\/members.crto.on.ca\/crto\/CRTO\/Members_Home\/CRTO\/Member_Pages\/Member_Page.aspx\"><img decoding=\"async\" class=\"alignnone size-full\" alt=\"\" src=\"https:\/\/www.crto.on.ca\/wp-content\/uploads\/2013\/06\/btn-members.jpg\" width=\"93\" height=\"67\" \/><span class=\"title\">Ouverture de session pour les membres<\/span>Bienvenue \u00e0 la section r\u00e9serv\u00e9e aux membres de l&rsquo;OTRO<br \/> <span class=\"link\">OUVERTURE DE SESSION<\/span><\/a><\/li>\r\n<li><a href=\"http:\/\/members.crto.on.ca\/crto\/CRTO\/PublicDirectory\/Public_Directory_Member\/Public_Register\/PublicRegisterMember.aspx\"><img decoding=\"async\" class=\"alignnone size-full\" alt=\"\" src=\"https:\/\/www.crto.on.ca\/wp-content\/uploads\/2013\/06\/btn-public.jpg\" width=\"67\" height=\"67\" \/><span class=\"title\">Registre<\/span>Looking for a Respiratory Therapist?<br \/>\u00c0 la recherche d&rsquo;un th\u00e9rapeute respiratoire? Trouvez-en un gr\u00e2ce \u00e0 notre registre en ligne!<br \/> <span class=\"link\">R\u00c9PERTOIRE DE RECHERCHE<\/span><\/a><\/li>\r\n<li><a href=\"https:\/\/www.crto.on.ca\/fr\/members\/perfectionnement-professionnel\/croissance\/\"><img decoding=\"async\" class=\"alignnone size-full\" alt=\"\" src=\"https:\/\/www.crto.on.ca\/wp-content\/uploads\/2013\/06\/btn-growth.jpg\" width=\"94\" height=\"67\" \/><span class=\"title\">CROISSANCE<\/span>Visitez notre page sur la croissance<br \/> professionnelle permanente et voyez comment am\u00e9liorer votre carri\u00e8re.<br \/><span class=\"link\">PERFECTIONNEZ-VOUS ICI D\u00c8S MAINTENANT!<\/span><\/a><\/li>\r\n<li><a href=\"https:\/\/www.crto.on.ca\/fr\/public-2\/renseignements-sur-la-sante-respiratoire\/\"><img decoding=\"async\" class=\"alignnone size-full\" alt=\"\" src=\"https:\/\/www.crto.on.ca\/wp-content\/uploads\/2013\/06\/btn-info.jpg\" width=\"48\" height=\"67\" \/><span class=\"title\">Renseignements sur<br \/> la sant\u00e9 respiratoire<\/span>\u00c0 la recherche de ressources?<br \/> Trouvez ici ce que vous cherchez. <br \/> <span class=\"link\">CLIQUEZ POUR PLUS DE RENSEIGNEMENTS<\/span><\/a><\/li>\r\n<\/ul>\r\n<\/div>\r\n<h1 style=\"text-align: center;\">Au sujet de l&rsquo;OTRO<\/h1>\r\n<p style=\"text-align: center;\">L\u2019Ordre des th\u00e9rapeutes respiratoires de l\u2019Ontario (OTRO) est sanctionn\u00e9 par la Loi sur les professions de la sant\u00e9 r\u00e9glement\u00e9es. Le r\u00f4le de l\u2019OTRO est de r\u00e9glementer la pratique de la th\u00e9rapie respiratoire et de r\u00e9gir ses membres pour prot\u00e9ger les int\u00e9r\u00eats du public.<\/p>\r\n<p style=\"text-align: center;\">L\u2019Ordre r\u00e9glemente la profession en \u00e9tablissant des exigences de base pour les nouveaux th\u00e9rapeutes. De plus, l\u2019Ordre \u00e9labore des normes d\u2019exercice, des programmes encourageant la comp\u00e9tence permanente des membres et des m\u00e9canismes de promotion de la collaboration et des relations interprofessionnelles entre l\u2019Ordre et les autres intervenants. L\u2019OTRO dresse \u00e9galement\u2026<a href=\"https:\/\/www.crto.on.ca\/fr\/public-2\/notre-sujet\/\">En savoir plus ><\/a><\/p>\r\n","protected":false},"excerpt":{"rendered":"<p>Ouverture de session pour les membresBienvenue \u00e0 la section r\u00e9serv\u00e9e aux membres de l&rsquo;OTRO OUVERTURE DE SESSION RegistreLooking for a Respiratory Therapist?\u00c0 la recherche d&rsquo;un th\u00e9rapeute respiratoire? Trouvez-en un gr\u00e2ce \u00e0 notre registre en ligne! R\u00c9PERTOIRE DE RECHERCHE CROISSANCEVisitez notre page sur la croissance professionnelle permanente et voyez comment am\u00e9liorer votre carri\u00e8re.PERFECTIONNEZ-VOUS ICI D\u00c8S MAINTENANT! [&hellip;]<\/p>\n","protected":false},"author":8,"featured_media":0,"parent":0,"menu_order":0,"comment_status":"closed","ping_status":"closed","template":"frontpage.php","meta":{"footnotes":""},"class_list":["post-8","page","type-page","status-publish","hentry"],"yoast_head":"<!-- This site is optimized with the Yoast SEO plugin v27.4 - https:\/\/yoast.com\/product\/yoast-seo-wordpress\/ -->\n<title>Bienvenu - CRTO<\/title>\n<meta name=\"robots\" content=\"index, follow, max-snippet:-1, max-image-preview:large, max-video-preview:-1\" \/>\n<link rel=\"canonical\" href=\"https:\/\/www.crto.on.ca\/fr\/\" \/>\n<meta name=\"twitter:label1\" content=\"Dur\u00e9e de lecture estim\u00e9e\" \/>\n\t<meta name=\"twitter:data1\" content=\"1 minute\" \/>\n<script type=\"application\/ld+json\" class=\"yoast-schema-graph\">{\"@context\":\"https:\\\/\\\/schema.org\",\"@graph\":[{\"@type\":\"WebPage\",\"@id\":\"https:\\\/\\\/www.crto.on.ca\\\/fr\\\/\",\"url\":\"https:\\\/\\\/www.crto.on.ca\\\/fr\\\/\",\"name\":\"Bienvenu - CRTO\",\"isPartOf\":{\"@id\":\"https:\\\/\\\/www.crto.on.ca\\\/#website\"},\"primaryImageOfPage\":{\"@id\":\"https:\\\/\\\/www.crto.on.ca\\\/fr\\\/#primaryimage\"},\"image\":{\"@id\":\"https:\\\/\\\/www.crto.on.ca\\\/fr\\\/#primaryimage\"},\"thumbnailUrl\":\"https:\\\/\\\/www.crto.on.ca\\\/wp-content\\\/uploads\\\/2013\\\/06\\\/btn-members.jpg\",\"datePublished\":\"2013-06-17T04:06:14+00:00\",\"dateModified\":\"2016-01-13T03:28:35+00:00\",\"breadcrumb\":{\"@id\":\"https:\\\/\\\/www.crto.on.ca\\\/fr\\\/#breadcrumb\"},\"inLanguage\":\"fr-FR\",\"potentialAction\":[{\"@type\":\"ReadAction\",\"target\":[\"https:\\\/\\\/www.crto.on.ca\\\/fr\\\/\"]}]},{\"@type\":\"ImageObject\",\"inLanguage\":\"fr-FR\",\"@id\":\"https:\\\/\\\/www.crto.on.ca\\\/fr\\\/#primaryimage\",\"url\":\"https:\\\/\\\/www.crto.on.ca\\\/wp-content\\\/uploads\\\/2013\\\/06\\\/btn-members.jpg\",\"contentUrl\":\"https:\\\/\\\/www.crto.on.ca\\\/wp-content\\\/uploads\\\/2013\\\/06\\\/btn-members.jpg\"},{\"@type\":\"BreadcrumbList\",\"@id\":\"https:\\\/\\\/www.crto.on.ca\\\/fr\\\/#breadcrumb\",\"itemListElement\":[{\"@type\":\"ListItem\",\"position\":1,\"name\":\"Home\",\"item\":\"https:\\\/\\\/www.crto.on.ca\\\/fr\\\/\"},{\"@type\":\"ListItem\",\"position\":2,\"name\":\"Bienvenu\"}]},{\"@type\":\"WebSite\",\"@id\":\"https:\\\/\\\/www.crto.on.ca\\\/#website\",\"url\":\"https:\\\/\\\/www.crto.on.ca\\\/\",\"name\":\"CRTO\",\"description\":\"\",\"potentialAction\":[{\"@type\":\"SearchAction\",\"target\":{\"@type\":\"EntryPoint\",\"urlTemplate\":\"https:\\\/\\\/www.crto.on.ca\\\/?s={search_term_string}\"},\"query-input\":{\"@type\":\"PropertyValueSpecification\",\"valueRequired\":true,\"valueName\":\"search_term_string\"}}],\"inLanguage\":\"fr-FR\"}]}<\/script>\n<!-- \/ Yoast SEO plugin. -->","yoast_head_json":{"title":"Bienvenu - CRTO","robots":{"index":"index","follow":"follow","max-snippet":"max-snippet:-1","max-image-preview":"max-image-preview:large","max-video-preview":"max-video-preview:-1"},"canonical":"https:\/\/www.crto.on.ca\/fr\/","twitter_misc":{"Dur\u00e9e de lecture estim\u00e9e":"1 minute"},"schema":{"@context":"https:\/\/schema.org","@graph":[{"@type":"WebPage","@id":"https:\/\/www.crto.on.ca\/fr\/","url":"https:\/\/www.crto.on.ca\/fr\/","name":"Bienvenu - CRTO","isPartOf":{"@id":"https:\/\/www.crto.on.ca\/#website"},"primaryImageOfPage":{"@id":"https:\/\/www.crto.on.ca\/fr\/#primaryimage"},"image":{"@id":"https:\/\/www.crto.on.ca\/fr\/#primaryimage"},"thumbnailUrl":"https:\/\/www.crto.on.ca\/wp-content\/uploads\/2013\/06\/btn-members.jpg","datePublished":"2013-06-17T04:06:14+00:00","dateModified":"2016-01-13T03:28:35+00:00","breadcrumb":{"@id":"https:\/\/www.crto.on.ca\/fr\/#breadcrumb"},"inLanguage":"fr-FR","potentialAction":[{"@type":"ReadAction","target":["https:\/\/www.crto.on.ca\/fr\/"]}]},{"@type":"ImageObject","inLanguage":"fr-FR","@id":"https:\/\/www.crto.on.ca\/fr\/#primaryimage","url":"https:\/\/www.crto.on.ca\/wp-content\/uploads\/2013\/06\/btn-members.jpg","contentUrl":"https:\/\/www.crto.on.ca\/wp-content\/uploads\/2013\/06\/btn-members.jpg"},{"@type":"BreadcrumbList","@id":"https:\/\/www.crto.on.ca\/fr\/#breadcrumb","itemListElement":[{"@type":"ListItem","position":1,"name":"Home","item":"https:\/\/www.crto.on.ca\/fr\/"},{"@type":"ListItem","position":2,"name":"Bienvenu"}]},{"@type":"WebSite","@id":"https:\/\/www.crto.on.ca\/#website","url":"https:\/\/www.crto.on.ca\/","name":"CRTO","description":"","potentialAction":[{"@type":"SearchAction","target":{"@type":"EntryPoint","urlTemplate":"https:\/\/www.crto.on.ca\/?s={search_term_string}"},"query-input":{"@type":"PropertyValueSpecification","valueRequired":true,"valueName":"search_term_string"}}],"inLanguage":"fr-FR"}]}},"_links":{"self":[{"href":"https:\/\/www.crto.on.ca\/fr\/wp-json\/wp\/v2\/pages\/8","targetHints":{"allow":["GET"]}}],"collection":[{"href":"https:\/\/www.crto.on.ca\/fr\/wp-json\/wp\/v2\/pages"}],"about":[{"href":"https:\/\/www.crto.on.ca\/fr\/wp-json\/wp\/v2\/types\/page"}],"author":[{"embeddable":true,"href":"https:\/\/www.crto.on.ca\/fr\/wp-json\/wp\/v2\/users\/8"}],"replies":[{"embeddable":true,"href":"https:\/\/www.crto.on.ca\/fr\/wp-json\/wp\/v2\/comments?post=8"}],"version-history":[{"count":13,"href":"https:\/\/www.crto.on.ca\/fr\/wp-json\/wp\/v2\/pages\/8\/revisions"}],"predecessor-version":[{"id":4340,"href":"https:\/\/www.crto.on.ca\/fr\/wp-json\/wp\/v2\/pages\/8\/revisions\/4340"}],"wp:attachment":[{"href":"https:\/\/www.crto.on.ca\/fr\/wp-json\/wp\/v2\/media?parent=8"}],"curies":[{"name":"wp","href":"https:\/\/api.w.org\/{rel}","templated":true}]}}