{"id":8835,"date":"2023-06-26T04:06:26","date_gmt":"2023-06-26T08:06:26","guid":{"rendered":"https:\/\/www.crto.on.ca\/?page_id=8835"},"modified":"2023-08-08T09:03:46","modified_gmt":"2023-08-08T13:03:46","slug":"committee-member-appointments","status":"publish","type":"page","link":"https:\/\/www.crto.on.ca\/fr\/public-2\/notre-sujet\/council-info\/committee-member-appointments\/","title":{"rendered":"Nomination des membres des comit\u00e9s"},"content":{"rendered":"<p>En plus du Conseil, l\u2019OTRO compte sept (7) comit\u00e9s statutaires dont les fonctions sont d\u00e9finies par la <em>Loi de 1991 sur les professions de la sant\u00e9 r\u00e9glement\u00e9es<\/em> (LPSR). L\u2019OTRO peut \u00e9galement \u00e9tablir des comit\u00e9s non statutaires comme comme le comit\u00e9 des finances et de la v\u00e9rification.<\/p>\r\n<p>Les comit\u00e9s jouent un r\u00f4le essentiel dans l\u2019ex\u00e9cution du mandat de l\u2019OTRO de r\u00e9glementer la profession de th\u00e9rapeute respiratoire dans l\u2019int\u00e9r\u00eat du public. Ils soutiennent le travail du Conseil et aident l\u2019OTRO \u00e0 exercer ses principales fonctions. Les comit\u00e9s sont constitu\u00e9s de membres du conseil et de <strong>membres professionnels et de membres du public.<\/strong><\/p>\r\n<h3>Nominations aux comit\u00e9s<\/h3>\r\n<ul>\r\n\t<li>Les membres nomm\u00e9s aux comit\u00e9s sont s\u00e9lectionn\u00e9s parmi les candidats qui souhaitent occuper ces postes. L\u2019OTRO accepte les candidatures pour si\u00e9ger \u00e0 ses comit\u00e9s \u00e0 titre de membres hors-Conseil tout au long de l\u2019ann\u00e9e.<\/li>\r\n\t<li>Les nominations aux comit\u00e9s sont habituellement confirm\u00e9es par le comit\u00e9 ex\u00e9cutif en d\u00e9cembre; il peut toutefois aussi y avoir des nominations en milieu d\u2019ann\u00e9e.<\/li>\r\n\t<li>S\u00e9lectionn\u00e9s en fonction de leurs comp\u00e9tences, qualifications et empressement \u00e0 assumer leurs fonctions, les membres professionnels et les membres du public sont nomm\u00e9s pour un mandat d&rsquo;un an.<\/li>\r\n\t<li>Les membres des comit\u00e9s peuvent exercer plusieurs mandats successifs; il n\u2019y a pas de limite \u00e0 la dur\u00e9e du service.<\/li>\r\n<\/ul>\r\n<p>Les membres des comit\u00e9s sont r\u00e9mun\u00e9r\u00e9s pour leur temps et leurs d\u00e9penses sont rembours\u00e9es au m\u00eame taux que les membres professionnels du Conseil.<\/p>\r\n<p>Si vous souhaitez vous porter candidat, veuillez t\u00e9l\u00e9charger le formulaire de candidature ci-dessous.<\/p>\r\n<p><strong><a href=\"https:\/\/www.crto.on.ca\/pdf\/fr\/Council\/Professional_Committee_Appointee_Application_Form_fr.pdf\" target=\"_blank\" rel=\"noopener\">Cliquer ici<\/a> pour pr\u00e9senter votre candidature \u00e0 un comit\u00e9 \u00e0 titre de membre professionnel<\/strong><\/p>\r\n<p><strong><a href=\"https:\/\/www.crto.on.ca\/pdf\/fr\/Council\/Public_Committee_Appointee_Application_Form_fr.pdf\" target=\"_blank\" rel=\"noopener\">Cliquer ici<\/a> pour pr\u00e9senter votre candidature \u00e0 un comit\u00e9 \u00e0 titre de membre du public<\/strong><\/p>","protected":false},"excerpt":{"rendered":"<p>En plus du Conseil, l\u2019OTRO compte sept (7) comit\u00e9s statutaires dont les fonctions sont d\u00e9finies par la Loi de 1991 sur les professions de la sant\u00e9 r\u00e9glement\u00e9es (LPSR). L\u2019OTRO peut \u00e9galement \u00e9tablir des comit\u00e9s non statutaires comme comme le comit\u00e9 des finances et de la v\u00e9rification. Les comit\u00e9s jouent un r\u00f4le essentiel dans l\u2019ex\u00e9cution du [&hellip;]<\/p>\n","protected":false},"author":3,"featured_media":0,"parent":2325,"menu_order":0,"comment_status":"closed","ping_status":"closed","template":"page-public.php","meta":{"footnotes":""},"class_list":["post-8835","page","type-page","status-publish","hentry"],"yoast_head":"<!-- This site is optimized with the Yoast SEO plugin v27.3 - https:\/\/yoast.com\/product\/yoast-seo-wordpress\/ -->\n<title>Nomination des membres des comit\u00e9s - CRTO<\/title>\n<meta name=\"robots\" content=\"index, follow, max-snippet:-1, max-image-preview:large, max-video-preview:-1\" \/>\n<link rel=\"canonical\" href=\"https:\/\/www.crto.on.ca\/fr\/public-2\/notre-sujet\/council-info\/committee-member-appointments\/\" \/>\n<meta name=\"twitter:label1\" content=\"Dur\u00e9e de lecture estim\u00e9e\" \/>\n\t<meta name=\"twitter:data1\" content=\"2 minutes\" \/>\n<script type=\"application\/ld+json\" class=\"yoast-schema-graph\">{\"@context\":\"https:\\\/\\\/schema.org\",\"@graph\":[{\"@type\":\"WebPage\",\"@id\":\"https:\\\/\\\/www.crto.on.ca\\\/fr\\\/public-2\\\/notre-sujet\\\/council-info\\\/committee-member-appointments\\\/\",\"url\":\"https:\\\/\\\/www.crto.on.ca\\\/fr\\\/public-2\\\/notre-sujet\\\/council-info\\\/committee-member-appointments\\\/\",\"name\":\"Nomination des membres des comit\u00e9s - CRTO\",\"isPartOf\":{\"@id\":\"https:\\\/\\\/www.crto.on.ca\\\/#website\"},\"datePublished\":\"2023-06-26T08:06:26+00:00\",\"dateModified\":\"2023-08-08T13:03:46+00:00\",\"breadcrumb\":{\"@id\":\"https:\\\/\\\/www.crto.on.ca\\\/fr\\\/public-2\\\/notre-sujet\\\/council-info\\\/committee-member-appointments\\\/#breadcrumb\"},\"inLanguage\":\"fr-FR\",\"potentialAction\":[{\"@type\":\"ReadAction\",\"target\":[\"https:\\\/\\\/www.crto.on.ca\\\/fr\\\/public-2\\\/notre-sujet\\\/council-info\\\/committee-member-appointments\\\/\"]}]},{\"@type\":\"BreadcrumbList\",\"@id\":\"https:\\\/\\\/www.crto.on.ca\\\/fr\\\/public-2\\\/notre-sujet\\\/council-info\\\/committee-member-appointments\\\/#breadcrumb\",\"itemListElement\":[{\"@type\":\"ListItem\",\"position\":1,\"name\":\"Home\",\"item\":\"https:\\\/\\\/www.crto.on.ca\\\/fr\\\/\"},{\"@type\":\"ListItem\",\"position\":2,\"name\":\"Public\",\"item\":\"https:\\\/\\\/www.crto.on.ca\\\/fr\\\/public-2\\\/\"},{\"@type\":\"ListItem\",\"position\":3,\"name\":\"\u00c0 notre sujet\",\"item\":\"https:\\\/\\\/www.crto.on.ca\\\/fr\\\/public-2\\\/notre-sujet\\\/\"},{\"@type\":\"ListItem\",\"position\":4,\"name\":\"Conseil et Comit\u00e9s\",\"item\":\"https:\\\/\\\/www.crto.on.ca\\\/fr\\\/public-2\\\/notre-sujet\\\/council-info\\\/\"},{\"@type\":\"ListItem\",\"position\":5,\"name\":\"Nomination des membres des comit\u00e9s\"}]},{\"@type\":\"WebSite\",\"@id\":\"https:\\\/\\\/www.crto.on.ca\\\/#website\",\"url\":\"https:\\\/\\\/www.crto.on.ca\\\/\",\"name\":\"CRTO\",\"description\":\"\",\"potentialAction\":[{\"@type\":\"SearchAction\",\"target\":{\"@type\":\"EntryPoint\",\"urlTemplate\":\"https:\\\/\\\/www.crto.on.ca\\\/?s={search_term_string}\"},\"query-input\":{\"@type\":\"PropertyValueSpecification\",\"valueRequired\":true,\"valueName\":\"search_term_string\"}}],\"inLanguage\":\"fr-FR\"}]}<\/script>\n<!-- \/ Yoast SEO plugin. -->","yoast_head_json":{"title":"Nomination des membres des comit\u00e9s - CRTO","robots":{"index":"index","follow":"follow","max-snippet":"max-snippet:-1","max-image-preview":"max-image-preview:large","max-video-preview":"max-video-preview:-1"},"canonical":"https:\/\/www.crto.on.ca\/fr\/public-2\/notre-sujet\/council-info\/committee-member-appointments\/","twitter_misc":{"Dur\u00e9e de lecture estim\u00e9e":"2 minutes"},"schema":{"@context":"https:\/\/schema.org","@graph":[{"@type":"WebPage","@id":"https:\/\/www.crto.on.ca\/fr\/public-2\/notre-sujet\/council-info\/committee-member-appointments\/","url":"https:\/\/www.crto.on.ca\/fr\/public-2\/notre-sujet\/council-info\/committee-member-appointments\/","name":"Nomination des membres des comit\u00e9s - CRTO","isPartOf":{"@id":"https:\/\/www.crto.on.ca\/#website"},"datePublished":"2023-06-26T08:06:26+00:00","dateModified":"2023-08-08T13:03:46+00:00","breadcrumb":{"@id":"https:\/\/www.crto.on.ca\/fr\/public-2\/notre-sujet\/council-info\/committee-member-appointments\/#breadcrumb"},"inLanguage":"fr-FR","potentialAction":[{"@type":"ReadAction","target":["https:\/\/www.crto.on.ca\/fr\/public-2\/notre-sujet\/council-info\/committee-member-appointments\/"]}]},{"@type":"BreadcrumbList","@id":"https:\/\/www.crto.on.ca\/fr\/public-2\/notre-sujet\/council-info\/committee-member-appointments\/#breadcrumb","itemListElement":[{"@type":"ListItem","position":1,"name":"Home","item":"https:\/\/www.crto.on.ca\/fr\/"},{"@type":"ListItem","position":2,"name":"Public","item":"https:\/\/www.crto.on.ca\/fr\/public-2\/"},{"@type":"ListItem","position":3,"name":"\u00c0 notre sujet","item":"https:\/\/www.crto.on.ca\/fr\/public-2\/notre-sujet\/"},{"@type":"ListItem","position":4,"name":"Conseil et Comit\u00e9s","item":"https:\/\/www.crto.on.ca\/fr\/public-2\/notre-sujet\/council-info\/"},{"@type":"ListItem","position":5,"name":"Nomination des membres des comit\u00e9s"}]},{"@type":"WebSite","@id":"https:\/\/www.crto.on.ca\/#website","url":"https:\/\/www.crto.on.ca\/","name":"CRTO","description":"","potentialAction":[{"@type":"SearchAction","target":{"@type":"EntryPoint","urlTemplate":"https:\/\/www.crto.on.ca\/?s={search_term_string}"},"query-input":{"@type":"PropertyValueSpecification","valueRequired":true,"valueName":"search_term_string"}}],"inLanguage":"fr-FR"}]}},"_links":{"self":[{"href":"https:\/\/www.crto.on.ca\/fr\/wp-json\/wp\/v2\/pages\/8835","targetHints":{"allow":["GET"]}}],"collection":[{"href":"https:\/\/www.crto.on.ca\/fr\/wp-json\/wp\/v2\/pages"}],"about":[{"href":"https:\/\/www.crto.on.ca\/fr\/wp-json\/wp\/v2\/types\/page"}],"author":[{"embeddable":true,"href":"https:\/\/www.crto.on.ca\/fr\/wp-json\/wp\/v2\/users\/3"}],"replies":[{"embeddable":true,"href":"https:\/\/www.crto.on.ca\/fr\/wp-json\/wp\/v2\/comments?post=8835"}],"version-history":[{"count":6,"href":"https:\/\/www.crto.on.ca\/fr\/wp-json\/wp\/v2\/pages\/8835\/revisions"}],"predecessor-version":[{"id":8945,"href":"https:\/\/www.crto.on.ca\/fr\/wp-json\/wp\/v2\/pages\/8835\/revisions\/8945"}],"up":[{"embeddable":true,"href":"https:\/\/www.crto.on.ca\/fr\/wp-json\/wp\/v2\/pages\/2325"}],"wp:attachment":[{"href":"https:\/\/www.crto.on.ca\/fr\/wp-json\/wp\/v2\/media?parent=8835"}],"curies":[{"name":"wp","href":"https:\/\/api.w.org\/{rel}","templated":true}]}}