{"id":8913,"date":"2023-07-25T08:39:05","date_gmt":"2023-07-25T12:39:05","guid":{"rendered":"https:\/\/www.crto.on.ca\/?page_id=8913"},"modified":"2026-04-10T11:22:46","modified_gmt":"2026-04-10T15:22:46","slug":"reunions-du-comite-executif","status":"publish","type":"page","link":"https:\/\/www.crto.on.ca\/fr\/public-2\/notre-sujet\/council-info\/reunions-du-comite-executif\/","title":{"rendered":"R\u00e9unions du comit\u00e9 ex\u00e9cutif"},"content":{"rendered":"<p>Le comit\u00e9 ex\u00e9cutif agit pour le compte du Conseil de l\u2019OTRO et il est responsable devant le Conseil de ses d\u00e9cisions et des actions qu\u2019il entreprend. Il dispose de tous les pouvoirs du Conseil entre les r\u00e9unions du Conseil, sauf en ce qui concerne l\u2019\u00e9laboration, la modification ou la r\u00e9vocation des r\u00e8glements de l\u2019OTRO.<\/p>\r\n<p><strong>Prochaine r\u00e9union : <\/strong>\u00c0 d\u00e9terminer; la date de la prochaine r\u00e9union du comit\u00e9 ex\u00e9cutif sera publi\u00e9e ici une semaine avant la r\u00e9union.<\/p>\r\n<h3><strong>Proc\u00e8s-verbal des r\u00e9unions du comit\u00e9 ex\u00e9cutif<\/strong><\/h3>\r\n<p>*REMARQUE : Le proc\u00e8s-verbal de la plus r\u00e9cente r\u00e9union du comit\u00e9 ex\u00e9cutif ne sera publi\u00e9 qu\u2019une fois approuv\u00e9e lors la r\u00e9union suivante. Pour obtenir des copies des proc\u00e8s-verbaux des r\u00e9unions ant\u00e9rieures, veuillez communiquer avec l\u2019Ordre \u00e0 l\u2019adresse <a href=\"mailto:officeofregistrar@crto.on.ca\">officeofregistrar@crto.on.ca<\/a>.<\/p>\r\n<ol>\r\n\t<li style=\"list-style-type: none;\">\r\n<ol>\r\n\t<li><a href=\"https:\/\/www.crto.on.ca\/pdf\/Committees\/2025.Nov.17_Executive_Minutes.pdf\">Proc\u00e8s-verbal de la r\u00e9union du comit\u00e9 ex\u00e9cutif tenue le 17 novembre 2025<\/a><\/li>\r\n\t<li><a href=\"https:\/\/www.crto.on.ca\/pdf\/Committees\/2025.Mar.21_Executive_Minutes.pdf\">Proc\u00e8s-verbal de la r\u00e9union du comit\u00e9 ex\u00e9cutif tenue le 21 mars 2025<\/a><\/li>\r\n\t<li><a href=\"https:\/\/www.crto.on.ca\/pdf\/Committees\/2024.Sept.6_Executive_Minutes.pdf\">Proc\u00e8s-verbal de la r\u00e9union du comit\u00e9 ex\u00e9cutif tenue le 6 septembre 2024<\/a><\/li>\r\n\t<li><a href=\"https:\/\/www.crto.on.ca\/pdf\/Committees\/2024.May.17_Executive_Minutes.pdf\">Proc\u00e8s-verbal de la r\u00e9union du comit\u00e9 ex\u00e9cutif tenue le 17 mai 2024<\/a><\/li>\r\n\t<li><a href=\"http:\/\/crto.on.ca\/pdf\/Committees\/2024.Feb.8_Executive_Minutes.pdf\" target=\"_blank\" rel=\"noopener\">Proc\u00e8s-verbal de la r\u00e9union du comit\u00e9 ex\u00e9cutif tenue le <\/a><a href=\"http:\/\/crto.on.ca\/pdf\/Committees\/2024.Feb.8_Executive_Minutes.pdf\">8 f\u00e9vrier 2024<\/a><\/li>\r\n<\/ol>\r\n<\/li>\r\n<\/ol>\r\n<p>&nbsp;<\/p>","protected":false},"excerpt":{"rendered":"<p>Le comit\u00e9 ex\u00e9cutif agit pour le compte du Conseil de l\u2019OTRO et il est responsable devant le Conseil de ses d\u00e9cisions et des actions qu\u2019il entreprend. Il dispose de tous les pouvoirs du Conseil entre les r\u00e9unions du Conseil, sauf en ce qui concerne l\u2019\u00e9laboration, la modification ou la r\u00e9vocation des r\u00e8glements de l\u2019OTRO. Prochaine [&hellip;]<\/p>\n","protected":false},"author":3,"featured_media":0,"parent":2325,"menu_order":0,"comment_status":"closed","ping_status":"closed","template":"page-public.php","meta":{"footnotes":""},"class_list":["post-8913","page","type-page","status-publish","hentry"],"yoast_head":"<!-- This site is optimized with the Yoast SEO plugin v27.4 - https:\/\/yoast.com\/product\/yoast-seo-wordpress\/ -->\n<title>R\u00e9unions du comit\u00e9 ex\u00e9cutif - CRTO<\/title>\n<meta name=\"robots\" content=\"index, follow, max-snippet:-1, max-image-preview:large, max-video-preview:-1\" \/>\n<link rel=\"canonical\" href=\"https:\/\/www.crto.on.ca\/fr\/public-2\/notre-sujet\/council-info\/reunions-du-comite-executif\/\" \/>\n<meta name=\"twitter:label1\" content=\"Dur\u00e9e de lecture estim\u00e9e\" \/>\n\t<meta name=\"twitter:data1\" content=\"1 minute\" \/>\n<script type=\"application\/ld+json\" class=\"yoast-schema-graph\">{\"@context\":\"https:\\\/\\\/schema.org\",\"@graph\":[{\"@type\":\"WebPage\",\"@id\":\"https:\\\/\\\/www.crto.on.ca\\\/fr\\\/public-2\\\/notre-sujet\\\/council-info\\\/reunions-du-comite-executif\\\/\",\"url\":\"https:\\\/\\\/www.crto.on.ca\\\/fr\\\/public-2\\\/notre-sujet\\\/council-info\\\/reunions-du-comite-executif\\\/\",\"name\":\"R\u00e9unions du comit\u00e9 ex\u00e9cutif - CRTO\",\"isPartOf\":{\"@id\":\"https:\\\/\\\/www.crto.on.ca\\\/#website\"},\"datePublished\":\"2023-07-25T12:39:05+00:00\",\"dateModified\":\"2026-04-10T15:22:46+00:00\",\"breadcrumb\":{\"@id\":\"https:\\\/\\\/www.crto.on.ca\\\/fr\\\/public-2\\\/notre-sujet\\\/council-info\\\/reunions-du-comite-executif\\\/#breadcrumb\"},\"inLanguage\":\"fr-FR\",\"potentialAction\":[{\"@type\":\"ReadAction\",\"target\":[\"https:\\\/\\\/www.crto.on.ca\\\/fr\\\/public-2\\\/notre-sujet\\\/council-info\\\/reunions-du-comite-executif\\\/\"]}]},{\"@type\":\"BreadcrumbList\",\"@id\":\"https:\\\/\\\/www.crto.on.ca\\\/fr\\\/public-2\\\/notre-sujet\\\/council-info\\\/reunions-du-comite-executif\\\/#breadcrumb\",\"itemListElement\":[{\"@type\":\"ListItem\",\"position\":1,\"name\":\"Home\",\"item\":\"https:\\\/\\\/www.crto.on.ca\\\/fr\\\/\"},{\"@type\":\"ListItem\",\"position\":2,\"name\":\"Public\",\"item\":\"https:\\\/\\\/www.crto.on.ca\\\/fr\\\/public-2\\\/\"},{\"@type\":\"ListItem\",\"position\":3,\"name\":\"\u00c0 notre sujet\",\"item\":\"https:\\\/\\\/www.crto.on.ca\\\/fr\\\/public-2\\\/notre-sujet\\\/\"},{\"@type\":\"ListItem\",\"position\":4,\"name\":\"Conseil et Comit\u00e9s\",\"item\":\"https:\\\/\\\/www.crto.on.ca\\\/fr\\\/public-2\\\/notre-sujet\\\/council-info\\\/\"},{\"@type\":\"ListItem\",\"position\":5,\"name\":\"R\u00e9unions du comit\u00e9 ex\u00e9cutif\"}]},{\"@type\":\"WebSite\",\"@id\":\"https:\\\/\\\/www.crto.on.ca\\\/#website\",\"url\":\"https:\\\/\\\/www.crto.on.ca\\\/\",\"name\":\"CRTO\",\"description\":\"\",\"potentialAction\":[{\"@type\":\"SearchAction\",\"target\":{\"@type\":\"EntryPoint\",\"urlTemplate\":\"https:\\\/\\\/www.crto.on.ca\\\/?s={search_term_string}\"},\"query-input\":{\"@type\":\"PropertyValueSpecification\",\"valueRequired\":true,\"valueName\":\"search_term_string\"}}],\"inLanguage\":\"fr-FR\"}]}<\/script>\n<!-- \/ Yoast SEO plugin. -->","yoast_head_json":{"title":"R\u00e9unions du comit\u00e9 ex\u00e9cutif - CRTO","robots":{"index":"index","follow":"follow","max-snippet":"max-snippet:-1","max-image-preview":"max-image-preview:large","max-video-preview":"max-video-preview:-1"},"canonical":"https:\/\/www.crto.on.ca\/fr\/public-2\/notre-sujet\/council-info\/reunions-du-comite-executif\/","twitter_misc":{"Dur\u00e9e de lecture estim\u00e9e":"1 minute"},"schema":{"@context":"https:\/\/schema.org","@graph":[{"@type":"WebPage","@id":"https:\/\/www.crto.on.ca\/fr\/public-2\/notre-sujet\/council-info\/reunions-du-comite-executif\/","url":"https:\/\/www.crto.on.ca\/fr\/public-2\/notre-sujet\/council-info\/reunions-du-comite-executif\/","name":"R\u00e9unions du comit\u00e9 ex\u00e9cutif - CRTO","isPartOf":{"@id":"https:\/\/www.crto.on.ca\/#website"},"datePublished":"2023-07-25T12:39:05+00:00","dateModified":"2026-04-10T15:22:46+00:00","breadcrumb":{"@id":"https:\/\/www.crto.on.ca\/fr\/public-2\/notre-sujet\/council-info\/reunions-du-comite-executif\/#breadcrumb"},"inLanguage":"fr-FR","potentialAction":[{"@type":"ReadAction","target":["https:\/\/www.crto.on.ca\/fr\/public-2\/notre-sujet\/council-info\/reunions-du-comite-executif\/"]}]},{"@type":"BreadcrumbList","@id":"https:\/\/www.crto.on.ca\/fr\/public-2\/notre-sujet\/council-info\/reunions-du-comite-executif\/#breadcrumb","itemListElement":[{"@type":"ListItem","position":1,"name":"Home","item":"https:\/\/www.crto.on.ca\/fr\/"},{"@type":"ListItem","position":2,"name":"Public","item":"https:\/\/www.crto.on.ca\/fr\/public-2\/"},{"@type":"ListItem","position":3,"name":"\u00c0 notre sujet","item":"https:\/\/www.crto.on.ca\/fr\/public-2\/notre-sujet\/"},{"@type":"ListItem","position":4,"name":"Conseil et Comit\u00e9s","item":"https:\/\/www.crto.on.ca\/fr\/public-2\/notre-sujet\/council-info\/"},{"@type":"ListItem","position":5,"name":"R\u00e9unions du comit\u00e9 ex\u00e9cutif"}]},{"@type":"WebSite","@id":"https:\/\/www.crto.on.ca\/#website","url":"https:\/\/www.crto.on.ca\/","name":"CRTO","description":"","potentialAction":[{"@type":"SearchAction","target":{"@type":"EntryPoint","urlTemplate":"https:\/\/www.crto.on.ca\/?s={search_term_string}"},"query-input":{"@type":"PropertyValueSpecification","valueRequired":true,"valueName":"search_term_string"}}],"inLanguage":"fr-FR"}]}},"_links":{"self":[{"href":"https:\/\/www.crto.on.ca\/fr\/wp-json\/wp\/v2\/pages\/8913","targetHints":{"allow":["GET"]}}],"collection":[{"href":"https:\/\/www.crto.on.ca\/fr\/wp-json\/wp\/v2\/pages"}],"about":[{"href":"https:\/\/www.crto.on.ca\/fr\/wp-json\/wp\/v2\/types\/page"}],"author":[{"embeddable":true,"href":"https:\/\/www.crto.on.ca\/fr\/wp-json\/wp\/v2\/users\/3"}],"replies":[{"embeddable":true,"href":"https:\/\/www.crto.on.ca\/fr\/wp-json\/wp\/v2\/comments?post=8913"}],"version-history":[{"count":12,"href":"https:\/\/www.crto.on.ca\/fr\/wp-json\/wp\/v2\/pages\/8913\/revisions"}],"predecessor-version":[{"id":13281,"href":"https:\/\/www.crto.on.ca\/fr\/wp-json\/wp\/v2\/pages\/8913\/revisions\/13281"}],"up":[{"embeddable":true,"href":"https:\/\/www.crto.on.ca\/fr\/wp-json\/wp\/v2\/pages\/2325"}],"wp:attachment":[{"href":"https:\/\/www.crto.on.ca\/fr\/wp-json\/wp\/v2\/media?parent=8913"}],"curies":[{"name":"wp","href":"https:\/\/api.w.org\/{rel}","templated":true}]}}