{"id":9042,"date":"2023-10-10T09:24:28","date_gmt":"2023-10-10T13:24:28","guid":{"rendered":"https:\/\/www.crto.on.ca\/?page_id=9042"},"modified":"2023-10-10T09:30:09","modified_gmt":"2023-10-10T13:30:09","slug":"registration-fees","status":"publish","type":"page","link":"https:\/\/www.crto.on.ca\/fr\/members\/registration-fees\/","title":{"rendered":"2024-2025 Frais de l\u2019inscription &#8211; mise \u00e0 jour"},"content":{"rendered":"<h2><strong>Avis \u00e0 tous les membres de l\u2019OTRO<\/strong><\/h2>\r\n<p>Apr\u00e8s un examen minutieux des finances et des projections de co\u00fbts de l\u2019OTRO, le Conseil a pris la d\u00e9cision de hausser les frais d\u2019inscription \u00e0 compter du renouvellement des inscriptions pour l\u2019exercice\u202f2024-2025. Ainsi, les frais d\u2019inscription annuels \u00e0 l\u2019OTRO de cat\u00e9gorie g\u00e9n\u00e9rale, membre dipl\u00f4m\u00e9 et limit\u00e9e augmenteront de 50\u202f$ pour passer 700\u202f$. Tous les autres frais (p. ex., certificat d\u2019inscription de membre inactif, frais de retard, etc.) resteront les m\u00eames.<\/p>\r\n<p>Comme c\u2019est le cas pour de nombreuses entreprises et organismes, les charges d\u2019exploitation de l\u2019OTRO continuent de cro\u00eetre, souvent \u00e0 un taux annuel \u00e9gal ou sup\u00e9rieur au co\u00fbt de l\u2019inflation. Afin d\u2019y rem\u00e9dier, les r\u00e8glements administratifs de l\u2019OTRO ont \u00e9t\u00e9 mis \u00e0 jour pour permettre \u00e0 l\u2019OTRO d\u2019augmenter progressivement les frais d\u2019inscription chaque ann\u00e9e sur la base de l\u2019indice moyen des prix \u00e0 la consommation (IPC). Toutefois, conscient des d\u00e9fis auxquels ont \u00e9t\u00e9 confront\u00e9s les th\u00e9rapeutes respiratoires durant la pand\u00e9mie de COVID-19, le Conseil de l\u2019OTRO a d\u00e9cid\u00e9 de ne pas hausser les frais en 2021, 2022, 2023. Si nous l\u2019avions fait, les frais d\u2019inscription s\u2019\u00e9l\u00e8veraient d\u00e9j\u00e0 \u00e0 plus de 700\u202f$.<\/p>\r\n<p>Cette augmentation des frais est n\u00e9cessaire afin que l\u2019OTRO demeure financi\u00e8rement viable et continue \u00e0 remplir son mandat de r\u00e9glementation de la profession dans l\u2019int\u00e9r\u00eat du public.<\/p>\r\n<p>Ces derni\u00e8res ann\u00e9es, le co\u00fbt de la r\u00e9glementation de la profession de th\u00e9rapeute respiratoire a augment\u00e9 de mani\u00e8re substantielle, notamment en raison des facteurs suivants\u202f:<\/p>\r\n<ul>\r\n\t<li>Le besoin accru de technologies plus avanc\u00e9es pour g\u00e9rer les donn\u00e9es sensibles des membres et att\u00e9nuer la menace d\u2019une attaque de cybers\u00e9curit\u00e9;<\/li>\r\n\t<li>Le doublement du nombre de plaintes et de rapports sur les th\u00e9rapeutes respiratoires (entre 2018 et 2023) de la part de membres du public, d\u2019employeurs, etc., ainsi que\u202f:\r\n\r\n<ul>\r\n\t<li>L\u2019augmentation significative des frais factur\u00e9s par des parties externes telles que les services d\u2019enqu\u00eate et les instances de d\u00e9cision; et<\/li>\r\n\t<li>Le nombre croissant de questions plus complexes concernant les comp\u00e9tences cliniques des th\u00e9rapeutes respiratoires et leur aptitude \u00e0 exercer la profession.<\/li>\r\n<\/ul>\r\n<\/li>\r\n\t<li>Plusieurs nouvelles exigences impos\u00e9es par le minist\u00e8re de la Sant\u00e9 de l\u2019Ontario aux ordres professionnels de la sant\u00e9 ont n\u00e9cessit\u00e9 une augmentation des d\u00e9penses pour satisfaire aux exigences l\u00e9gislatives.<\/li>\r\n<\/ul>\r\n<p>L\u2019OTRO s\u2019est engag\u00e9 \u00e0 pallier la hausse des frais et a d\u00e9j\u00e0 pris les mesures suivantes\u202f:<\/p>\r\n<ul>\r\n\t<li>Exploration active des possibilit\u00e9s de r\u00e9duire les co\u00fbts d\u2019occupation de nos bureaux, dans l\u2019espoir de r\u00e9duire ces co\u00fbts de 50\u202f% ou plus d\u2019ici le d\u00e9but de l\u2019ann\u00e9e\u202f2025.<\/li>\r\n\t<li>Passage \u00e0 un format virtuel pour la quasi-totalit\u00e9 des r\u00e9unions des comit\u00e9s et du Conseil, ce qui a permis de r\u00e9duire consid\u00e9rablement les frais de d\u00e9placement, etc.<\/li>\r\n\t<li>Pour les cas d\u2019inconduite professionnelle moins complexes, nous avons commenc\u00e9 \u00e0 mener des enqu\u00eates et \u00e0 r\u00e9diger des d\u00e9cisions \u00ab\u202fen interne\u202f\u00bb dans la mesure du possible.<\/li>\r\n<\/ul>\r\n<p>Bien que nous soyons conscients qu\u2019une augmentation des frais n\u2019est jamais une bonne nouvelle, le Conseil de l\u2019OTRO s\u2019efforce d\u2019\u00eatre aussi transparent que possible dans la justification de ses d\u00e9cisions. Dans les mois \u00e0 venir, vous recevrez de plus amples renseignements et vous aurez l\u2019occasion de fournir de la r\u00e9troaction \u00e0 ce sujet. Dans l\u2019intervalle, si vous avez des questions, veuillez contacter le <a href=\"mailto:officeofregistrar@crto.on.ca\">Bureau du registraire<\/a>.<\/p>","protected":false},"excerpt":{"rendered":"<p>Avis \u00e0 tous les membres de l\u2019OTRO Apr\u00e8s un examen minutieux des finances et des projections de co\u00fbts de l\u2019OTRO, le Conseil a pris la d\u00e9cision de hausser les frais d\u2019inscription \u00e0 compter du renouvellement des inscriptions pour l\u2019exercice\u202f2024-2025. Ainsi, les frais d\u2019inscription annuels \u00e0 l\u2019OTRO de cat\u00e9gorie g\u00e9n\u00e9rale, membre dipl\u00f4m\u00e9 et limit\u00e9e augmenteront de [&hellip;]<\/p>\n","protected":false},"author":13,"featured_media":0,"parent":22,"menu_order":0,"comment_status":"closed","ping_status":"closed","template":"page-members.php","meta":{"footnotes":""},"class_list":["post-9042","page","type-page","status-publish","hentry"],"yoast_head":"<!-- This site is optimized with the Yoast SEO plugin v27.3 - https:\/\/yoast.com\/product\/yoast-seo-wordpress\/ -->\n<title>2024-2025 Frais de l\u2019inscription - mise \u00e0 jour - CRTO<\/title>\n<meta name=\"robots\" content=\"index, follow, max-snippet:-1, max-image-preview:large, max-video-preview:-1\" \/>\n<link rel=\"canonical\" href=\"https:\/\/www.crto.on.ca\/fr\/members\/registration-fees\/\" \/>\n<meta name=\"twitter:label1\" content=\"Dur\u00e9e de lecture estim\u00e9e\" \/>\n\t<meta name=\"twitter:data1\" content=\"3 minutes\" \/>\n<script type=\"application\/ld+json\" class=\"yoast-schema-graph\">{\"@context\":\"https:\\\/\\\/schema.org\",\"@graph\":[{\"@type\":\"WebPage\",\"@id\":\"https:\\\/\\\/www.crto.on.ca\\\/fr\\\/members\\\/registration-fees\\\/\",\"url\":\"https:\\\/\\\/www.crto.on.ca\\\/fr\\\/members\\\/registration-fees\\\/\",\"name\":\"2024-2025 Frais de l\u2019inscription - mise \u00e0 jour - CRTO\",\"isPartOf\":{\"@id\":\"https:\\\/\\\/www.crto.on.ca\\\/#website\"},\"datePublished\":\"2023-10-10T13:24:28+00:00\",\"dateModified\":\"2023-10-10T13:30:09+00:00\",\"breadcrumb\":{\"@id\":\"https:\\\/\\\/www.crto.on.ca\\\/fr\\\/members\\\/registration-fees\\\/#breadcrumb\"},\"inLanguage\":\"fr-FR\",\"potentialAction\":[{\"@type\":\"ReadAction\",\"target\":[\"https:\\\/\\\/www.crto.on.ca\\\/fr\\\/members\\\/registration-fees\\\/\"]}]},{\"@type\":\"BreadcrumbList\",\"@id\":\"https:\\\/\\\/www.crto.on.ca\\\/fr\\\/members\\\/registration-fees\\\/#breadcrumb\",\"itemListElement\":[{\"@type\":\"ListItem\",\"position\":1,\"name\":\"Home\",\"item\":\"https:\\\/\\\/www.crto.on.ca\\\/fr\\\/\"},{\"@type\":\"ListItem\",\"position\":2,\"name\":\"Membres\",\"item\":\"https:\\\/\\\/www.crto.on.ca\\\/fr\\\/members\\\/\"},{\"@type\":\"ListItem\",\"position\":3,\"name\":\"2024-2025 Frais de l\u2019inscription &#8211; mise \u00e0 jour\"}]},{\"@type\":\"WebSite\",\"@id\":\"https:\\\/\\\/www.crto.on.ca\\\/#website\",\"url\":\"https:\\\/\\\/www.crto.on.ca\\\/\",\"name\":\"CRTO\",\"description\":\"\",\"potentialAction\":[{\"@type\":\"SearchAction\",\"target\":{\"@type\":\"EntryPoint\",\"urlTemplate\":\"https:\\\/\\\/www.crto.on.ca\\\/?s={search_term_string}\"},\"query-input\":{\"@type\":\"PropertyValueSpecification\",\"valueRequired\":true,\"valueName\":\"search_term_string\"}}],\"inLanguage\":\"fr-FR\"}]}<\/script>\n<!-- \/ Yoast SEO plugin. -->","yoast_head_json":{"title":"2024-2025 Frais de l\u2019inscription - mise \u00e0 jour - CRTO","robots":{"index":"index","follow":"follow","max-snippet":"max-snippet:-1","max-image-preview":"max-image-preview:large","max-video-preview":"max-video-preview:-1"},"canonical":"https:\/\/www.crto.on.ca\/fr\/members\/registration-fees\/","twitter_misc":{"Dur\u00e9e de lecture estim\u00e9e":"3 minutes"},"schema":{"@context":"https:\/\/schema.org","@graph":[{"@type":"WebPage","@id":"https:\/\/www.crto.on.ca\/fr\/members\/registration-fees\/","url":"https:\/\/www.crto.on.ca\/fr\/members\/registration-fees\/","name":"2024-2025 Frais de l\u2019inscription - mise \u00e0 jour - CRTO","isPartOf":{"@id":"https:\/\/www.crto.on.ca\/#website"},"datePublished":"2023-10-10T13:24:28+00:00","dateModified":"2023-10-10T13:30:09+00:00","breadcrumb":{"@id":"https:\/\/www.crto.on.ca\/fr\/members\/registration-fees\/#breadcrumb"},"inLanguage":"fr-FR","potentialAction":[{"@type":"ReadAction","target":["https:\/\/www.crto.on.ca\/fr\/members\/registration-fees\/"]}]},{"@type":"BreadcrumbList","@id":"https:\/\/www.crto.on.ca\/fr\/members\/registration-fees\/#breadcrumb","itemListElement":[{"@type":"ListItem","position":1,"name":"Home","item":"https:\/\/www.crto.on.ca\/fr\/"},{"@type":"ListItem","position":2,"name":"Membres","item":"https:\/\/www.crto.on.ca\/fr\/members\/"},{"@type":"ListItem","position":3,"name":"2024-2025 Frais de l\u2019inscription &#8211; mise \u00e0 jour"}]},{"@type":"WebSite","@id":"https:\/\/www.crto.on.ca\/#website","url":"https:\/\/www.crto.on.ca\/","name":"CRTO","description":"","potentialAction":[{"@type":"SearchAction","target":{"@type":"EntryPoint","urlTemplate":"https:\/\/www.crto.on.ca\/?s={search_term_string}"},"query-input":{"@type":"PropertyValueSpecification","valueRequired":true,"valueName":"search_term_string"}}],"inLanguage":"fr-FR"}]}},"_links":{"self":[{"href":"https:\/\/www.crto.on.ca\/fr\/wp-json\/wp\/v2\/pages\/9042","targetHints":{"allow":["GET"]}}],"collection":[{"href":"https:\/\/www.crto.on.ca\/fr\/wp-json\/wp\/v2\/pages"}],"about":[{"href":"https:\/\/www.crto.on.ca\/fr\/wp-json\/wp\/v2\/types\/page"}],"author":[{"embeddable":true,"href":"https:\/\/www.crto.on.ca\/fr\/wp-json\/wp\/v2\/users\/13"}],"replies":[{"embeddable":true,"href":"https:\/\/www.crto.on.ca\/fr\/wp-json\/wp\/v2\/comments?post=9042"}],"version-history":[{"count":3,"href":"https:\/\/www.crto.on.ca\/fr\/wp-json\/wp\/v2\/pages\/9042\/revisions"}],"predecessor-version":[{"id":9045,"href":"https:\/\/www.crto.on.ca\/fr\/wp-json\/wp\/v2\/pages\/9042\/revisions\/9045"}],"up":[{"embeddable":true,"href":"https:\/\/www.crto.on.ca\/fr\/wp-json\/wp\/v2\/pages\/22"}],"wp:attachment":[{"href":"https:\/\/www.crto.on.ca\/fr\/wp-json\/wp\/v2\/media?parent=9042"}],"curies":[{"name":"wp","href":"https:\/\/api.w.org\/{rel}","templated":true}]}}