{"id":9052,"date":"2023-10-15T12:22:43","date_gmt":"2023-10-15T16:22:43","guid":{"rendered":"https:\/\/www.crto.on.ca\/?page_id=9052"},"modified":"2024-01-05T11:51:17","modified_gmt":"2024-01-05T16:51:17","slug":"emergency-class","status":"publish","type":"page","link":"https:\/\/www.crto.on.ca\/fr\/candidats\/emergency-class\/","title":{"rendered":"La cat\u00e9gorie d\u2019urgence"},"content":{"rendered":"<p>La cat\u00e9gorie d\u2019urgence vise \u00e0 faire en sorte qu\u2019il y a un nombre suffisant de th\u00e9rapeutes respiratoires qualifi\u00e9s pour offrir les services essentiels au public de l\u2019Ontario dans les situations d\u2019urgence.<\/p>\r\n<p>La cat\u00e9gorie d\u2019urgence est ouverte quand le Conseil de l\u2019OTRO ou le gouvernement d\u00e9termine qu\u2019une situation d\u2019urgence est en cours et qu\u2019il est dans l\u2019int\u00e9r\u00eat public d\u2019inscrire des candidats \u00e0 la cat\u00e9gorie d\u2019urgence.<\/p>\r\n<div class=\"contentbox cbox-ppg\">\r\n<h1 class=\"slide\">Exigences relatives \u00e0 l\u2019inscription<\/h1>\r\n<div>\r\n<p>Quand la cat\u00e9gorie d\u2019urgence est ouverte, le candidat au certificat d\u2019inscription d\u2019urgence doit r\u00e9pondre aux exigences pr\u00e9vues \u00e0 l\u2019article\u202f63.1 du <a href=\"https:\/\/www.ontario.ca\/laws\/regulation\/940596#BK9\" target=\"_blank\" rel=\"noopener\">R\u00e8glement sur l\u2019inscription (R\u00e8gl. de l\u2019Ont.\u202f596\/94)<\/a>, dont voici un aper\u00e7u\u202f:<\/p>\r\n<ol style=\"list-style-type: lower-alpha;\">\r\n\t<li><strong>\u00c9ducation<br \/>\r\n<br \/>\r\n<\/strong>Le candidat \u00e0 l\u2019inscription doit\u202f:\r\n\r\n<ol>\r\n\t<li>\u00catre dipl\u00f4m\u00e9 d\u2019un programme de formation en th\u00e9rapie respiratoire canadien approuv\u00e9; ou<\/li>\r\n\t<li>Avoir d\u00e9montr\u00e9 qu\u2019il poss\u00e8de les comp\u00e9tences d\u2019entr\u00e9e en exercice dans le cadre du processus d\u2019\u00e9valuation de l\u2019OTRO.<\/li>\r\n<\/ol>\r\n<\/li>\r\n<\/ol>\r\n<ol style=\"list-style-type: lower-alpha;\">\r\n\t<li><strong>Comp\u00e9tences linguistiques <br \/>\r\n<\/strong><br \/>\r\nLe candidat \u00e0 l\u2019inscription doit \u00eatre capable de communiquer efficacement en fran\u00e7ais et en anglais dans le contexte de la prestation de soins de sant\u00e9. Pour obtenir plus d\u2019information, veuillez consulter la politique <a href=\"https:\/\/www.crto.on.ca\/pdf\/Policies\/Policy.RG-407.pdf\" target=\"_blank\" rel=\"noopener\">Exigences de comp\u00e9tences linguistiques<\/a>.<\/li>\r\n\t<li><strong>Admissibilit\u00e9 \u00e0 travailler au Canada<br \/>\r\n<\/strong><br \/>\r\nLe candidat \u00e0 l\u2019inscription doit \u00eatre un citoyen canadien ou un r\u00e9sident permanent du Canada ou \u00eatre autoris\u00e9 \u00e0 fournir des soins respiratoires en vertu de la Loi sur l\u2019immigration et la protection des r\u00e9fugi\u00e9s (Canada)<\/li>\r\n\t<li><strong>Maintien des comp\u00e9tences<br \/>\r\n<\/strong><br \/>\r\nLe candidat doit avoir satisfait aux exigences (ou \u00e0 une \u00e9valuation) en mati\u00e8re d\u2019\u00e9ducation au cours des trois ann\u00e9es pr\u00e9c\u00e9dant imm\u00e9diatement la demande d\u2019inscription, sauf si le candidat a exerc\u00e9 la th\u00e9rapie respiratoire pendant au moins 1\u2009125\u202fheures dans un territoire de comp\u00e9tence r\u00e9glement\u00e9 hors de l\u2019Ontario au cours de cette p\u00e9riode de trois ans.<\/li>\r\n\t<li><strong>Aptitude \u00e0 exercer la profession\/bonne moralit\u00e9 <br \/>\r\n<\/strong><br \/>\r\nLe candidat \u00e0 l\u2019inscription doit\u202f:\r\n\r\n<ol>\r\n\t<li>Divulguer des renseignements complets concernant toute infraction criminelle dont il a \u00e9t\u00e9 d\u00e9clar\u00e9 coupable, y compris toute infraction \u00e0 la <em>Loi r\u00e9glementant certaines drogues et autres substances<\/em> (Canada) ou \u00e0 la L<em>oi sur les aliments et drogues<\/em> (Canada).<\/li>\r\n\t<li>Divulguer des renseignements complets concernant toute proc\u00e9dure dont il fait l\u2019objet en raison d\u2019une all\u00e9gation d\u2019inconduite professionnelle, d\u2019incomp\u00e9tence, d\u2019incapacit\u00e9 ou d\u2019une autre proc\u00e9dure semblable li\u00e9e \u00e0 son inscription ou \u00e0 la d\u00e9livrance d\u2019un permis d\u2019exercer la profession de th\u00e9rapeute respiratoire ou une autre profession en Ontario ou dans un autre territoire de comp\u00e9tence.<\/li>\r\n\t<li>Divulguer des renseignements complets concernant tout constat de faute professionnelle, d\u2019incomp\u00e9tence, d\u2019incapacit\u00e9 ou d\u2019un autre constat semblable dont il a fait l\u2019objet alors qu\u2019il \u00e9tait inscrit au tableau ou d\u00e9tenait un permis d\u2019exercer la profession de th\u00e9rapeute respiratoire ou une autre profession en Ontario ou dans un autre territoire de comp\u00e9tence.<\/li>\r\n\t<li>De plus, le candidat doit convaincre l\u2019OTRO que sa conduite pass\u00e9e et pr\u00e9sente offre des motifs raisonnables de croire que le candidat\u202f:\r\n\r\n<ol style=\"list-style-type: lower-roman;\">\r\n\t<li>est mentalement capable d\u2019exercer la profession de th\u00e9rapeute respiratoire;<\/li>\r\n\t<li>exercera la th\u00e9rapie respiratoire avec d\u00e9cence, int\u00e9grit\u00e9, honn\u00eatet\u00e9 et conform\u00e9ment \u00e0 la loi; et<\/li>\r\n\t<li>avec une attitude professionnelle ad\u00e9quate.<\/li>\r\n<\/ol>\r\n<\/li>\r\n<\/ol>\r\n<\/li>\r\n<\/ol>\r\n<\/div>\r\n<\/div>\r\n<div class=\"contentbox cbox-ppg\">\r\n<h1 class=\"slide\">Conditions assorties au certificat d\u2019inscription d\u2019urgence<\/h1>\r\n<div>\r\n<p>Tous les certificats d\u2019inscription d\u2019urgence sont assujettis aux conditions suivantes\u202f:<\/p>\r\n\r\nUn membre inscrit en vertu d\u2019un certificat d\u2019inscription d\u2019urgence doit\u202f:\r\n\r\n<ol>\r\n\t<li style=\"list-style-type: none;\">\r\n<ol style=\"list-style-type: lower-alpha;\">\r\n\t<li>\u00c0 la premi\u00e8re occasion, aviser son employeur de toute modalit\u00e9, condition ou restriction s\u2019appliquant \u00e0 son certificat d\u2019inscription d\u2019urgence s\u2019il travaille en th\u00e9rapie respiratoire;<\/li>\r\n\t<li>Ex\u00e9cuter une activit\u00e9 r\u00e9serv\u00e9e uniquement sous la supervision g\u00e9n\u00e9rale d\u2019un membre d\u00e9tenant un certificat d\u2019inscription de cat\u00e9gorie g\u00e9n\u00e9rale disponible pour se rendre sur les lieux \u00e0 dix minutes d\u2019avis; et<\/li>\r\n\t<li>Ne pas d\u00e9l\u00e9guer une activit\u00e9 r\u00e9serv\u00e9e.<\/li>\r\n<\/ol>\r\n<\/li>\r\n<\/ol>\r\n<p>De plus, les certificats d\u2019inscription d\u2019urgence sont assujettis aux conditions pr\u00e9vues au paragraphe\u202f<a href=\"https:\/\/www.ontario.ca\/laws\/regulation\/940596#BK9\" target=\"_blank\" rel=\"noopener\">54 du R\u00e8glement sur l\u2019inscription<\/a>, qui s\u2019applique \u00e0 tous les autres certificats d\u2019inscription \u00e9mis par l\u2019OTRO.<\/p>\r\n<p>Un membre inscrit en vertu d\u2019un certificat d\u2019inscription d\u2019urgence doit utiliser le titre professionnel RT(E) et peut afficher le titre Th\u00e9rapeute respiratoire (urgence).<\/p>\r\n<\/div>\r\n<\/div>","protected":false},"excerpt":{"rendered":"<p>La cat\u00e9gorie d\u2019urgence vise \u00e0 faire en sorte qu\u2019il y a un nombre suffisant de th\u00e9rapeutes respiratoires qualifi\u00e9s pour offrir les services essentiels au public de l\u2019Ontario dans les situations d\u2019urgence. La cat\u00e9gorie d\u2019urgence est ouverte quand le Conseil de l\u2019OTRO ou le gouvernement d\u00e9termine qu\u2019une situation d\u2019urgence est en cours et qu\u2019il est dans [&hellip;]<\/p>\n","protected":false},"author":13,"featured_media":0,"parent":31,"menu_order":0,"comment_status":"closed","ping_status":"closed","template":"page-applicants.php","meta":{"footnotes":""},"class_list":["post-9052","page","type-page","status-publish","hentry"],"yoast_head":"<!-- This site is optimized with the Yoast SEO plugin v27.4 - https:\/\/yoast.com\/product\/yoast-seo-wordpress\/ -->\n<title>La cat\u00e9gorie d\u2019urgence - CRTO<\/title>\n<meta name=\"robots\" content=\"index, follow, max-snippet:-1, max-image-preview:large, max-video-preview:-1\" \/>\n<link rel=\"canonical\" href=\"https:\/\/www.crto.on.ca\/fr\/candidats\/emergency-class\/\" \/>\n<meta name=\"twitter:label1\" content=\"Dur\u00e9e de lecture estim\u00e9e\" \/>\n\t<meta name=\"twitter:data1\" content=\"4 minutes\" \/>\n<script type=\"application\/ld+json\" class=\"yoast-schema-graph\">{\"@context\":\"https:\\\/\\\/schema.org\",\"@graph\":[{\"@type\":\"WebPage\",\"@id\":\"https:\\\/\\\/www.crto.on.ca\\\/fr\\\/candidats\\\/emergency-class\\\/\",\"url\":\"https:\\\/\\\/www.crto.on.ca\\\/fr\\\/candidats\\\/emergency-class\\\/\",\"name\":\"La cat\u00e9gorie d\u2019urgence - CRTO\",\"isPartOf\":{\"@id\":\"https:\\\/\\\/www.crto.on.ca\\\/#website\"},\"datePublished\":\"2023-10-15T16:22:43+00:00\",\"dateModified\":\"2024-01-05T16:51:17+00:00\",\"breadcrumb\":{\"@id\":\"https:\\\/\\\/www.crto.on.ca\\\/fr\\\/candidats\\\/emergency-class\\\/#breadcrumb\"},\"inLanguage\":\"fr-FR\",\"potentialAction\":[{\"@type\":\"ReadAction\",\"target\":[\"https:\\\/\\\/www.crto.on.ca\\\/fr\\\/candidats\\\/emergency-class\\\/\"]}]},{\"@type\":\"BreadcrumbList\",\"@id\":\"https:\\\/\\\/www.crto.on.ca\\\/fr\\\/candidats\\\/emergency-class\\\/#breadcrumb\",\"itemListElement\":[{\"@type\":\"ListItem\",\"position\":1,\"name\":\"Home\",\"item\":\"https:\\\/\\\/www.crto.on.ca\\\/fr\\\/\"},{\"@type\":\"ListItem\",\"position\":2,\"name\":\"Candidats\",\"item\":\"https:\\\/\\\/www.crto.on.ca\\\/fr\\\/candidats\\\/\"},{\"@type\":\"ListItem\",\"position\":3,\"name\":\"La cat\u00e9gorie d\u2019urgence\"}]},{\"@type\":\"WebSite\",\"@id\":\"https:\\\/\\\/www.crto.on.ca\\\/#website\",\"url\":\"https:\\\/\\\/www.crto.on.ca\\\/\",\"name\":\"CRTO\",\"description\":\"\",\"potentialAction\":[{\"@type\":\"SearchAction\",\"target\":{\"@type\":\"EntryPoint\",\"urlTemplate\":\"https:\\\/\\\/www.crto.on.ca\\\/?s={search_term_string}\"},\"query-input\":{\"@type\":\"PropertyValueSpecification\",\"valueRequired\":true,\"valueName\":\"search_term_string\"}}],\"inLanguage\":\"fr-FR\"}]}<\/script>\n<!-- \/ Yoast SEO plugin. -->","yoast_head_json":{"title":"La cat\u00e9gorie d\u2019urgence - CRTO","robots":{"index":"index","follow":"follow","max-snippet":"max-snippet:-1","max-image-preview":"max-image-preview:large","max-video-preview":"max-video-preview:-1"},"canonical":"https:\/\/www.crto.on.ca\/fr\/candidats\/emergency-class\/","twitter_misc":{"Dur\u00e9e de lecture estim\u00e9e":"4 minutes"},"schema":{"@context":"https:\/\/schema.org","@graph":[{"@type":"WebPage","@id":"https:\/\/www.crto.on.ca\/fr\/candidats\/emergency-class\/","url":"https:\/\/www.crto.on.ca\/fr\/candidats\/emergency-class\/","name":"La cat\u00e9gorie d\u2019urgence - CRTO","isPartOf":{"@id":"https:\/\/www.crto.on.ca\/#website"},"datePublished":"2023-10-15T16:22:43+00:00","dateModified":"2024-01-05T16:51:17+00:00","breadcrumb":{"@id":"https:\/\/www.crto.on.ca\/fr\/candidats\/emergency-class\/#breadcrumb"},"inLanguage":"fr-FR","potentialAction":[{"@type":"ReadAction","target":["https:\/\/www.crto.on.ca\/fr\/candidats\/emergency-class\/"]}]},{"@type":"BreadcrumbList","@id":"https:\/\/www.crto.on.ca\/fr\/candidats\/emergency-class\/#breadcrumb","itemListElement":[{"@type":"ListItem","position":1,"name":"Home","item":"https:\/\/www.crto.on.ca\/fr\/"},{"@type":"ListItem","position":2,"name":"Candidats","item":"https:\/\/www.crto.on.ca\/fr\/candidats\/"},{"@type":"ListItem","position":3,"name":"La cat\u00e9gorie d\u2019urgence"}]},{"@type":"WebSite","@id":"https:\/\/www.crto.on.ca\/#website","url":"https:\/\/www.crto.on.ca\/","name":"CRTO","description":"","potentialAction":[{"@type":"SearchAction","target":{"@type":"EntryPoint","urlTemplate":"https:\/\/www.crto.on.ca\/?s={search_term_string}"},"query-input":{"@type":"PropertyValueSpecification","valueRequired":true,"valueName":"search_term_string"}}],"inLanguage":"fr-FR"}]}},"_links":{"self":[{"href":"https:\/\/www.crto.on.ca\/fr\/wp-json\/wp\/v2\/pages\/9052","targetHints":{"allow":["GET"]}}],"collection":[{"href":"https:\/\/www.crto.on.ca\/fr\/wp-json\/wp\/v2\/pages"}],"about":[{"href":"https:\/\/www.crto.on.ca\/fr\/wp-json\/wp\/v2\/types\/page"}],"author":[{"embeddable":true,"href":"https:\/\/www.crto.on.ca\/fr\/wp-json\/wp\/v2\/users\/13"}],"replies":[{"embeddable":true,"href":"https:\/\/www.crto.on.ca\/fr\/wp-json\/wp\/v2\/comments?post=9052"}],"version-history":[{"count":7,"href":"https:\/\/www.crto.on.ca\/fr\/wp-json\/wp\/v2\/pages\/9052\/revisions"}],"predecessor-version":[{"id":9060,"href":"https:\/\/www.crto.on.ca\/fr\/wp-json\/wp\/v2\/pages\/9052\/revisions\/9060"}],"up":[{"embeddable":true,"href":"https:\/\/www.crto.on.ca\/fr\/wp-json\/wp\/v2\/pages\/31"}],"wp:attachment":[{"href":"https:\/\/www.crto.on.ca\/fr\/wp-json\/wp\/v2\/media?parent=9052"}],"curies":[{"name":"wp","href":"https:\/\/api.w.org\/{rel}","templated":true}]}}